{"id":4784,"date":"2025-07-25T07:20:24","date_gmt":"2025-07-25T07:20:24","guid":{"rendered":"https:\/\/jinancuchem.com\/?post_type=product&#038;p=4784"},"modified":"2025-07-25T07:20:24","modified_gmt":"2025-07-25T07:20:24","slug":"c16-18-fatty-alcohol","status":"publish","type":"product","link":"https:\/\/jinancuchem.com\/fr\/produit\/c16-18-fatty-alcohol\/","title":{"rendered":"Alcool gras en C16-18"},"content":{"rendered":"<p>CAS:67762-27-0<br \/>\nAlias : Alcool c\u00e9t\u00e9arylique<br \/>\nFormule mol\u00e9culaire : C\u2083\u2086H\u2087\u2084O<br \/>\nMasse mol\u00e9culaire relative : 522.96<\/p>\n<h3><strong><b>1. Propri\u00e9t\u00e9 du produit<\/b><\/strong><\/h3>\n<p>Les alcools C16-18, \u00e9galement connus sous le nom d'alcool c\u00e9t\u00e9arylique, sont un m\u00e9lange d'alcools gras dont la longueur moyenne de la cha\u00eene de carbone est comprise entre 16 et 18. Ce sont des solides cireux incolores \u00e0 jaune p\u00e2le avec une l\u00e9g\u00e8re odeur caract\u00e9ristique. Ces alcools ne sont pas volatils et leur point de fusion se situe entre 48 et 55 \u00b0C. Ils sont insolubles dans l'eau mais solubles dans l'eau. Ils sont insolubles dans l'eau mais solubles dans les solvants organiques.<\/p>\n<h3><strong><b>2. Norme de qualit\u00e9<\/b><\/strong><\/h3>\n<table>\n<tbody>\n<tr>\n<td><strong><b>Param\u00e8tres<\/b><\/strong><\/td>\n<td><strong><b>Sp\u00e9cifications<\/b><\/strong><\/td>\n<\/tr>\n<tr>\n<td>Apparence<\/td>\n<td>Solide incolore \u00e0 jaune p\u00e2le<\/td>\n<\/tr>\n<tr>\n<td>Puret\u00e9 (GC)<\/td>\n<td>\u2265 98.0%<\/td>\n<\/tr>\n<tr>\n<td>Teneur en eau<\/td>\n<td>\u2264 0,5%<\/td>\n<\/tr>\n<tr>\n<td>Indice d'acidit\u00e9<\/td>\n<td>\u2264 0,5 mg KOH\/g<\/td>\n<\/tr>\n<tr>\n<td>Indice de saponification<\/td>\n<td>240-260 mg KOH\/g<\/td>\n<\/tr>\n<tr>\n<td>Indice d'iode<\/td>\n<td>\u2264 2,0 g I\u2082\/100g<\/td>\n<\/tr>\n<tr>\n<td>Acides gras libres<\/td>\n<td>\u2264 0,5%<\/td>\n<\/tr>\n<\/tbody>\n<\/table>\n<h3><strong><b>3. Champ d'application et utilisation<\/b><\/strong><\/h3>\n<p>Les alcools en C16-18 sont largement utilis\u00e9s dans l'industrie cosm\u00e9tique comme \u00e9mollients, \u00e9paississants et stabilisants. Ils sont \u00e9galement utilis\u00e9s dans la production de surfactants, de lubrifiants et de plastifiants. En outre, ils servent d'interm\u00e9diaires dans la synth\u00e8se de divers produits chimiques et sont utilis\u00e9s dans la formulation de lotions, de cr\u00e8mes et de produits de soins capillaires en raison de leurs propri\u00e9t\u00e9s de conditionnement de la peau.<\/p>\n<h3><strong><b>4. Emballage et stockage<\/b><\/strong><\/h3>\n<p>Les alcools C16-18 sont g\u00e9n\u00e9ralement conditionn\u00e9s dans des f\u00fbts de 25 ou 50 kg rev\u00eatus de plastique. Ils doivent \u00eatre stock\u00e9s dans un endroit frais, sec et bien ventil\u00e9, \u00e0 l'abri de la lumi\u00e8re directe du soleil et de l'humidit\u00e9. La temp\u00e9rature de stockage ne doit pas d\u00e9passer 30\u00b0C. Les f\u00fbts doivent rester scell\u00e9s afin d'\u00e9viter toute contamination ou d\u00e9gradation. Il est recommand\u00e9 d'utiliser le produit dans l'ann\u00e9e qui suit son achat afin de garantir une qualit\u00e9 et des performances optimales.<\/p>","protected":false},"excerpt":{"rendered":"<p>CAS:67762-27-0 Alias: Cetearyl Alcohol Molecular formula: C\u2083\u2086H\u2087\u2084O Relative molecular mass: 522.96 1. Product Property C16-18 alcohols, also known as cetearyl alcohol, are a mixture of fatty alcohols with an average carbon chain length of 16 to 18. They are colorless to pale yellow waxy solids with a mild characteristic odor. These alcohols are non-volatile and [&hellip;]<\/p>\n","protected":false},"featured_media":4791,"template":"","meta":{"_seopress_robots_primary_cat":"","_seopress_titles_title":"","_seopress_titles_desc":"","_seopress_robots_index":"","_uag_custom_page_level_css":"","site-sidebar-layout":"default","site-content-layout":"","ast-site-content-layout":"default","site-content-style":"default","site-sidebar-style":"default","ast-global-header-display":"","ast-banner-title-visibility":"","ast-main-header-display":"","ast-hfb-above-header-display":"","ast-hfb-below-header-display":"","ast-hfb-mobile-header-display":"","site-post-title":"","ast-breadcrumbs-content":"","ast-featured-img":"","footer-sml-layout":"","theme-transparent-header-meta":"default","adv-header-id-meta":"","stick-header-meta":"default","header-above-stick-meta":"","header-main-stick-meta":"","header-below-stick-meta":"","astra-migrate-meta-layouts":"set","ast-page-background-enabled":"default","ast-page-background-meta":{"desktop":{"background-color":"","background-image":"","background-repeat":"repeat","background-position":"center center","background-size":"auto","background-attachment":"scroll","background-type":"","background-media":"","overlay-type":"","overlay-color":"","overlay-opacity":"","overlay-gradient":""},"tablet":{"background-color":"","background-image":"","background-repeat":"repeat","background-position":"center center","background-size":"auto","background-attachment":"scroll","background-type":"","background-media":"","overlay-type":"","overlay-color":"","overlay-opacity":"","overlay-gradient":""},"mobile":{"background-color":"","background-image":"","background-repeat":"repeat","background-position":"center center","background-size":"auto","background-attachment":"scroll","background-type":"","background-media":"","overlay-type":"","overlay-color":"","overlay-opacity":"","overlay-gradient":""}},"ast-content-background-meta":{"desktop":{"background-color":"var(--ast-global-color-5)","background-image":"","background-repeat":"repeat","background-position":"center center","background-size":"auto","background-attachment":"scroll","background-type":"","background-media":"","overlay-type":"","overlay-color":"","overlay-opacity":"","overlay-gradient":""},"tablet":{"background-color":"var(--ast-global-color-5)","background-image":"","background-repeat":"repeat","background-position":"center center","background-size":"auto","background-attachment":"scroll","background-type":"","background-media":"","overlay-type":"","overlay-color":"","overlay-opacity":"","overlay-gradient":""},"mobile":{"background-color":"var(--ast-global-color-5)","background-image":"","background-repeat":"repeat","background-position":"center center","background-size":"auto","background-attachment":"scroll","background-type":"","background-media":"","overlay-type":"","overlay-color":"","overlay-opacity":"","overlay-gradient":""}}},"product_brand":[],"product_cat":[69],"product_tag":[],"class_list":{"0":"post-4784","1":"product","2":"type-product","3":"status-publish","4":"has-post-thumbnail","6":"product_cat-daily-chemical-product","7":"desktop-align-left","8":"tablet-align-left","9":"mobile-align-left","10":"ast-product-gallery-layout-horizontal-slider","11":"ast-product-gallery-with-no-image","12":"ast-product-tabs-layout-horizontal","14":"first","15":"instock","16":"shipping-taxable","17":"product-type-simple"},"uagb_featured_image_src":{"full":["https:\/\/jinancuchem.com\/wp-content\/uploads\/2025\/07\/\u672a\u6807\u9898-1-66.jpg",800,800,false],"thumbnail":["https:\/\/jinancuchem.com\/wp-content\/uploads\/2025\/07\/\u672a\u6807\u9898-1-66-150x150.jpg",150,150,true],"medium":["https:\/\/jinancuchem.com\/wp-content\/uploads\/2025\/07\/\u672a\u6807\u9898-1-66-300x300.jpg",300,300,true],"medium_large":["https:\/\/jinancuchem.com\/wp-content\/uploads\/2025\/07\/\u672a\u6807\u9898-1-66-768x768.jpg",768,768,true],"large":["https:\/\/jinancuchem.com\/wp-content\/uploads\/2025\/07\/\u672a\u6807\u9898-1-66.jpg",800,800,false],"1536x1536":["https:\/\/jinancuchem.com\/wp-content\/uploads\/2025\/07\/\u672a\u6807\u9898-1-66.jpg",800,800,false],"2048x2048":["https:\/\/jinancuchem.com\/wp-content\/uploads\/2025\/07\/\u672a\u6807\u9898-1-66.jpg",800,800,false],"trp-custom-language-flag":["https:\/\/jinancuchem.com\/wp-content\/uploads\/2025\/07\/\u672a\u6807\u9898-1-66-12x12.jpg",12,12,true],"woocommerce_thumbnail":["https:\/\/jinancuchem.com\/wp-content\/uploads\/2025\/07\/\u672a\u6807\u9898-1-66-300x300.jpg",300,300,true],"woocommerce_single":["https:\/\/jinancuchem.com\/wp-content\/uploads\/2025\/07\/\u672a\u6807\u9898-1-66-500x500.jpg",500,500,true],"woocommerce_gallery_thumbnail":["https:\/\/jinancuchem.com\/wp-content\/uploads\/2025\/07\/\u672a\u6807\u9898-1-66-100x100.jpg",100,100,true]},"uagb_author_info":{"display_name":"jinxing6611@gmail.com","author_link":"https:\/\/jinancuchem.com\/fr\/author\/"},"uagb_comment_info":0,"uagb_excerpt":"CAS:67762-27-0 Alias: Cetearyl Alcohol Molecular formula: C\u2083\u2086H\u2087\u2084O Relative molecular mass: 522.96 1. Product Property C16-18 alcohols, also known as cetearyl alcohol, are a mixture of fatty alcohols with an average carbon chain length of 16 to 18. They are colorless to pale yellow waxy solids with a mild characteristic odor. These alcohols are non-volatile and\u2026","_links":{"self":[{"href":"https:\/\/jinancuchem.com\/fr\/wp-json\/wp\/v2\/product\/4784","targetHints":{"allow":["GET"]}}],"collection":[{"href":"https:\/\/jinancuchem.com\/fr\/wp-json\/wp\/v2\/product"}],"about":[{"href":"https:\/\/jinancuchem.com\/fr\/wp-json\/wp\/v2\/types\/product"}],"wp:featuredmedia":[{"embeddable":true,"href":"https:\/\/jinancuchem.com\/fr\/wp-json\/wp\/v2\/media\/4791"}],"wp:attachment":[{"href":"https:\/\/jinancuchem.com\/fr\/wp-json\/wp\/v2\/media?parent=4784"}],"wp:term":[{"taxonomy":"product_brand","embeddable":true,"href":"https:\/\/jinancuchem.com\/fr\/wp-json\/wp\/v2\/product_brand?post=4784"},{"taxonomy":"product_cat","embeddable":true,"href":"https:\/\/jinancuchem.com\/fr\/wp-json\/wp\/v2\/product_cat?post=4784"},{"taxonomy":"product_tag","embeddable":true,"href":"https:\/\/jinancuchem.com\/fr\/wp-json\/wp\/v2\/product_tag?post=4784"}],"curies":[{"name":"wp","href":"https:\/\/api.w.org\/{rel}","templated":true}]}}