{"id":4801,"date":"2025-07-25T07:23:35","date_gmt":"2025-07-25T07:23:35","guid":{"rendered":"https:\/\/jinancuchem.com\/?post_type=product&#038;p=4801"},"modified":"2025-07-25T07:23:35","modified_gmt":"2025-07-25T07:23:35","slug":"14-butanediol","status":"publish","type":"product","link":"https:\/\/jinancuchem.com\/fr\/produit\/14-butanediol\/","title":{"rendered":"1,4-Butanediol"},"content":{"rendered":"<p><strong><b>CAS<\/b><\/strong>: 110-63-4<br \/>\n<strong><b>Alias<\/b><\/strong>: 1,4-Butyl\u00e8ne glycol<br \/>\n<strong><b>Formule mol\u00e9culaire<\/b><\/strong>: C\u2084H\u2081\u2080O\u2082<br \/>\n<strong><b>Masse mol\u00e9culaire relative<\/b><\/strong>: 90.12<\/p>\n<p><strong><b>Formule structurelle<\/b><\/strong>:<img alt=\"\" fetchpriority=\"high\" decoding=\"async\" class=\"alignnone size-medium wp-image-4805\" src=\"https:\/\/jinancuchem.com\/wp-content\/uploads\/2025\/07\/\u672a\u6807\u9898-1-68-300x300.jpg\" width=\"300\" height=\"300\" srcset=\"https:\/\/jinancuchem.com\/wp-content\/uploads\/2025\/07\/\u672a\u6807\u9898-1-68-300x300.jpg 300w, https:\/\/jinancuchem.com\/wp-content\/uploads\/2025\/07\/\u672a\u6807\u9898-1-68-100x100.jpg 100w, https:\/\/jinancuchem.com\/wp-content\/uploads\/2025\/07\/\u672a\u6807\u9898-1-68-500x500.jpg 500w, https:\/\/jinancuchem.com\/wp-content\/uploads\/2025\/07\/\u672a\u6807\u9898-1-68-150x150.jpg 150w, https:\/\/jinancuchem.com\/wp-content\/uploads\/2025\/07\/\u672a\u6807\u9898-1-68-768x768.jpg 768w, https:\/\/jinancuchem.com\/wp-content\/uploads\/2025\/07\/\u672a\u6807\u9898-1-68-12x12.jpg 12w, https:\/\/jinancuchem.com\/wp-content\/uploads\/2025\/07\/\u672a\u6807\u9898-1-68.jpg 800w\" sizes=\"(max-width: 300px) 100vw, 300px\" \/><\/p>\n<h3><strong><b>1. Propri\u00e9t\u00e9 du produit<\/b><\/strong><\/h3>\n<p>Le 1,4-butanediol est un liquide visqueux incolore avec une l\u00e9g\u00e8re odeur. Il est miscible avec l'eau et est \u00e9galement soluble dans la plupart des solvants organiques. Il a un point d'\u00e9bullition de 228\u00b0C et un point de fusion d'environ 20\u00b0C\u3002Il peut r\u00e9agir avec des oxydants puissants et est g\u00e9n\u00e9ralement stable dans des conditions normales\u3002.<\/p>\n<h3><strong><b>2. Norme de qualit\u00e9<\/b><\/strong><\/h3>\n<table>\n<tbody>\n<tr>\n<td><strong><b>Param\u00e8tres<\/b><\/strong><\/td>\n<td><strong><b>Sp\u00e9cifications<\/b><\/strong><\/td>\n<\/tr>\n<tr>\n<td>Apparence<\/td>\n<td>Liquide clair<\/td>\n<\/tr>\n<tr>\n<td>Puret\u00e9 (zone GC%)<\/td>\n<td>\u2265 99.0%<\/td>\n<\/tr>\n<tr>\n<td>Teneur en eau<\/td>\n<td>\u2264 0,1%<\/td>\n<\/tr>\n<tr>\n<td>Acidit\u00e9 (en tant qu'acide ac\u00e9tique)<\/td>\n<td>\u2264 0,005%<\/td>\n<\/tr>\n<tr>\n<td>Densit\u00e9 (20\u00b0C)<\/td>\n<td>0,950-0,960 g\/cm\u00b3<\/td>\n<\/tr>\n<tr>\n<td>Indice de r\u00e9fraction (20\u00b0C)<\/td>\n<td>1.422-1.426<\/td>\n<\/tr>\n<tr>\n<td>Plage d'\u00e9bullition<\/td>\n<td>185-195\u00b0C<\/td>\n<\/tr>\n<tr>\n<td>R\u00e9sidu d'\u00e9vaporation<\/td>\n<td>\u2264 0,01%<\/td>\n<\/tr>\n<\/tbody>\n<\/table>\n<h3><strong><b>3. Champ d'application et utilisation<\/b><\/strong><\/h3>\n<p>Le 1,4-butanediol est largement utilis\u00e9 comme solvant dans les industries de la peinture, de l'encre et du rev\u00eatement. Il sert \u00e9galement d'interm\u00e9diaire dans la production de polyamides, de polyur\u00e9thanes et d'\u00e9lastom\u00e8res. En outre, il est utilis\u00e9 dans la synth\u00e8se de produits pharmaceutiques et comme humectant dans les cosm\u00e9tiques. C'est un ingr\u00e9dient cl\u00e9 dans la production de\u03b3-Butyrolactone et de N-M\u00e9thyl-2-pyrrolidone\u3002.<\/p>\n<h3><strong><b>4. Emballage et stockage<\/b><\/strong><\/h3>\n<p>Le 1,4-butanediol est g\u00e9n\u00e9ralement conditionn\u00e9 dans des sacs en polypropyl\u00e8ne d'un poids net de 25 kg avec une doublure en film poly\u00e9thyl\u00e8ne\u3002Il doit \u00eatre stock\u00e9 dans un endroit frais et sec, \u00e0 l'abri des sources de chaleur et de la lumi\u00e8re directe du soleil, afin d'\u00e9viter l'\u00e9vaporation et la d\u00e9gradation. La zone de stockage doit \u00eatre bien ventil\u00e9e pour minimiser l'accumulation de vapeurs. Le produit doit \u00eatre tenu \u00e0 l'\u00e9cart des agents oxydants forts et des acides. Des mesures de s\u00e9curit\u00e9 appropri\u00e9es doivent \u00eatre prises pour \u00e9viter toute contamination et garantir une manipulation s\u00fbre\u3002.<\/p>","protected":false},"excerpt":{"rendered":"<p>CAS: 110-63-4 Alias: 1,4-Butylene glycol Molecular formula: C\u2084H\u2081\u2080O\u2082 Relative molecular mass: 90.12 Structural formula: 1. Product Property 1,4-Butanediol is a colorless viscous liquid with a slight odor. It is miscible with water and is also soluble in most organic solvents. It has a boiling point of 228\u00b0C and a melting point of approximately 20\u00b0C\u3002It can [&hellip;]<\/p>\n","protected":false},"featured_media":4805,"template":"","meta":{"_seopress_robots_primary_cat":"","_seopress_titles_title":"","_seopress_titles_desc":"","_seopress_robots_index":"","_uag_custom_page_level_css":"","site-sidebar-layout":"default","site-content-layout":"","ast-site-content-layout":"default","site-content-style":"default","site-sidebar-style":"default","ast-global-header-display":"","ast-banner-title-visibility":"","ast-main-header-display":"","ast-hfb-above-header-display":"","ast-hfb-below-header-display":"","ast-hfb-mobile-header-display":"","site-post-title":"","ast-breadcrumbs-content":"","ast-featured-img":"","footer-sml-layout":"","theme-transparent-header-meta":"default","adv-header-id-meta":"","stick-header-meta":"default","header-above-stick-meta":"","header-main-stick-meta":"","header-below-stick-meta":"","astra-migrate-meta-layouts":"set","ast-page-background-enabled":"default","ast-page-background-meta":{"desktop":{"background-color":"","background-image":"","background-repeat":"repeat","background-position":"center center","background-size":"auto","background-attachment":"scroll","background-type":"","background-media":"","overlay-type":"","overlay-color":"","overlay-opacity":"","overlay-gradient":""},"tablet":{"background-color":"","background-image":"","background-repeat":"repeat","background-position":"center center","background-size":"auto","background-attachment":"scroll","background-type":"","background-media":"","overlay-type":"","overlay-color":"","overlay-opacity":"","overlay-gradient":""},"mobile":{"background-color":"","background-image":"","background-repeat":"repeat","background-position":"center center","background-size":"auto","background-attachment":"scroll","background-type":"","background-media":"","overlay-type":"","overlay-color":"","overlay-opacity":"","overlay-gradient":""}},"ast-content-background-meta":{"desktop":{"background-color":"var(--ast-global-color-5)","background-image":"","background-repeat":"repeat","background-position":"center center","background-size":"auto","background-attachment":"scroll","background-type":"","background-media":"","overlay-type":"","overlay-color":"","overlay-opacity":"","overlay-gradient":""},"tablet":{"background-color":"var(--ast-global-color-5)","background-image":"","background-repeat":"repeat","background-position":"center center","background-size":"auto","background-attachment":"scroll","background-type":"","background-media":"","overlay-type":"","overlay-color":"","overlay-opacity":"","overlay-gradient":""},"mobile":{"background-color":"var(--ast-global-color-5)","background-image":"","background-repeat":"repeat","background-position":"center center","background-size":"auto","background-attachment":"scroll","background-type":"","background-media":"","overlay-type":"","overlay-color":"","overlay-opacity":"","overlay-gradient":""}}},"product_brand":[],"product_cat":[69],"product_tag":[],"class_list":{"0":"post-4801","1":"product","2":"type-product","3":"status-publish","4":"has-post-thumbnail","6":"product_cat-daily-chemical-product","7":"desktop-align-left","8":"tablet-align-left","9":"mobile-align-left","10":"ast-product-gallery-layout-horizontal-slider","11":"ast-product-gallery-with-no-image","12":"ast-product-tabs-layout-horizontal","14":"first","15":"instock","16":"shipping-taxable","17":"product-type-simple"},"uagb_featured_image_src":{"full":["https:\/\/jinancuchem.com\/wp-content\/uploads\/2025\/07\/\u672a\u6807\u9898-1-68.jpg",800,800,false],"thumbnail":["https:\/\/jinancuchem.com\/wp-content\/uploads\/2025\/07\/\u672a\u6807\u9898-1-68-150x150.jpg",150,150,true],"medium":["https:\/\/jinancuchem.com\/wp-content\/uploads\/2025\/07\/\u672a\u6807\u9898-1-68-300x300.jpg",300,300,true],"medium_large":["https:\/\/jinancuchem.com\/wp-content\/uploads\/2025\/07\/\u672a\u6807\u9898-1-68-768x768.jpg",768,768,true],"large":["https:\/\/jinancuchem.com\/wp-content\/uploads\/2025\/07\/\u672a\u6807\u9898-1-68.jpg",800,800,false],"1536x1536":["https:\/\/jinancuchem.com\/wp-content\/uploads\/2025\/07\/\u672a\u6807\u9898-1-68.jpg",800,800,false],"2048x2048":["https:\/\/jinancuchem.com\/wp-content\/uploads\/2025\/07\/\u672a\u6807\u9898-1-68.jpg",800,800,false],"trp-custom-language-flag":["https:\/\/jinancuchem.com\/wp-content\/uploads\/2025\/07\/\u672a\u6807\u9898-1-68-12x12.jpg",12,12,true],"woocommerce_thumbnail":["https:\/\/jinancuchem.com\/wp-content\/uploads\/2025\/07\/\u672a\u6807\u9898-1-68-300x300.jpg",300,300,true],"woocommerce_single":["https:\/\/jinancuchem.com\/wp-content\/uploads\/2025\/07\/\u672a\u6807\u9898-1-68-500x500.jpg",500,500,true],"woocommerce_gallery_thumbnail":["https:\/\/jinancuchem.com\/wp-content\/uploads\/2025\/07\/\u672a\u6807\u9898-1-68-100x100.jpg",100,100,true]},"uagb_author_info":{"display_name":"jinxing6611@gmail.com","author_link":"https:\/\/jinancuchem.com\/fr\/author\/"},"uagb_comment_info":0,"uagb_excerpt":"CAS: 110-63-4 Alias: 1,4-Butylene glycol Molecular formula: C\u2084H\u2081\u2080O\u2082 Relative molecular mass: 90.12 Structural formula: 1. Product Property 1,4-Butanediol is a colorless viscous liquid with a slight odor. It is miscible with water and is also soluble in most organic solvents. It has a boiling point of 228\u00b0C and a melting point of approximately 20\u00b0C\u3002It can\u2026","_links":{"self":[{"href":"https:\/\/jinancuchem.com\/fr\/wp-json\/wp\/v2\/product\/4801","targetHints":{"allow":["GET"]}}],"collection":[{"href":"https:\/\/jinancuchem.com\/fr\/wp-json\/wp\/v2\/product"}],"about":[{"href":"https:\/\/jinancuchem.com\/fr\/wp-json\/wp\/v2\/types\/product"}],"wp:featuredmedia":[{"embeddable":true,"href":"https:\/\/jinancuchem.com\/fr\/wp-json\/wp\/v2\/media\/4805"}],"wp:attachment":[{"href":"https:\/\/jinancuchem.com\/fr\/wp-json\/wp\/v2\/media?parent=4801"}],"wp:term":[{"taxonomy":"product_brand","embeddable":true,"href":"https:\/\/jinancuchem.com\/fr\/wp-json\/wp\/v2\/product_brand?post=4801"},{"taxonomy":"product_cat","embeddable":true,"href":"https:\/\/jinancuchem.com\/fr\/wp-json\/wp\/v2\/product_cat?post=4801"},{"taxonomy":"product_tag","embeddable":true,"href":"https:\/\/jinancuchem.com\/fr\/wp-json\/wp\/v2\/product_tag?post=4801"}],"curies":[{"name":"wp","href":"https:\/\/api.w.org\/{rel}","templated":true}]}}