{"id":4813,"date":"2025-07-25T07:25:12","date_gmt":"2025-07-25T07:25:12","guid":{"rendered":"https:\/\/jinancuchem.com\/?post_type=product&#038;p=4813"},"modified":"2025-07-25T07:25:12","modified_gmt":"2025-07-25T07:25:12","slug":"isovaleric-acid","status":"publish","type":"product","link":"https:\/\/jinancuchem.com\/fr\/produit\/isovaleric-acid\/","title":{"rendered":"Acide isoval\u00e9rique"},"content":{"rendered":"<p><strong><b>CAS<\/b><\/strong>: 25103-52-0<br \/>\n<strong><b>Alias<\/b><\/strong>: Acide 2-\u00e9thylhexano\u00efque, acide isoctano\u00efque, 2-EH<br \/>\n<strong><b>Formule mol\u00e9culaire<\/b><\/strong>: C8H16O2<br \/>\n<strong><b>Masse mol\u00e9culaire relative<\/b><\/strong>: 144.21<\/p>\n<h3><strong><b>Formule structurelle<\/b><\/strong><strong><b>:<img alt=\"\" fetchpriority=\"high\" decoding=\"async\" class=\"alignnone size-medium wp-image-4826\" src=\"https:\/\/jinancuchem.com\/wp-content\/uploads\/2025\/07\/\u672a\u6807\u9898-1-69-300x300.jpg\" width=\"300\" height=\"300\" srcset=\"https:\/\/jinancuchem.com\/wp-content\/uploads\/2025\/07\/\u672a\u6807\u9898-1-69-300x300.jpg 300w, https:\/\/jinancuchem.com\/wp-content\/uploads\/2025\/07\/\u672a\u6807\u9898-1-69-100x100.jpg 100w, https:\/\/jinancuchem.com\/wp-content\/uploads\/2025\/07\/\u672a\u6807\u9898-1-69-500x500.jpg 500w, https:\/\/jinancuchem.com\/wp-content\/uploads\/2025\/07\/\u672a\u6807\u9898-1-69-150x150.jpg 150w, https:\/\/jinancuchem.com\/wp-content\/uploads\/2025\/07\/\u672a\u6807\u9898-1-69-768x768.jpg 768w, https:\/\/jinancuchem.com\/wp-content\/uploads\/2025\/07\/\u672a\u6807\u9898-1-69-12x12.jpg 12w, https:\/\/jinancuchem.com\/wp-content\/uploads\/2025\/07\/\u672a\u6807\u9898-1-69.jpg 800w\" sizes=\"(max-width: 300px) 100vw, 300px\" \/><\/b><\/strong><\/h3>\n<h3><strong><b><br \/>\n<\/b><\/strong><strong><b>1. Propri\u00e9t\u00e9 du produit<\/b><\/strong><\/h3>\n<p>L'acide 2-\u00e9thylhexano\u00efque est un liquide incolore \u00e0 jaune clair avec une l\u00e9g\u00e8re odeur. Il est l\u00e9g\u00e8rement soluble dans l'eau mais miscible avec la plupart des solvants organiques. Le compos\u00e9 a un point de cong\u00e9lation bas et une bonne stabilit\u00e9 thermique, ce qui le rend adapt\u00e9 aux applications industrielles. Il est couramment utilis\u00e9 comme interm\u00e9diaire chimique en raison de sa r\u00e9activit\u00e9 et de sa compatibilit\u00e9 avec divers processus de synth\u00e8se.<\/p>\n<h3><strong><b>2. Norme de qualit\u00e9<\/b><\/strong><\/h3>\n<table>\n<tbody>\n<tr>\n<td><strong><b>Param\u00e8tres<\/b><\/strong><\/td>\n<td><strong><b>Sp\u00e9cifications<\/b><\/strong><\/td>\n<\/tr>\n<tr>\n<td>Apparence<\/td>\n<td>Liquide incolore<\/td>\n<\/tr>\n<tr>\n<td>Puret\u00e9 (zone GC%)<\/td>\n<td>\u2265 98.5%<\/td>\n<\/tr>\n<tr>\n<td>Teneur en eau<\/td>\n<td>\u2264 0,1%<\/td>\n<\/tr>\n<tr>\n<td>Acidit\u00e9 (en tant qu'acide ac\u00e9tique)<\/td>\n<td>\u2264 0,02%<\/td>\n<\/tr>\n<tr>\n<td>Densit\u00e9 (20\u00b0C, g\/cm\u00b3)<\/td>\n<td>0.94-0.96<\/td>\n<\/tr>\n<tr>\n<td>Indice de r\u00e9fraction (20\u00b0C)<\/td>\n<td>1.396-1.398<\/td>\n<\/tr>\n<tr>\n<td>Plage d'\u00e9bullition (\u00b0C)<\/td>\n<td>155-160 (volume 95%)<\/td>\n<\/tr>\n<tr>\n<td>R\u00e9sidu d'\u00e9vaporation<\/td>\n<td>\u2264 0,005%<\/td>\n<\/tr>\n<\/tbody>\n<\/table>\n<h3><strong><b>3. Champ d'application et utilisation<\/b><\/strong><\/h3>\n<p>L'acide isobutyrique est largement utilis\u00e9 dans la production d'ar\u00f4mes et de parfums en raison de son odeur piquante. Il est \u00e9galement utilis\u00e9 dans la synth\u00e8se de produits pharmaceutiques, de plastiques et d'interm\u00e9diaires chimiques pour le caoutchouc. Dans l'industrie alimentaire, il sert d'exhausteur de go\u00fbt et d'acidulant. En outre, il trouve des applications dans la fabrication de pesticides et comme mati\u00e8re premi\u00e8re pour la production d'esters et d'amines.<\/p>\n<h3><strong><b>4. Emballage et stockage<\/b><\/strong><\/h3>\n<p>L'acide isobutyrique est g\u00e9n\u00e9ralement conditionn\u00e9 dans des f\u00fbts de 180 ou 200 kg de poids net ou dans des f\u00fbts en plastique de 25 kg pour le transport et le stockage. Il doit \u00eatre stock\u00e9 dans un endroit frais et sec, loin des sources de chaleur et \u00e0 l'abri de l'humidit\u00e9. La zone de stockage doit \u00eatre bien ventil\u00e9e pour \u00e9viter l'accumulation de fum\u00e9es. Les f\u00fbts doivent \u00eatre maintenus herm\u00e9tiquement ferm\u00e9s pour \u00e9viter la contamination et l'\u00e9vaporation.<\/p>","protected":false},"excerpt":{"rendered":"<p>CAS: 25103-52-0 Alias: 2-Ethylhexanoic acid, Isooctanoic acid, 2-EH Molecular formula: C8H16O2 Relative molecular mass: 144.21 Structural formula: 1. Product Property 2-Ethylhexanoic acid is a colorless to light yellow liquid with a mild odor. It is slightly soluble in water but miscible with most organic solvents. The compound has a low freezing point and good thermal [&hellip;]<\/p>\n","protected":false},"featured_media":4826,"template":"","meta":{"_seopress_robots_primary_cat":"","_seopress_titles_title":"","_seopress_titles_desc":"","_seopress_robots_index":"","_uag_custom_page_level_css":"","site-sidebar-layout":"default","site-content-layout":"","ast-site-content-layout":"default","site-content-style":"default","site-sidebar-style":"default","ast-global-header-display":"","ast-banner-title-visibility":"","ast-main-header-display":"","ast-hfb-above-header-display":"","ast-hfb-below-header-display":"","ast-hfb-mobile-header-display":"","site-post-title":"","ast-breadcrumbs-content":"","ast-featured-img":"","footer-sml-layout":"","theme-transparent-header-meta":"default","adv-header-id-meta":"","stick-header-meta":"default","header-above-stick-meta":"","header-main-stick-meta":"","header-below-stick-meta":"","astra-migrate-meta-layouts":"set","ast-page-background-enabled":"default","ast-page-background-meta":{"desktop":{"background-color":"","background-image":"","background-repeat":"repeat","background-position":"center center","background-size":"auto","background-attachment":"scroll","background-type":"","background-media":"","overlay-type":"","overlay-color":"","overlay-opacity":"","overlay-gradient":""},"tablet":{"background-color":"","background-image":"","background-repeat":"repeat","background-position":"center center","background-size":"auto","background-attachment":"scroll","background-type":"","background-media":"","overlay-type":"","overlay-color":"","overlay-opacity":"","overlay-gradient":""},"mobile":{"background-color":"","background-image":"","background-repeat":"repeat","background-position":"center center","background-size":"auto","background-attachment":"scroll","background-type":"","background-media":"","overlay-type":"","overlay-color":"","overlay-opacity":"","overlay-gradient":""}},"ast-content-background-meta":{"desktop":{"background-color":"var(--ast-global-color-5)","background-image":"","background-repeat":"repeat","background-position":"center center","background-size":"auto","background-attachment":"scroll","background-type":"","background-media":"","overlay-type":"","overlay-color":"","overlay-opacity":"","overlay-gradient":""},"tablet":{"background-color":"var(--ast-global-color-5)","background-image":"","background-repeat":"repeat","background-position":"center center","background-size":"auto","background-attachment":"scroll","background-type":"","background-media":"","overlay-type":"","overlay-color":"","overlay-opacity":"","overlay-gradient":""},"mobile":{"background-color":"var(--ast-global-color-5)","background-image":"","background-repeat":"repeat","background-position":"center center","background-size":"auto","background-attachment":"scroll","background-type":"","background-media":"","overlay-type":"","overlay-color":"","overlay-opacity":"","overlay-gradient":""}}},"product_brand":[],"product_cat":[69],"product_tag":[],"class_list":{"0":"post-4813","1":"product","2":"type-product","3":"status-publish","4":"has-post-thumbnail","6":"product_cat-daily-chemical-product","7":"desktop-align-left","8":"tablet-align-left","9":"mobile-align-left","10":"ast-product-gallery-layout-horizontal-slider","11":"ast-product-gallery-with-no-image","12":"ast-product-tabs-layout-horizontal","14":"first","15":"instock","16":"shipping-taxable","17":"product-type-simple"},"uagb_featured_image_src":{"full":["https:\/\/jinancuchem.com\/wp-content\/uploads\/2025\/07\/\u672a\u6807\u9898-1-69.jpg",800,800,false],"thumbnail":["https:\/\/jinancuchem.com\/wp-content\/uploads\/2025\/07\/\u672a\u6807\u9898-1-69-150x150.jpg",150,150,true],"medium":["https:\/\/jinancuchem.com\/wp-content\/uploads\/2025\/07\/\u672a\u6807\u9898-1-69-300x300.jpg",300,300,true],"medium_large":["https:\/\/jinancuchem.com\/wp-content\/uploads\/2025\/07\/\u672a\u6807\u9898-1-69-768x768.jpg",768,768,true],"large":["https:\/\/jinancuchem.com\/wp-content\/uploads\/2025\/07\/\u672a\u6807\u9898-1-69.jpg",800,800,false],"1536x1536":["https:\/\/jinancuchem.com\/wp-content\/uploads\/2025\/07\/\u672a\u6807\u9898-1-69.jpg",800,800,false],"2048x2048":["https:\/\/jinancuchem.com\/wp-content\/uploads\/2025\/07\/\u672a\u6807\u9898-1-69.jpg",800,800,false],"trp-custom-language-flag":["https:\/\/jinancuchem.com\/wp-content\/uploads\/2025\/07\/\u672a\u6807\u9898-1-69-12x12.jpg",12,12,true],"woocommerce_thumbnail":["https:\/\/jinancuchem.com\/wp-content\/uploads\/2025\/07\/\u672a\u6807\u9898-1-69-300x300.jpg",300,300,true],"woocommerce_single":["https:\/\/jinancuchem.com\/wp-content\/uploads\/2025\/07\/\u672a\u6807\u9898-1-69-500x500.jpg",500,500,true],"woocommerce_gallery_thumbnail":["https:\/\/jinancuchem.com\/wp-content\/uploads\/2025\/07\/\u672a\u6807\u9898-1-69-100x100.jpg",100,100,true]},"uagb_author_info":{"display_name":"jinxing6611@gmail.com","author_link":"https:\/\/jinancuchem.com\/fr\/author\/"},"uagb_comment_info":0,"uagb_excerpt":"CAS: 25103-52-0 Alias: 2-Ethylhexanoic acid, Isooctanoic acid, 2-EH Molecular formula: C8H16O2 Relative molecular mass: 144.21 Structural formula: 1. Product Property 2-Ethylhexanoic acid is a colorless to light yellow liquid with a mild odor. It is slightly soluble in water but miscible with most organic solvents. The compound has a low freezing point and good thermal\u2026","_links":{"self":[{"href":"https:\/\/jinancuchem.com\/fr\/wp-json\/wp\/v2\/product\/4813","targetHints":{"allow":["GET"]}}],"collection":[{"href":"https:\/\/jinancuchem.com\/fr\/wp-json\/wp\/v2\/product"}],"about":[{"href":"https:\/\/jinancuchem.com\/fr\/wp-json\/wp\/v2\/types\/product"}],"wp:featuredmedia":[{"embeddable":true,"href":"https:\/\/jinancuchem.com\/fr\/wp-json\/wp\/v2\/media\/4826"}],"wp:attachment":[{"href":"https:\/\/jinancuchem.com\/fr\/wp-json\/wp\/v2\/media?parent=4813"}],"wp:term":[{"taxonomy":"product_brand","embeddable":true,"href":"https:\/\/jinancuchem.com\/fr\/wp-json\/wp\/v2\/product_brand?post=4813"},{"taxonomy":"product_cat","embeddable":true,"href":"https:\/\/jinancuchem.com\/fr\/wp-json\/wp\/v2\/product_cat?post=4813"},{"taxonomy":"product_tag","embeddable":true,"href":"https:\/\/jinancuchem.com\/fr\/wp-json\/wp\/v2\/product_tag?post=4813"}],"curies":[{"name":"wp","href":"https:\/\/api.w.org\/{rel}","templated":true}]}}