{"id":4838,"date":"2025-07-25T07:27:51","date_gmt":"2025-07-25T07:27:51","guid":{"rendered":"https:\/\/jinancuchem.com\/?post_type=product&#038;p=4838"},"modified":"2025-07-25T07:27:51","modified_gmt":"2025-07-25T07:27:51","slug":"starch-acetate","status":"publish","type":"product","link":"https:\/\/jinancuchem.com\/fr\/produit\/starch-acetate\/","title":{"rendered":"Ac\u00e9tate d'amidon"},"content":{"rendered":"<p>Alias : Amidon ac\u00e9tyl\u00e9<\/p>\n<p>&nbsp;<\/p>\n<h4>1.Propri\u00e9t\u00e9 du produit<\/h4>\n<p>L'ac\u00e9tate d'amidon (amidon ac\u00e9tyl\u00e9) est un amidon modifi\u00e9 produit en traitant l'amidon naturel (comme le ma\u00efs, la pomme de terre ou le tapioca) avec de l'anhydride ac\u00e9tique ou de l'ac\u00e9tate de vinyle. Ce processus introduit des groupes ac\u00e9tyles, ce qui am\u00e9liore sa stabilit\u00e9, sa texture et sa r\u00e9sistance aux temp\u00e9ratures \u00e9lev\u00e9es et \u00e0 la cong\u00e9lation. Il forme des gels clairs et lisses, ce qui en fait un \u00e9paississant, un stabilisateur et un liant id\u00e9al dans les produits alimentaires tels que les sauces, les repas surgel\u00e9s et les produits de boulangerie (r\u00e9glement\u00e9 en tant que E1420 dans les applications alimentaires).<\/p>\n<p>&nbsp;<\/p>\n<h4>2.<\/h4>\n<table>\n<tbody>\n<tr>\n<td><strong><b>Param\u00e8tres<\/b><\/strong><\/td>\n<td width=\"364\"><strong><b>Qualit\u00e9 alimentaire <\/b><\/strong><\/td>\n<\/tr>\n<tr>\n<td><strong><b>Apparence<\/b><\/strong><\/td>\n<td width=\"364\">Poudre blanche \u00e0 blanc cass\u00e9<\/td>\n<\/tr>\n<tr>\n<td><strong><b>Teneur en eau<\/b><\/strong><\/td>\n<td width=\"364\">\u2264 15%<\/td>\n<\/tr>\n<tr>\n<td><strong><b>Teneur en ac\u00e9tyle<\/b><\/strong><\/td>\n<td width=\"364\">\u2264 2.5% (DS \u2264 0.1)<\/td>\n<\/tr>\n<tr>\n<td><strong><b>pH (solution 10%)<\/b><\/strong><\/td>\n<td width=\"364\">4.5 - 7.0<\/td>\n<\/tr>\n<tr>\n<td><strong><b>Viscosit\u00e9 (p\u00e2te 5%)<\/b><\/strong><\/td>\n<td width=\"364\">Sp\u00e9cifi\u00e9 par le client<\/td>\n<\/tr>\n<tr>\n<td><strong><b>Acide ac\u00e9tique r\u00e9siduel<\/b><\/strong><\/td>\n<td width=\"364\">\u2264 0,5%<\/td>\n<\/tr>\n<tr>\n<td><strong><b>Teneur en cendres<\/b><\/strong><\/td>\n<td width=\"364\">\u2264 0,5%<\/td>\n<\/tr>\n<tr>\n<td><strong><b>M\u00e9taux lourds (Pb)<\/b><\/strong><\/td>\n<td width=\"364\">\u2264 2 mg\/kg<\/td>\n<\/tr>\n<tr>\n<td><strong><b>Limites microbiennes<\/b><\/strong><\/td>\n<td width=\"364\">Num\u00e9ration totale des germes \u2264 10\u2074 UFC\/g<\/td>\n<\/tr>\n<\/tbody>\n<\/table>\n<p>&nbsp;<\/p>\n<h4>3. Champ d'application et utilisation<\/h4>\n<p>L'ac\u00e9tate d'amidon (amidon ac\u00e9tyl\u00e9) est largement utilis\u00e9 dans les industries alimentaires et non alimentaires en raison de sa stabilit\u00e9 et de sa texture am\u00e9lior\u00e9es. Dans les applications alimentaires, il sert d'\u00e9paississant, de stabilisateur et de liant dans des produits tels que les sauces, les vinaigrettes, les aliments surgel\u00e9s, les produits de boulangerie et les snacks (approuv\u00e9 en tant qu'additif alimentaire E1420). En dehors de l'alimentation, il est utilis\u00e9 dans les films biod\u00e9gradables, les rev\u00eatements de papier, les textiles, les adh\u00e9sifs et les produits pharmaceutiques pour ses propri\u00e9t\u00e9s de formation de film et de liaison.<\/p>\n<p>&nbsp;<\/p>\n<h4>4. l'emballage et le stockage<\/h4>\n<p>L'ac\u00e9tate d'amidon est g\u00e9n\u00e9ralement conditionn\u00e9 dans des sacs en papier kraft multicouches de 25 kg ou dans des sacs doubl\u00e9s de poly\u00e9thyl\u00e8ne de qualit\u00e9 alimentaire pour garantir la r\u00e9sistance \u00e0 l'humidit\u00e9. Pour les commandes en vrac, il peut \u00e9galement \u00eatre fourni dans des conteneurs flexibles interm\u00e9diaires en vrac (FIBC) de 500 \u00e0 1000 kg. Le produit doit \u00eatre stock\u00e9 dans un entrep\u00f4t frais, sec et bien ventil\u00e9, \u00e0 l'abri de la lumi\u00e8re directe du soleil, \u00e0 une temp\u00e9rature inf\u00e9rieure \u00e0 25\u00b0C et \u00e0 une humidit\u00e9 relative inf\u00e9rieure \u00e0 65%. Garder les conteneurs herm\u00e9tiquement ferm\u00e9s lorsqu'ils ne sont pas utilis\u00e9s afin d'\u00e9viter l'absorption d'humidit\u00e9 et la contamination. Correctement stock\u00e9, l'ac\u00e9tate d'amidon conserve une qualit\u00e9 stable jusqu'\u00e0 24 mois \u00e0 compter de la date de production.<\/p>","protected":false},"excerpt":{"rendered":"<p>Alias:\u00a0Acetylated starch &nbsp; 1.Product Property Starch Acetate (Acetylated Starch) is a modified starch produced by treating natural starch (such as corn, potato, or tapioca) with acetic anhydride or vinyl acetate. This process introduces acetyl groups, improving its stability, texture, and resistance to high temperatures and freezing. It forms clear, smooth gels, making it ideal as [&hellip;]<\/p>\n","protected":false},"featured_media":4852,"template":"","meta":{"_seopress_robots_primary_cat":"","_seopress_titles_title":"","_seopress_titles_desc":"","_seopress_robots_index":"","_uag_custom_page_level_css":"","site-sidebar-layout":"default","site-content-layout":"","ast-site-content-layout":"default","site-content-style":"default","site-sidebar-style":"default","ast-global-header-display":"","ast-banner-title-visibility":"","ast-main-header-display":"","ast-hfb-above-header-display":"","ast-hfb-below-header-display":"","ast-hfb-mobile-header-display":"","site-post-title":"","ast-breadcrumbs-content":"","ast-featured-img":"","footer-sml-layout":"","theme-transparent-header-meta":"default","adv-header-id-meta":"","stick-header-meta":"default","header-above-stick-meta":"","header-main-stick-meta":"","header-below-stick-meta":"","astra-migrate-meta-layouts":"set","ast-page-background-enabled":"default","ast-page-background-meta":{"desktop":{"background-color":"","background-image":"","background-repeat":"repeat","background-position":"center center","background-size":"auto","background-attachment":"scroll","background-type":"","background-media":"","overlay-type":"","overlay-color":"","overlay-opacity":"","overlay-gradient":""},"tablet":{"background-color":"","background-image":"","background-repeat":"repeat","background-position":"center center","background-size":"auto","background-attachment":"scroll","background-type":"","background-media":"","overlay-type":"","overlay-color":"","overlay-opacity":"","overlay-gradient":""},"mobile":{"background-color":"","background-image":"","background-repeat":"repeat","background-position":"center center","background-size":"auto","background-attachment":"scroll","background-type":"","background-media":"","overlay-type":"","overlay-color":"","overlay-opacity":"","overlay-gradient":""}},"ast-content-background-meta":{"desktop":{"background-color":"var(--ast-global-color-5)","background-image":"","background-repeat":"repeat","background-position":"center center","background-size":"auto","background-attachment":"scroll","background-type":"","background-media":"","overlay-type":"","overlay-color":"","overlay-opacity":"","overlay-gradient":""},"tablet":{"background-color":"var(--ast-global-color-5)","background-image":"","background-repeat":"repeat","background-position":"center center","background-size":"auto","background-attachment":"scroll","background-type":"","background-media":"","overlay-type":"","overlay-color":"","overlay-opacity":"","overlay-gradient":""},"mobile":{"background-color":"var(--ast-global-color-5)","background-image":"","background-repeat":"repeat","background-position":"center center","background-size":"auto","background-attachment":"scroll","background-type":"","background-media":"","overlay-type":"","overlay-color":"","overlay-opacity":"","overlay-gradient":""}}},"product_brand":[],"product_cat":[67],"product_tag":[],"class_list":{"0":"post-4838","1":"product","2":"type-product","3":"status-publish","4":"has-post-thumbnail","6":"product_cat-food-additives","7":"desktop-align-left","8":"tablet-align-left","9":"mobile-align-left","10":"ast-product-gallery-layout-horizontal-slider","11":"ast-product-gallery-with-no-image","12":"ast-product-tabs-layout-horizontal","14":"first","15":"instock","16":"shipping-taxable","17":"product-type-simple"},"uagb_featured_image_src":{"full":["https:\/\/jinancuchem.com\/wp-content\/uploads\/2025\/07\/76.png",800,800,false],"thumbnail":["https:\/\/jinancuchem.com\/wp-content\/uploads\/2025\/07\/76-150x150.png",150,150,true],"medium":["https:\/\/jinancuchem.com\/wp-content\/uploads\/2025\/07\/76-300x300.png",300,300,true],"medium_large":["https:\/\/jinancuchem.com\/wp-content\/uploads\/2025\/07\/76-768x768.png",768,768,true],"large":["https:\/\/jinancuchem.com\/wp-content\/uploads\/2025\/07\/76.png",800,800,false],"1536x1536":["https:\/\/jinancuchem.com\/wp-content\/uploads\/2025\/07\/76.png",800,800,false],"2048x2048":["https:\/\/jinancuchem.com\/wp-content\/uploads\/2025\/07\/76.png",800,800,false],"trp-custom-language-flag":["https:\/\/jinancuchem.com\/wp-content\/uploads\/2025\/07\/76-12x12.png",12,12,true],"woocommerce_thumbnail":["https:\/\/jinancuchem.com\/wp-content\/uploads\/2025\/07\/76-300x300.png",300,300,true],"woocommerce_single":["https:\/\/jinancuchem.com\/wp-content\/uploads\/2025\/07\/76-500x500.png",500,500,true],"woocommerce_gallery_thumbnail":["https:\/\/jinancuchem.com\/wp-content\/uploads\/2025\/07\/76-100x100.png",100,100,true]},"uagb_author_info":{"display_name":"jinxing6611@gmail.com","author_link":"https:\/\/jinancuchem.com\/fr\/author\/"},"uagb_comment_info":0,"uagb_excerpt":"Alias:\u00a0Acetylated starch &nbsp; 1.Product Property Starch Acetate (Acetylated Starch) is a modified starch produced by treating natural starch (such as corn, potato, or tapioca) with acetic anhydride or vinyl acetate. This process introduces acetyl groups, improving its stability, texture, and resistance to high temperatures and freezing. It forms clear, smooth gels, making it ideal as\u2026","_links":{"self":[{"href":"https:\/\/jinancuchem.com\/fr\/wp-json\/wp\/v2\/product\/4838","targetHints":{"allow":["GET"]}}],"collection":[{"href":"https:\/\/jinancuchem.com\/fr\/wp-json\/wp\/v2\/product"}],"about":[{"href":"https:\/\/jinancuchem.com\/fr\/wp-json\/wp\/v2\/types\/product"}],"wp:featuredmedia":[{"embeddable":true,"href":"https:\/\/jinancuchem.com\/fr\/wp-json\/wp\/v2\/media\/4852"}],"wp:attachment":[{"href":"https:\/\/jinancuchem.com\/fr\/wp-json\/wp\/v2\/media?parent=4838"}],"wp:term":[{"taxonomy":"product_brand","embeddable":true,"href":"https:\/\/jinancuchem.com\/fr\/wp-json\/wp\/v2\/product_brand?post=4838"},{"taxonomy":"product_cat","embeddable":true,"href":"https:\/\/jinancuchem.com\/fr\/wp-json\/wp\/v2\/product_cat?post=4838"},{"taxonomy":"product_tag","embeddable":true,"href":"https:\/\/jinancuchem.com\/fr\/wp-json\/wp\/v2\/product_tag?post=4838"}],"curies":[{"name":"wp","href":"https:\/\/api.w.org\/{rel}","templated":true}]}}