{"id":4843,"date":"2025-07-25T07:28:02","date_gmt":"2025-07-25T07:28:02","guid":{"rendered":"https:\/\/jinancuchem.com\/?post_type=product&#038;p=4843"},"modified":"2025-07-25T07:28:03","modified_gmt":"2025-07-25T07:28:03","slug":"octyl-phenol","status":"publish","type":"product","link":"https:\/\/jinancuchem.com\/fr\/produit\/octyl-phenol\/","title":{"rendered":"Octylph\u00e9nol"},"content":{"rendered":"<p>CAS : 27193-28-8<br \/>\nAlias : 2,6-xyl\u00e9nol ; p-octylph\u00e9nol<br \/>\nFormule mol\u00e9culaire : C\u2081\u2084H\u2082\u2082O<br \/>\nMasse mol\u00e9culaire relative : 202,32<\/p>\n<h3><strong><b><img alt=\"\" fetchpriority=\"high\" decoding=\"async\" class=\"alignnone size-medium wp-image-4851\" src=\"https:\/\/jinancuchem.com\/wp-content\/uploads\/2025\/07\/\u672a\u6807\u9898-1-71-300x300.jpg\" width=\"300\" height=\"300\" srcset=\"https:\/\/jinancuchem.com\/wp-content\/uploads\/2025\/07\/\u672a\u6807\u9898-1-71-300x300.jpg 300w, https:\/\/jinancuchem.com\/wp-content\/uploads\/2025\/07\/\u672a\u6807\u9898-1-71-100x100.jpg 100w, https:\/\/jinancuchem.com\/wp-content\/uploads\/2025\/07\/\u672a\u6807\u9898-1-71-500x500.jpg 500w, https:\/\/jinancuchem.com\/wp-content\/uploads\/2025\/07\/\u672a\u6807\u9898-1-71-150x150.jpg 150w, https:\/\/jinancuchem.com\/wp-content\/uploads\/2025\/07\/\u672a\u6807\u9898-1-71-768x768.jpg 768w, https:\/\/jinancuchem.com\/wp-content\/uploads\/2025\/07\/\u672a\u6807\u9898-1-71-12x12.jpg 12w, https:\/\/jinancuchem.com\/wp-content\/uploads\/2025\/07\/\u672a\u6807\u9898-1-71.jpg 800w\" sizes=\"(max-width: 300px) 100vw, 300px\" \/><\/b><\/strong><\/h3>\n<h3><strong><b>1. Propri\u00e9t\u00e9 du produit<\/b><\/strong><\/h3>\n<p>L'octylph\u00e9nol est un solide incolore \u00e0 blanc \u00e0 l'odeur faible et caract\u00e9ristique. Il a une densit\u00e9 d'environ 0,97 g\/cm\u00b3 et un point de fusion d'environ 37\u00b0C\u3002Il est soluble dans les solvants organiques et insoluble dans l'eau\u3002<\/p>\n<h3><strong><b>2. Normes de qualit\u00e9<\/b><\/strong><\/h3>\n<table>\n<tbody>\n<tr>\n<td><strong><b>Param\u00e8tres<\/b><\/strong><\/td>\n<td><strong><b>Sp\u00e9cifications<\/b><\/strong><\/td>\n<\/tr>\n<tr>\n<td>Puret\u00e9 (%)<\/td>\n<td>\u2265 98.0<\/td>\n<\/tr>\n<tr>\n<td>Apparence<\/td>\n<td>Solide\/liquide blanc \u00e0 jaune clair<\/td>\n<\/tr>\n<tr>\n<td>Point de fusion (\u00b0C)<\/td>\n<td>82 - 86 (forme solide)<\/td>\n<\/tr>\n<tr>\n<td>Densit\u00e9 (g\/cm\u00b3, 20\u00b0C)<\/td>\n<td>0,89 - 0,91 (liquide)<\/td>\n<\/tr>\n<tr>\n<td>Taux d'humidit\u00e9 (%)<\/td>\n<td>\u2264 0.5<\/td>\n<\/tr>\n<\/tbody>\n<\/table>\n<h3><strong><b>3. Champ d'application et utilisation<\/b><\/strong><\/h3>\n<p>Les compos\u00e9s hydroxyph\u00e9nyliques sont \u00e9galement utilis\u00e9s comme modificateurs pour les r\u00e9sines ph\u00e9noliques solubles dans l'huile et comme interm\u00e9diaires pour les r\u00e9sines enti\u00e8rement durcies, les m\u00e9dicaments, les colorants et les adh\u00e9sifs, etc.Il est principalement utilis\u00e9 pour synth\u00e9tiser des tensioactifs ioniques (\u00e9mulsifiants OP), des plastifiants (trid\u00e9cylphtalate, salicylate d'octyle), des stabilisateurs thermiques (octylph\u00e9nate de baryum), des stabilisateurs de lumi\u00e8re (sel de nickel du sulfure de bis-octylph\u00e9nol), des additifs p\u00e9troliers, des stabilisateurs de mazout et des extracteurs de minerai de cuivre, etc.<\/p>\n<h3><strong><b>4. Emballage et stockage<\/b><\/strong><\/h3>\n<p>Le produit est g\u00e9n\u00e9ralement conditionn\u00e9 dans des f\u00fbts en fibre rev\u00eatus de poly\u00e9thyl\u00e8ne de 25 kg, des f\u00fbts en acier de 200 kg ou des conteneurs en vrac destin\u00e9s \u00e0 un usage industriel. Il doit \u00eatre stock\u00e9 dans un endroit frais, sec et bien ventil\u00e9, \u00e0 l'\u00e9cart des oxydants puissants et des sources de chaleur. Les conteneurs doivent \u00eatre ferm\u00e9s herm\u00e9tiquement pour \u00e9viter l'absorption d'humidit\u00e9 et la d\u00e9gradation. Une manipulation correcte n\u00e9cessite le port de gants et de lunettes de protection. Dans les conditions de stockage recommand\u00e9es, le produit reste stable pendant au moins deux ans.<\/p>","protected":false},"excerpt":{"rendered":"<p>CAS: 27193-28-8 Alias: 2,6-xylenol; p-Octylphenol Molecular formula: C\u2081\u2084H\u2082\u2082O Relative molecular mass: 202.32 1. Product Property Octyl phenol is a colorless to white solid with a faint, characteristic odor. It has a density of approximately 0.97 g\/cm\u00b3 and a melting point of around 37\u00b0C\u3002It is soluble in organic solvents and insoluble in water\u3002 2. Quality Standards [&hellip;]<\/p>\n","protected":false},"featured_media":4851,"template":"","meta":{"_seopress_robots_primary_cat":"","_seopress_titles_title":"","_seopress_titles_desc":"","_seopress_robots_index":"","_uag_custom_page_level_css":"","site-sidebar-layout":"default","site-content-layout":"","ast-site-content-layout":"default","site-content-style":"default","site-sidebar-style":"default","ast-global-header-display":"","ast-banner-title-visibility":"","ast-main-header-display":"","ast-hfb-above-header-display":"","ast-hfb-below-header-display":"","ast-hfb-mobile-header-display":"","site-post-title":"","ast-breadcrumbs-content":"","ast-featured-img":"","footer-sml-layout":"","theme-transparent-header-meta":"default","adv-header-id-meta":"","stick-header-meta":"default","header-above-stick-meta":"","header-main-stick-meta":"","header-below-stick-meta":"","astra-migrate-meta-layouts":"set","ast-page-background-enabled":"default","ast-page-background-meta":{"desktop":{"background-color":"","background-image":"","background-repeat":"repeat","background-position":"center center","background-size":"auto","background-attachment":"scroll","background-type":"","background-media":"","overlay-type":"","overlay-color":"","overlay-opacity":"","overlay-gradient":""},"tablet":{"background-color":"","background-image":"","background-repeat":"repeat","background-position":"center center","background-size":"auto","background-attachment":"scroll","background-type":"","background-media":"","overlay-type":"","overlay-color":"","overlay-opacity":"","overlay-gradient":""},"mobile":{"background-color":"","background-image":"","background-repeat":"repeat","background-position":"center center","background-size":"auto","background-attachment":"scroll","background-type":"","background-media":"","overlay-type":"","overlay-color":"","overlay-opacity":"","overlay-gradient":""}},"ast-content-background-meta":{"desktop":{"background-color":"var(--ast-global-color-5)","background-image":"","background-repeat":"repeat","background-position":"center center","background-size":"auto","background-attachment":"scroll","background-type":"","background-media":"","overlay-type":"","overlay-color":"","overlay-opacity":"","overlay-gradient":""},"tablet":{"background-color":"var(--ast-global-color-5)","background-image":"","background-repeat":"repeat","background-position":"center center","background-size":"auto","background-attachment":"scroll","background-type":"","background-media":"","overlay-type":"","overlay-color":"","overlay-opacity":"","overlay-gradient":""},"mobile":{"background-color":"var(--ast-global-color-5)","background-image":"","background-repeat":"repeat","background-position":"center center","background-size":"auto","background-attachment":"scroll","background-type":"","background-media":"","overlay-type":"","overlay-color":"","overlay-opacity":"","overlay-gradient":""}}},"product_brand":[],"product_cat":[69],"product_tag":[],"class_list":{"0":"post-4843","1":"product","2":"type-product","3":"status-publish","4":"has-post-thumbnail","6":"product_cat-daily-chemical-product","7":"desktop-align-left","8":"tablet-align-left","9":"mobile-align-left","10":"ast-product-gallery-layout-horizontal-slider","11":"ast-product-gallery-with-no-image","12":"ast-product-tabs-layout-horizontal","14":"first","15":"instock","16":"shipping-taxable","17":"product-type-simple"},"uagb_featured_image_src":{"full":["https:\/\/jinancuchem.com\/wp-content\/uploads\/2025\/07\/\u672a\u6807\u9898-1-71.jpg",800,800,false],"thumbnail":["https:\/\/jinancuchem.com\/wp-content\/uploads\/2025\/07\/\u672a\u6807\u9898-1-71-150x150.jpg",150,150,true],"medium":["https:\/\/jinancuchem.com\/wp-content\/uploads\/2025\/07\/\u672a\u6807\u9898-1-71-300x300.jpg",300,300,true],"medium_large":["https:\/\/jinancuchem.com\/wp-content\/uploads\/2025\/07\/\u672a\u6807\u9898-1-71-768x768.jpg",768,768,true],"large":["https:\/\/jinancuchem.com\/wp-content\/uploads\/2025\/07\/\u672a\u6807\u9898-1-71.jpg",800,800,false],"1536x1536":["https:\/\/jinancuchem.com\/wp-content\/uploads\/2025\/07\/\u672a\u6807\u9898-1-71.jpg",800,800,false],"2048x2048":["https:\/\/jinancuchem.com\/wp-content\/uploads\/2025\/07\/\u672a\u6807\u9898-1-71.jpg",800,800,false],"trp-custom-language-flag":["https:\/\/jinancuchem.com\/wp-content\/uploads\/2025\/07\/\u672a\u6807\u9898-1-71-12x12.jpg",12,12,true],"woocommerce_thumbnail":["https:\/\/jinancuchem.com\/wp-content\/uploads\/2025\/07\/\u672a\u6807\u9898-1-71-300x300.jpg",300,300,true],"woocommerce_single":["https:\/\/jinancuchem.com\/wp-content\/uploads\/2025\/07\/\u672a\u6807\u9898-1-71-500x500.jpg",500,500,true],"woocommerce_gallery_thumbnail":["https:\/\/jinancuchem.com\/wp-content\/uploads\/2025\/07\/\u672a\u6807\u9898-1-71-100x100.jpg",100,100,true]},"uagb_author_info":{"display_name":"jinxing6611@gmail.com","author_link":"https:\/\/jinancuchem.com\/fr\/author\/"},"uagb_comment_info":0,"uagb_excerpt":"CAS: 27193-28-8 Alias: 2,6-xylenol; p-Octylphenol Molecular formula: C\u2081\u2084H\u2082\u2082O Relative molecular mass: 202.32 1. Product Property Octyl phenol is a colorless to white solid with a faint, characteristic odor. It has a density of approximately 0.97 g\/cm\u00b3 and a melting point of around 37\u00b0C\u3002It is soluble in organic solvents and insoluble in water\u3002 2. Quality Standards\u2026","_links":{"self":[{"href":"https:\/\/jinancuchem.com\/fr\/wp-json\/wp\/v2\/product\/4843","targetHints":{"allow":["GET"]}}],"collection":[{"href":"https:\/\/jinancuchem.com\/fr\/wp-json\/wp\/v2\/product"}],"about":[{"href":"https:\/\/jinancuchem.com\/fr\/wp-json\/wp\/v2\/types\/product"}],"wp:featuredmedia":[{"embeddable":true,"href":"https:\/\/jinancuchem.com\/fr\/wp-json\/wp\/v2\/media\/4851"}],"wp:attachment":[{"href":"https:\/\/jinancuchem.com\/fr\/wp-json\/wp\/v2\/media?parent=4843"}],"wp:term":[{"taxonomy":"product_brand","embeddable":true,"href":"https:\/\/jinancuchem.com\/fr\/wp-json\/wp\/v2\/product_brand?post=4843"},{"taxonomy":"product_cat","embeddable":true,"href":"https:\/\/jinancuchem.com\/fr\/wp-json\/wp\/v2\/product_cat?post=4843"},{"taxonomy":"product_tag","embeddable":true,"href":"https:\/\/jinancuchem.com\/fr\/wp-json\/wp\/v2\/product_tag?post=4843"}],"curies":[{"name":"wp","href":"https:\/\/api.w.org\/{rel}","templated":true}]}}