{"id":4853,"date":"2025-07-25T07:29:23","date_gmt":"2025-07-25T07:29:23","guid":{"rendered":"https:\/\/jinancuchem.com\/?post_type=product&#038;p=4853"},"modified":"2025-07-25T07:29:23","modified_gmt":"2025-07-25T07:29:23","slug":"guar-gum","status":"publish","type":"product","link":"https:\/\/jinancuchem.com\/fr\/produit\/guar-gum\/","title":{"rendered":"Gomme de guar"},"content":{"rendered":"<p>\u3010CAS\u30119000-30-0<\/p>\n<p>Alias : Farine de guar\u3001Guaran\u3001Cyamopsis gum\u3001E412<\/p>\n<p>Formule mol\u00e9culaire : C10H14N5Na2O12P3 Masse mol\u00e9culaire relative : 535.15<\/p>\n<p>Formule structurelle :<img alt=\"\" decoding=\"async\" class=\"alignnone size-medium wp-image-4858\" src=\"https:\/\/jinancuchem.com\/wp-content\/uploads\/2025\/07\/\u56fe\u724777-148x300.png\" width=\"148\" height=\"300\" srcset=\"https:\/\/jinancuchem.com\/wp-content\/uploads\/2025\/07\/\u56fe\u724777-148x300.png 148w, https:\/\/jinancuchem.com\/wp-content\/uploads\/2025\/07\/\u56fe\u724777-6x12.png 6w, https:\/\/jinancuchem.com\/wp-content\/uploads\/2025\/07\/\u56fe\u724777.png 267w\" sizes=\"(max-width: 148px) 100vw, 148px\" \/><\/p>\n<p>&nbsp;<\/p>\n<h4>1.Propri\u00e9t\u00e9 du produit<\/h4>\n<p>La gomme de guar est un polysaccharide naturel hautement purifi\u00e9 extrait des haricots de guar, un type de l\u00e9gumineuse largement cultiv\u00e9 dans le sous-continent indien. Gr\u00e2ce \u00e0 sa structure mol\u00e9culaire unique et \u00e0 ses propri\u00e9t\u00e9s naturelles, la gomme de guar est rapidement devenue un nouveau type d'additif \u00e9cologique pour la fabrication du papier. Elle est \u00e9galement largement utilis\u00e9e dans les domaines de l'alimentation, du p\u00e9trole et de la m\u00e9decine.<\/p>\n<p>&nbsp;<\/p>\n<h4>2.<\/h4>\n<table>\n<tbody>\n<tr>\n<td rowspan=\"2\" width=\"188\">Projet<\/td>\n<td colspan=\"2\" width=\"364\">Indicateurs<\/td>\n<\/tr>\n<tr>\n<td width=\"180\">HV Type \u00e0 haute viscosit\u00e9<\/td>\n<td width=\"184\">MV type de viscosit\u00e9 moyenne<\/td>\n<\/tr>\n<tr>\n<td width=\"188\">1% viscosit\u00e9 de la solution aqueuse<\/td>\n<td width=\"180\">\u22656000mPa.s<\/td>\n<td width=\"184\">\u22655000mPa.s<\/td>\n<\/tr>\n<tr>\n<td width=\"188\">Perte de s\u00e9chage<\/td>\n<td width=\"180\">\u226412.0%<\/td>\n<td width=\"184\">\u226412.0%<\/td>\n<\/tr>\n<tr>\n<td width=\"188\">Teneur en cendres<\/td>\n<td width=\"180\">\u22641.0%<\/td>\n<td width=\"184\">\u22641.5%<\/td>\n<\/tr>\n<tr>\n<td width=\"188\">Acide insoluble<\/td>\n<td width=\"180\">\u22647%<\/td>\n<td width=\"184\">\u22647%<\/td>\n<\/tr>\n<tr>\n<td width=\"188\">Sel d'acide borique<\/td>\n<td width=\"180\">Non d\u00e9tectable<\/td>\n<td width=\"184\">Non d\u00e9tectable<\/td>\n<\/tr>\n<tr>\n<td width=\"188\">Prot\u00e9ines<\/td>\n<td width=\"180\">\u226410%<\/td>\n<td width=\"184\">\u226410%<\/td>\n<\/tr>\n<tr>\n<td width=\"188\">Test de l'amidon<\/td>\n<td width=\"180\">Non d\u00e9tectable<\/td>\n<td width=\"184\">Non d\u00e9tectable<\/td>\n<\/tr>\n<tr>\n<td width=\"188\">Arsenic<\/td>\n<td width=\"180\">\u22643ppm<\/td>\n<td width=\"184\">\u22643ppm<\/td>\n<\/tr>\n<tr>\n<td width=\"188\">Plomb<\/td>\n<td width=\"180\">\u226410ppm<\/td>\n<td width=\"184\">\u226410ppm<\/td>\n<\/tr>\n<\/tbody>\n<\/table>\n<p>&nbsp;<\/p>\n<h4>3. Champ d'application et utilisation<\/h4>\n<p>La gomme de guar (E412) est largement utilis\u00e9e comme \u00e9paississant, stabilisateur et liant naturel dans l'alimentation (cr\u00e8me glac\u00e9e, sauces, boulangerie), les produits pharmaceutiques (liant pour comprim\u00e9s), les cosm\u00e9tiques (lotions), le forage p\u00e9trolier (fluide de fracturation) et les industries du textile\/papier en raison de sa viscosit\u00e9 \u00e9lev\u00e9e, de sa r\u00e9tention d'eau et de son rapport co\u00fbt\/efficacit\u00e9.<\/p>\n<p>&nbsp;<\/p>\n<h4>4. l'emballage et le stockage<\/h4>\n<p>La gomme de guar est g\u00e9n\u00e9ralement conditionn\u00e9e dans des sacs en papier kraft multicouches de 25 kg ou dans des sacs tiss\u00e9s r\u00e9sistants \u00e0 l'humidit\u00e9 avec une doublure int\u00e9rieure en poly\u00e9thyl\u00e8ne. Elle doit \u00eatre stock\u00e9e dans un entrep\u00f4t frais, sec et bien ventil\u00e9, \u00e0 l'abri de la lumi\u00e8re directe du soleil et de l'humidit\u00e9, \u00e0 une temp\u00e9rature inf\u00e9rieure \u00e0 25\u00b0C et \u00e0 une humidit\u00e9 relative inf\u00e9rieure \u00e0 65%. Le produit reste stable pendant 24 mois s'il est correctement scell\u00e9 et stock\u00e9, \u00e0 l'abri des parasites et des fortes odeurs.<\/p>","protected":false},"excerpt":{"rendered":"<p>\u3010CAS\u30119000-30-0 Alias: Guar flour\u3001Guaran\u3001Cyamopsis gum\u3001E412 Molecular formula: C10H14N5Na2O12P3 \u00a0\u00a0\u00a0Relative molecular mass:\u00a0535.15 Structural formula: &nbsp; 1.Product Property Guar gum is a highly purified natural polysaccharide extracted from guar beans, a type of leguminous plant widely cultivated in the Indian subcontinent. Due to its unique molecular structure and natural properties, it has rapidly become a superior new [&hellip;]<\/p>\n","protected":false},"featured_media":4862,"template":"","meta":{"_seopress_robots_primary_cat":"","_seopress_titles_title":"","_seopress_titles_desc":"","_seopress_robots_index":"","_uag_custom_page_level_css":"","site-sidebar-layout":"default","site-content-layout":"","ast-site-content-layout":"default","site-content-style":"default","site-sidebar-style":"default","ast-global-header-display":"","ast-banner-title-visibility":"","ast-main-header-display":"","ast-hfb-above-header-display":"","ast-hfb-below-header-display":"","ast-hfb-mobile-header-display":"","site-post-title":"","ast-breadcrumbs-content":"","ast-featured-img":"","footer-sml-layout":"","theme-transparent-header-meta":"default","adv-header-id-meta":"","stick-header-meta":"default","header-above-stick-meta":"","header-main-stick-meta":"","header-below-stick-meta":"","astra-migrate-meta-layouts":"set","ast-page-background-enabled":"default","ast-page-background-meta":{"desktop":{"background-color":"","background-image":"","background-repeat":"repeat","background-position":"center center","background-size":"auto","background-attachment":"scroll","background-type":"","background-media":"","overlay-type":"","overlay-color":"","overlay-opacity":"","overlay-gradient":""},"tablet":{"background-color":"","background-image":"","background-repeat":"repeat","background-position":"center center","background-size":"auto","background-attachment":"scroll","background-type":"","background-media":"","overlay-type":"","overlay-color":"","overlay-opacity":"","overlay-gradient":""},"mobile":{"background-color":"","background-image":"","background-repeat":"repeat","background-position":"center center","background-size":"auto","background-attachment":"scroll","background-type":"","background-media":"","overlay-type":"","overlay-color":"","overlay-opacity":"","overlay-gradient":""}},"ast-content-background-meta":{"desktop":{"background-color":"var(--ast-global-color-5)","background-image":"","background-repeat":"repeat","background-position":"center center","background-size":"auto","background-attachment":"scroll","background-type":"","background-media":"","overlay-type":"","overlay-color":"","overlay-opacity":"","overlay-gradient":""},"tablet":{"background-color":"var(--ast-global-color-5)","background-image":"","background-repeat":"repeat","background-position":"center center","background-size":"auto","background-attachment":"scroll","background-type":"","background-media":"","overlay-type":"","overlay-color":"","overlay-opacity":"","overlay-gradient":""},"mobile":{"background-color":"var(--ast-global-color-5)","background-image":"","background-repeat":"repeat","background-position":"center center","background-size":"auto","background-attachment":"scroll","background-type":"","background-media":"","overlay-type":"","overlay-color":"","overlay-opacity":"","overlay-gradient":""}}},"product_brand":[],"product_cat":[67],"product_tag":[],"class_list":{"0":"post-4853","1":"product","2":"type-product","3":"status-publish","4":"has-post-thumbnail","6":"product_cat-food-additives","7":"desktop-align-left","8":"tablet-align-left","9":"mobile-align-left","10":"ast-product-gallery-layout-horizontal-slider","11":"ast-product-gallery-with-no-image","12":"ast-product-tabs-layout-horizontal","14":"first","15":"instock","16":"shipping-taxable","17":"product-type-simple"},"uagb_featured_image_src":{"full":["https:\/\/jinancuchem.com\/wp-content\/uploads\/2025\/07\/77.png",800,800,false],"thumbnail":["https:\/\/jinancuchem.com\/wp-content\/uploads\/2025\/07\/77-150x150.png",150,150,true],"medium":["https:\/\/jinancuchem.com\/wp-content\/uploads\/2025\/07\/77-300x300.png",300,300,true],"medium_large":["https:\/\/jinancuchem.com\/wp-content\/uploads\/2025\/07\/77-768x768.png",768,768,true],"large":["https:\/\/jinancuchem.com\/wp-content\/uploads\/2025\/07\/77.png",800,800,false],"1536x1536":["https:\/\/jinancuchem.com\/wp-content\/uploads\/2025\/07\/77.png",800,800,false],"2048x2048":["https:\/\/jinancuchem.com\/wp-content\/uploads\/2025\/07\/77.png",800,800,false],"trp-custom-language-flag":["https:\/\/jinancuchem.com\/wp-content\/uploads\/2025\/07\/77-12x12.png",12,12,true],"woocommerce_thumbnail":["https:\/\/jinancuchem.com\/wp-content\/uploads\/2025\/07\/77-300x300.png",300,300,true],"woocommerce_single":["https:\/\/jinancuchem.com\/wp-content\/uploads\/2025\/07\/77-500x500.png",500,500,true],"woocommerce_gallery_thumbnail":["https:\/\/jinancuchem.com\/wp-content\/uploads\/2025\/07\/77-100x100.png",100,100,true]},"uagb_author_info":{"display_name":"jinxing6611@gmail.com","author_link":"https:\/\/jinancuchem.com\/fr\/author\/"},"uagb_comment_info":0,"uagb_excerpt":"\u3010CAS\u30119000-30-0 Alias: Guar flour\u3001Guaran\u3001Cyamopsis gum\u3001E412 Molecular formula: C10H14N5Na2O12P3 \u00a0\u00a0\u00a0Relative molecular mass:\u00a0535.15 Structural formula: &nbsp; 1.Product Property Guar gum is a highly purified natural polysaccharide extracted from guar beans, a type of leguminous plant widely cultivated in the Indian subcontinent. Due to its unique molecular structure and natural properties, it has rapidly become a superior new\u2026","_links":{"self":[{"href":"https:\/\/jinancuchem.com\/fr\/wp-json\/wp\/v2\/product\/4853","targetHints":{"allow":["GET"]}}],"collection":[{"href":"https:\/\/jinancuchem.com\/fr\/wp-json\/wp\/v2\/product"}],"about":[{"href":"https:\/\/jinancuchem.com\/fr\/wp-json\/wp\/v2\/types\/product"}],"wp:featuredmedia":[{"embeddable":true,"href":"https:\/\/jinancuchem.com\/fr\/wp-json\/wp\/v2\/media\/4862"}],"wp:attachment":[{"href":"https:\/\/jinancuchem.com\/fr\/wp-json\/wp\/v2\/media?parent=4853"}],"wp:term":[{"taxonomy":"product_brand","embeddable":true,"href":"https:\/\/jinancuchem.com\/fr\/wp-json\/wp\/v2\/product_brand?post=4853"},{"taxonomy":"product_cat","embeddable":true,"href":"https:\/\/jinancuchem.com\/fr\/wp-json\/wp\/v2\/product_cat?post=4853"},{"taxonomy":"product_tag","embeddable":true,"href":"https:\/\/jinancuchem.com\/fr\/wp-json\/wp\/v2\/product_tag?post=4853"}],"curies":[{"name":"wp","href":"https:\/\/api.w.org\/{rel}","templated":true}]}}