{"id":4867,"date":"2025-07-25T07:31:09","date_gmt":"2025-07-25T07:31:09","guid":{"rendered":"https:\/\/jinancuchem.com\/?post_type=product&#038;p=4867"},"modified":"2025-07-25T07:31:09","modified_gmt":"2025-07-25T07:31:09","slug":"maleic-anhydride","status":"publish","type":"product","link":"https:\/\/jinancuchem.com\/fr\/produit\/maleic-anhydride\/","title":{"rendered":"Anhydride mal\u00e9ique"},"content":{"rendered":"<p><strong><b>CAS<\/b><\/strong><strong>: 108-31-6<\/strong><strong><br \/>\n<\/strong><strong><b>Alias<\/b><\/strong><strong>: Anhydride de l'acide mal\u00e9ique ; anhydride toxique<\/strong><strong><br \/>\n<\/strong><strong><b>Formule mol\u00e9culaire<\/b><\/strong><strong>: C\u2084H\u2082O\u2083<\/strong><strong><br \/>\n<\/strong><strong><b>Masse mol\u00e9culaire relative<\/b><\/strong><strong>: 98.06<\/strong><\/p>\n<h3><strong><b>1. Propri\u00e9t\u00e9 du produit<\/b><\/strong><\/h3>\n<p>L'anhydride mal\u00e9ique, abr\u00e9g\u00e9 en EMA, \u00e9galement connu sous le nom d'\"anhydride trans-but\u00e8nedio\u00efque\", est l'anhydride de l'acide trans-but\u00e8nedio\u00efque. \u00c0 temp\u00e9rature ambiante, il s'agit d'un solide incolore ou blanc au go\u00fbt aigre, dont la formule mol\u00e9culaire est C4H2O3. Son poids mol\u00e9culaire est de 98,06. Il est obtenu sous forme de cristaux en forme d'aiguilles \u00e0 partir du chloroforme ou de l'\u00e9ther. Le point de fusion est de 60\u00b0C, le point d'\u00e9bullition est de 82\u00b0C (1,8665 kPa) et la densit\u00e9 relative est de 1,31460. Il est soluble dans l'ac\u00e9tone, le chloroforme et l'\u00e9ther, et l\u00e9g\u00e8rement soluble dans l'\u00e9ther de p\u00e9trole. Il se dissout dans l'eau pour former de l'acide trans-but\u00e8nedio\u00efque, forme des esters lorsqu'il est dissous dans l'alcool et peut subir des r\u00e9actions de synth\u00e8se di\u00e9nique avec des compos\u00e9s contenant des doubles liaisons conjugu\u00e9es. Il est toxique et irrite fortement les muqueuses.<\/p>\n<h3><strong><b>2. Norme de qualit\u00e9<\/b><\/strong><\/h3>\n<table>\n<tbody>\n<tr>\n<td><strong><b>Param\u00e8tres<\/b><\/strong><\/td>\n<td><strong><b>Sp\u00e9cifications<\/b><\/strong><\/td>\n<\/tr>\n<tr>\n<td>Apparence<\/td>\n<td>Solide cristallin blanc<\/td>\n<\/tr>\n<tr>\n<td>Puret\u00e9 (GC)<\/td>\n<td>\u2265 99.5%<\/td>\n<\/tr>\n<tr>\n<td>Acidit\u00e9 (en tant qu'acide ac\u00e9tique)<\/td>\n<td>\u2264 0,005%<\/td>\n<\/tr>\n<tr>\n<td>Teneur en eau<\/td>\n<td>\u2264 0,1%<\/td>\n<\/tr>\n<tr>\n<td>Densit\u00e9 (20\u00b0C, g\/cm\u00b3)<\/td>\n<td>1,48 g\/cm\u00b3<\/td>\n<\/tr>\n<tr>\n<td>Indice de r\u00e9fraction<\/td>\n<td>1.420-1.424<\/td>\n<\/tr>\n<tr>\n<td>R\u00e9sidu d'\u00e9vaporation<\/td>\n<td>\u2264 0,005%<\/td>\n<\/tr>\n<\/tbody>\n<\/table>\n<p>&nbsp;<\/p>\n<h3><strong><b>3. Champ d'application et utilisation<\/b><\/strong><\/h3>\n<p><sub>L'adiponitrile est utilis\u00e9 dans la synth\u00e8se des di\u00e8nes, dans la production de m\u00e9dicaments, de pesticides, de colorants, etc. <\/sub>Il est \u00e9galement utilis\u00e9 dans la production de r\u00e9sines de polyester, de r\u00e9sines alkydes, d'acide mal\u00e9ique et d'autres acides organiques. Il est \u00e9galement utilis\u00e9 comme conservateur pour les graisses et les huiles et constitue une mati\u00e8re premi\u00e8re pour les r\u00e9sines de polyester insatur\u00e9, les r\u00e9sines alkydes et l'iodamine \u00e0 longue dur\u00e9e de vie. C'est \u00e9galement un monom\u00e8re copolym\u00e8re pour les r\u00e9sines de polyester insatur\u00e9, les r\u00e9sines alkydes et les copolym\u00e8res d'anhydride mal\u00e9ique et d'anhydride polymal\u00e9ique. C'est \u00e9galement une mati\u00e8re premi\u00e8re chimique organique pour la production d'additifs d'encre, d'aides \u00e0 la fabrication du papier, de plastifiants, d'acide tartrique, d'acide fumarique, de t\u00e9trahydrofurane, etc.<\/p>\n<p>&nbsp;<\/p>\n<h3><strong><b>4. Emballage et stockage<\/b><\/strong><\/h3>\n<p>L'anhydride mal\u00e9ique est g\u00e9n\u00e9ralement conditionn\u00e9 en sacs de polypropyl\u00e8ne de 25 kg ou en sacs de paillettes de 500 kg. Pour le stockage, il doit \u00eatre conserv\u00e9 dans un endroit frais, sec et bien ventil\u00e9, \u00e0 l'abri des sources de chaleur et de la lumi\u00e8re directe du soleil. La temp\u00e9rature de stockage ne doit pas d\u00e9passer 25\u00b0C pour garantir la stabilit\u00e9 du produit. Il est essentiel de le stocker de mani\u00e8re \u00e0 \u00e9viter toute p\u00e9n\u00e9tration d'humidit\u00e9 et toute contamination.<\/p>","protected":false},"excerpt":{"rendered":"<p>CAS: 108-31-6 Alias: Maleic acid anhydride; Toxilic anhydride Molecular formula: C\u2084H\u2082O\u2083 Relative molecular mass: 98.06 1. Product Property Maleic anhydride, abbreviated as EMA, also known as &#8220;trans-butenedioic anhydride&#8221;, is the anhydride of trans-butenedioic acid. At room temperature, it is a sour-tasting colorless or white solid, with the molecular formula C4H2O3. Its molecular weight is 98.06. [&hellip;]<\/p>\n","protected":false},"featured_media":4871,"template":"","meta":{"_seopress_robots_primary_cat":"","_seopress_titles_title":"","_seopress_titles_desc":"","_seopress_robots_index":"","_uag_custom_page_level_css":"","site-sidebar-layout":"default","site-content-layout":"","ast-site-content-layout":"default","site-content-style":"default","site-sidebar-style":"default","ast-global-header-display":"","ast-banner-title-visibility":"","ast-main-header-display":"","ast-hfb-above-header-display":"","ast-hfb-below-header-display":"","ast-hfb-mobile-header-display":"","site-post-title":"","ast-breadcrumbs-content":"","ast-featured-img":"","footer-sml-layout":"","theme-transparent-header-meta":"default","adv-header-id-meta":"","stick-header-meta":"default","header-above-stick-meta":"","header-main-stick-meta":"","header-below-stick-meta":"","astra-migrate-meta-layouts":"set","ast-page-background-enabled":"default","ast-page-background-meta":{"desktop":{"background-color":"","background-image":"","background-repeat":"repeat","background-position":"center center","background-size":"auto","background-attachment":"scroll","background-type":"","background-media":"","overlay-type":"","overlay-color":"","overlay-opacity":"","overlay-gradient":""},"tablet":{"background-color":"","background-image":"","background-repeat":"repeat","background-position":"center center","background-size":"auto","background-attachment":"scroll","background-type":"","background-media":"","overlay-type":"","overlay-color":"","overlay-opacity":"","overlay-gradient":""},"mobile":{"background-color":"","background-image":"","background-repeat":"repeat","background-position":"center center","background-size":"auto","background-attachment":"scroll","background-type":"","background-media":"","overlay-type":"","overlay-color":"","overlay-opacity":"","overlay-gradient":""}},"ast-content-background-meta":{"desktop":{"background-color":"var(--ast-global-color-5)","background-image":"","background-repeat":"repeat","background-position":"center center","background-size":"auto","background-attachment":"scroll","background-type":"","background-media":"","overlay-type":"","overlay-color":"","overlay-opacity":"","overlay-gradient":""},"tablet":{"background-color":"var(--ast-global-color-5)","background-image":"","background-repeat":"repeat","background-position":"center center","background-size":"auto","background-attachment":"scroll","background-type":"","background-media":"","overlay-type":"","overlay-color":"","overlay-opacity":"","overlay-gradient":""},"mobile":{"background-color":"var(--ast-global-color-5)","background-image":"","background-repeat":"repeat","background-position":"center center","background-size":"auto","background-attachment":"scroll","background-type":"","background-media":"","overlay-type":"","overlay-color":"","overlay-opacity":"","overlay-gradient":""}}},"product_brand":[],"product_cat":[69],"product_tag":[],"class_list":{"0":"post-4867","1":"product","2":"type-product","3":"status-publish","4":"has-post-thumbnail","6":"product_cat-daily-chemical-product","7":"desktop-align-left","8":"tablet-align-left","9":"mobile-align-left","10":"ast-product-gallery-layout-horizontal-slider","11":"ast-product-gallery-with-no-image","12":"ast-product-tabs-layout-horizontal","14":"first","15":"instock","16":"shipping-taxable","17":"product-type-simple"},"uagb_featured_image_src":{"full":["https:\/\/jinancuchem.com\/wp-content\/uploads\/2025\/07\/\u672a\u6807\u9898-1-73.jpg",800,800,false],"thumbnail":["https:\/\/jinancuchem.com\/wp-content\/uploads\/2025\/07\/\u672a\u6807\u9898-1-73-150x150.jpg",150,150,true],"medium":["https:\/\/jinancuchem.com\/wp-content\/uploads\/2025\/07\/\u672a\u6807\u9898-1-73-300x300.jpg",300,300,true],"medium_large":["https:\/\/jinancuchem.com\/wp-content\/uploads\/2025\/07\/\u672a\u6807\u9898-1-73-768x768.jpg",768,768,true],"large":["https:\/\/jinancuchem.com\/wp-content\/uploads\/2025\/07\/\u672a\u6807\u9898-1-73.jpg",800,800,false],"1536x1536":["https:\/\/jinancuchem.com\/wp-content\/uploads\/2025\/07\/\u672a\u6807\u9898-1-73.jpg",800,800,false],"2048x2048":["https:\/\/jinancuchem.com\/wp-content\/uploads\/2025\/07\/\u672a\u6807\u9898-1-73.jpg",800,800,false],"trp-custom-language-flag":["https:\/\/jinancuchem.com\/wp-content\/uploads\/2025\/07\/\u672a\u6807\u9898-1-73-12x12.jpg",12,12,true],"woocommerce_thumbnail":["https:\/\/jinancuchem.com\/wp-content\/uploads\/2025\/07\/\u672a\u6807\u9898-1-73-300x300.jpg",300,300,true],"woocommerce_single":["https:\/\/jinancuchem.com\/wp-content\/uploads\/2025\/07\/\u672a\u6807\u9898-1-73-500x500.jpg",500,500,true],"woocommerce_gallery_thumbnail":["https:\/\/jinancuchem.com\/wp-content\/uploads\/2025\/07\/\u672a\u6807\u9898-1-73-100x100.jpg",100,100,true]},"uagb_author_info":{"display_name":"jinxing6611@gmail.com","author_link":"https:\/\/jinancuchem.com\/fr\/author\/"},"uagb_comment_info":0,"uagb_excerpt":"CAS: 108-31-6 Alias: Maleic acid anhydride; Toxilic anhydride Molecular formula: C\u2084H\u2082O\u2083 Relative molecular mass: 98.06 1. Product Property Maleic anhydride, abbreviated as EMA, also known as &#8220;trans-butenedioic anhydride&#8221;, is the anhydride of trans-butenedioic acid. At room temperature, it is a sour-tasting colorless or white solid, with the molecular formula C4H2O3. Its molecular weight is 98.06.\u2026","_links":{"self":[{"href":"https:\/\/jinancuchem.com\/fr\/wp-json\/wp\/v2\/product\/4867","targetHints":{"allow":["GET"]}}],"collection":[{"href":"https:\/\/jinancuchem.com\/fr\/wp-json\/wp\/v2\/product"}],"about":[{"href":"https:\/\/jinancuchem.com\/fr\/wp-json\/wp\/v2\/types\/product"}],"wp:featuredmedia":[{"embeddable":true,"href":"https:\/\/jinancuchem.com\/fr\/wp-json\/wp\/v2\/media\/4871"}],"wp:attachment":[{"href":"https:\/\/jinancuchem.com\/fr\/wp-json\/wp\/v2\/media?parent=4867"}],"wp:term":[{"taxonomy":"product_brand","embeddable":true,"href":"https:\/\/jinancuchem.com\/fr\/wp-json\/wp\/v2\/product_brand?post=4867"},{"taxonomy":"product_cat","embeddable":true,"href":"https:\/\/jinancuchem.com\/fr\/wp-json\/wp\/v2\/product_cat?post=4867"},{"taxonomy":"product_tag","embeddable":true,"href":"https:\/\/jinancuchem.com\/fr\/wp-json\/wp\/v2\/product_tag?post=4867"}],"curies":[{"name":"wp","href":"https:\/\/api.w.org\/{rel}","templated":true}]}}