{"id":4873,"date":"2025-07-25T07:32:42","date_gmt":"2025-07-25T07:32:42","guid":{"rendered":"https:\/\/jinancuchem.com\/?post_type=product&#038;p=4873"},"modified":"2025-07-25T07:32:43","modified_gmt":"2025-07-25T07:32:43","slug":"castor-oil","status":"publish","type":"product","link":"https:\/\/jinancuchem.com\/fr\/produit\/castor-oil\/","title":{"rendered":"Huile de ricin"},"content":{"rendered":"<p><strong><b>CAS<\/b><\/strong>: 8001-79-4<br \/>\n<strong><b>Formule mol\u00e9culaire<\/b><\/strong>: C\u2085\u2087H\u2081\u2080<sub>4<\/sub>O<sub>9<\/sub><br \/>\n<strong><b>Masse mol\u00e9culaire relative<\/b><\/strong>: 933.47<\/p>\n<p><strong><b>Formule structurelle<\/b><\/strong>:<img alt=\"\" fetchpriority=\"high\" decoding=\"async\" class=\"alignnone size-medium wp-image-4880\" src=\"https:\/\/jinancuchem.com\/wp-content\/uploads\/2025\/07\/\u672a\u6807\u9898-1-74-300x300.jpg\" width=\"300\" height=\"300\" srcset=\"https:\/\/jinancuchem.com\/wp-content\/uploads\/2025\/07\/\u672a\u6807\u9898-1-74-300x300.jpg 300w, https:\/\/jinancuchem.com\/wp-content\/uploads\/2025\/07\/\u672a\u6807\u9898-1-74-100x100.jpg 100w, https:\/\/jinancuchem.com\/wp-content\/uploads\/2025\/07\/\u672a\u6807\u9898-1-74-500x500.jpg 500w, https:\/\/jinancuchem.com\/wp-content\/uploads\/2025\/07\/\u672a\u6807\u9898-1-74-150x150.jpg 150w, https:\/\/jinancuchem.com\/wp-content\/uploads\/2025\/07\/\u672a\u6807\u9898-1-74-768x768.jpg 768w, https:\/\/jinancuchem.com\/wp-content\/uploads\/2025\/07\/\u672a\u6807\u9898-1-74-12x12.jpg 12w, https:\/\/jinancuchem.com\/wp-content\/uploads\/2025\/07\/\u672a\u6807\u9898-1-74.jpg 800w\" sizes=\"(max-width: 300px) 100vw, 300px\" \/><\/p>\n<h3><strong><b>1. Propri\u00e9t\u00e9 du produit<\/b><\/strong><\/h3>\n<p>L'huile de ricin est un liquide visqueux incolore \u00e0 jaune p\u00e2le avec une odeur caract\u00e9ristique. Elle a une viscosit\u00e9 \u00e9lev\u00e9e, une densit\u00e9 d'environ 0,96 g\/cm\u00b3 et un indice de saponification d'environ 185 mg\/g\u3002Il est insoluble dans l'eau mais soluble dans les solvants organiques. L'huile est connue pour sa teneur \u00e9lev\u00e9e en acide ricinol\u00e9ique, qui contribue \u00e0 ses propri\u00e9t\u00e9s et applications uniques.<\/p>\n<h3><strong><b>2. Norme de qualit\u00e9<\/b><\/strong><\/h3>\n<table>\n<tbody>\n<tr>\n<td><strong><b>Param\u00e8tres<\/b><\/strong><\/td>\n<td><strong><b>Sp\u00e9cifications<\/b><\/strong><\/td>\n<\/tr>\n<tr>\n<td>Couleur<\/td>\n<td>Jaune \u00e0 jaune brun\u00e2tre<\/td>\n<\/tr>\n<tr>\n<td>Valeur acide<\/td>\n<td>\u2264 0,5 mgKOH\/g<\/td>\n<\/tr>\n<tr>\n<td>Valeur de saponification<\/td>\n<td>185-195 mg\/g<\/td>\n<\/tr>\n<tr>\n<td>Valeur de l'iode<\/td>\n<td>80-90 g\/100g<\/td>\n<\/tr>\n<tr>\n<td>Acides gras libres<\/td>\n<td>\u2264 0,3%<\/td>\n<\/tr>\n<tr>\n<td>Teneur en eau<\/td>\n<td>\u2264 0,1%<\/td>\n<\/tr>\n<tr>\n<td>Densit\u00e9 (20\u00b0C, g\/cm\u00b3)<\/td>\n<td>0.96-0.98<\/td>\n<\/tr>\n<\/tbody>\n<\/table>\n<h3><strong><b>3. Champ d'application et utilisation<\/b><\/strong><\/h3>\n<p>L'huile de ricin est largement utilis\u00e9e dans la production de mousses de polyur\u00e9thane, de lubrifiants et de fluides hydrauliques en raison de sa viscosit\u00e9 \u00e9lev\u00e9e et de sa composition unique en acides gras. Elle est \u00e9galement utilis\u00e9e comme mati\u00e8re premi\u00e8re dans la synth\u00e8se de divers produits chimiques, notamment l'acide s\u00e9bacique et le glyc\u00e9rol. Dans l'industrie cosm\u00e9tique, elle est utilis\u00e9e comme \u00e9mollient et hydratant en raison de ses propri\u00e9t\u00e9s occlusives. En outre, il sert de base pour les vernis et de composant pour les peintures et les encres\u3002.<\/p>\n<h3><strong><b>4. Emballage et stockage<\/b><\/strong><\/h3>\n<p>L'huile de ricin est g\u00e9n\u00e9ralement conditionn\u00e9e dans des f\u00fbts de 200 litres ou des conteneurs IBC de 1000 litres\u3002Elle doit \u00eatre stock\u00e9e dans un endroit frais, sec et bien ventil\u00e9, \u00e0 l'abri de la lumi\u00e8re directe du soleil et des sources de chaleur. La temp\u00e9rature de stockage ne doit pas d\u00e9passer 25\u00b0C pour pr\u00e9server la qualit\u00e9 de l'huile. Les f\u00fbts ne doivent pas \u00eatre empil\u00e9s sur plus de deux hauteurs afin d'\u00e9viter tout dommage et d'assurer un acc\u00e8s facile\u3002<\/p>","protected":false},"excerpt":{"rendered":"<p>CAS: 8001-79-4 Molecular formula: C\u2085\u2087H\u2081\u20804O9 Relative molecular mass: 933.47 Structural formula: 1. Product Property Castor oil is a colorless to pale yellow viscous liquid with a distinctive odor. It has a high viscosity, a density of approximately 0.96 g\/cm\u00b3, and a saponification value of around 185 mg\/g\u3002It is insoluble in water but soluble in organic [&hellip;]<\/p>\n","protected":false},"featured_media":4880,"template":"","meta":{"_seopress_robots_primary_cat":"","_seopress_titles_title":"","_seopress_titles_desc":"","_seopress_robots_index":"","_uag_custom_page_level_css":"","site-sidebar-layout":"default","site-content-layout":"","ast-site-content-layout":"default","site-content-style":"default","site-sidebar-style":"default","ast-global-header-display":"","ast-banner-title-visibility":"","ast-main-header-display":"","ast-hfb-above-header-display":"","ast-hfb-below-header-display":"","ast-hfb-mobile-header-display":"","site-post-title":"","ast-breadcrumbs-content":"","ast-featured-img":"","footer-sml-layout":"","theme-transparent-header-meta":"default","adv-header-id-meta":"","stick-header-meta":"default","header-above-stick-meta":"","header-main-stick-meta":"","header-below-stick-meta":"","astra-migrate-meta-layouts":"set","ast-page-background-enabled":"default","ast-page-background-meta":{"desktop":{"background-color":"","background-image":"","background-repeat":"repeat","background-position":"center center","background-size":"auto","background-attachment":"scroll","background-type":"","background-media":"","overlay-type":"","overlay-color":"","overlay-opacity":"","overlay-gradient":""},"tablet":{"background-color":"","background-image":"","background-repeat":"repeat","background-position":"center center","background-size":"auto","background-attachment":"scroll","background-type":"","background-media":"","overlay-type":"","overlay-color":"","overlay-opacity":"","overlay-gradient":""},"mobile":{"background-color":"","background-image":"","background-repeat":"repeat","background-position":"center center","background-size":"auto","background-attachment":"scroll","background-type":"","background-media":"","overlay-type":"","overlay-color":"","overlay-opacity":"","overlay-gradient":""}},"ast-content-background-meta":{"desktop":{"background-color":"var(--ast-global-color-5)","background-image":"","background-repeat":"repeat","background-position":"center center","background-size":"auto","background-attachment":"scroll","background-type":"","background-media":"","overlay-type":"","overlay-color":"","overlay-opacity":"","overlay-gradient":""},"tablet":{"background-color":"var(--ast-global-color-5)","background-image":"","background-repeat":"repeat","background-position":"center center","background-size":"auto","background-attachment":"scroll","background-type":"","background-media":"","overlay-type":"","overlay-color":"","overlay-opacity":"","overlay-gradient":""},"mobile":{"background-color":"var(--ast-global-color-5)","background-image":"","background-repeat":"repeat","background-position":"center center","background-size":"auto","background-attachment":"scroll","background-type":"","background-media":"","overlay-type":"","overlay-color":"","overlay-opacity":"","overlay-gradient":""}}},"product_brand":[],"product_cat":[69],"product_tag":[],"class_list":{"0":"post-4873","1":"product","2":"type-product","3":"status-publish","4":"has-post-thumbnail","6":"product_cat-daily-chemical-product","7":"desktop-align-left","8":"tablet-align-left","9":"mobile-align-left","10":"ast-product-gallery-layout-horizontal-slider","11":"ast-product-gallery-with-no-image","12":"ast-product-tabs-layout-horizontal","14":"first","15":"instock","16":"shipping-taxable","17":"product-type-simple"},"uagb_featured_image_src":{"full":["https:\/\/jinancuchem.com\/wp-content\/uploads\/2025\/07\/\u672a\u6807\u9898-1-74.jpg",800,800,false],"thumbnail":["https:\/\/jinancuchem.com\/wp-content\/uploads\/2025\/07\/\u672a\u6807\u9898-1-74-150x150.jpg",150,150,true],"medium":["https:\/\/jinancuchem.com\/wp-content\/uploads\/2025\/07\/\u672a\u6807\u9898-1-74-300x300.jpg",300,300,true],"medium_large":["https:\/\/jinancuchem.com\/wp-content\/uploads\/2025\/07\/\u672a\u6807\u9898-1-74-768x768.jpg",768,768,true],"large":["https:\/\/jinancuchem.com\/wp-content\/uploads\/2025\/07\/\u672a\u6807\u9898-1-74.jpg",800,800,false],"1536x1536":["https:\/\/jinancuchem.com\/wp-content\/uploads\/2025\/07\/\u672a\u6807\u9898-1-74.jpg",800,800,false],"2048x2048":["https:\/\/jinancuchem.com\/wp-content\/uploads\/2025\/07\/\u672a\u6807\u9898-1-74.jpg",800,800,false],"trp-custom-language-flag":["https:\/\/jinancuchem.com\/wp-content\/uploads\/2025\/07\/\u672a\u6807\u9898-1-74-12x12.jpg",12,12,true],"woocommerce_thumbnail":["https:\/\/jinancuchem.com\/wp-content\/uploads\/2025\/07\/\u672a\u6807\u9898-1-74-300x300.jpg",300,300,true],"woocommerce_single":["https:\/\/jinancuchem.com\/wp-content\/uploads\/2025\/07\/\u672a\u6807\u9898-1-74-500x500.jpg",500,500,true],"woocommerce_gallery_thumbnail":["https:\/\/jinancuchem.com\/wp-content\/uploads\/2025\/07\/\u672a\u6807\u9898-1-74-100x100.jpg",100,100,true]},"uagb_author_info":{"display_name":"jinxing6611@gmail.com","author_link":"https:\/\/jinancuchem.com\/fr\/author\/"},"uagb_comment_info":0,"uagb_excerpt":"CAS: 8001-79-4 Molecular formula: C\u2085\u2087H\u2081\u20804O9 Relative molecular mass: 933.47 Structural formula: 1. Product Property Castor oil is a colorless to pale yellow viscous liquid with a distinctive odor. It has a high viscosity, a density of approximately 0.96 g\/cm\u00b3, and a saponification value of around 185 mg\/g\u3002It is insoluble in water but soluble in organic\u2026","_links":{"self":[{"href":"https:\/\/jinancuchem.com\/fr\/wp-json\/wp\/v2\/product\/4873","targetHints":{"allow":["GET"]}}],"collection":[{"href":"https:\/\/jinancuchem.com\/fr\/wp-json\/wp\/v2\/product"}],"about":[{"href":"https:\/\/jinancuchem.com\/fr\/wp-json\/wp\/v2\/types\/product"}],"wp:featuredmedia":[{"embeddable":true,"href":"https:\/\/jinancuchem.com\/fr\/wp-json\/wp\/v2\/media\/4880"}],"wp:attachment":[{"href":"https:\/\/jinancuchem.com\/fr\/wp-json\/wp\/v2\/media?parent=4873"}],"wp:term":[{"taxonomy":"product_brand","embeddable":true,"href":"https:\/\/jinancuchem.com\/fr\/wp-json\/wp\/v2\/product_brand?post=4873"},{"taxonomy":"product_cat","embeddable":true,"href":"https:\/\/jinancuchem.com\/fr\/wp-json\/wp\/v2\/product_cat?post=4873"},{"taxonomy":"product_tag","embeddable":true,"href":"https:\/\/jinancuchem.com\/fr\/wp-json\/wp\/v2\/product_tag?post=4873"}],"curies":[{"name":"wp","href":"https:\/\/api.w.org\/{rel}","templated":true}]}}