{"id":4874,"date":"2025-07-25T07:32:58","date_gmt":"2025-07-25T07:32:58","guid":{"rendered":"https:\/\/jinancuchem.com\/?post_type=product&#038;p=4874"},"modified":"2025-07-25T07:32:58","modified_gmt":"2025-07-25T07:32:58","slug":"sodium-carbonate","status":"publish","type":"product","link":"https:\/\/jinancuchem.com\/fr\/produit\/sodium-carbonate\/","title":{"rendered":"Carbonate de sodium"},"content":{"rendered":"<p>\u3010CAS\u3011497-19-8<\/p>\n<p>Alias : soude, alcali pur, chaux alcaline, carbonate de sodium dihydrat\u00e9, soude en poudre<\/p>\n<p>Formule mol\u00e9culaire : Na<sub>2<\/sub>LE CO<sub>3<\/sub><\/p>\n<p>Masse mol\u00e9culaire relative : 105,99<\/p>\n<p>Formule structurelle : <img alt=\"\" decoding=\"async\" class=\"alignnone size-full wp-image-4879\" src=\"https:\/\/jinancuchem.com\/wp-content\/uploads\/2025\/07\/\u56fe\u724779.png\" width=\"117\" height=\"41\" srcset=\"https:\/\/jinancuchem.com\/wp-content\/uploads\/2025\/07\/\u56fe\u724779.png 117w, https:\/\/jinancuchem.com\/wp-content\/uploads\/2025\/07\/\u56fe\u724779-18x6.png 18w\" sizes=\"(max-width: 117px) 100vw, 117px\" \/><\/p>\n<p>&nbsp;<\/p>\n<h4>1.Propri\u00e9t\u00e9 du produit<\/h4>\n<p>Le carbonate de sodium, \u00e9galement connu sous le nom de carbonate de soude ou de poudre de bicarbonate de soude, est un compos\u00e9 inorganique blanc en poudre (formule chimique : Na\u2082CO\u2083). Il est largement utilis\u00e9 dans la fabrication du verre, la production chimique, la production de d\u00e9tergents et la transformation des aliments (en tant que r\u00e9gulateur d'acide, E500). Sa forte alcalinit\u00e9 et sa capacit\u00e9 de nettoyage en font une mati\u00e8re premi\u00e8re importante pour le nettoyage industriel et le traitement de l'eau. Il est stable \u00e0 temp\u00e9rature ambiante et facilement soluble dans l'eau.<\/p>\n<p>&nbsp;<\/p>\n<h4>2.<\/h4>\n<table>\n<tbody>\n<tr>\n<td width=\"179\"><strong><b>Param\u00e8tres<\/b><\/strong><\/td>\n<td width=\"170\"><strong><b>Qualit\u00e9 industrielle<\/b><\/strong><\/td>\n<td width=\"170\"><strong><b>Qualit\u00e9 alimentaire <\/b><\/strong><\/td>\n<\/tr>\n<tr>\n<td width=\"179\"><strong><b>Puret\u00e9 (Na\u2082CO\u2083)<\/b><\/strong><\/td>\n<td width=\"170\">\u226599.2%<\/td>\n<td width=\"170\">\u226599.5%<\/td>\n<\/tr>\n<tr>\n<td width=\"179\"><strong><b>Chlorures (sous forme de NaCl)<\/b><\/strong><\/td>\n<td width=\"170\">\u22640.5%<\/td>\n<td width=\"170\">\u22640.1%<\/td>\n<\/tr>\n<tr>\n<td width=\"179\"><strong><b>Fer (Fe)<\/b><\/strong><\/td>\n<td width=\"170\">\u22640.003%<\/td>\n<td width=\"170\">\u22640.001%<\/td>\n<\/tr>\n<tr>\n<td width=\"179\"><strong><b>Insolubles dans l'eau<\/b><\/strong><\/td>\n<td width=\"170\">\u22640.1%<\/td>\n<td width=\"170\">\u22640.02%<\/td>\n<\/tr>\n<tr>\n<td width=\"179\"><strong><b>Densit\u00e9 en vrac<\/b><\/strong><\/td>\n<td width=\"170\">0,9-1,2 g\/cm\u00b3<\/td>\n<td width=\"170\">0,8-1,0 g\/cm\u00b3<\/td>\n<\/tr>\n<tr>\n<td width=\"179\"><strong><b>pH (solution 1%)<\/b><\/strong><\/td>\n<td width=\"170\">11.0-11.6<\/td>\n<td width=\"170\">11.0-11.6<\/td>\n<\/tr>\n<\/tbody>\n<\/table>\n<p>&nbsp;<\/p>\n<h4>3. Champ d'application et utilisation<\/h4>\n<p>Le carbonate de sodium (carbonate de soude) est largement utilis\u00e9 dans la fabrication du verre (demande mondiale de 50%), la production de d\u00e9tergents et de produits chimiques, le traitement de l'eau (ajustement du pH) et la transformation des aliments (en tant qu'agent de levage E500). Il est \u00e9galement utilis\u00e9 dans la m\u00e9tallurgie, le traitement des textiles et la d\u00e9sulfuration des gaz de combustion en raison de sa forte alcalinit\u00e9 et de sa rentabilit\u00e9.<\/p>\n<p>&nbsp;<\/p>\n<h4>4. l'emballage et le stockage<\/h4>\n<p>Le carbonate de sodium est emball\u00e9 dans des sacs en PP tiss\u00e9 r\u00e9sistants \u00e0 l'humidit\u00e9 de 25kg\/50kg avec une doublure en PE (la qualit\u00e9 alimentaire utilise une protection double couche). Stocker dans des entrep\u00f4ts secs et ventil\u00e9s \u00e0 une temp\u00e9rature inf\u00e9rieure \u00e0 30\u00b0C, \u00e0 l'abri des acides et de l'humidit\u00e9. Dur\u00e9e de conservation : 12 mois.<\/p>","protected":false},"excerpt":{"rendered":"<p>\u3010CAS\u3011497-19-8 Alias: Soda, pure alkali, lime alkali, sodium carbonate dihydrate, soda ash powder Molecular formula: Na2CO3 Relative molecular mass: 105.99 Structural formula: &nbsp; 1.Product Property Sodium carbonate, also known as soda ash or baking soda powder, is a white powdery inorganic compound (chemical formula: Na\u2082CO\u2083). It is widely used in glass manufacturing, chemical production, detergent [&hellip;]<\/p>\n","protected":false},"featured_media":4881,"template":"","meta":{"_seopress_robots_primary_cat":"","_seopress_titles_title":"","_seopress_titles_desc":"","_seopress_robots_index":"","_uag_custom_page_level_css":"","site-sidebar-layout":"default","site-content-layout":"","ast-site-content-layout":"default","site-content-style":"default","site-sidebar-style":"default","ast-global-header-display":"","ast-banner-title-visibility":"","ast-main-header-display":"","ast-hfb-above-header-display":"","ast-hfb-below-header-display":"","ast-hfb-mobile-header-display":"","site-post-title":"","ast-breadcrumbs-content":"","ast-featured-img":"","footer-sml-layout":"","theme-transparent-header-meta":"default","adv-header-id-meta":"","stick-header-meta":"default","header-above-stick-meta":"","header-main-stick-meta":"","header-below-stick-meta":"","astra-migrate-meta-layouts":"set","ast-page-background-enabled":"default","ast-page-background-meta":{"desktop":{"background-color":"","background-image":"","background-repeat":"repeat","background-position":"center center","background-size":"auto","background-attachment":"scroll","background-type":"","background-media":"","overlay-type":"","overlay-color":"","overlay-opacity":"","overlay-gradient":""},"tablet":{"background-color":"","background-image":"","background-repeat":"repeat","background-position":"center center","background-size":"auto","background-attachment":"scroll","background-type":"","background-media":"","overlay-type":"","overlay-color":"","overlay-opacity":"","overlay-gradient":""},"mobile":{"background-color":"","background-image":"","background-repeat":"repeat","background-position":"center center","background-size":"auto","background-attachment":"scroll","background-type":"","background-media":"","overlay-type":"","overlay-color":"","overlay-opacity":"","overlay-gradient":""}},"ast-content-background-meta":{"desktop":{"background-color":"var(--ast-global-color-5)","background-image":"","background-repeat":"repeat","background-position":"center center","background-size":"auto","background-attachment":"scroll","background-type":"","background-media":"","overlay-type":"","overlay-color":"","overlay-opacity":"","overlay-gradient":""},"tablet":{"background-color":"var(--ast-global-color-5)","background-image":"","background-repeat":"repeat","background-position":"center center","background-size":"auto","background-attachment":"scroll","background-type":"","background-media":"","overlay-type":"","overlay-color":"","overlay-opacity":"","overlay-gradient":""},"mobile":{"background-color":"var(--ast-global-color-5)","background-image":"","background-repeat":"repeat","background-position":"center center","background-size":"auto","background-attachment":"scroll","background-type":"","background-media":"","overlay-type":"","overlay-color":"","overlay-opacity":"","overlay-gradient":""}}},"product_brand":[],"product_cat":[67],"product_tag":[],"class_list":{"0":"post-4874","1":"product","2":"type-product","3":"status-publish","4":"has-post-thumbnail","6":"product_cat-food-additives","7":"desktop-align-left","8":"tablet-align-left","9":"mobile-align-left","10":"ast-product-gallery-layout-horizontal-slider","11":"ast-product-gallery-with-no-image","12":"ast-product-tabs-layout-horizontal","14":"first","15":"instock","16":"shipping-taxable","17":"product-type-simple"},"uagb_featured_image_src":{"full":["https:\/\/jinancuchem.com\/wp-content\/uploads\/2025\/07\/79.png",800,800,false],"thumbnail":["https:\/\/jinancuchem.com\/wp-content\/uploads\/2025\/07\/79-150x150.png",150,150,true],"medium":["https:\/\/jinancuchem.com\/wp-content\/uploads\/2025\/07\/79-300x300.png",300,300,true],"medium_large":["https:\/\/jinancuchem.com\/wp-content\/uploads\/2025\/07\/79-768x768.png",768,768,true],"large":["https:\/\/jinancuchem.com\/wp-content\/uploads\/2025\/07\/79.png",800,800,false],"1536x1536":["https:\/\/jinancuchem.com\/wp-content\/uploads\/2025\/07\/79.png",800,800,false],"2048x2048":["https:\/\/jinancuchem.com\/wp-content\/uploads\/2025\/07\/79.png",800,800,false],"trp-custom-language-flag":["https:\/\/jinancuchem.com\/wp-content\/uploads\/2025\/07\/79-12x12.png",12,12,true],"woocommerce_thumbnail":["https:\/\/jinancuchem.com\/wp-content\/uploads\/2025\/07\/79-300x300.png",300,300,true],"woocommerce_single":["https:\/\/jinancuchem.com\/wp-content\/uploads\/2025\/07\/79-500x500.png",500,500,true],"woocommerce_gallery_thumbnail":["https:\/\/jinancuchem.com\/wp-content\/uploads\/2025\/07\/79-100x100.png",100,100,true]},"uagb_author_info":{"display_name":"jinxing6611@gmail.com","author_link":"https:\/\/jinancuchem.com\/fr\/author\/"},"uagb_comment_info":0,"uagb_excerpt":"\u3010CAS\u3011497-19-8 Alias: Soda, pure alkali, lime alkali, sodium carbonate dihydrate, soda ash powder Molecular formula: Na2CO3 Relative molecular mass: 105.99 Structural formula: &nbsp; 1.Product Property Sodium carbonate, also known as soda ash or baking soda powder, is a white powdery inorganic compound (chemical formula: Na\u2082CO\u2083). It is widely used in glass manufacturing, chemical production, detergent\u2026","_links":{"self":[{"href":"https:\/\/jinancuchem.com\/fr\/wp-json\/wp\/v2\/product\/4874","targetHints":{"allow":["GET"]}}],"collection":[{"href":"https:\/\/jinancuchem.com\/fr\/wp-json\/wp\/v2\/product"}],"about":[{"href":"https:\/\/jinancuchem.com\/fr\/wp-json\/wp\/v2\/types\/product"}],"wp:featuredmedia":[{"embeddable":true,"href":"https:\/\/jinancuchem.com\/fr\/wp-json\/wp\/v2\/media\/4881"}],"wp:attachment":[{"href":"https:\/\/jinancuchem.com\/fr\/wp-json\/wp\/v2\/media?parent=4874"}],"wp:term":[{"taxonomy":"product_brand","embeddable":true,"href":"https:\/\/jinancuchem.com\/fr\/wp-json\/wp\/v2\/product_brand?post=4874"},{"taxonomy":"product_cat","embeddable":true,"href":"https:\/\/jinancuchem.com\/fr\/wp-json\/wp\/v2\/product_cat?post=4874"},{"taxonomy":"product_tag","embeddable":true,"href":"https:\/\/jinancuchem.com\/fr\/wp-json\/wp\/v2\/product_tag?post=4874"}],"curies":[{"name":"wp","href":"https:\/\/api.w.org\/{rel}","templated":true}]}}