{"id":4883,"date":"2025-07-25T07:37:16","date_gmt":"2025-07-25T07:37:16","guid":{"rendered":"https:\/\/jinancuchem.com\/?post_type=product&#038;p=4883"},"modified":"2025-07-25T07:37:16","modified_gmt":"2025-07-25T07:37:16","slug":"sodium-bicarbonate","status":"publish","type":"product","link":"https:\/\/jinancuchem.com\/fr\/produit\/sodium-bicarbonate\/","title":{"rendered":"Bicarbonate de sodium"},"content":{"rendered":"<p>\u3010CAS\u3011144-55-8<\/p>\n<p>Alias : bicarbonate de sodium ; bicarbonate de soude ; bicarbonate de potassium ; carbonate de sodium monohydrat\u00e9<\/p>\n<p>Formule mol\u00e9culaire : NaHCO<sub>3<\/sub> \u00a0Masse mol\u00e9culaire relative : 84,01 Formule structurelle :<img alt=\"\" decoding=\"async\" class=\"alignnone size-full wp-image-4895\" src=\"https:\/\/jinancuchem.com\/wp-content\/uploads\/2025\/07\/\u56fe\u724781.png\" width=\"90\" height=\"41\" srcset=\"https:\/\/jinancuchem.com\/wp-content\/uploads\/2025\/07\/\u56fe\u724781.png 90w, https:\/\/jinancuchem.com\/wp-content\/uploads\/2025\/07\/\u56fe\u724781-18x8.png 18w\" sizes=\"(max-width: 90px) 100vw, 90px\" \/><\/p>\n<p>&nbsp;<\/p>\n<h4>1.Propri\u00e9t\u00e9 du produit<\/h4>\n<p>Le bicarbonate de sodium, dont la formule chimique est NaHCO\u2083, est un compos\u00e9 inorganique. C'est une poudre blanche ou de fins cristaux, inodore, au go\u00fbt sal\u00e9, soluble dans l'eau, l\u00e9g\u00e8rement soluble dans l'\u00e9thanol (certaines sources disent qu'il est insoluble), et la solution aqueuse est l\u00e9g\u00e8rement alcaline. Il se d\u00e9compose facilement en chauffant, se d\u00e9compose lentement dans l'air humide, g\u00e9n\u00e9rant du dioxyde de carbone, commen\u00e7ant \u00e0 se d\u00e9composer \u00e0 environ 50\u2103, et se d\u00e9compose compl\u00e8tement lorsqu'il est chauff\u00e9 \u00e0 270\u2103. Il subit une d\u00e9composition intense lorsqu'il est expos\u00e9 \u00e0 l'acide, lib\u00e9rant du dioxyde de carbone.<\/p>\n<p>&nbsp;<\/p>\n<h4>2.<\/h4>\n<table>\n<tbody>\n<tr>\n<td><strong><b>Param\u00e8tres<\/b><\/strong><\/td>\n<td><strong><b>Qualit\u00e9 industrielle<\/b><\/strong><\/td>\n<td width=\"156\"><strong><b>Qualit\u00e9 alimentaire <\/b><\/strong><\/td>\n<\/tr>\n<tr>\n<td><strong><b>Puret\u00e9 (NaHCO\u2083)<\/b><\/strong><\/td>\n<td>\u226599.0%<\/td>\n<td width=\"156\">\u226599.5%<\/td>\n<\/tr>\n<tr>\n<td><strong><b>Perte au s\u00e9chage<\/b><\/strong><\/td>\n<td>\u22640.2%<\/td>\n<td width=\"156\">\u22640.1%<\/td>\n<\/tr>\n<tr>\n<td><strong><b>pH (solution 1%)<\/b><\/strong><\/td>\n<td>8.0-8.6<\/td>\n<td width=\"156\">8.0-8.5<\/td>\n<\/tr>\n<tr>\n<td><strong><b>Chlorures (Cl-)<\/b><\/strong><\/td>\n<td>\u22640.05%<\/td>\n<td width=\"156\">\u22640.03%<\/td>\n<\/tr>\n<tr>\n<td><strong><b>M\u00e9taux lourds (Pb)<\/b><\/strong><\/td>\n<td>\u22645 ppm<\/td>\n<td width=\"156\">\u22642 ppm<\/td>\n<\/tr>\n<tr>\n<td><strong><b>Arsenic (As)<\/b><\/strong><\/td>\n<td>\u22643 ppm<\/td>\n<td width=\"156\">\u22641 ppm<\/td>\n<\/tr>\n<\/tbody>\n<\/table>\n<p>&nbsp;<\/p>\n<h4>3. Champ d'application et utilisation<\/h4>\n<p>Le bicarbonate de sodium (bicarbonate de soude) est largement utilis\u00e9 dans l'alimentation, les produits pharmaceutiques (antiacides, comprim\u00e9s effervescents), les soins personnels (dentifrice, d\u00e9odorant) et l'industrie (extincteurs, traitement de l'eau, agents de nettoyage). S\u00fbre, polyvalente et rentable.<\/p>\n<p>&nbsp;<\/p>\n<h4>4. l'emballage et le stockage<\/h4>\n<p>Le bicarbonate de sodium est conditionn\u00e9 dans des sacs tiss\u00e9s r\u00e9sistants \u00e0 l'humidit\u00e9 de 25kg\/50kg (film PE int\u00e9rieur de qualit\u00e9 alimentaire, sacs en aluminium de qualit\u00e9 pharmaceutique). Stocker dans un endroit frais et sec (&lt;25\u00b0C, humidit\u00e9 relative \u226460%), en \u00e9vitant tout contact avec des substances acides. La dur\u00e9e de conservation est de 12 mois. Apr\u00e8s ouverture, le produit doit \u00eatre scell\u00e9 afin d&#039;\u00e9viter l&#039;absorption d&#039;humidit\u00e9 et la formation d&#039;une cro\u00fbte.<\/p>","protected":false},"excerpt":{"rendered":"<p>\u3010CAS\u3011144-55-8 Alias: Sodium bicarbonate; Baking soda; Potassium bicarbonate; Monohydrate sodium carbonate Molecular formula: NaHCO3 \u00a0Relative molecular mass: 84.01 Structural formula: &nbsp; 1.Product Property Sodium bicarbonate, with the chemical formula NaHCO\u2083, is an inorganic compound. It is a white powder or fine crystals, odorless, salty in taste, soluble in water, slightly soluble in ethanol (some sources [&hellip;]<\/p>\n","protected":false},"featured_media":4896,"template":"","meta":{"_seopress_robots_primary_cat":"","_seopress_titles_title":"","_seopress_titles_desc":"","_seopress_robots_index":"","_uag_custom_page_level_css":"","site-sidebar-layout":"default","site-content-layout":"","ast-site-content-layout":"default","site-content-style":"default","site-sidebar-style":"default","ast-global-header-display":"","ast-banner-title-visibility":"","ast-main-header-display":"","ast-hfb-above-header-display":"","ast-hfb-below-header-display":"","ast-hfb-mobile-header-display":"","site-post-title":"","ast-breadcrumbs-content":"","ast-featured-img":"","footer-sml-layout":"","theme-transparent-header-meta":"default","adv-header-id-meta":"","stick-header-meta":"default","header-above-stick-meta":"","header-main-stick-meta":"","header-below-stick-meta":"","astra-migrate-meta-layouts":"set","ast-page-background-enabled":"default","ast-page-background-meta":{"desktop":{"background-color":"","background-image":"","background-repeat":"repeat","background-position":"center center","background-size":"auto","background-attachment":"scroll","background-type":"","background-media":"","overlay-type":"","overlay-color":"","overlay-opacity":"","overlay-gradient":""},"tablet":{"background-color":"","background-image":"","background-repeat":"repeat","background-position":"center center","background-size":"auto","background-attachment":"scroll","background-type":"","background-media":"","overlay-type":"","overlay-color":"","overlay-opacity":"","overlay-gradient":""},"mobile":{"background-color":"","background-image":"","background-repeat":"repeat","background-position":"center center","background-size":"auto","background-attachment":"scroll","background-type":"","background-media":"","overlay-type":"","overlay-color":"","overlay-opacity":"","overlay-gradient":""}},"ast-content-background-meta":{"desktop":{"background-color":"var(--ast-global-color-5)","background-image":"","background-repeat":"repeat","background-position":"center center","background-size":"auto","background-attachment":"scroll","background-type":"","background-media":"","overlay-type":"","overlay-color":"","overlay-opacity":"","overlay-gradient":""},"tablet":{"background-color":"var(--ast-global-color-5)","background-image":"","background-repeat":"repeat","background-position":"center center","background-size":"auto","background-attachment":"scroll","background-type":"","background-media":"","overlay-type":"","overlay-color":"","overlay-opacity":"","overlay-gradient":""},"mobile":{"background-color":"var(--ast-global-color-5)","background-image":"","background-repeat":"repeat","background-position":"center center","background-size":"auto","background-attachment":"scroll","background-type":"","background-media":"","overlay-type":"","overlay-color":"","overlay-opacity":"","overlay-gradient":""}}},"product_brand":[],"product_cat":[67],"product_tag":[],"class_list":{"0":"post-4883","1":"product","2":"type-product","3":"status-publish","4":"has-post-thumbnail","6":"product_cat-food-additives","7":"desktop-align-left","8":"tablet-align-left","9":"mobile-align-left","10":"ast-product-gallery-layout-horizontal-slider","11":"ast-product-gallery-with-no-image","12":"ast-product-tabs-layout-horizontal","14":"first","15":"instock","16":"shipping-taxable","17":"product-type-simple"},"uagb_featured_image_src":{"full":["https:\/\/jinancuchem.com\/wp-content\/uploads\/2025\/07\/81.png",800,800,false],"thumbnail":["https:\/\/jinancuchem.com\/wp-content\/uploads\/2025\/07\/81-150x150.png",150,150,true],"medium":["https:\/\/jinancuchem.com\/wp-content\/uploads\/2025\/07\/81-300x300.png",300,300,true],"medium_large":["https:\/\/jinancuchem.com\/wp-content\/uploads\/2025\/07\/81-768x768.png",768,768,true],"large":["https:\/\/jinancuchem.com\/wp-content\/uploads\/2025\/07\/81.png",800,800,false],"1536x1536":["https:\/\/jinancuchem.com\/wp-content\/uploads\/2025\/07\/81.png",800,800,false],"2048x2048":["https:\/\/jinancuchem.com\/wp-content\/uploads\/2025\/07\/81.png",800,800,false],"trp-custom-language-flag":["https:\/\/jinancuchem.com\/wp-content\/uploads\/2025\/07\/81-12x12.png",12,12,true],"woocommerce_thumbnail":["https:\/\/jinancuchem.com\/wp-content\/uploads\/2025\/07\/81-300x300.png",300,300,true],"woocommerce_single":["https:\/\/jinancuchem.com\/wp-content\/uploads\/2025\/07\/81-500x500.png",500,500,true],"woocommerce_gallery_thumbnail":["https:\/\/jinancuchem.com\/wp-content\/uploads\/2025\/07\/81-100x100.png",100,100,true]},"uagb_author_info":{"display_name":"jinxing6611@gmail.com","author_link":"https:\/\/jinancuchem.com\/fr\/author\/"},"uagb_comment_info":0,"uagb_excerpt":"\u3010CAS\u3011144-55-8 Alias: Sodium bicarbonate; Baking soda; Potassium bicarbonate; Monohydrate sodium carbonate Molecular formula: NaHCO3 \u00a0Relative molecular mass: 84.01 Structural formula: &nbsp; 1.Product Property Sodium bicarbonate, with the chemical formula NaHCO\u2083, is an inorganic compound. It is a white powder or fine crystals, odorless, salty in taste, soluble in water, slightly soluble in ethanol (some sources\u2026","_links":{"self":[{"href":"https:\/\/jinancuchem.com\/fr\/wp-json\/wp\/v2\/product\/4883","targetHints":{"allow":["GET"]}}],"collection":[{"href":"https:\/\/jinancuchem.com\/fr\/wp-json\/wp\/v2\/product"}],"about":[{"href":"https:\/\/jinancuchem.com\/fr\/wp-json\/wp\/v2\/types\/product"}],"wp:featuredmedia":[{"embeddable":true,"href":"https:\/\/jinancuchem.com\/fr\/wp-json\/wp\/v2\/media\/4896"}],"wp:attachment":[{"href":"https:\/\/jinancuchem.com\/fr\/wp-json\/wp\/v2\/media?parent=4883"}],"wp:term":[{"taxonomy":"product_brand","embeddable":true,"href":"https:\/\/jinancuchem.com\/fr\/wp-json\/wp\/v2\/product_brand?post=4883"},{"taxonomy":"product_cat","embeddable":true,"href":"https:\/\/jinancuchem.com\/fr\/wp-json\/wp\/v2\/product_cat?post=4883"},{"taxonomy":"product_tag","embeddable":true,"href":"https:\/\/jinancuchem.com\/fr\/wp-json\/wp\/v2\/product_tag?post=4883"}],"curies":[{"name":"wp","href":"https:\/\/api.w.org\/{rel}","templated":true}]}}