{"id":4935,"date":"2025-07-25T07:45:06","date_gmt":"2025-07-25T07:45:06","guid":{"rendered":"https:\/\/jinancuchem.com\/?post_type=product&#038;p=4935"},"modified":"2025-07-25T07:45:06","modified_gmt":"2025-07-25T07:45:06","slug":"sodium-sulfite","status":"publish","type":"product","link":"https:\/\/jinancuchem.com\/fr\/produit\/sodium-sulfite\/","title":{"rendered":"Sulfite de sodium"},"content":{"rendered":"<p>\u3010CAS\u30117757-83-7<\/p>\n<p>Alias : acide benzo\u00efque, sel de sodium, Antimol.<\/p>\n<p>Formule mol\u00e9culaire : Na<sub>2<\/sub>SO<sub>3<\/sub>\u00a0\u00a0Masse mol\u00e9culaire relative : 126,043<\/p>\n<p>Formule structurelle :<img alt=\"\" decoding=\"async\" class=\"alignnone size-full wp-image-4941\" src=\"https:\/\/jinancuchem.com\/wp-content\/uploads\/2025\/07\/\u56fe\u724785.png\" width=\"98\" height=\"49\" srcset=\"https:\/\/jinancuchem.com\/wp-content\/uploads\/2025\/07\/\u56fe\u724785.png 98w, https:\/\/jinancuchem.com\/wp-content\/uploads\/2025\/07\/\u56fe\u724785-18x9.png 18w\" sizes=\"(max-width: 98px) 100vw, 98px\" \/><\/p>\n<p>&nbsp;<\/p>\n<h4>1.Propri\u00e9t\u00e9 du produit<\/h4>\n<p>Le sulfite de sodium est une substance inorganique dont la formule chimique est Na<sub>2<\/sub>SO<sub>3<\/sub>. Il s'agit du sel de sulfite de sodium. Il est principalement utilis\u00e9 comme stabilisateur pour les fibres artificielles, comme agent de blanchiment pour les tissus, comme r\u00e9v\u00e9lateur pour la photographie, comme d\u00e9soxydant pour la teinture et le blanchiment, comme agent r\u00e9ducteur pour les parfums et les teintures, et comme agent de d\u00e9gradation du bois pour la fabrication du papier.<\/p>\n<p>&nbsp;<\/p>\n<h4>2.<\/h4>\n<table>\n<tbody>\n<tr>\n<td width=\"160\"><strong><b>Param\u00e8tres<\/b><\/strong><\/td>\n<td width=\"179\"><strong><b>Qualit\u00e9 industrielle<\/b><\/strong><\/td>\n<td width=\"207\"><strong><b>Qualit\u00e9 alimentaire <\/b><\/strong><\/td>\n<\/tr>\n<tr>\n<td width=\"160\"><strong><b>Puret\u00e9 (Na\u2082SO\u2083)<\/b><\/strong><\/td>\n<td width=\"179\">\u226596.0%<\/td>\n<td width=\"207\">\u226597.0%<\/td>\n<\/tr>\n<tr>\n<td width=\"160\"><strong><b>Fer (Fe)<\/b><\/strong><\/td>\n<td width=\"179\">\u22640.005%<\/td>\n<td width=\"207\">\u22640.002%<\/td>\n<\/tr>\n<tr>\n<td width=\"160\"><strong><b>Insolubles dans l'eau<\/b><\/strong><\/td>\n<td width=\"179\">\u22640.05%<\/td>\n<td width=\"207\">\u22640.02%<\/td>\n<\/tr>\n<tr>\n<td width=\"160\"><strong><b>M\u00e9taux lourds (Pb)<\/b><\/strong><\/td>\n<td width=\"179\">\u226410 ppm<\/td>\n<td width=\"207\">\u22645 ppm<\/td>\n<\/tr>\n<tr>\n<td width=\"160\"><strong><b>S\u00e9l\u00e9nium (Se)<\/b><\/strong><\/td>\n<td width=\"179\">\u22640.003%<\/td>\n<td width=\"207\">\u22640.001%<\/td>\n<\/tr>\n<tr>\n<td width=\"160\"><strong><b>pH (solution 10%)<\/b><\/strong><\/td>\n<td width=\"179\">9.0-10.5<\/td>\n<td width=\"207\">9.0-10.0<\/td>\n<\/tr>\n<\/tbody>\n<\/table>\n<p>&nbsp;<\/p>\n<h4>3. Champ d'application et utilisation<\/h4>\n<p>Il est principalement utilis\u00e9 comme stabilisateur pour les fibres artificielles, agent de blanchiment des tissus, r\u00e9v\u00e9lateur photographique, d\u00e9colorant des teintures, agent aromatique et agent r\u00e9ducteur des teintures, et agent d'\u00e9limination de la lignine pour la fabrication du papier.<\/p>\n<p>&nbsp;<\/p>\n<h4>4. l'emballage et le stockage<\/h4>\n<p>Le sulfite de sodium anhydre est conditionn\u00e9 dans des sacs en papier kraft recouverts d'un film PE de 25 kg ou dans des sacs en plastique tiss\u00e9. Pour les produits de qualit\u00e9 alimentaire, des mesures de protection contre l'humidit\u00e9 \u00e0 double couche sont n\u00e9cessaires. Il doit \u00eatre stock\u00e9 dans un entrep\u00f4t frais et sec (&lt;30\u2103), ferm\u00e9 herm\u00e9tiquement pour \u00e9viter l&#039;humidit\u00e9 et l&#039;air (il est sujet \u00e0 l&#039;oxydation), et tenu \u00e0 l&#039;\u00e9cart des acides et des oxydants. Pendant le fonctionnement, assurer une bonne ventilation (car la d\u00e9composition produit du SO\u2082). La dur\u00e9e de conservation est de 24 mois.<\/p>","protected":false},"excerpt":{"rendered":"<p>\u3010CAS\u30117757-83-7 Alias: Benzoic acid, sodium salt, Antimol. Molecular formula: Na2SO3\u00a0\u00a0Relative molecular mass: 126.043 Structural formula: &nbsp; 1.Product Property Sodium sulfite is an inorganic substance with the chemical formula Na2SO3. It is the sulfite salt of sodium. It is mainly used as a stabilizer for artificial fibers, a bleaching agent for fabrics, a developer for photography, [&hellip;]<\/p>\n","protected":false},"featured_media":4946,"template":"","meta":{"_seopress_robots_primary_cat":"","_seopress_titles_title":"","_seopress_titles_desc":"","_seopress_robots_index":"","_uag_custom_page_level_css":"","site-sidebar-layout":"default","site-content-layout":"","ast-site-content-layout":"default","site-content-style":"default","site-sidebar-style":"default","ast-global-header-display":"","ast-banner-title-visibility":"","ast-main-header-display":"","ast-hfb-above-header-display":"","ast-hfb-below-header-display":"","ast-hfb-mobile-header-display":"","site-post-title":"","ast-breadcrumbs-content":"","ast-featured-img":"","footer-sml-layout":"","theme-transparent-header-meta":"default","adv-header-id-meta":"","stick-header-meta":"default","header-above-stick-meta":"","header-main-stick-meta":"","header-below-stick-meta":"","astra-migrate-meta-layouts":"set","ast-page-background-enabled":"default","ast-page-background-meta":{"desktop":{"background-color":"","background-image":"","background-repeat":"repeat","background-position":"center center","background-size":"auto","background-attachment":"scroll","background-type":"","background-media":"","overlay-type":"","overlay-color":"","overlay-opacity":"","overlay-gradient":""},"tablet":{"background-color":"","background-image":"","background-repeat":"repeat","background-position":"center center","background-size":"auto","background-attachment":"scroll","background-type":"","background-media":"","overlay-type":"","overlay-color":"","overlay-opacity":"","overlay-gradient":""},"mobile":{"background-color":"","background-image":"","background-repeat":"repeat","background-position":"center center","background-size":"auto","background-attachment":"scroll","background-type":"","background-media":"","overlay-type":"","overlay-color":"","overlay-opacity":"","overlay-gradient":""}},"ast-content-background-meta":{"desktop":{"background-color":"var(--ast-global-color-5)","background-image":"","background-repeat":"repeat","background-position":"center center","background-size":"auto","background-attachment":"scroll","background-type":"","background-media":"","overlay-type":"","overlay-color":"","overlay-opacity":"","overlay-gradient":""},"tablet":{"background-color":"var(--ast-global-color-5)","background-image":"","background-repeat":"repeat","background-position":"center center","background-size":"auto","background-attachment":"scroll","background-type":"","background-media":"","overlay-type":"","overlay-color":"","overlay-opacity":"","overlay-gradient":""},"mobile":{"background-color":"var(--ast-global-color-5)","background-image":"","background-repeat":"repeat","background-position":"center center","background-size":"auto","background-attachment":"scroll","background-type":"","background-media":"","overlay-type":"","overlay-color":"","overlay-opacity":"","overlay-gradient":""}}},"product_brand":[],"product_cat":[67],"product_tag":[],"class_list":{"0":"post-4935","1":"product","2":"type-product","3":"status-publish","4":"has-post-thumbnail","6":"product_cat-food-additives","7":"desktop-align-left","8":"tablet-align-left","9":"mobile-align-left","10":"ast-product-gallery-layout-horizontal-slider","11":"ast-product-gallery-with-no-image","12":"ast-product-tabs-layout-horizontal","14":"first","15":"instock","16":"shipping-taxable","17":"product-type-simple"},"uagb_featured_image_src":{"full":["https:\/\/jinancuchem.com\/wp-content\/uploads\/2025\/07\/85.png",800,800,false],"thumbnail":["https:\/\/jinancuchem.com\/wp-content\/uploads\/2025\/07\/85-150x150.png",150,150,true],"medium":["https:\/\/jinancuchem.com\/wp-content\/uploads\/2025\/07\/85-300x300.png",300,300,true],"medium_large":["https:\/\/jinancuchem.com\/wp-content\/uploads\/2025\/07\/85-768x768.png",768,768,true],"large":["https:\/\/jinancuchem.com\/wp-content\/uploads\/2025\/07\/85.png",800,800,false],"1536x1536":["https:\/\/jinancuchem.com\/wp-content\/uploads\/2025\/07\/85.png",800,800,false],"2048x2048":["https:\/\/jinancuchem.com\/wp-content\/uploads\/2025\/07\/85.png",800,800,false],"trp-custom-language-flag":["https:\/\/jinancuchem.com\/wp-content\/uploads\/2025\/07\/85-12x12.png",12,12,true],"woocommerce_thumbnail":["https:\/\/jinancuchem.com\/wp-content\/uploads\/2025\/07\/85-300x300.png",300,300,true],"woocommerce_single":["https:\/\/jinancuchem.com\/wp-content\/uploads\/2025\/07\/85-500x500.png",500,500,true],"woocommerce_gallery_thumbnail":["https:\/\/jinancuchem.com\/wp-content\/uploads\/2025\/07\/85-100x100.png",100,100,true]},"uagb_author_info":{"display_name":"jinxing6611@gmail.com","author_link":"https:\/\/jinancuchem.com\/fr\/author\/"},"uagb_comment_info":0,"uagb_excerpt":"\u3010CAS\u30117757-83-7 Alias: Benzoic acid, sodium salt, Antimol. Molecular formula: Na2SO3\u00a0\u00a0Relative molecular mass: 126.043 Structural formula: &nbsp; 1.Product Property Sodium sulfite is an inorganic substance with the chemical formula Na2SO3. It is the sulfite salt of sodium. It is mainly used as a stabilizer for artificial fibers, a bleaching agent for fabrics, a developer for photography,\u2026","_links":{"self":[{"href":"https:\/\/jinancuchem.com\/fr\/wp-json\/wp\/v2\/product\/4935","targetHints":{"allow":["GET"]}}],"collection":[{"href":"https:\/\/jinancuchem.com\/fr\/wp-json\/wp\/v2\/product"}],"about":[{"href":"https:\/\/jinancuchem.com\/fr\/wp-json\/wp\/v2\/types\/product"}],"wp:featuredmedia":[{"embeddable":true,"href":"https:\/\/jinancuchem.com\/fr\/wp-json\/wp\/v2\/media\/4946"}],"wp:attachment":[{"href":"https:\/\/jinancuchem.com\/fr\/wp-json\/wp\/v2\/media?parent=4935"}],"wp:term":[{"taxonomy":"product_brand","embeddable":true,"href":"https:\/\/jinancuchem.com\/fr\/wp-json\/wp\/v2\/product_brand?post=4935"},{"taxonomy":"product_cat","embeddable":true,"href":"https:\/\/jinancuchem.com\/fr\/wp-json\/wp\/v2\/product_cat?post=4935"},{"taxonomy":"product_tag","embeddable":true,"href":"https:\/\/jinancuchem.com\/fr\/wp-json\/wp\/v2\/product_tag?post=4935"}],"curies":[{"name":"wp","href":"https:\/\/api.w.org\/{rel}","templated":true}]}}