{"id":4973,"date":"2025-07-25T07:54:06","date_gmt":"2025-07-25T07:54:06","guid":{"rendered":"https:\/\/jinancuchem.com\/?post_type=product&#038;p=4973"},"modified":"2025-07-25T07:54:06","modified_gmt":"2025-07-25T07:54:06","slug":"alkali-resistant-penetrant-oep-70","status":"publish","type":"product","link":"https:\/\/jinancuchem.com\/fr\/produit\/alkali-resistant-penetrant-oep-70\/","title":{"rendered":"P\u00e9n\u00e9trant r\u00e9sistant aux alcalis OEP-70"},"content":{"rendered":"<p>CAS : 68439-39-4<br \/>\nAlias : OEP-70, agent mouillant stable aux alcalis, p\u00e9n\u00e9trant \u00e0 base d'ester de phosphate<br \/>\nFormule mol\u00e9culaire : C10H23O5P<\/p>\n<p><img alt=\"\" fetchpriority=\"high\" decoding=\"async\" class=\"alignnone size-medium wp-image-4977\" src=\"https:\/\/jinancuchem.com\/wp-content\/uploads\/2025\/07\/\u672a\u6807\u9898-1-85-300x300.jpg\" width=\"300\" height=\"300\" srcset=\"https:\/\/jinancuchem.com\/wp-content\/uploads\/2025\/07\/\u672a\u6807\u9898-1-85-300x300.jpg 300w, https:\/\/jinancuchem.com\/wp-content\/uploads\/2025\/07\/\u672a\u6807\u9898-1-85-100x100.jpg 100w, https:\/\/jinancuchem.com\/wp-content\/uploads\/2025\/07\/\u672a\u6807\u9898-1-85-500x500.jpg 500w, https:\/\/jinancuchem.com\/wp-content\/uploads\/2025\/07\/\u672a\u6807\u9898-1-85-150x150.jpg 150w, https:\/\/jinancuchem.com\/wp-content\/uploads\/2025\/07\/\u672a\u6807\u9898-1-85-768x768.jpg 768w, https:\/\/jinancuchem.com\/wp-content\/uploads\/2025\/07\/\u672a\u6807\u9898-1-85-12x12.jpg 12w, https:\/\/jinancuchem.com\/wp-content\/uploads\/2025\/07\/\u672a\u6807\u9898-1-85.jpg 800w\" sizes=\"(max-width: 300px) 100vw, 300px\" \/><\/p>\n<h3><strong><b>1.Propri\u00e9t\u00e9 du produit <\/b><\/strong><\/h3>\n<p>OEP-70 est un liquide visqueux, jaune p\u00e2le \u00e0 ambr\u00e9, qui se dissout facilement dans l'eau au-dessus de 40 \u00b0C. Il r\u00e9siste \u00e0 &gt;200 g L-\u00b9 NaOH, 30 % H\u2082O\u2082 et \u00e0 des temp\u00e9ratures \u00e9lev\u00e9es sans hydrolyse. Le produit offre un mouillage rapide (&lt;5 s dans 150 g L-\u00b9 NaOH \u00e0 60 \u00b0C), peu de mousse, une excellente \u00e9mulsification et dispersion des huiles et des pigments, et stabilise le peroxyde d&#039;hydrog\u00e8ne dans les bains de blanchiment.<\/p>\n<h3><strong><b>2. norme technique <\/b><\/strong><strong><b><br \/>\n<\/b><\/strong><\/h3>\n<table>\n<tbody>\n<tr>\n<td><strong><b>Param\u00e8tres<\/b><\/strong><\/td>\n<td><strong><b>Sp\u00e9cifications<\/b><\/strong><\/td>\n<\/tr>\n<tr>\n<td>Aspect (25 \u00b0C)<\/td>\n<td>Liquide visqueux de couleur jaune p\u00e2le \u00e0 ambr\u00e9e<\/td>\n<\/tr>\n<tr>\n<td>pH (1 % aq.)<\/td>\n<td>6.0-8.0<\/td>\n<\/tr>\n<tr>\n<td>P\u00e9n\u00e9tration (1 %, 150 g L-\u00b9 NaOH, 60 \u00b0C)<\/td>\n<td>\u2264 5 s<\/td>\n<\/tr>\n<tr>\n<td>R\u00e9sistance aux alcalis<\/td>\n<td>Stable dans 200 g L-\u00b9 NaOH, 24 h<\/td>\n<\/tr>\n<tr>\n<td>Contenu actif<\/td>\n<td>68-72 %<\/td>\n<\/tr>\n<tr>\n<td>Teneur en eau<\/td>\n<td>\u2264 1 %<\/td>\n<\/tr>\n<tr>\n<td>Teneur en phosphates (en P\u2082O\u2085)<\/td>\n<td>6-8 %<\/td>\n<\/tr>\n<\/tbody>\n<\/table>\n<p>&nbsp;<\/p>\n<p><strong><b>3.Champ d'application et utilisation <\/b><\/strong><strong><b><br \/>\n<\/b><\/strong>OEP-70 est l'ingr\u00e9dient cl\u00e9 dans la pr\u00e9paration d'agents de r\u00e9curage hautement alcalins, de p\u00e9n\u00e9trants mercerisants et de formulations de d\u00e9sencrassement, de r\u00e9curage et de blanchiment en un seul bain pour le coton et les m\u00e9langes. Il est m\u00e9lang\u00e9 aux d\u00e9tergents, d\u00e9graisseurs et \u00e9mulsifiants pour le nettoyage des m\u00e9taux, le d\u00e9graissage du cuir et les nettoyants industriels pour surfaces dures. Dosage typique : 2-8 % dans les lessives alcalines, 1-3 % dans les concentr\u00e9s \u00e9mulsifiables. Chauffer \u00e0 40 \u00b0C pour dissoudre avant de m\u00e9langer avec d'autres auxiliaires.<\/p>\n<h3><strong><b>4. l'emballage et le stockage<\/b><\/strong><\/h3>\n<p>Livr\u00e9 en f\u00fbts neufs de 50 kg en PEHD (\u00d8 380 \u00d7 480 mm) avec bouchon \u00e0 vis et sceau d'inviolabilit\u00e9. Stocker dans un entrep\u00f4t frais et ventil\u00e9, \u00e0 une temp\u00e9rature comprise entre 5 et 35 \u00b0C, \u00e0 l'\u00e9cart des acides forts et des oxydants. Garder les r\u00e9cipients herm\u00e9tiquement ferm\u00e9s ; \u00e9viter les temp\u00e9ratures inf\u00e9rieures \u00e0 5 \u00b0C pour emp\u00eacher la cristallisation. Dur\u00e9e de conservation : 24 mois \u00e0 compter de la date de fabrication dans les conditions recommand\u00e9es.<\/p>","protected":false},"excerpt":{"rendered":"<p>CAS: 68439-39-4 Alias: OEP-70, Alkali-stable wetting agent, Phosphate-ester penetrant Molecular formula:C10H23O5P 1.Product Property OEP-70 is a viscous, pale-yellow to amber liquid that dissolves readily in water above 40 \u00b0C. It withstands &gt;200 g L\u207b\u00b9 NaOH, 30 % H\u2082O\u2082 and high temperatures without hydrolysis. The product offers rapid wetting (&lt;5 s in 150 g L\u207b\u00b9 NaOH [&hellip;]<\/p>\n","protected":false},"featured_media":4977,"template":"","meta":{"_seopress_robots_primary_cat":"","_seopress_titles_title":"","_seopress_titles_desc":"","_seopress_robots_index":"","_uag_custom_page_level_css":"","site-sidebar-layout":"default","site-content-layout":"","ast-site-content-layout":"default","site-content-style":"default","site-sidebar-style":"default","ast-global-header-display":"","ast-banner-title-visibility":"","ast-main-header-display":"","ast-hfb-above-header-display":"","ast-hfb-below-header-display":"","ast-hfb-mobile-header-display":"","site-post-title":"","ast-breadcrumbs-content":"","ast-featured-img":"","footer-sml-layout":"","theme-transparent-header-meta":"default","adv-header-id-meta":"","stick-header-meta":"default","header-above-stick-meta":"","header-main-stick-meta":"","header-below-stick-meta":"","astra-migrate-meta-layouts":"set","ast-page-background-enabled":"default","ast-page-background-meta":{"desktop":{"background-color":"","background-image":"","background-repeat":"repeat","background-position":"center center","background-size":"auto","background-attachment":"scroll","background-type":"","background-media":"","overlay-type":"","overlay-color":"","overlay-opacity":"","overlay-gradient":""},"tablet":{"background-color":"","background-image":"","background-repeat":"repeat","background-position":"center center","background-size":"auto","background-attachment":"scroll","background-type":"","background-media":"","overlay-type":"","overlay-color":"","overlay-opacity":"","overlay-gradient":""},"mobile":{"background-color":"","background-image":"","background-repeat":"repeat","background-position":"center center","background-size":"auto","background-attachment":"scroll","background-type":"","background-media":"","overlay-type":"","overlay-color":"","overlay-opacity":"","overlay-gradient":""}},"ast-content-background-meta":{"desktop":{"background-color":"var(--ast-global-color-5)","background-image":"","background-repeat":"repeat","background-position":"center center","background-size":"auto","background-attachment":"scroll","background-type":"","background-media":"","overlay-type":"","overlay-color":"","overlay-opacity":"","overlay-gradient":""},"tablet":{"background-color":"var(--ast-global-color-5)","background-image":"","background-repeat":"repeat","background-position":"center center","background-size":"auto","background-attachment":"scroll","background-type":"","background-media":"","overlay-type":"","overlay-color":"","overlay-opacity":"","overlay-gradient":""},"mobile":{"background-color":"var(--ast-global-color-5)","background-image":"","background-repeat":"repeat","background-position":"center center","background-size":"auto","background-attachment":"scroll","background-type":"","background-media":"","overlay-type":"","overlay-color":"","overlay-opacity":"","overlay-gradient":""}}},"product_brand":[],"product_cat":[69],"product_tag":[],"class_list":{"0":"post-4973","1":"product","2":"type-product","3":"status-publish","4":"has-post-thumbnail","6":"product_cat-daily-chemical-product","7":"desktop-align-left","8":"tablet-align-left","9":"mobile-align-left","10":"ast-product-gallery-layout-horizontal-slider","11":"ast-product-gallery-with-no-image","12":"ast-product-tabs-layout-horizontal","14":"first","15":"instock","16":"shipping-taxable","17":"product-type-simple"},"uagb_featured_image_src":{"full":["https:\/\/jinancuchem.com\/wp-content\/uploads\/2025\/07\/\u672a\u6807\u9898-1-85.jpg",800,800,false],"thumbnail":["https:\/\/jinancuchem.com\/wp-content\/uploads\/2025\/07\/\u672a\u6807\u9898-1-85-150x150.jpg",150,150,true],"medium":["https:\/\/jinancuchem.com\/wp-content\/uploads\/2025\/07\/\u672a\u6807\u9898-1-85-300x300.jpg",300,300,true],"medium_large":["https:\/\/jinancuchem.com\/wp-content\/uploads\/2025\/07\/\u672a\u6807\u9898-1-85-768x768.jpg",768,768,true],"large":["https:\/\/jinancuchem.com\/wp-content\/uploads\/2025\/07\/\u672a\u6807\u9898-1-85.jpg",800,800,false],"1536x1536":["https:\/\/jinancuchem.com\/wp-content\/uploads\/2025\/07\/\u672a\u6807\u9898-1-85.jpg",800,800,false],"2048x2048":["https:\/\/jinancuchem.com\/wp-content\/uploads\/2025\/07\/\u672a\u6807\u9898-1-85.jpg",800,800,false],"trp-custom-language-flag":["https:\/\/jinancuchem.com\/wp-content\/uploads\/2025\/07\/\u672a\u6807\u9898-1-85-12x12.jpg",12,12,true],"woocommerce_thumbnail":["https:\/\/jinancuchem.com\/wp-content\/uploads\/2025\/07\/\u672a\u6807\u9898-1-85-300x300.jpg",300,300,true],"woocommerce_single":["https:\/\/jinancuchem.com\/wp-content\/uploads\/2025\/07\/\u672a\u6807\u9898-1-85-500x500.jpg",500,500,true],"woocommerce_gallery_thumbnail":["https:\/\/jinancuchem.com\/wp-content\/uploads\/2025\/07\/\u672a\u6807\u9898-1-85-100x100.jpg",100,100,true]},"uagb_author_info":{"display_name":"jinxing6611@gmail.com","author_link":"https:\/\/jinancuchem.com\/fr\/author\/"},"uagb_comment_info":0,"uagb_excerpt":"CAS: 68439-39-4 Alias: OEP-70, Alkali-stable wetting agent, Phosphate-ester penetrant Molecular formula:C10H23O5P 1.Product Property OEP-70 is a viscous, pale-yellow to amber liquid that dissolves readily in water above 40 \u00b0C. It withstands &gt;200 g L\u207b\u00b9 NaOH, 30 % H\u2082O\u2082 and high temperatures without hydrolysis. The product offers rapid wetting (&lt;5 s in 150 g L\u207b\u00b9 NaOH\u2026","_links":{"self":[{"href":"https:\/\/jinancuchem.com\/fr\/wp-json\/wp\/v2\/product\/4973","targetHints":{"allow":["GET"]}}],"collection":[{"href":"https:\/\/jinancuchem.com\/fr\/wp-json\/wp\/v2\/product"}],"about":[{"href":"https:\/\/jinancuchem.com\/fr\/wp-json\/wp\/v2\/types\/product"}],"wp:featuredmedia":[{"embeddable":true,"href":"https:\/\/jinancuchem.com\/fr\/wp-json\/wp\/v2\/media\/4977"}],"wp:attachment":[{"href":"https:\/\/jinancuchem.com\/fr\/wp-json\/wp\/v2\/media?parent=4973"}],"wp:term":[{"taxonomy":"product_brand","embeddable":true,"href":"https:\/\/jinancuchem.com\/fr\/wp-json\/wp\/v2\/product_brand?post=4973"},{"taxonomy":"product_cat","embeddable":true,"href":"https:\/\/jinancuchem.com\/fr\/wp-json\/wp\/v2\/product_cat?post=4973"},{"taxonomy":"product_tag","embeddable":true,"href":"https:\/\/jinancuchem.com\/fr\/wp-json\/wp\/v2\/product_tag?post=4973"}],"curies":[{"name":"wp","href":"https:\/\/api.w.org\/{rel}","templated":true}]}}