{"id":4978,"date":"2025-07-25T07:56:10","date_gmt":"2025-07-25T07:56:10","guid":{"rendered":"https:\/\/jinancuchem.com\/?post_type=product&#038;p=4978"},"modified":"2025-07-25T07:56:10","modified_gmt":"2025-07-25T07:56:10","slug":"apg0810","status":"publish","type":"product","link":"https:\/\/jinancuchem.com\/fr\/produit\/apg0810\/","title":{"rendered":"APG0810"},"content":{"rendered":"<p>CAS : 68515-73-1 (APG g\u00e9n\u00e9rique)<br \/>\nAlias : Alkyl polyglucoside 0810, Caprylyl-Decyl glucoside, APG 0810<\/p>\n<p>Masse mol\u00e9culaire relative : ~350-400 (moyenne)<\/p>\n<p><img alt=\"\" fetchpriority=\"high\" decoding=\"async\" class=\"alignnone size-medium wp-image-4985\" src=\"https:\/\/jinancuchem.com\/wp-content\/uploads\/2025\/07\/\u672a\u6807\u9898-1-87-300x300.jpg\" width=\"300\" height=\"300\" srcset=\"https:\/\/jinancuchem.com\/wp-content\/uploads\/2025\/07\/\u672a\u6807\u9898-1-87-300x300.jpg 300w, https:\/\/jinancuchem.com\/wp-content\/uploads\/2025\/07\/\u672a\u6807\u9898-1-87-100x100.jpg 100w, https:\/\/jinancuchem.com\/wp-content\/uploads\/2025\/07\/\u672a\u6807\u9898-1-87-500x500.jpg 500w, https:\/\/jinancuchem.com\/wp-content\/uploads\/2025\/07\/\u672a\u6807\u9898-1-87-150x150.jpg 150w, https:\/\/jinancuchem.com\/wp-content\/uploads\/2025\/07\/\u672a\u6807\u9898-1-87-768x768.jpg 768w, https:\/\/jinancuchem.com\/wp-content\/uploads\/2025\/07\/\u672a\u6807\u9898-1-87-12x12.jpg 12w, https:\/\/jinancuchem.com\/wp-content\/uploads\/2025\/07\/\u672a\u6807\u9898-1-87.jpg 800w\" sizes=\"(max-width: 300px) 100vw, 300px\" \/><\/p>\n<h3>1.Propri\u00e9t\u00e9 du produit<\/h3>\n<p>L'APG0810 est un liquide clair, jaune p\u00e2le, \u00e0 l'odeur l\u00e9g\u00e8re, enti\u00e8rement soluble dans l'eau et les \u00e9lectrolytes. Il pr\u00e9sente une faible irritation, une biod\u00e9gradabilit\u00e9 \u00e9lev\u00e9e et une excellente stabilit\u00e9 \u00e0 des pH de 2 \u00e0 12 et \u00e0 des temp\u00e9ratures allant jusqu'\u00e0 200 \u00b0C. Il conserve son activit\u00e9 de surface dans les acides forts, les alcalis et les saumures.<\/p>\n<h3>2. norme technique<\/h3>\n<p>&nbsp;<\/p>\n<table>\n<tbody>\n<tr>\n<td><strong><b>Param\u00e8tres<\/b><\/strong><\/td>\n<td><strong><b>Sp\u00e9cifications<\/b><\/strong><\/td>\n<\/tr>\n<tr>\n<td>Aspect (25 \u00b0C)<\/td>\n<td>Liquide clair \u00e0 jaune clair<\/td>\n<\/tr>\n<tr>\n<td>Couleur, APHA<\/td>\n<td>\u2264 300<\/td>\n<\/tr>\n<tr>\n<td>pH (1 % aq.)<\/td>\n<td>6.0-12.0<\/td>\n<\/tr>\n<tr>\n<td>Contenu actif (50 % \u00b1 1 %)<\/td>\n<td>48-52 %<\/td>\n<\/tr>\n<tr>\n<td>Monosaccharide r\u00e9siduel<\/td>\n<td>\u2264 1 %<\/td>\n<\/tr>\n<tr>\n<td>Teneur en eau<\/td>\n<td>48-52 %<\/td>\n<\/tr>\n<tr>\n<td>Contenu solide (en option)<\/td>\n<td>70 % \u00b1 1 % \/ 80 % \u00b1 2 % sur demande<\/td>\n<\/tr>\n<\/tbody>\n<\/table>\n<p>&nbsp;<\/p>\n<h3>3.Champ d'application et utilisation<\/h3>\n<p>L'APG0810 est largement utilis\u00e9 dans les formulations de soins personnels en tant qu'agent moussant doux dans les shampooings, les gels douche, les nettoyants pour le visage et les produits pour b\u00e9b\u00e9s. Dans les nettoyages domestiques et industriels, il sert d'agent tensioactif non corrosif et peu moussant pour les nettoyants pour surfaces dures, les d\u00e9graissants et les agents de r\u00e9curage alcalins. Il sert \u00e9galement d'\u00e9mulsifiant dans les produits agrochimiques, d'agent moussant dans les fluides de forage et de dispersant dans la teinture des textiles et le traitement du cuir.<\/p>\n<h3>4. l'emballage et le stockage<\/h3>\n<p>Livr\u00e9 en f\u00fbts de 200 kg en acier rev\u00eatu d'\u00e9poxy (\u00d8 585 \u00d7 890 mm) ou en f\u00fbts de 50 kg en PEHD avec bouchons \u00e0 vis. Stocker dans un entrep\u00f4t frais, sec et ventil\u00e9, \u00e0 une temp\u00e9rature comprise entre 5 et 35 \u00b0C, \u00e0 l'abri des acides forts et des oxydants. La dur\u00e9e de conservation est de 24 mois \u00e0 compter de la date de fabrication dans les emballages d'origine non ouverts.<\/p>","protected":false},"excerpt":{"rendered":"<p>CAS: 68515-73-1 (generic APG) Alias: Alkyl polyglucoside 0810, Caprylyl-Decyl glucoside, APG 0810 Relative molecular mass: ~350\u2013400 (average) 1.Product Property APG0810 is a clear, light-yellow liquid with mild odor, fully soluble in water and electrolytes. It exhibits low irritation, high biodegradability and excellent stability across pH 2\u201312 and temperatures up to 200 \u00b0C, retaining surface activity [&hellip;]<\/p>\n","protected":false},"featured_media":4983,"template":"","meta":{"_seopress_robots_primary_cat":"","_seopress_titles_title":"","_seopress_titles_desc":"","_seopress_robots_index":"","_uag_custom_page_level_css":"","site-sidebar-layout":"default","site-content-layout":"","ast-site-content-layout":"default","site-content-style":"default","site-sidebar-style":"default","ast-global-header-display":"","ast-banner-title-visibility":"","ast-main-header-display":"","ast-hfb-above-header-display":"","ast-hfb-below-header-display":"","ast-hfb-mobile-header-display":"","site-post-title":"","ast-breadcrumbs-content":"","ast-featured-img":"","footer-sml-layout":"","theme-transparent-header-meta":"default","adv-header-id-meta":"","stick-header-meta":"default","header-above-stick-meta":"","header-main-stick-meta":"","header-below-stick-meta":"","astra-migrate-meta-layouts":"set","ast-page-background-enabled":"default","ast-page-background-meta":{"desktop":{"background-color":"","background-image":"","background-repeat":"repeat","background-position":"center center","background-size":"auto","background-attachment":"scroll","background-type":"","background-media":"","overlay-type":"","overlay-color":"","overlay-opacity":"","overlay-gradient":""},"tablet":{"background-color":"","background-image":"","background-repeat":"repeat","background-position":"center center","background-size":"auto","background-attachment":"scroll","background-type":"","background-media":"","overlay-type":"","overlay-color":"","overlay-opacity":"","overlay-gradient":""},"mobile":{"background-color":"","background-image":"","background-repeat":"repeat","background-position":"center center","background-size":"auto","background-attachment":"scroll","background-type":"","background-media":"","overlay-type":"","overlay-color":"","overlay-opacity":"","overlay-gradient":""}},"ast-content-background-meta":{"desktop":{"background-color":"var(--ast-global-color-5)","background-image":"","background-repeat":"repeat","background-position":"center center","background-size":"auto","background-attachment":"scroll","background-type":"","background-media":"","overlay-type":"","overlay-color":"","overlay-opacity":"","overlay-gradient":""},"tablet":{"background-color":"var(--ast-global-color-5)","background-image":"","background-repeat":"repeat","background-position":"center center","background-size":"auto","background-attachment":"scroll","background-type":"","background-media":"","overlay-type":"","overlay-color":"","overlay-opacity":"","overlay-gradient":""},"mobile":{"background-color":"var(--ast-global-color-5)","background-image":"","background-repeat":"repeat","background-position":"center center","background-size":"auto","background-attachment":"scroll","background-type":"","background-media":"","overlay-type":"","overlay-color":"","overlay-opacity":"","overlay-gradient":""}}},"product_brand":[],"product_cat":[69],"product_tag":[],"class_list":{"0":"post-4978","1":"product","2":"type-product","3":"status-publish","4":"has-post-thumbnail","6":"product_cat-daily-chemical-product","7":"desktop-align-left","8":"tablet-align-left","9":"mobile-align-left","10":"ast-product-gallery-layout-horizontal-slider","11":"ast-product-gallery-with-no-image","12":"ast-product-tabs-layout-horizontal","14":"first","15":"instock","16":"shipping-taxable","17":"product-type-simple"},"uagb_featured_image_src":{"full":["https:\/\/jinancuchem.com\/wp-content\/uploads\/2025\/07\/\u672a\u6807\u9898-1-86.jpg",800,800,false],"thumbnail":["https:\/\/jinancuchem.com\/wp-content\/uploads\/2025\/07\/\u672a\u6807\u9898-1-86-150x150.jpg",150,150,true],"medium":["https:\/\/jinancuchem.com\/wp-content\/uploads\/2025\/07\/\u672a\u6807\u9898-1-86-300x300.jpg",300,300,true],"medium_large":["https:\/\/jinancuchem.com\/wp-content\/uploads\/2025\/07\/\u672a\u6807\u9898-1-86-768x768.jpg",768,768,true],"large":["https:\/\/jinancuchem.com\/wp-content\/uploads\/2025\/07\/\u672a\u6807\u9898-1-86.jpg",800,800,false],"1536x1536":["https:\/\/jinancuchem.com\/wp-content\/uploads\/2025\/07\/\u672a\u6807\u9898-1-86.jpg",800,800,false],"2048x2048":["https:\/\/jinancuchem.com\/wp-content\/uploads\/2025\/07\/\u672a\u6807\u9898-1-86.jpg",800,800,false],"trp-custom-language-flag":["https:\/\/jinancuchem.com\/wp-content\/uploads\/2025\/07\/\u672a\u6807\u9898-1-86-12x12.jpg",12,12,true],"woocommerce_thumbnail":["https:\/\/jinancuchem.com\/wp-content\/uploads\/2025\/07\/\u672a\u6807\u9898-1-86-300x300.jpg",300,300,true],"woocommerce_single":["https:\/\/jinancuchem.com\/wp-content\/uploads\/2025\/07\/\u672a\u6807\u9898-1-86-500x500.jpg",500,500,true],"woocommerce_gallery_thumbnail":["https:\/\/jinancuchem.com\/wp-content\/uploads\/2025\/07\/\u672a\u6807\u9898-1-86-100x100.jpg",100,100,true]},"uagb_author_info":{"display_name":"jinxing6611@gmail.com","author_link":"https:\/\/jinancuchem.com\/fr\/author\/"},"uagb_comment_info":0,"uagb_excerpt":"CAS: 68515-73-1 (generic APG) Alias: Alkyl polyglucoside 0810, Caprylyl-Decyl glucoside, APG 0810 Relative molecular mass: ~350\u2013400 (average) 1.Product Property APG0810 is a clear, light-yellow liquid with mild odor, fully soluble in water and electrolytes. It exhibits low irritation, high biodegradability and excellent stability across pH 2\u201312 and temperatures up to 200 \u00b0C, retaining surface activity\u2026","_links":{"self":[{"href":"https:\/\/jinancuchem.com\/fr\/wp-json\/wp\/v2\/product\/4978","targetHints":{"allow":["GET"]}}],"collection":[{"href":"https:\/\/jinancuchem.com\/fr\/wp-json\/wp\/v2\/product"}],"about":[{"href":"https:\/\/jinancuchem.com\/fr\/wp-json\/wp\/v2\/types\/product"}],"wp:featuredmedia":[{"embeddable":true,"href":"https:\/\/jinancuchem.com\/fr\/wp-json\/wp\/v2\/media\/4983"}],"wp:attachment":[{"href":"https:\/\/jinancuchem.com\/fr\/wp-json\/wp\/v2\/media?parent=4978"}],"wp:term":[{"taxonomy":"product_brand","embeddable":true,"href":"https:\/\/jinancuchem.com\/fr\/wp-json\/wp\/v2\/product_brand?post=4978"},{"taxonomy":"product_cat","embeddable":true,"href":"https:\/\/jinancuchem.com\/fr\/wp-json\/wp\/v2\/product_cat?post=4978"},{"taxonomy":"product_tag","embeddable":true,"href":"https:\/\/jinancuchem.com\/fr\/wp-json\/wp\/v2\/product_tag?post=4978"}],"curies":[{"name":"wp","href":"https:\/\/api.w.org\/{rel}","templated":true}]}}