{"id":4984,"date":"2025-07-25T08:01:59","date_gmt":"2025-07-25T08:01:59","guid":{"rendered":"https:\/\/jinancuchem.com\/?post_type=product&#038;p=4984"},"modified":"2025-07-25T08:02:00","modified_gmt":"2025-07-25T08:02:00","slug":"ethyl-acetate","status":"publish","type":"product","link":"https:\/\/jinancuchem.com\/fr\/produit\/ethyl-acetate\/","title":{"rendered":"Ac\u00e9tate d'\u00e9thyle"},"content":{"rendered":"<p>\u3010CAS\u3011141-78-6Alias : \u00e9ther ac\u00e9tique EAC<\/p>\n<p>Formule mol\u00e9culaire : C<sub>4<\/sub>H<sub>8<\/sub>O<sub>2<\/sub><\/p>\n<p>Masse mol\u00e9culaire relative : 88,105<\/p>\n<p>Formule structurelle : <img alt=\"\" decoding=\"async\" class=\"alignnone size-full wp-image-4991\" src=\"https:\/\/jinancuchem.com\/wp-content\/uploads\/2025\/07\/\u56fe\u724788.png\" width=\"76\" height=\"41\" srcset=\"https:\/\/jinancuchem.com\/wp-content\/uploads\/2025\/07\/\u56fe\u724788.png 76w, https:\/\/jinancuchem.com\/wp-content\/uploads\/2025\/07\/\u56fe\u724788-18x10.png 18w\" sizes=\"(max-width: 76px) 100vw, 76px\" \/><\/p>\n<p>&nbsp;<\/p>\n<h4>1.Propri\u00e9t\u00e9 du produit<\/h4>\n<p>L'ac\u00e9tate d'\u00e9thyle, \u00e9galement connu sous le nom d'ester \u00e9thylique de l'acide ac\u00e9tique, est un compos\u00e9 organique dont la formule chimique est C<sub>4<\/sub>H<sub>8<\/sub>O<sub>2<\/sub>. Il s'agit d'un type d'ester (avec un groupe fonctionnel -COOR, o\u00f9 le carbone et l'oxyg\u00e8ne forment une double liaison) qui peut subir les r\u00e9actions courantes des esters telles que l'alcoolyse, l'hydrolyse des amides, l'\u00e9change d'esters et la r\u00e9duction. Il est principalement utilis\u00e9 comme solvant, comme agent aromatique alimentaire et comme d\u00e9shuileur.<\/p>\n<p>&nbsp;<\/p>\n<h4>2.<\/h4>\n<table>\n<tbody>\n<tr>\n<td><strong><b>Param\u00e8tres<\/b><\/strong><\/td>\n<td><strong><b>Qualit\u00e9 industrielle<\/b><\/strong><\/td>\n<td><strong><b>Qualit\u00e9 alimentaire <\/b><\/strong><\/td>\n<\/tr>\n<tr>\n<td><strong><b>La puret\u00e9<\/b><\/strong><\/td>\n<td>\u226599.5%<\/td>\n<td>\u226599.7%<\/td>\n<\/tr>\n<tr>\n<td><strong><b>Densit\u00e9 (20\u00b0C)<\/b><\/strong><\/td>\n<td>0,897-0,902 g\/cm\u00b3<\/td>\n<td>0,899-0,901 g\/cm\u00b3<\/td>\n<\/tr>\n<tr>\n<td><strong><b>Acidit\u00e9 (en CH\u2083COOH)<\/b><\/strong><\/td>\n<td>\u22640.005%<\/td>\n<td>\u22640.002%<\/td>\n<\/tr>\n<tr>\n<td><strong><b>Teneur en eau<\/b><\/strong><\/td>\n<td>\u22640.1%<\/td>\n<td>\u22640.05%<\/td>\n<\/tr>\n<tr>\n<td><strong><b>R\u00e9sidu d'\u00e9vaporation<\/b><\/strong><\/td>\n<td>\u22640.001%<\/td>\n<td>\u22640.0005%<\/td>\n<\/tr>\n<tr>\n<td><strong><b>M\u00e9thanol<\/b><\/strong><\/td>\n<td>\u22640.05%<\/td>\n<td>\u22640.01%<\/td>\n<\/tr>\n<\/tbody>\n<\/table>\n<p>&nbsp;<\/p>\n<h4>3. Champ d'application et utilisation<\/h4>\n<p>L'ac\u00e9tate d'\u00e9thyle est l'un des esters d'acide gras les plus utilis\u00e9s. C'est un solvant \u00e0 s\u00e9chage rapide qui pr\u00e9sente une excellente solubilit\u00e9 et constitue un excellent solvant industriel. Il peut \u00e9galement \u00eatre utilis\u00e9 comme \u00e9luant dans la chromatographie sur colonne. Il peut \u00eatre utilis\u00e9 pour la nitrocellulose, l'\u00e9thylcellulose, le caoutchouc chlor\u00e9 et les r\u00e9sines vinyliques, les esters d'ac\u00e9tate de cellulose, l'ac\u00e9tate de cellulose et de butyle et le caoutchouc synth\u00e9tique. Il peut \u00e9galement \u00eatre utilis\u00e9 comme encre liquide nitrocellulosique pour les photocopieurs. Il peut \u00eatre utilis\u00e9 comme solvant pour les adh\u00e9sifs et comme diluant pour la peinture. L'ac\u00e9tate d'\u00e9thyle est un solvant tr\u00e8s efficace pour de nombreux types de r\u00e9sines et est largement utilis\u00e9 dans la production d'encre et la fabrication de cuir artificiel. Il est utilis\u00e9 comme r\u00e9actif analytique, comme substance standard pour l'analyse chromatographique et comme solvant.<\/p>\n<p>&nbsp;<\/p>\n<h4>4. l'emballage et le stockage<\/h4>\n<p>Qualit\u00e9 alimentaire : g\u00e9n\u00e9ralement emball\u00e9 dans des conteneurs scell\u00e9s de 25 kilogrammes par sac ou de 20 kilogrammes par tonneau, avec une dur\u00e9e de conservation de 720 jours (deux ans).<\/p>\n<p>Qualit\u00e9 industrielle : Les conditionnements courants sont les suivants : 500 ml, 2 500 ml et 20 kg\/baril, avec une dur\u00e9e de conservation g\u00e9n\u00e9rale de 12 mois (un an).<\/p>\n<p>Stockage herm\u00e9tique : La dur\u00e9e de conservation est g\u00e9n\u00e9ralement plus longue lorsque le produit est stock\u00e9 de mani\u00e8re herm\u00e9tique, mais il faut \u00e9viter les temp\u00e9ratures \u00e9lev\u00e9es ou l'exposition \u00e0 l'air.<\/p>\n<p>Apr\u00e8s ouverture : Si le produit n'est pas scell\u00e9 ou s'il est expos\u00e9 fr\u00e9quemment \u00e0 l'air, les ingr\u00e9dients actifs peuvent diminuer en raison de l'\u00e9vaporation. Il est recommand\u00e9 de l'utiliser d\u00e8s que possible apr\u00e8s ouverture.<\/p>","protected":false},"excerpt":{"rendered":"<p>\u3010CAS\u3011141-78-6Alias: acetic ether \u00a0EAC Molecular formula: C4H8O2 Relative molecular mass: 88.105 Structural formula: &nbsp; 1.Product Property Ethyl acetate, also known as acetic acid ethyl ester, is an organic compound with the chemical formula C4H8O2. It is a type of ester (with a functional group -COOR, where carbon and oxygen form a double bond) and can [&hellip;]<\/p>\n","protected":false},"featured_media":5001,"template":"","meta":{"_seopress_robots_primary_cat":"","_seopress_titles_title":"","_seopress_titles_desc":"","_seopress_robots_index":"","_uag_custom_page_level_css":"","site-sidebar-layout":"default","site-content-layout":"","ast-site-content-layout":"default","site-content-style":"default","site-sidebar-style":"default","ast-global-header-display":"","ast-banner-title-visibility":"","ast-main-header-display":"","ast-hfb-above-header-display":"","ast-hfb-below-header-display":"","ast-hfb-mobile-header-display":"","site-post-title":"","ast-breadcrumbs-content":"","ast-featured-img":"","footer-sml-layout":"","theme-transparent-header-meta":"default","adv-header-id-meta":"","stick-header-meta":"default","header-above-stick-meta":"","header-main-stick-meta":"","header-below-stick-meta":"","astra-migrate-meta-layouts":"set","ast-page-background-enabled":"default","ast-page-background-meta":{"desktop":{"background-color":"","background-image":"","background-repeat":"repeat","background-position":"center center","background-size":"auto","background-attachment":"scroll","background-type":"","background-media":"","overlay-type":"","overlay-color":"","overlay-opacity":"","overlay-gradient":""},"tablet":{"background-color":"","background-image":"","background-repeat":"repeat","background-position":"center center","background-size":"auto","background-attachment":"scroll","background-type":"","background-media":"","overlay-type":"","overlay-color":"","overlay-opacity":"","overlay-gradient":""},"mobile":{"background-color":"","background-image":"","background-repeat":"repeat","background-position":"center center","background-size":"auto","background-attachment":"scroll","background-type":"","background-media":"","overlay-type":"","overlay-color":"","overlay-opacity":"","overlay-gradient":""}},"ast-content-background-meta":{"desktop":{"background-color":"var(--ast-global-color-5)","background-image":"","background-repeat":"repeat","background-position":"center center","background-size":"auto","background-attachment":"scroll","background-type":"","background-media":"","overlay-type":"","overlay-color":"","overlay-opacity":"","overlay-gradient":""},"tablet":{"background-color":"var(--ast-global-color-5)","background-image":"","background-repeat":"repeat","background-position":"center center","background-size":"auto","background-attachment":"scroll","background-type":"","background-media":"","overlay-type":"","overlay-color":"","overlay-opacity":"","overlay-gradient":""},"mobile":{"background-color":"var(--ast-global-color-5)","background-image":"","background-repeat":"repeat","background-position":"center center","background-size":"auto","background-attachment":"scroll","background-type":"","background-media":"","overlay-type":"","overlay-color":"","overlay-opacity":"","overlay-gradient":""}}},"product_brand":[],"product_cat":[67],"product_tag":[],"class_list":{"0":"post-4984","1":"product","2":"type-product","3":"status-publish","4":"has-post-thumbnail","6":"product_cat-food-additives","7":"desktop-align-left","8":"tablet-align-left","9":"mobile-align-left","10":"ast-product-gallery-layout-horizontal-slider","11":"ast-product-gallery-with-no-image","12":"ast-product-tabs-layout-horizontal","14":"first","15":"instock","16":"shipping-taxable","17":"product-type-simple"},"uagb_featured_image_src":{"full":["https:\/\/jinancuchem.com\/wp-content\/uploads\/2025\/07\/88.png",800,800,false],"thumbnail":["https:\/\/jinancuchem.com\/wp-content\/uploads\/2025\/07\/88-150x150.png",150,150,true],"medium":["https:\/\/jinancuchem.com\/wp-content\/uploads\/2025\/07\/88-300x300.png",300,300,true],"medium_large":["https:\/\/jinancuchem.com\/wp-content\/uploads\/2025\/07\/88-768x768.png",768,768,true],"large":["https:\/\/jinancuchem.com\/wp-content\/uploads\/2025\/07\/88.png",800,800,false],"1536x1536":["https:\/\/jinancuchem.com\/wp-content\/uploads\/2025\/07\/88.png",800,800,false],"2048x2048":["https:\/\/jinancuchem.com\/wp-content\/uploads\/2025\/07\/88.png",800,800,false],"trp-custom-language-flag":["https:\/\/jinancuchem.com\/wp-content\/uploads\/2025\/07\/88-12x12.png",12,12,true],"woocommerce_thumbnail":["https:\/\/jinancuchem.com\/wp-content\/uploads\/2025\/07\/88-300x300.png",300,300,true],"woocommerce_single":["https:\/\/jinancuchem.com\/wp-content\/uploads\/2025\/07\/88-500x500.png",500,500,true],"woocommerce_gallery_thumbnail":["https:\/\/jinancuchem.com\/wp-content\/uploads\/2025\/07\/88-100x100.png",100,100,true]},"uagb_author_info":{"display_name":"jinxing6611@gmail.com","author_link":"https:\/\/jinancuchem.com\/fr\/author\/"},"uagb_comment_info":0,"uagb_excerpt":"\u3010CAS\u3011141-78-6Alias: acetic ether \u00a0EAC Molecular formula: C4H8O2 Relative molecular mass: 88.105 Structural formula: &nbsp; 1.Product Property Ethyl acetate, also known as acetic acid ethyl ester, is an organic compound with the chemical formula C4H8O2. It is a type of ester (with a functional group -COOR, where carbon and oxygen form a double bond) and can\u2026","_links":{"self":[{"href":"https:\/\/jinancuchem.com\/fr\/wp-json\/wp\/v2\/product\/4984","targetHints":{"allow":["GET"]}}],"collection":[{"href":"https:\/\/jinancuchem.com\/fr\/wp-json\/wp\/v2\/product"}],"about":[{"href":"https:\/\/jinancuchem.com\/fr\/wp-json\/wp\/v2\/types\/product"}],"wp:featuredmedia":[{"embeddable":true,"href":"https:\/\/jinancuchem.com\/fr\/wp-json\/wp\/v2\/media\/5001"}],"wp:attachment":[{"href":"https:\/\/jinancuchem.com\/fr\/wp-json\/wp\/v2\/media?parent=4984"}],"wp:term":[{"taxonomy":"product_brand","embeddable":true,"href":"https:\/\/jinancuchem.com\/fr\/wp-json\/wp\/v2\/product_brand?post=4984"},{"taxonomy":"product_cat","embeddable":true,"href":"https:\/\/jinancuchem.com\/fr\/wp-json\/wp\/v2\/product_cat?post=4984"},{"taxonomy":"product_tag","embeddable":true,"href":"https:\/\/jinancuchem.com\/fr\/wp-json\/wp\/v2\/product_tag?post=4984"}],"curies":[{"name":"wp","href":"https:\/\/api.w.org\/{rel}","templated":true}]}}