{"id":5021,"date":"2025-07-25T08:09:50","date_gmt":"2025-07-25T08:09:50","guid":{"rendered":"https:\/\/jinancuchem.com\/?post_type=product&#038;p=5021"},"modified":"2025-07-25T08:09:51","modified_gmt":"2025-07-25T08:09:51","slug":"ethyl-caprylate","status":"publish","type":"product","link":"https:\/\/jinancuchem.com\/fr\/produit\/ethyl-caprylate\/","title":{"rendered":"Caprylate d'\u00e9thyle"},"content":{"rendered":"<p>\u3010CAS\u3011106-32-1<\/p>\n<p>Alias : Octanoate d'\u00e9thyle<br \/>\nFormule mol\u00e9culaire : C<sub>10<\/sub>H<sub>20<\/sub>O<sub>2<\/sub>\u00a0\u00a0Masse mol\u00e9culaire relative : 172,26<\/p>\n<p>Formule structurelle :<img alt=\"\" decoding=\"async\" class=\"alignnone size-medium wp-image-5026\" src=\"https:\/\/jinancuchem.com\/wp-content\/uploads\/2025\/07\/\u56fe\u724791-300x66.png\" width=\"300\" height=\"66\" srcset=\"https:\/\/jinancuchem.com\/wp-content\/uploads\/2025\/07\/\u56fe\u724791-300x66.png 300w, https:\/\/jinancuchem.com\/wp-content\/uploads\/2025\/07\/\u56fe\u724791-18x4.png 18w, https:\/\/jinancuchem.com\/wp-content\/uploads\/2025\/07\/\u56fe\u724791.png 354w\" sizes=\"(max-width: 300px) 100vw, 300px\" \/><\/p>\n<p>&nbsp;<\/p>\n<h4>1.Propri\u00e9t\u00e9 du produit<\/h4>\n<p>Le caprylate d'\u00e9thyle est un liquide incolore \u00e0 l'ar\u00f4me de brandy. Il est principalement utilis\u00e9 dans la production d'assaisonnements et d'\u00e9pices.<\/p>\n<p>&nbsp;<\/p>\n<h4>2.<\/h4>\n<table>\n<tbody>\n<tr>\n<td><strong><b>Param\u00e8tres<\/b><\/strong><\/td>\n<td><strong><b>Qualit\u00e9 industrielle<\/b><\/strong><\/td>\n<td><strong><b>Qualit\u00e9 alimentaire (FEMA 2449)<\/b><\/strong><\/td>\n<\/tr>\n<tr>\n<td><strong><b>La puret\u00e9<\/b><\/strong><\/td>\n<td>\u226598.0%<\/td>\n<td>\u226599.0%<\/td>\n<\/tr>\n<tr>\n<td><strong><b>Apparence<\/b><\/strong><\/td>\n<td>Liquide incolore<\/td>\n<td>Liquide incolore<\/td>\n<\/tr>\n<tr>\n<td><strong><b>Odeur<\/b><\/strong><\/td>\n<td>Fruit\u00e9 (noix de coco\/ananas)<\/td>\n<td>Fort, doux<\/td>\n<\/tr>\n<tr>\n<td><strong><b>Valeur acide<\/b><\/strong><\/td>\n<td>\u22641,0 mg KOH\/g<\/td>\n<td>\u22640,5 mg KOH\/g<\/td>\n<\/tr>\n<tr>\n<td><strong><b>Indice de r\u00e9fraction (20\u00b0C)<\/b><\/strong><\/td>\n<td>1.417-1.421<\/td>\n<td>1.418-1.420<\/td>\n<\/tr>\n<tr>\n<td><strong><b>Densit\u00e9 (20\u00b0C)<\/b><\/strong><\/td>\n<td>0,862-0,868 g\/cm\u00b3<\/td>\n<td>0,863-0,867 g\/cm\u00b3<\/td>\n<\/tr>\n<tr>\n<td><strong><b>M\u00e9taux lourds (Pb)<\/b><\/strong><\/td>\n<td>\u22645 ppm<\/td>\n<td>\u22642 ppm<\/td>\n<\/tr>\n<\/tbody>\n<\/table>\n<p>&nbsp;<\/p>\n<h4>3. Champ d'application et utilisation<\/h4>\n<p>Le caprylate d'\u00e9thyle est largement utilis\u00e9 comme ar\u00f4me alimentaire (boissons, bonbons, produits laitiers), comme ingr\u00e9dient de parfum (savons, parfums) et comme exhausteur de boissons alcoolis\u00e9es (vins, spiritueux) pour son ar\u00f4me doux et fruit\u00e9 (ananas\/coco). Il est \u00e9galement utilis\u00e9 dans les ar\u00f4mes de tabac et les sirops pharmaceutiques.<\/p>\n<p>&nbsp;<\/p>\n<h4>4. l'emballage et le stockage<\/h4>\n<p>Le caprylate d'\u00e9thyle est conditionn\u00e9 dans des f\u00fbts de 25 kg en aluminium ou en acier inoxydable. Pour les produits de qualit\u00e9 alimentaire, ils doivent \u00eatre recouverts d'un film PE. Stocker dans un endroit frais et sombre (&lt; 25\u2103), loin des sources de feu et des oxydants. Fermer herm\u00e9tiquement pour \u00e9viter l&#039;\u00e9vaporation. La dur\u00e9e de conservation est de 24 mois.<\/p>","protected":false},"excerpt":{"rendered":"<p>\u3010CAS\u3011106-32-1 Alias:\u00a0Etheyl Octanoat Molecular formula: C10H20O2\u00a0\u00a0Relative molecular mass: 172.26 Structural formula: &nbsp; 1.Product Property Ethyl Caprylate is a colorless liquid with a brandy-like aroma. It is mainly used in the production of seasonings and spices. &nbsp; 2. Parameter Industrial Grade Food Grade (FEMA 2449) Purity \u226598.0% \u226599.0% Appearance Colorless liquid Colorless liquid Odor Fruity (coconut\/pineapple) [&hellip;]<\/p>\n","protected":false},"featured_media":5028,"template":"","meta":{"_seopress_robots_primary_cat":"","_seopress_titles_title":"","_seopress_titles_desc":"","_seopress_robots_index":"","_uag_custom_page_level_css":"","site-sidebar-layout":"default","site-content-layout":"","ast-site-content-layout":"default","site-content-style":"default","site-sidebar-style":"default","ast-global-header-display":"","ast-banner-title-visibility":"","ast-main-header-display":"","ast-hfb-above-header-display":"","ast-hfb-below-header-display":"","ast-hfb-mobile-header-display":"","site-post-title":"","ast-breadcrumbs-content":"","ast-featured-img":"","footer-sml-layout":"","theme-transparent-header-meta":"default","adv-header-id-meta":"","stick-header-meta":"default","header-above-stick-meta":"","header-main-stick-meta":"","header-below-stick-meta":"","astra-migrate-meta-layouts":"set","ast-page-background-enabled":"default","ast-page-background-meta":{"desktop":{"background-color":"","background-image":"","background-repeat":"repeat","background-position":"center center","background-size":"auto","background-attachment":"scroll","background-type":"","background-media":"","overlay-type":"","overlay-color":"","overlay-opacity":"","overlay-gradient":""},"tablet":{"background-color":"","background-image":"","background-repeat":"repeat","background-position":"center center","background-size":"auto","background-attachment":"scroll","background-type":"","background-media":"","overlay-type":"","overlay-color":"","overlay-opacity":"","overlay-gradient":""},"mobile":{"background-color":"","background-image":"","background-repeat":"repeat","background-position":"center center","background-size":"auto","background-attachment":"scroll","background-type":"","background-media":"","overlay-type":"","overlay-color":"","overlay-opacity":"","overlay-gradient":""}},"ast-content-background-meta":{"desktop":{"background-color":"var(--ast-global-color-5)","background-image":"","background-repeat":"repeat","background-position":"center center","background-size":"auto","background-attachment":"scroll","background-type":"","background-media":"","overlay-type":"","overlay-color":"","overlay-opacity":"","overlay-gradient":""},"tablet":{"background-color":"var(--ast-global-color-5)","background-image":"","background-repeat":"repeat","background-position":"center center","background-size":"auto","background-attachment":"scroll","background-type":"","background-media":"","overlay-type":"","overlay-color":"","overlay-opacity":"","overlay-gradient":""},"mobile":{"background-color":"var(--ast-global-color-5)","background-image":"","background-repeat":"repeat","background-position":"center center","background-size":"auto","background-attachment":"scroll","background-type":"","background-media":"","overlay-type":"","overlay-color":"","overlay-opacity":"","overlay-gradient":""}}},"product_brand":[],"product_cat":[67],"product_tag":[],"class_list":{"0":"post-5021","1":"product","2":"type-product","3":"status-publish","4":"has-post-thumbnail","6":"product_cat-food-additives","7":"desktop-align-left","8":"tablet-align-left","9":"mobile-align-left","10":"ast-product-gallery-layout-horizontal-slider","11":"ast-product-gallery-with-no-image","12":"ast-product-tabs-layout-horizontal","14":"first","15":"instock","16":"shipping-taxable","17":"product-type-simple"},"uagb_featured_image_src":{"full":["https:\/\/jinancuchem.com\/wp-content\/uploads\/2025\/07\/91.png",800,800,false],"thumbnail":["https:\/\/jinancuchem.com\/wp-content\/uploads\/2025\/07\/91-150x150.png",150,150,true],"medium":["https:\/\/jinancuchem.com\/wp-content\/uploads\/2025\/07\/91-300x300.png",300,300,true],"medium_large":["https:\/\/jinancuchem.com\/wp-content\/uploads\/2025\/07\/91-768x768.png",768,768,true],"large":["https:\/\/jinancuchem.com\/wp-content\/uploads\/2025\/07\/91.png",800,800,false],"1536x1536":["https:\/\/jinancuchem.com\/wp-content\/uploads\/2025\/07\/91.png",800,800,false],"2048x2048":["https:\/\/jinancuchem.com\/wp-content\/uploads\/2025\/07\/91.png",800,800,false],"trp-custom-language-flag":["https:\/\/jinancuchem.com\/wp-content\/uploads\/2025\/07\/91-12x12.png",12,12,true],"woocommerce_thumbnail":["https:\/\/jinancuchem.com\/wp-content\/uploads\/2025\/07\/91-300x300.png",300,300,true],"woocommerce_single":["https:\/\/jinancuchem.com\/wp-content\/uploads\/2025\/07\/91-500x500.png",500,500,true],"woocommerce_gallery_thumbnail":["https:\/\/jinancuchem.com\/wp-content\/uploads\/2025\/07\/91-100x100.png",100,100,true]},"uagb_author_info":{"display_name":"jinxing6611@gmail.com","author_link":"https:\/\/jinancuchem.com\/fr\/author\/"},"uagb_comment_info":0,"uagb_excerpt":"\u3010CAS\u3011106-32-1 Alias:\u00a0Etheyl Octanoat Molecular formula: C10H20O2\u00a0\u00a0Relative molecular mass: 172.26 Structural formula: &nbsp; 1.Product Property Ethyl Caprylate is a colorless liquid with a brandy-like aroma. It is mainly used in the production of seasonings and spices. &nbsp; 2. Parameter Industrial Grade Food Grade (FEMA 2449) Purity \u226598.0% \u226599.0% Appearance Colorless liquid Colorless liquid Odor Fruity (coconut\/pineapple)\u2026","_links":{"self":[{"href":"https:\/\/jinancuchem.com\/fr\/wp-json\/wp\/v2\/product\/5021","targetHints":{"allow":["GET"]}}],"collection":[{"href":"https:\/\/jinancuchem.com\/fr\/wp-json\/wp\/v2\/product"}],"about":[{"href":"https:\/\/jinancuchem.com\/fr\/wp-json\/wp\/v2\/types\/product"}],"wp:featuredmedia":[{"embeddable":true,"href":"https:\/\/jinancuchem.com\/fr\/wp-json\/wp\/v2\/media\/5028"}],"wp:attachment":[{"href":"https:\/\/jinancuchem.com\/fr\/wp-json\/wp\/v2\/media?parent=5021"}],"wp:term":[{"taxonomy":"product_brand","embeddable":true,"href":"https:\/\/jinancuchem.com\/fr\/wp-json\/wp\/v2\/product_brand?post=5021"},{"taxonomy":"product_cat","embeddable":true,"href":"https:\/\/jinancuchem.com\/fr\/wp-json\/wp\/v2\/product_cat?post=5021"},{"taxonomy":"product_tag","embeddable":true,"href":"https:\/\/jinancuchem.com\/fr\/wp-json\/wp\/v2\/product_tag?post=5021"}],"curies":[{"name":"wp","href":"https:\/\/api.w.org\/{rel}","templated":true}]}}