{"id":5030,"date":"2025-07-25T08:11:31","date_gmt":"2025-07-25T08:11:31","guid":{"rendered":"https:\/\/jinancuchem.com\/?post_type=product&#038;p=5030"},"modified":"2025-07-25T08:11:31","modified_gmt":"2025-07-25T08:11:31","slug":"ethyl-caprate","status":"publish","type":"product","link":"https:\/\/jinancuchem.com\/fr\/produit\/ethyl-caprate\/","title":{"rendered":"Caprate d'\u00e9thyle"},"content":{"rendered":"<p>\u3010CAS\u3011110-38-3<\/p>\n<p>Alias : ester \u00e9thylique de l'acide d\u00e9cano\u00efque ; ester \u00e9thylique de l'acide caprique ; ester \u00e9thylique de l'acide d\u00e9cano\u00efque<br \/>\nFormule mol\u00e9culaire : C<sub>12<\/sub>H<sub>24<\/sub>O<sub>2<\/sub>\u00a0\u00a0Masse mol\u00e9culaire relative : 200.3178 Formule structurelle : <img alt=\"\" decoding=\"async\" class=\"alignnone size-medium wp-image-5034\" src=\"https:\/\/jinancuchem.com\/wp-content\/uploads\/2025\/07\/\u56fe\u724792-300x55.png\" width=\"300\" height=\"55\" srcset=\"https:\/\/jinancuchem.com\/wp-content\/uploads\/2025\/07\/\u56fe\u724792-300x55.png 300w, https:\/\/jinancuchem.com\/wp-content\/uploads\/2025\/07\/\u56fe\u724792-18x3.png 18w, https:\/\/jinancuchem.com\/wp-content\/uploads\/2025\/07\/\u56fe\u724792.png 423w\" sizes=\"(max-width: 300px) 100vw, 300px\" \/><\/p>\n<p>&nbsp;<\/p>\n<h4>1.Propri\u00e9t\u00e9 du produit<\/h4>\n<p>Le caprate d'\u00e9thyle est un liquide huileux transparent et incolore. Il ne se dissout pas dans l'eau, le glyc\u00e9rol ou le propyl\u00e8ne glycol \u00e0 temp\u00e9rature ambiante, mais il est soluble dans l'\u00e9thanol, l'\u00e9ther et le chloroforme.<\/p>\n<p>&nbsp;<\/p>\n<h4>2.<\/h4>\n<table>\n<tbody>\n<tr>\n<td><strong><b>Param\u00e8tres<\/b><\/strong><\/td>\n<td><strong><b>Qualit\u00e9 industrielle<\/b><\/strong><\/td>\n<td><strong><b>Qualit\u00e9 alimentaire (FEMA 2432)<\/b><\/strong><\/td>\n<\/tr>\n<tr>\n<td><strong><b>La puret\u00e9<\/b><\/strong><\/td>\n<td>\u226597.0%<\/td>\n<td>\u226598.5%<\/td>\n<\/tr>\n<tr>\n<td><strong><b>Apparence<\/b><\/strong><\/td>\n<td>Liquide incolore<\/td>\n<td>Liquide incolore<\/td>\n<\/tr>\n<tr>\n<td><strong><b>Odeur<\/b><\/strong><\/td>\n<td>Cireux, fruit\u00e9<\/td>\n<td>Propre comme le vin<\/td>\n<\/tr>\n<tr>\n<td><strong><b>Valeur acide<\/b><\/strong><\/td>\n<td>\u22641,0 mg KOH\/g<\/td>\n<td>\u22640,5 mg KOH\/g<\/td>\n<\/tr>\n<tr>\n<td><strong><b>Indice de r\u00e9fraction (20\u00b0C)<\/b><\/strong><\/td>\n<td>1.424-1.428<\/td>\n<td>1.425-1.427<\/td>\n<\/tr>\n<tr>\n<td><strong><b>Densit\u00e9 (20\u00b0C)<\/b><\/strong><\/td>\n<td>0,862-0,868 g\/cm\u00b3<\/td>\n<td>0,863-0,867 g\/cm\u00b3<\/td>\n<\/tr>\n<tr>\n<td><strong><b>M\u00e9taux lourds (Pb)<\/b><\/strong><\/td>\n<td>\u22645 ppm<\/td>\n<td>\u22642 ppm<\/td>\n<\/tr>\n<\/tbody>\n<\/table>\n<p>&nbsp;<\/p>\n<h4>3. Champ d'application et utilisation<\/h4>\n<p>Le caproate d'\u00e9thyle est principalement utilis\u00e9 dans le domaine des ar\u00f4mes alimentaires. Il peut simuler les parfums de fruits tels que la noix de coco, la poire et le brandy. Lorsqu'il est utilis\u00e9 comme composant aromatique dans une liqueur, il peut renforcer la pl\u00e9nitude de la liqueur et donner un ar\u00f4me similaire \u00e0 celui du brandy. En outre, sa structure ester est souvent utilis\u00e9e dans la formulation de parfums, d'ar\u00f4mes \u00e0 base de savon et d'autres produits chimiques quotidiens.<\/p>\n<p>&nbsp;<\/p>\n<h4>4. l'emballage et le stockage<\/h4>\n<p>Le caproate d'\u00e9thyle est conditionn\u00e9 dans des f\u00fbts en aluminium de 25 kg ou des f\u00fbts en fer galvanis\u00e9. Pour les produits de qualit\u00e9 alimentaire, ils doivent \u00eatre recouverts d'un film PE. Stocker dans un endroit frais et sombre (&lt; 25\u2103), loin des sources de feu et des oxydants. Fermer herm\u00e9tiquement pour \u00e9viter l&#039;\u00e9vaporation. La dur\u00e9e de conservation est de 24 mois.<\/p>","protected":false},"excerpt":{"rendered":"<p>\u3010CAS\u3011110-38-3 Alias: Ethyl ester of Decanoic acid;\u00a0Capric acid ethyl ester;Decanoic acid ethyl ester Molecular formula: C12H24O2\u00a0\u00a0Relative molecular mass: 200.3178 Structural formula: &nbsp; 1.Product Property Ethyl Caprate is a colorless transparent oily liquid. It does not dissolve in water, glycerol or propylene glycol at room temperature, but it is soluble in ethanol, ether and chloroform. &nbsp; [&hellip;]<\/p>\n","protected":false},"featured_media":5037,"template":"","meta":{"_seopress_robots_primary_cat":"","_seopress_titles_title":"","_seopress_titles_desc":"","_seopress_robots_index":"","_uag_custom_page_level_css":"","site-sidebar-layout":"default","site-content-layout":"","ast-site-content-layout":"default","site-content-style":"default","site-sidebar-style":"default","ast-global-header-display":"","ast-banner-title-visibility":"","ast-main-header-display":"","ast-hfb-above-header-display":"","ast-hfb-below-header-display":"","ast-hfb-mobile-header-display":"","site-post-title":"","ast-breadcrumbs-content":"","ast-featured-img":"","footer-sml-layout":"","theme-transparent-header-meta":"default","adv-header-id-meta":"","stick-header-meta":"default","header-above-stick-meta":"","header-main-stick-meta":"","header-below-stick-meta":"","astra-migrate-meta-layouts":"set","ast-page-background-enabled":"default","ast-page-background-meta":{"desktop":{"background-color":"","background-image":"","background-repeat":"repeat","background-position":"center center","background-size":"auto","background-attachment":"scroll","background-type":"","background-media":"","overlay-type":"","overlay-color":"","overlay-opacity":"","overlay-gradient":""},"tablet":{"background-color":"","background-image":"","background-repeat":"repeat","background-position":"center center","background-size":"auto","background-attachment":"scroll","background-type":"","background-media":"","overlay-type":"","overlay-color":"","overlay-opacity":"","overlay-gradient":""},"mobile":{"background-color":"","background-image":"","background-repeat":"repeat","background-position":"center center","background-size":"auto","background-attachment":"scroll","background-type":"","background-media":"","overlay-type":"","overlay-color":"","overlay-opacity":"","overlay-gradient":""}},"ast-content-background-meta":{"desktop":{"background-color":"var(--ast-global-color-5)","background-image":"","background-repeat":"repeat","background-position":"center center","background-size":"auto","background-attachment":"scroll","background-type":"","background-media":"","overlay-type":"","overlay-color":"","overlay-opacity":"","overlay-gradient":""},"tablet":{"background-color":"var(--ast-global-color-5)","background-image":"","background-repeat":"repeat","background-position":"center center","background-size":"auto","background-attachment":"scroll","background-type":"","background-media":"","overlay-type":"","overlay-color":"","overlay-opacity":"","overlay-gradient":""},"mobile":{"background-color":"var(--ast-global-color-5)","background-image":"","background-repeat":"repeat","background-position":"center center","background-size":"auto","background-attachment":"scroll","background-type":"","background-media":"","overlay-type":"","overlay-color":"","overlay-opacity":"","overlay-gradient":""}}},"product_brand":[],"product_cat":[67],"product_tag":[],"class_list":{"0":"post-5030","1":"product","2":"type-product","3":"status-publish","4":"has-post-thumbnail","6":"product_cat-food-additives","7":"desktop-align-left","8":"tablet-align-left","9":"mobile-align-left","10":"ast-product-gallery-layout-horizontal-slider","11":"ast-product-gallery-with-no-image","12":"ast-product-tabs-layout-horizontal","14":"first","15":"instock","16":"shipping-taxable","17":"product-type-simple"},"uagb_featured_image_src":{"full":["https:\/\/jinancuchem.com\/wp-content\/uploads\/2025\/07\/92.png",800,800,false],"thumbnail":["https:\/\/jinancuchem.com\/wp-content\/uploads\/2025\/07\/92-150x150.png",150,150,true],"medium":["https:\/\/jinancuchem.com\/wp-content\/uploads\/2025\/07\/92-300x300.png",300,300,true],"medium_large":["https:\/\/jinancuchem.com\/wp-content\/uploads\/2025\/07\/92-768x768.png",768,768,true],"large":["https:\/\/jinancuchem.com\/wp-content\/uploads\/2025\/07\/92.png",800,800,false],"1536x1536":["https:\/\/jinancuchem.com\/wp-content\/uploads\/2025\/07\/92.png",800,800,false],"2048x2048":["https:\/\/jinancuchem.com\/wp-content\/uploads\/2025\/07\/92.png",800,800,false],"trp-custom-language-flag":["https:\/\/jinancuchem.com\/wp-content\/uploads\/2025\/07\/92-12x12.png",12,12,true],"woocommerce_thumbnail":["https:\/\/jinancuchem.com\/wp-content\/uploads\/2025\/07\/92-300x300.png",300,300,true],"woocommerce_single":["https:\/\/jinancuchem.com\/wp-content\/uploads\/2025\/07\/92-500x500.png",500,500,true],"woocommerce_gallery_thumbnail":["https:\/\/jinancuchem.com\/wp-content\/uploads\/2025\/07\/92-100x100.png",100,100,true]},"uagb_author_info":{"display_name":"jinxing6611@gmail.com","author_link":"https:\/\/jinancuchem.com\/fr\/author\/"},"uagb_comment_info":0,"uagb_excerpt":"\u3010CAS\u3011110-38-3 Alias: Ethyl ester of Decanoic acid;\u00a0Capric acid ethyl ester;Decanoic acid ethyl ester Molecular formula: C12H24O2\u00a0\u00a0Relative molecular mass: 200.3178 Structural formula: &nbsp; 1.Product Property Ethyl Caprate is a colorless transparent oily liquid. It does not dissolve in water, glycerol or propylene glycol at room temperature, but it is soluble in ethanol, ether and chloroform. &nbsp;\u2026","_links":{"self":[{"href":"https:\/\/jinancuchem.com\/fr\/wp-json\/wp\/v2\/product\/5030","targetHints":{"allow":["GET"]}}],"collection":[{"href":"https:\/\/jinancuchem.com\/fr\/wp-json\/wp\/v2\/product"}],"about":[{"href":"https:\/\/jinancuchem.com\/fr\/wp-json\/wp\/v2\/types\/product"}],"wp:featuredmedia":[{"embeddable":true,"href":"https:\/\/jinancuchem.com\/fr\/wp-json\/wp\/v2\/media\/5037"}],"wp:attachment":[{"href":"https:\/\/jinancuchem.com\/fr\/wp-json\/wp\/v2\/media?parent=5030"}],"wp:term":[{"taxonomy":"product_brand","embeddable":true,"href":"https:\/\/jinancuchem.com\/fr\/wp-json\/wp\/v2\/product_brand?post=5030"},{"taxonomy":"product_cat","embeddable":true,"href":"https:\/\/jinancuchem.com\/fr\/wp-json\/wp\/v2\/product_cat?post=5030"},{"taxonomy":"product_tag","embeddable":true,"href":"https:\/\/jinancuchem.com\/fr\/wp-json\/wp\/v2\/product_tag?post=5030"}],"curies":[{"name":"wp","href":"https:\/\/api.w.org\/{rel}","templated":true}]}}