{"id":5038,"date":"2025-07-25T08:13:11","date_gmt":"2025-07-25T08:13:11","guid":{"rendered":"https:\/\/jinancuchem.com\/?post_type=product&#038;p=5038"},"modified":"2025-07-25T08:13:11","modified_gmt":"2025-07-25T08:13:11","slug":"ethyl-lactate","status":"publish","type":"product","link":"https:\/\/jinancuchem.com\/fr\/produit\/ethyl-lactate\/","title":{"rendered":"Lactate d'\u00e9thyle"},"content":{"rendered":"<p>\u3010CAS\u301197-64-3<\/p>\n<p>Alias : DL-Ethyl Ethyl rac-lactate ; 2-Hydroxypropionic acid ethyl;Lactic acid ethyl<br \/>\nFormule mol\u00e9culaire : C<sub>5<\/sub>H<sub>10<\/sub>O<sub>3 <\/sub>\u00a0Masse mol\u00e9culaire relative : 118.1311 Formule structurelle : <img alt=\"\" decoding=\"async\" class=\"alignnone size-full wp-image-5043\" src=\"https:\/\/jinancuchem.com\/wp-content\/uploads\/2025\/07\/\u56fe\u724793.png\" width=\"180\" height=\"118\" srcset=\"https:\/\/jinancuchem.com\/wp-content\/uploads\/2025\/07\/\u56fe\u724793.png 180w, https:\/\/jinancuchem.com\/wp-content\/uploads\/2025\/07\/\u56fe\u724793-18x12.png 18w\" sizes=\"(max-width: 180px) 100vw, 180px\" \/><\/p>\n<p>&nbsp;<\/p>\n<h4>1.Propri\u00e9t\u00e9 du produit<\/h4>\n<p>Le lactate d'\u00e9thyle est un liquide transparent incolore \u00e0 l\u00e9g\u00e8rement jaune. Il est tr\u00e8s soluble dans les solvants \u00e0 base d'esters et dans d'autres solvants organiques. M\u00e9lang\u00e9 \u00e0 l'eau, il subit une hydrolyse partielle.<\/p>\n<p>&nbsp;<\/p>\n<h4>2.<\/h4>\n<table>\n<tbody>\n<tr>\n<td><strong><b>Param\u00e8tres<\/b><\/strong><\/td>\n<td><strong><b>Qualit\u00e9 industrielle<\/b><\/strong><\/td>\n<td><strong><b>Qualit\u00e9 alimentaire (FEMA 2440)<\/b><\/strong><\/td>\n<\/tr>\n<tr>\n<td><strong><b>La puret\u00e9<\/b><\/strong><\/td>\n<td>\u226598.0%<\/td>\n<td>\u226599.0%<\/td>\n<\/tr>\n<tr>\n<td><strong><b>Apparence<\/b><\/strong><\/td>\n<td>Liquide incolore<\/td>\n<td>Liquide incolore<\/td>\n<\/tr>\n<tr>\n<td><strong><b>Valeur acide<\/b><\/strong><\/td>\n<td>\u22640,5 mg KOH\/g<\/td>\n<td>\u22640,2 mg KOH\/g<\/td>\n<\/tr>\n<tr>\n<td><strong><b>Teneur en eau<\/b><\/strong><\/td>\n<td>\u22640.2%<\/td>\n<td>\u22640.1%<\/td>\n<\/tr>\n<tr>\n<td><strong><b>Densit\u00e9 (20\u00b0C)<\/b><\/strong><\/td>\n<td>1,020-1,032 g\/cm\u00b3<\/td>\n<td>1,025-1,030 g\/cm\u00b3<\/td>\n<\/tr>\n<tr>\n<td><strong><b>M\u00e9taux lourds (Pb)<\/b><\/strong><\/td>\n<td>\u22645 ppm<\/td>\n<td>\u22642 ppm<\/td>\n<\/tr>\n<\/tbody>\n<\/table>\n<p>&nbsp;<\/p>\n<h4>3. Champ d'application et utilisation<\/h4>\n<p>Le lactate d'\u00e9thyle est principalement utilis\u00e9 dans les formules d'ar\u00f4mes alimentaires, par exemple pour le m\u00e9lange d'ar\u00f4mes de pomme, d'ananas et de caramel, et il est \u00e9galement utilis\u00e9 dans les boissons alcoolis\u00e9es comme le rhum et le vin blanc. Dans l'industrie, il peut \u00eatre utilis\u00e9 comme solvant pour les esters de cellulose, les r\u00e9sines et les peintures, et dans le domaine pharmaceutique, il est utilis\u00e9 comme interm\u00e9diaire de synth\u00e8se.<\/p>\n<p>&nbsp;<\/p>\n<h4>4. l'emballage et le stockage<\/h4>\n<p>L'ester \u00e9thylique d'acide lactique est conditionn\u00e9 en f\u00fbts de 25 kg en plastique (HDPE) ou en acier inoxydable. Pour les produits de qualit\u00e9 alimentaire, un rev\u00eatement int\u00e9rieur protecteur est n\u00e9cessaire. Stocker dans un endroit frais et sec (&lt;25\u2103), fermer herm\u00e9tiquement pour \u00e9viter l&#039;humidit\u00e9, et tenir \u00e0 l&#039;\u00e9cart des sources de feu et des oxydants. La dur\u00e9e de conservation est de 24 mois.<\/p>","protected":false},"excerpt":{"rendered":"<p>\u3010CAS\u301197-64-3 Alias:\u00a0DL-Ethyl\u00a0Ethyl rac-lactate; 2-Hydroxypropionic acid ethyl;Lactic acid ethyl Molecular formula: C5H10O3 \u00a0Relative molecular mass: 118.1311 Structural formula: &nbsp; 1.Product Property Ethyl lactate is a colorless to slightly yellow transparent liquid. It is highly soluble in ester-based and other organic solvents. When mixed with water, it undergoes partial hydrolysis. &nbsp; 2. Parameter Industrial Grade Food Grade [&hellip;]<\/p>\n","protected":false},"featured_media":5045,"template":"","meta":{"_seopress_robots_primary_cat":"","_seopress_titles_title":"","_seopress_titles_desc":"","_seopress_robots_index":"","_uag_custom_page_level_css":"","site-sidebar-layout":"default","site-content-layout":"","ast-site-content-layout":"default","site-content-style":"default","site-sidebar-style":"default","ast-global-header-display":"","ast-banner-title-visibility":"","ast-main-header-display":"","ast-hfb-above-header-display":"","ast-hfb-below-header-display":"","ast-hfb-mobile-header-display":"","site-post-title":"","ast-breadcrumbs-content":"","ast-featured-img":"","footer-sml-layout":"","theme-transparent-header-meta":"default","adv-header-id-meta":"","stick-header-meta":"default","header-above-stick-meta":"","header-main-stick-meta":"","header-below-stick-meta":"","astra-migrate-meta-layouts":"set","ast-page-background-enabled":"default","ast-page-background-meta":{"desktop":{"background-color":"","background-image":"","background-repeat":"repeat","background-position":"center center","background-size":"auto","background-attachment":"scroll","background-type":"","background-media":"","overlay-type":"","overlay-color":"","overlay-opacity":"","overlay-gradient":""},"tablet":{"background-color":"","background-image":"","background-repeat":"repeat","background-position":"center center","background-size":"auto","background-attachment":"scroll","background-type":"","background-media":"","overlay-type":"","overlay-color":"","overlay-opacity":"","overlay-gradient":""},"mobile":{"background-color":"","background-image":"","background-repeat":"repeat","background-position":"center center","background-size":"auto","background-attachment":"scroll","background-type":"","background-media":"","overlay-type":"","overlay-color":"","overlay-opacity":"","overlay-gradient":""}},"ast-content-background-meta":{"desktop":{"background-color":"var(--ast-global-color-5)","background-image":"","background-repeat":"repeat","background-position":"center center","background-size":"auto","background-attachment":"scroll","background-type":"","background-media":"","overlay-type":"","overlay-color":"","overlay-opacity":"","overlay-gradient":""},"tablet":{"background-color":"var(--ast-global-color-5)","background-image":"","background-repeat":"repeat","background-position":"center center","background-size":"auto","background-attachment":"scroll","background-type":"","background-media":"","overlay-type":"","overlay-color":"","overlay-opacity":"","overlay-gradient":""},"mobile":{"background-color":"var(--ast-global-color-5)","background-image":"","background-repeat":"repeat","background-position":"center center","background-size":"auto","background-attachment":"scroll","background-type":"","background-media":"","overlay-type":"","overlay-color":"","overlay-opacity":"","overlay-gradient":""}}},"product_brand":[],"product_cat":[67],"product_tag":[],"class_list":{"0":"post-5038","1":"product","2":"type-product","3":"status-publish","4":"has-post-thumbnail","6":"product_cat-food-additives","7":"desktop-align-left","8":"tablet-align-left","9":"mobile-align-left","10":"ast-product-gallery-layout-horizontal-slider","11":"ast-product-gallery-with-no-image","12":"ast-product-tabs-layout-horizontal","14":"first","15":"instock","16":"shipping-taxable","17":"product-type-simple"},"uagb_featured_image_src":{"full":["https:\/\/jinancuchem.com\/wp-content\/uploads\/2025\/07\/93.png",800,800,false],"thumbnail":["https:\/\/jinancuchem.com\/wp-content\/uploads\/2025\/07\/93-150x150.png",150,150,true],"medium":["https:\/\/jinancuchem.com\/wp-content\/uploads\/2025\/07\/93-300x300.png",300,300,true],"medium_large":["https:\/\/jinancuchem.com\/wp-content\/uploads\/2025\/07\/93-768x768.png",768,768,true],"large":["https:\/\/jinancuchem.com\/wp-content\/uploads\/2025\/07\/93.png",800,800,false],"1536x1536":["https:\/\/jinancuchem.com\/wp-content\/uploads\/2025\/07\/93.png",800,800,false],"2048x2048":["https:\/\/jinancuchem.com\/wp-content\/uploads\/2025\/07\/93.png",800,800,false],"trp-custom-language-flag":["https:\/\/jinancuchem.com\/wp-content\/uploads\/2025\/07\/93-12x12.png",12,12,true],"woocommerce_thumbnail":["https:\/\/jinancuchem.com\/wp-content\/uploads\/2025\/07\/93-300x300.png",300,300,true],"woocommerce_single":["https:\/\/jinancuchem.com\/wp-content\/uploads\/2025\/07\/93-500x500.png",500,500,true],"woocommerce_gallery_thumbnail":["https:\/\/jinancuchem.com\/wp-content\/uploads\/2025\/07\/93-100x100.png",100,100,true]},"uagb_author_info":{"display_name":"jinxing6611@gmail.com","author_link":"https:\/\/jinancuchem.com\/fr\/author\/"},"uagb_comment_info":0,"uagb_excerpt":"\u3010CAS\u301197-64-3 Alias:\u00a0DL-Ethyl\u00a0Ethyl rac-lactate; 2-Hydroxypropionic acid ethyl;Lactic acid ethyl Molecular formula: C5H10O3 \u00a0Relative molecular mass: 118.1311 Structural formula: &nbsp; 1.Product Property Ethyl lactate is a colorless to slightly yellow transparent liquid. It is highly soluble in ester-based and other organic solvents. When mixed with water, it undergoes partial hydrolysis. &nbsp; 2. Parameter Industrial Grade Food Grade\u2026","_links":{"self":[{"href":"https:\/\/jinancuchem.com\/fr\/wp-json\/wp\/v2\/product\/5038","targetHints":{"allow":["GET"]}}],"collection":[{"href":"https:\/\/jinancuchem.com\/fr\/wp-json\/wp\/v2\/product"}],"about":[{"href":"https:\/\/jinancuchem.com\/fr\/wp-json\/wp\/v2\/types\/product"}],"wp:featuredmedia":[{"embeddable":true,"href":"https:\/\/jinancuchem.com\/fr\/wp-json\/wp\/v2\/media\/5045"}],"wp:attachment":[{"href":"https:\/\/jinancuchem.com\/fr\/wp-json\/wp\/v2\/media?parent=5038"}],"wp:term":[{"taxonomy":"product_brand","embeddable":true,"href":"https:\/\/jinancuchem.com\/fr\/wp-json\/wp\/v2\/product_brand?post=5038"},{"taxonomy":"product_cat","embeddable":true,"href":"https:\/\/jinancuchem.com\/fr\/wp-json\/wp\/v2\/product_cat?post=5038"},{"taxonomy":"product_tag","embeddable":true,"href":"https:\/\/jinancuchem.com\/fr\/wp-json\/wp\/v2\/product_tag?post=5038"}],"curies":[{"name":"wp","href":"https:\/\/api.w.org\/{rel}","templated":true}]}}