{"id":5094,"date":"2025-07-25T08:32:57","date_gmt":"2025-07-25T08:32:57","guid":{"rendered":"https:\/\/jinancuchem.com\/?post_type=product&#038;p=5094"},"modified":"2025-07-25T08:32:57","modified_gmt":"2025-07-25T08:32:57","slug":"hexanoic-acid","status":"publish","type":"product","link":"https:\/\/jinancuchem.com\/fr\/produit\/hexanoic-acid\/","title":{"rendered":"Acide hexano\u00efque"},"content":{"rendered":"<p>\u3010CAS\u3011142-62-1<\/p>\n<p>Alias : ACIDE PENTYLFORMIQUE;ACIDE PENTANE-1-CARBOXYLIQUE;ACIDE N-HEXANO\u00cfQUE<\/p>\n<p>Formule mol\u00e9culaire : C<sub>6<\/sub>H<sub>12<\/sub>O<sub>2<\/sub><\/p>\n<p>Masse mol\u00e9culaire relative : 116,16<\/p>\n<p>Formule structurelle : <img alt=\"\" decoding=\"async\" class=\"alignnone size-full wp-image-5102\" src=\"https:\/\/jinancuchem.com\/wp-content\/uploads\/2025\/07\/\u56fe\u724798.png\" width=\"230\" height=\"78\" srcset=\"https:\/\/jinancuchem.com\/wp-content\/uploads\/2025\/07\/\u56fe\u724798.png 230w, https:\/\/jinancuchem.com\/wp-content\/uploads\/2025\/07\/\u56fe\u724798-18x6.png 18w\" sizes=\"(max-width: 230px) 100vw, 230px\" \/><\/p>\n<p>&nbsp;<\/p>\n<h4>1.Propri\u00e9t\u00e9 du produit<\/h4>\n<p>L'acide hexano\u00efque est un compos\u00e9 organique. C'est un liquide incolore qui ne se dissout pas dans l'eau. Il peut \u00eatre m\u00e9lang\u00e9 \u00e0 des solvants organiques tels que l'\u00e9thanol, l'\u00e9ther, l'ac\u00e9tone, le chloroforme et le benz\u00e8ne. Il est couramment utilis\u00e9 comme agent aromatique comestible, principalement dans les fromages, les cr\u00e8mes et les ar\u00f4mes de fruits.<\/p>\n<p>&nbsp;<\/p>\n<h4>2.<\/h4>\n<table>\n<tbody>\n<tr>\n<td><strong><b>Param\u00e8tres<\/b><\/strong><\/td>\n<td><strong><b>Qualit\u00e9 industrielle<\/b><\/strong><\/td>\n<td><strong><b>Qualit\u00e9 alimentaire (FEMA 2559)<\/b><\/strong><\/td>\n<\/tr>\n<tr>\n<td><strong><b>La puret\u00e9<\/b><\/strong><\/td>\n<td>\u226599.0%<\/td>\n<td>\u226599.5%<\/td>\n<\/tr>\n<tr>\n<td><strong><b>Apparence<\/b><\/strong><\/td>\n<td>Liquide incolore<\/td>\n<td>Liquide incolore<\/td>\n<\/tr>\n<tr>\n<td><strong><b>Odeur<\/b><\/strong><\/td>\n<td>Piquant, gras<\/td>\n<td>Caract\u00e9ristique<\/td>\n<\/tr>\n<tr>\n<td><strong><b>Valeur acide<\/b><\/strong><\/td>\n<td>475-485 mg KOH\/g<\/td>\n<td>478-483 mg KOH\/g<\/td>\n<\/tr>\n<tr>\n<td><strong><b>Indice de r\u00e9fraction (20\u00b0C)<\/b><\/strong><\/td>\n<td>1.415-1.419<\/td>\n<td>1.416-1.418<\/td>\n<\/tr>\n<tr>\n<td><strong><b>Densit\u00e9 (20\u00b0C)<\/b><\/strong><\/td>\n<td>0,920-0,930 g\/cm\u00b3<\/td>\n<td>0,925-0,928 g\/cm\u00b3<\/td>\n<\/tr>\n<tr>\n<td><strong><b>M\u00e9taux lourds (Pb)<\/b><\/strong><\/td>\n<td>\u22645 ppm<\/td>\n<td>\u22642 ppm<\/td>\n<\/tr>\n<\/tbody>\n<\/table>\n<p>&nbsp;<\/p>\n<h4>3. Champ d'application et utilisation<\/h4>\n<p>L'acide hexano\u00efque est un acide organique important, principalement utilis\u00e9 dans les ar\u00f4mes alimentaires (pour le m\u00e9lange de fromage, les ar\u00f4mes de fruits, FEMA 2559), les interm\u00e9diaires pharmaceutiques (pour la synth\u00e8se de m\u00e9dicaments), les additifs alimentaires (pour la conservation et la promotion de la croissance) et les domaines industriels (lubrifiants, additifs pour le traitement du caoutchouc). Ses propri\u00e9t\u00e9s uniques en mati\u00e8re d'acides gras en font une mati\u00e8re premi\u00e8re multifonctionnelle dans les secteurs de l'alimentation, de l'agriculture et de la chimie.<\/p>\n<p>&nbsp;<\/p>\n<h4>4. l'emballage et le stockage<\/h4>\n<p>L'acide hexano\u00efque est conditionn\u00e9 dans des f\u00fbts en plastique HDPE de 25 kg ou dans des f\u00fbts en aluminium. Pour les produits de qualit\u00e9 alimentaire, l'azote doit \u00eatre rempli pour la protection. Il doit \u00eatre stock\u00e9 dans un endroit frais et sombre (&lt; 25\u2103), ferm\u00e9 herm\u00e9tiquement pour \u00e9viter l&#039;oxydation, et tenu \u00e0 l&#039;\u00e9cart des alcalis et des oxydants. Une ventilation est n\u00e9cessaire pendant le fonctionnement (en raison de l&#039;odeur piquante), et la dur\u00e9e de conservation est de 24 mois.<\/p>","protected":false},"excerpt":{"rendered":"<p>\u3010CAS\u3011142-62-1 Alias: PENTYLFORMIC ACID;PENTANE-1-CARBOXYLIC ACID;N-HEXANOIC ACID Molecular formula: C6H12O2 Relative molecular mass: 116.16 Structural formula: &nbsp; 1.Product Property Hexanoic acid is an organic compound. It is a colorless liquid that does not dissolve in water. It can be mixed with organic solvents such as ethanol, ether, acetone, chloroform, and benzene. It is commonly used as [&hellip;]<\/p>\n","protected":false},"featured_media":5107,"template":"","meta":{"_seopress_robots_primary_cat":"","_seopress_titles_title":"","_seopress_titles_desc":"","_seopress_robots_index":"","_uag_custom_page_level_css":"","site-sidebar-layout":"default","site-content-layout":"","ast-site-content-layout":"default","site-content-style":"default","site-sidebar-style":"default","ast-global-header-display":"","ast-banner-title-visibility":"","ast-main-header-display":"","ast-hfb-above-header-display":"","ast-hfb-below-header-display":"","ast-hfb-mobile-header-display":"","site-post-title":"","ast-breadcrumbs-content":"","ast-featured-img":"","footer-sml-layout":"","theme-transparent-header-meta":"default","adv-header-id-meta":"","stick-header-meta":"default","header-above-stick-meta":"","header-main-stick-meta":"","header-below-stick-meta":"","astra-migrate-meta-layouts":"set","ast-page-background-enabled":"default","ast-page-background-meta":{"desktop":{"background-color":"","background-image":"","background-repeat":"repeat","background-position":"center center","background-size":"auto","background-attachment":"scroll","background-type":"","background-media":"","overlay-type":"","overlay-color":"","overlay-opacity":"","overlay-gradient":""},"tablet":{"background-color":"","background-image":"","background-repeat":"repeat","background-position":"center center","background-size":"auto","background-attachment":"scroll","background-type":"","background-media":"","overlay-type":"","overlay-color":"","overlay-opacity":"","overlay-gradient":""},"mobile":{"background-color":"","background-image":"","background-repeat":"repeat","background-position":"center center","background-size":"auto","background-attachment":"scroll","background-type":"","background-media":"","overlay-type":"","overlay-color":"","overlay-opacity":"","overlay-gradient":""}},"ast-content-background-meta":{"desktop":{"background-color":"var(--ast-global-color-5)","background-image":"","background-repeat":"repeat","background-position":"center center","background-size":"auto","background-attachment":"scroll","background-type":"","background-media":"","overlay-type":"","overlay-color":"","overlay-opacity":"","overlay-gradient":""},"tablet":{"background-color":"var(--ast-global-color-5)","background-image":"","background-repeat":"repeat","background-position":"center center","background-size":"auto","background-attachment":"scroll","background-type":"","background-media":"","overlay-type":"","overlay-color":"","overlay-opacity":"","overlay-gradient":""},"mobile":{"background-color":"var(--ast-global-color-5)","background-image":"","background-repeat":"repeat","background-position":"center center","background-size":"auto","background-attachment":"scroll","background-type":"","background-media":"","overlay-type":"","overlay-color":"","overlay-opacity":"","overlay-gradient":""}}},"product_brand":[],"product_cat":[67],"product_tag":[],"class_list":{"0":"post-5094","1":"product","2":"type-product","3":"status-publish","4":"has-post-thumbnail","6":"product_cat-food-additives","7":"desktop-align-left","8":"tablet-align-left","9":"mobile-align-left","10":"ast-product-gallery-layout-horizontal-slider","11":"ast-product-gallery-with-no-image","12":"ast-product-tabs-layout-horizontal","14":"first","15":"instock","16":"shipping-taxable","17":"product-type-simple"},"uagb_featured_image_src":{"full":["https:\/\/jinancuchem.com\/wp-content\/uploads\/2025\/07\/98-1.png",800,800,false],"thumbnail":["https:\/\/jinancuchem.com\/wp-content\/uploads\/2025\/07\/98-1-150x150.png",150,150,true],"medium":["https:\/\/jinancuchem.com\/wp-content\/uploads\/2025\/07\/98-1-300x300.png",300,300,true],"medium_large":["https:\/\/jinancuchem.com\/wp-content\/uploads\/2025\/07\/98-1-768x768.png",768,768,true],"large":["https:\/\/jinancuchem.com\/wp-content\/uploads\/2025\/07\/98-1.png",800,800,false],"1536x1536":["https:\/\/jinancuchem.com\/wp-content\/uploads\/2025\/07\/98-1.png",800,800,false],"2048x2048":["https:\/\/jinancuchem.com\/wp-content\/uploads\/2025\/07\/98-1.png",800,800,false],"trp-custom-language-flag":["https:\/\/jinancuchem.com\/wp-content\/uploads\/2025\/07\/98-1-12x12.png",12,12,true],"woocommerce_thumbnail":["https:\/\/jinancuchem.com\/wp-content\/uploads\/2025\/07\/98-1-300x300.png",300,300,true],"woocommerce_single":["https:\/\/jinancuchem.com\/wp-content\/uploads\/2025\/07\/98-1-500x500.png",500,500,true],"woocommerce_gallery_thumbnail":["https:\/\/jinancuchem.com\/wp-content\/uploads\/2025\/07\/98-1-100x100.png",100,100,true]},"uagb_author_info":{"display_name":"jinxing6611@gmail.com","author_link":"https:\/\/jinancuchem.com\/fr\/author\/"},"uagb_comment_info":0,"uagb_excerpt":"\u3010CAS\u3011142-62-1 Alias: PENTYLFORMIC ACID;PENTANE-1-CARBOXYLIC ACID;N-HEXANOIC ACID Molecular formula: C6H12O2 Relative molecular mass: 116.16 Structural formula: &nbsp; 1.Product Property Hexanoic acid is an organic compound. It is a colorless liquid that does not dissolve in water. It can be mixed with organic solvents such as ethanol, ether, acetone, chloroform, and benzene. It is commonly used as\u2026","_links":{"self":[{"href":"https:\/\/jinancuchem.com\/fr\/wp-json\/wp\/v2\/product\/5094","targetHints":{"allow":["GET"]}}],"collection":[{"href":"https:\/\/jinancuchem.com\/fr\/wp-json\/wp\/v2\/product"}],"about":[{"href":"https:\/\/jinancuchem.com\/fr\/wp-json\/wp\/v2\/types\/product"}],"wp:featuredmedia":[{"embeddable":true,"href":"https:\/\/jinancuchem.com\/fr\/wp-json\/wp\/v2\/media\/5107"}],"wp:attachment":[{"href":"https:\/\/jinancuchem.com\/fr\/wp-json\/wp\/v2\/media?parent=5094"}],"wp:term":[{"taxonomy":"product_brand","embeddable":true,"href":"https:\/\/jinancuchem.com\/fr\/wp-json\/wp\/v2\/product_brand?post=5094"},{"taxonomy":"product_cat","embeddable":true,"href":"https:\/\/jinancuchem.com\/fr\/wp-json\/wp\/v2\/product_cat?post=5094"},{"taxonomy":"product_tag","embeddable":true,"href":"https:\/\/jinancuchem.com\/fr\/wp-json\/wp\/v2\/product_tag?post=5094"}],"curies":[{"name":"wp","href":"https:\/\/api.w.org\/{rel}","templated":true}]}}