{"id":5149,"date":"2025-07-25T08:53:30","date_gmt":"2025-07-25T08:53:30","guid":{"rendered":"https:\/\/jinancuchem.com\/?post_type=product&#038;p=5149"},"modified":"2025-07-25T08:53:30","modified_gmt":"2025-07-25T08:53:30","slug":"acetal-2","status":"publish","type":"product","link":"https:\/\/jinancuchem.com\/fr\/produit\/acetal-2\/","title":{"rendered":"Ac\u00e9tal"},"content":{"rendered":"<p>\u3010CAS\u3011105-57-7<\/p>\n<p>Alias : di\u00e9thylac\u00e9tal,1,1-di\u00e9thoxy\u00e9thane;ac\u00e9tald\u00e9hyddi\u00e9thylac\u00e9tal;2-DIETHYLACETAL<\/p>\n<p>Formule mol\u00e9culaire : C<sub>6<\/sub>H<sub>14<\/sub>O<sub>2<\/sub><\/p>\n<p>Masse mol\u00e9culaire relative : 118,17<\/p>\n<p>Formule structurelle :<img alt=\"\" decoding=\"async\" class=\"alignnone size-full wp-image-5158\" src=\"https:\/\/jinancuchem.com\/wp-content\/uploads\/2025\/07\/\u56fe\u7247104.png\" width=\"216\" height=\"72\" srcset=\"https:\/\/jinancuchem.com\/wp-content\/uploads\/2025\/07\/\u56fe\u7247104.png 216w, https:\/\/jinancuchem.com\/wp-content\/uploads\/2025\/07\/\u56fe\u7247104-18x6.png 18w\" sizes=\"(max-width: 216px) 100vw, 216px\" \/><\/p>\n<p>&nbsp;<\/p>\n<h4>1.Propri\u00e9t\u00e9 du produit<\/h4>\n<p>L'ac\u00e9tal est un type de compos\u00e9 ac\u00e9tal form\u00e9 par la r\u00e9action de condensation de l'\u00e9thanol et de l'ac\u00e9tald\u00e9hyde. Il s'agit d'un liquide volatil incolore \u00e0 temp\u00e9rature ambiante qui d\u00e9gage un ar\u00f4me agr\u00e9able de noix et de fruits verts.<\/p>\n<p>&nbsp;<\/p>\n<h4>2.<\/h4>\n<table>\n<tbody>\n<tr>\n<td><strong><b>Param\u00e8tres<\/b><\/strong><\/td>\n<td><strong><b>Qualit\u00e9 industrielle<\/b><\/strong><\/td>\n<td><strong><b>Qualit\u00e9 alimentaire (FEMA 2002)<\/b><\/strong><\/td>\n<\/tr>\n<tr>\n<td><strong><b>La puret\u00e9<\/b><\/strong><\/td>\n<td>\u226598.0%<\/td>\n<td>\u226599.0%<\/td>\n<\/tr>\n<tr>\n<td><strong><b>Apparence<\/b><\/strong><\/td>\n<td>Liquide incolore<\/td>\n<td>Liquide incolore<\/td>\n<\/tr>\n<tr>\n<td><strong><b>Odeur<\/b><\/strong><\/td>\n<td>\u00c9th\u00e9r\u00e9, fruit\u00e9<\/td>\n<td>Frais, semblable \u00e0 la pomme<\/td>\n<\/tr>\n<tr>\n<td><strong><b>Indice de r\u00e9fraction (20\u00b0C)<\/b><\/strong><\/td>\n<td>1.380-1.384<\/td>\n<td>1.381-1.383<\/td>\n<\/tr>\n<tr>\n<td><strong><b>Densit\u00e9 (20\u00b0C)<\/b><\/strong><\/td>\n<td>0,825-0,835 g\/cm\u00b3<\/td>\n<td>0,828-0,833 g\/cm\u00b3<\/td>\n<\/tr>\n<tr>\n<td><strong><b>Acidit\u00e9 (en tant qu'acide ac\u00e9tique)<\/b><\/strong><\/td>\n<td>\u22640.02%<\/td>\n<td>\u22640.01%<\/td>\n<\/tr>\n<tr>\n<td><strong><b>Teneur en eau<\/b><\/strong><\/td>\n<td>\u22640.1%<\/td>\n<td>\u22640.05%<\/td>\n<\/tr>\n<\/tbody>\n<\/table>\n<p>&nbsp;<\/p>\n<h4>3. Champ d'application et utilisation<\/h4>\n<p>L'ac\u00e9tal est un compos\u00e9 \u00e9ther \u00e0 l'ar\u00f4me frais et fruit\u00e9. Il est principalement utilis\u00e9 comme agent aromatique alimentaire, comme additif pour les boissons alcoolis\u00e9es (pour renforcer la saveur fruit\u00e9e), comme fragrance dans les cosm\u00e9tiques (parfum, parfum de savon) et comme solvant industriel (pour les r\u00e9sines, les peintures).<\/p>\n<p>&nbsp;<\/p>\n<h4>4. l'emballage et le stockage<\/h4>\n<p>L'ac\u00e9tal est scell\u00e9 dans des f\u00fbts de 25 kg en aluminium ou en acier inoxydable. Pour les produits de qualit\u00e9 alimentaire, il doit \u00eatre prot\u00e9g\u00e9 par de l'azote. Stocker dans un endroit frais et ventil\u00e9 (&lt;25\u2103), \u00e0 l&#039;\u00e9cart des sources de feu et des oxydants. Garder herm\u00e9tiquement ferm\u00e9 pour \u00e9viter l&#039;\u00e9vaporation (liquide inflammable). La dur\u00e9e de conservation est de 24 mois.<\/p>","protected":false},"excerpt":{"rendered":"<p>\u3010CAS\u3011105-57-7 Alias: diethylacetal,1,1-diethoxyethane;acetaldehyddiethylacetal;2-DIETHYLACETAL Molecular formula: C6H14O2 Relative molecular mass: 118.17 Structural formula: &nbsp; 1.Product Property Acetal is a type of acetal compound formed by the condensation reaction of ethanol and acetaldehyde. It is a colorless volatile liquid at room temperature and has a pleasant aroma of nuts and green fruits. &nbsp; 2. Parameter Industrial Grade [&hellip;]<\/p>\n","protected":false},"featured_media":5160,"template":"","meta":{"_seopress_robots_primary_cat":"","_seopress_titles_title":"","_seopress_titles_desc":"","_seopress_robots_index":"","_uag_custom_page_level_css":"","site-sidebar-layout":"default","site-content-layout":"","ast-site-content-layout":"default","site-content-style":"default","site-sidebar-style":"default","ast-global-header-display":"","ast-banner-title-visibility":"","ast-main-header-display":"","ast-hfb-above-header-display":"","ast-hfb-below-header-display":"","ast-hfb-mobile-header-display":"","site-post-title":"","ast-breadcrumbs-content":"","ast-featured-img":"","footer-sml-layout":"","theme-transparent-header-meta":"default","adv-header-id-meta":"","stick-header-meta":"default","header-above-stick-meta":"","header-main-stick-meta":"","header-below-stick-meta":"","astra-migrate-meta-layouts":"set","ast-page-background-enabled":"default","ast-page-background-meta":{"desktop":{"background-color":"","background-image":"","background-repeat":"repeat","background-position":"center center","background-size":"auto","background-attachment":"scroll","background-type":"","background-media":"","overlay-type":"","overlay-color":"","overlay-opacity":"","overlay-gradient":""},"tablet":{"background-color":"","background-image":"","background-repeat":"repeat","background-position":"center center","background-size":"auto","background-attachment":"scroll","background-type":"","background-media":"","overlay-type":"","overlay-color":"","overlay-opacity":"","overlay-gradient":""},"mobile":{"background-color":"","background-image":"","background-repeat":"repeat","background-position":"center center","background-size":"auto","background-attachment":"scroll","background-type":"","background-media":"","overlay-type":"","overlay-color":"","overlay-opacity":"","overlay-gradient":""}},"ast-content-background-meta":{"desktop":{"background-color":"var(--ast-global-color-5)","background-image":"","background-repeat":"repeat","background-position":"center center","background-size":"auto","background-attachment":"scroll","background-type":"","background-media":"","overlay-type":"","overlay-color":"","overlay-opacity":"","overlay-gradient":""},"tablet":{"background-color":"var(--ast-global-color-5)","background-image":"","background-repeat":"repeat","background-position":"center center","background-size":"auto","background-attachment":"scroll","background-type":"","background-media":"","overlay-type":"","overlay-color":"","overlay-opacity":"","overlay-gradient":""},"mobile":{"background-color":"var(--ast-global-color-5)","background-image":"","background-repeat":"repeat","background-position":"center center","background-size":"auto","background-attachment":"scroll","background-type":"","background-media":"","overlay-type":"","overlay-color":"","overlay-opacity":"","overlay-gradient":""}}},"product_brand":[],"product_cat":[67],"product_tag":[],"class_list":{"0":"post-5149","1":"product","2":"type-product","3":"status-publish","4":"has-post-thumbnail","6":"product_cat-food-additives","7":"desktop-align-left","8":"tablet-align-left","9":"mobile-align-left","10":"ast-product-gallery-layout-horizontal-slider","11":"ast-product-gallery-with-no-image","12":"ast-product-tabs-layout-horizontal","14":"first","15":"instock","16":"shipping-taxable","17":"product-type-simple"},"uagb_featured_image_src":{"full":["https:\/\/jinancuchem.com\/wp-content\/uploads\/2025\/07\/104.png",800,800,false],"thumbnail":["https:\/\/jinancuchem.com\/wp-content\/uploads\/2025\/07\/104-150x150.png",150,150,true],"medium":["https:\/\/jinancuchem.com\/wp-content\/uploads\/2025\/07\/104-300x300.png",300,300,true],"medium_large":["https:\/\/jinancuchem.com\/wp-content\/uploads\/2025\/07\/104-768x768.png",768,768,true],"large":["https:\/\/jinancuchem.com\/wp-content\/uploads\/2025\/07\/104.png",800,800,false],"1536x1536":["https:\/\/jinancuchem.com\/wp-content\/uploads\/2025\/07\/104.png",800,800,false],"2048x2048":["https:\/\/jinancuchem.com\/wp-content\/uploads\/2025\/07\/104.png",800,800,false],"trp-custom-language-flag":["https:\/\/jinancuchem.com\/wp-content\/uploads\/2025\/07\/104-12x12.png",12,12,true],"woocommerce_thumbnail":["https:\/\/jinancuchem.com\/wp-content\/uploads\/2025\/07\/104-300x300.png",300,300,true],"woocommerce_single":["https:\/\/jinancuchem.com\/wp-content\/uploads\/2025\/07\/104-500x500.png",500,500,true],"woocommerce_gallery_thumbnail":["https:\/\/jinancuchem.com\/wp-content\/uploads\/2025\/07\/104-100x100.png",100,100,true]},"uagb_author_info":{"display_name":"jinxing6611@gmail.com","author_link":"https:\/\/jinancuchem.com\/fr\/author\/"},"uagb_comment_info":0,"uagb_excerpt":"\u3010CAS\u3011105-57-7 Alias: diethylacetal,1,1-diethoxyethane;acetaldehyddiethylacetal;2-DIETHYLACETAL Molecular formula: C6H14O2 Relative molecular mass: 118.17 Structural formula: &nbsp; 1.Product Property Acetal is a type of acetal compound formed by the condensation reaction of ethanol and acetaldehyde. It is a colorless volatile liquid at room temperature and has a pleasant aroma of nuts and green fruits. &nbsp; 2. Parameter Industrial Grade\u2026","_links":{"self":[{"href":"https:\/\/jinancuchem.com\/fr\/wp-json\/wp\/v2\/product\/5149","targetHints":{"allow":["GET"]}}],"collection":[{"href":"https:\/\/jinancuchem.com\/fr\/wp-json\/wp\/v2\/product"}],"about":[{"href":"https:\/\/jinancuchem.com\/fr\/wp-json\/wp\/v2\/types\/product"}],"wp:featuredmedia":[{"embeddable":true,"href":"https:\/\/jinancuchem.com\/fr\/wp-json\/wp\/v2\/media\/5160"}],"wp:attachment":[{"href":"https:\/\/jinancuchem.com\/fr\/wp-json\/wp\/v2\/media?parent=5149"}],"wp:term":[{"taxonomy":"product_brand","embeddable":true,"href":"https:\/\/jinancuchem.com\/fr\/wp-json\/wp\/v2\/product_brand?post=5149"},{"taxonomy":"product_cat","embeddable":true,"href":"https:\/\/jinancuchem.com\/fr\/wp-json\/wp\/v2\/product_cat?post=5149"},{"taxonomy":"product_tag","embeddable":true,"href":"https:\/\/jinancuchem.com\/fr\/wp-json\/wp\/v2\/product_tag?post=5149"}],"curies":[{"name":"wp","href":"https:\/\/api.w.org\/{rel}","templated":true}]}}