{"id":5162,"date":"2025-07-25T08:55:32","date_gmt":"2025-07-25T08:55:32","guid":{"rendered":"https:\/\/jinancuchem.com\/?post_type=product&#038;p=5162"},"modified":"2025-07-25T08:55:32","modified_gmt":"2025-07-25T08:55:32","slug":"23-butanedione","status":"publish","type":"product","link":"https:\/\/jinancuchem.com\/fr\/produit\/23-butanedione\/","title":{"rendered":"2,3-butanedione"},"content":{"rendered":"<p>\u3010CAS\u3011431-03-8<\/p>\n<p>Alias : Butandione ; DiacetylForSynthesis;2,3-Buranedione ;<\/p>\n<p>Formule mol\u00e9culaire : C<sub>4<\/sub>H<sub>6<\/sub>O<sub>2<\/sub>\u00a0\u00a0\u00a0Masse mol\u00e9culaire relative : 86,09<\/p>\n<p>Formule structurelle :<img alt=\"\" decoding=\"async\" class=\"alignnone size-full wp-image-5169\" src=\"https:\/\/jinancuchem.com\/wp-content\/uploads\/2025\/07\/\u56fe\u7247105.png\" width=\"111\" height=\"118\" srcset=\"https:\/\/jinancuchem.com\/wp-content\/uploads\/2025\/07\/\u56fe\u7247105.png 111w, https:\/\/jinancuchem.com\/wp-content\/uploads\/2025\/07\/\u56fe\u7247105-11x12.png 11w\" sizes=\"(max-width: 111px) 100vw, 111px\" \/><\/p>\n<p>&nbsp;<\/p>\n<h4>1.Propri\u00e9t\u00e9 du produit<\/h4>\n<p>La 2,3-butanedione est un compos\u00e9 organique. C'est un liquide jaune clair \u00e0 jaune-vert avec une forte odeur. Elle est soluble dans l'eau, l'\u00e9thanol et l'\u00e9ther. Il est principalement utilis\u00e9 pour la pr\u00e9paration d'agents aromatisants pour les cr\u00e8mes et constitue la principale mati\u00e8re premi\u00e8re pour la production de parfums de type pyrazine.<\/p>\n<p>&nbsp;<\/p>\n<h4>2.<\/h4>\n<table>\n<tbody>\n<tr>\n<td><strong><b>Param\u00e8tres<\/b><\/strong><\/td>\n<td><strong><b>Qualit\u00e9 industrielle<\/b><\/strong><\/td>\n<td><strong><b>Qualit\u00e9 alimentaire (FEMA 2370)<\/b><\/strong><\/td>\n<\/tr>\n<tr>\n<td><strong><b>La puret\u00e9<\/b><\/strong><\/td>\n<td>\u226597.0%<\/td>\n<td>\u226598.5%<\/td>\n<\/tr>\n<tr>\n<td><strong><b>Apparence<\/b><\/strong><\/td>\n<td>Liquide jaune-vert<\/td>\n<td>Liquide jaune p\u00e2le<\/td>\n<\/tr>\n<tr>\n<td><strong><b>Odeur<\/b><\/strong><\/td>\n<td>Forte, beurr\u00e9e<\/td>\n<td>Prononc\u00e9 beurre<\/td>\n<\/tr>\n<tr>\n<td><strong><b>Indice de r\u00e9fraction (20\u00b0C)<\/b><\/strong><\/td>\n<td>1.393-1.397<\/td>\n<td>1.394-1.396<\/td>\n<\/tr>\n<tr>\n<td><strong><b>Densit\u00e9 (20\u00b0C)<\/b><\/strong><\/td>\n<td>0,980-0,990 g\/cm\u00b3<\/td>\n<td>0,983-0,988 g\/cm\u00b3<\/td>\n<\/tr>\n<tr>\n<td><strong><b>Acidit\u00e9 (en tant qu'acide ac\u00e9tique)<\/b><\/strong><\/td>\n<td>\u22640.05%<\/td>\n<td>\u22640.02%<\/td>\n<\/tr>\n<tr>\n<td><strong><b>Teneur en eau<\/b><\/strong><\/td>\n<td>\u22640.2%<\/td>\n<td>\u22640.1%<\/td>\n<\/tr>\n<\/tbody>\n<\/table>\n<p>&nbsp;<\/p>\n<h4>3. Champ d'application et utilisation<\/h4>\n<p>La 2,3-butanedione est un compos\u00e9 aromatique naturel, principalement utilis\u00e9 comme agent aromatique alimentaire (pour les ar\u00f4mes de beurre et de cr\u00e8me, FEMA 2370), dans la transformation des produits laitiers (pour l'am\u00e9lioration des ar\u00f4mes artificiels de beurre et de fromage), dans l'assaisonnement des snacks (pour le pop-corn et les chips), et comme agent aromatique pour les produits du tabac.<\/p>\n<p>&nbsp;<\/p>\n<h4>4. l'emballage et le stockage<\/h4>\n<p>Le diac\u00e9tyle est conditionn\u00e9 dans des bouteilles en verre brun de 25 kg ou dans des f\u00fbts en plastique HDPE. Pour une utilisation alimentaire, il doit \u00eatre prot\u00e9g\u00e9 par un remplissage \u00e0 l'azote. Il doit \u00eatre stock\u00e9 dans un environnement r\u00e9frig\u00e9r\u00e9 (&lt;15\u2103), \u00e0 l&#039;abri de la lumi\u00e8re et de la chaleur, et \u00e0 l&#039;\u00e9cart des sources de feu et des oxydants. Il est tr\u00e8s volatil. En cours d&#039;utilisation, une ventilation est n\u00e9cessaire. La dur\u00e9e de conservation est de 12 mois.<\/p>","protected":false},"excerpt":{"rendered":"<p>\u3010CAS\u3011431-03-8 Alias: Butandione; DiacetylForSynthesis;2,3-Buranedione; Molecular formula: C4H6O2\u00a0\u00a0\u00a0Relative molecular mass: 86.09 Structural formula: &nbsp; 1.Product Property 2,3-Butanedione is an organic compound. It is a light yellow to yellow-green liquid with a strong odor. It is soluble in water, ethanol, and ether. It is mainly used for preparing cream flavoring agents and is the main raw material [&hellip;]<\/p>\n","protected":false},"featured_media":5170,"template":"","meta":{"_seopress_robots_primary_cat":"","_seopress_titles_title":"","_seopress_titles_desc":"","_seopress_robots_index":"","_uag_custom_page_level_css":"","site-sidebar-layout":"default","site-content-layout":"","ast-site-content-layout":"default","site-content-style":"default","site-sidebar-style":"default","ast-global-header-display":"","ast-banner-title-visibility":"","ast-main-header-display":"","ast-hfb-above-header-display":"","ast-hfb-below-header-display":"","ast-hfb-mobile-header-display":"","site-post-title":"","ast-breadcrumbs-content":"","ast-featured-img":"","footer-sml-layout":"","theme-transparent-header-meta":"default","adv-header-id-meta":"","stick-header-meta":"default","header-above-stick-meta":"","header-main-stick-meta":"","header-below-stick-meta":"","astra-migrate-meta-layouts":"set","ast-page-background-enabled":"default","ast-page-background-meta":{"desktop":{"background-color":"","background-image":"","background-repeat":"repeat","background-position":"center center","background-size":"auto","background-attachment":"scroll","background-type":"","background-media":"","overlay-type":"","overlay-color":"","overlay-opacity":"","overlay-gradient":""},"tablet":{"background-color":"","background-image":"","background-repeat":"repeat","background-position":"center center","background-size":"auto","background-attachment":"scroll","background-type":"","background-media":"","overlay-type":"","overlay-color":"","overlay-opacity":"","overlay-gradient":""},"mobile":{"background-color":"","background-image":"","background-repeat":"repeat","background-position":"center center","background-size":"auto","background-attachment":"scroll","background-type":"","background-media":"","overlay-type":"","overlay-color":"","overlay-opacity":"","overlay-gradient":""}},"ast-content-background-meta":{"desktop":{"background-color":"var(--ast-global-color-5)","background-image":"","background-repeat":"repeat","background-position":"center center","background-size":"auto","background-attachment":"scroll","background-type":"","background-media":"","overlay-type":"","overlay-color":"","overlay-opacity":"","overlay-gradient":""},"tablet":{"background-color":"var(--ast-global-color-5)","background-image":"","background-repeat":"repeat","background-position":"center center","background-size":"auto","background-attachment":"scroll","background-type":"","background-media":"","overlay-type":"","overlay-color":"","overlay-opacity":"","overlay-gradient":""},"mobile":{"background-color":"var(--ast-global-color-5)","background-image":"","background-repeat":"repeat","background-position":"center center","background-size":"auto","background-attachment":"scroll","background-type":"","background-media":"","overlay-type":"","overlay-color":"","overlay-opacity":"","overlay-gradient":""}}},"product_brand":[],"product_cat":[67],"product_tag":[],"class_list":{"0":"post-5162","1":"product","2":"type-product","3":"status-publish","4":"has-post-thumbnail","6":"product_cat-food-additives","7":"desktop-align-left","8":"tablet-align-left","9":"mobile-align-left","10":"ast-product-gallery-layout-horizontal-slider","11":"ast-product-gallery-with-no-image","12":"ast-product-tabs-layout-horizontal","14":"first","15":"instock","16":"shipping-taxable","17":"product-type-simple"},"uagb_featured_image_src":{"full":["https:\/\/jinancuchem.com\/wp-content\/uploads\/2025\/07\/105.png",800,800,false],"thumbnail":["https:\/\/jinancuchem.com\/wp-content\/uploads\/2025\/07\/105-150x150.png",150,150,true],"medium":["https:\/\/jinancuchem.com\/wp-content\/uploads\/2025\/07\/105-300x300.png",300,300,true],"medium_large":["https:\/\/jinancuchem.com\/wp-content\/uploads\/2025\/07\/105-768x768.png",768,768,true],"large":["https:\/\/jinancuchem.com\/wp-content\/uploads\/2025\/07\/105.png",800,800,false],"1536x1536":["https:\/\/jinancuchem.com\/wp-content\/uploads\/2025\/07\/105.png",800,800,false],"2048x2048":["https:\/\/jinancuchem.com\/wp-content\/uploads\/2025\/07\/105.png",800,800,false],"trp-custom-language-flag":["https:\/\/jinancuchem.com\/wp-content\/uploads\/2025\/07\/105-12x12.png",12,12,true],"woocommerce_thumbnail":["https:\/\/jinancuchem.com\/wp-content\/uploads\/2025\/07\/105-300x300.png",300,300,true],"woocommerce_single":["https:\/\/jinancuchem.com\/wp-content\/uploads\/2025\/07\/105-500x500.png",500,500,true],"woocommerce_gallery_thumbnail":["https:\/\/jinancuchem.com\/wp-content\/uploads\/2025\/07\/105-100x100.png",100,100,true]},"uagb_author_info":{"display_name":"jinxing6611@gmail.com","author_link":"https:\/\/jinancuchem.com\/fr\/author\/"},"uagb_comment_info":0,"uagb_excerpt":"\u3010CAS\u3011431-03-8 Alias: Butandione; DiacetylForSynthesis;2,3-Buranedione; Molecular formula: C4H6O2\u00a0\u00a0\u00a0Relative molecular mass: 86.09 Structural formula: &nbsp; 1.Product Property 2,3-Butanedione is an organic compound. It is a light yellow to yellow-green liquid with a strong odor. It is soluble in water, ethanol, and ether. It is mainly used for preparing cream flavoring agents and is the main raw material\u2026","_links":{"self":[{"href":"https:\/\/jinancuchem.com\/fr\/wp-json\/wp\/v2\/product\/5162","targetHints":{"allow":["GET"]}}],"collection":[{"href":"https:\/\/jinancuchem.com\/fr\/wp-json\/wp\/v2\/product"}],"about":[{"href":"https:\/\/jinancuchem.com\/fr\/wp-json\/wp\/v2\/types\/product"}],"wp:featuredmedia":[{"embeddable":true,"href":"https:\/\/jinancuchem.com\/fr\/wp-json\/wp\/v2\/media\/5170"}],"wp:attachment":[{"href":"https:\/\/jinancuchem.com\/fr\/wp-json\/wp\/v2\/media?parent=5162"}],"wp:term":[{"taxonomy":"product_brand","embeddable":true,"href":"https:\/\/jinancuchem.com\/fr\/wp-json\/wp\/v2\/product_brand?post=5162"},{"taxonomy":"product_cat","embeddable":true,"href":"https:\/\/jinancuchem.com\/fr\/wp-json\/wp\/v2\/product_cat?post=5162"},{"taxonomy":"product_tag","embeddable":true,"href":"https:\/\/jinancuchem.com\/fr\/wp-json\/wp\/v2\/product_tag?post=5162"}],"curies":[{"name":"wp","href":"https:\/\/api.w.org\/{rel}","templated":true}]}}