{"id":5175,"date":"2025-07-25T08:59:08","date_gmt":"2025-07-25T08:59:08","guid":{"rendered":"https:\/\/jinancuchem.com\/?post_type=product&#038;p=5175"},"modified":"2025-07-25T08:59:09","modified_gmt":"2025-07-25T08:59:09","slug":"2-octanone","status":"publish","type":"product","link":"https:\/\/jinancuchem.com\/fr\/produit\/2-octanone\/","title":{"rendered":"2-Octanone"},"content":{"rendered":"<p>\u3010CAS\u3011111-13-7<\/p>\n<p>Alias : 2-OCTANONE OEKANAL;2-OCTANONE REAGENT GRADE 98% ;<\/p>\n<p>Formule mol\u00e9culaire : C<sub>8<\/sub>H<sub>16<\/sub>O Masse mol\u00e9culaire relative : 128,21<\/p>\n<p>Formule structurelle :<img alt=\"\" decoding=\"async\" class=\"alignnone size-full wp-image-5186\" src=\"https:\/\/jinancuchem.com\/wp-content\/uploads\/2025\/07\/\u56fe\u7247106.png\" width=\"250\" height=\"74\" srcset=\"https:\/\/jinancuchem.com\/wp-content\/uploads\/2025\/07\/\u56fe\u7247106.png 250w, https:\/\/jinancuchem.com\/wp-content\/uploads\/2025\/07\/\u56fe\u7247106-18x5.png 18w\" sizes=\"(max-width: 250px) 100vw, 250px\" \/><\/p>\n<p>&nbsp;<\/p>\n<h4>1.Propri\u00e9t\u00e9 du produit<\/h4>\n<p>Le 2-\u00e9th\u00e9nol est un liquide transparent incolore \u00e0 l'ar\u00f4me de pomme. Il est l\u00e9g\u00e8rement soluble dans l'eau mais tr\u00e8s soluble dans les solvants organiques. Ce compos\u00e9 est largement utilis\u00e9 dans le domaine industriel. Il peut \u00eatre utilis\u00e9 comme solvant pour les laques nitr\u00e9es et les r\u00e9actifs chimiques, ainsi que dans la synth\u00e8se de parfums et la pr\u00e9paration de tensioactifs.<\/p>\n<p>&nbsp;<\/p>\n<h4>2.<\/h4>\n<table>\n<tbody>\n<tr>\n<td><strong><b>Param\u00e8tres<\/b><\/strong><\/td>\n<td><strong><b>Qualit\u00e9 industrielle<\/b><\/strong><\/td>\n<td><strong><b>Qualit\u00e9 alimentaire (FEMA 2802)<\/b><\/strong><\/td>\n<\/tr>\n<tr>\n<td><strong><b>La puret\u00e9<\/b><\/strong><\/td>\n<td>\u226597.0%<\/td>\n<td>\u226598.5%<\/td>\n<\/tr>\n<tr>\n<td><strong><b>Apparence<\/b><\/strong><\/td>\n<td>Liquide incolore<\/td>\n<td>Liquide incolore<\/td>\n<\/tr>\n<tr>\n<td><strong><b>Odeur<\/b><\/strong><\/td>\n<td>Fruit\u00e9, herbes<\/td>\n<td>Comme le fromage bleu<\/td>\n<\/tr>\n<tr>\n<td><strong><b>Indice de r\u00e9fraction (20\u00b0C)<\/b><\/strong><\/td>\n<td>1.415-1.419<\/td>\n<td>1.416-1.418<\/td>\n<\/tr>\n<tr>\n<td><strong><b>Densit\u00e9 (20\u00b0C)<\/b><\/strong><\/td>\n<td>0,815-0,825 g\/cm\u00b3<\/td>\n<td>0,818-0,823 g\/cm\u00b3<\/td>\n<\/tr>\n<tr>\n<td><strong><b>Valeur acide<\/b><\/strong><\/td>\n<td>\u22640,5 mg KOH\/g<\/td>\n<td>\u22640,2 mg KOH\/g<\/td>\n<\/tr>\n<tr>\n<td><strong><b>Teneur en eau<\/b><\/strong><\/td>\n<td>\u22640.1%<\/td>\n<td>\u22640.05%<\/td>\n<\/tr>\n<\/tbody>\n<\/table>\n<p>&nbsp;<\/p>\n<h4>3. Champ d'application et utilisation<\/h4>\n<p>La 2-Octanone est un parfum naturel \u00e0 base de c\u00e9tone, principalement utilis\u00e9 dans les ar\u00f4mes alimentaires (fromage bleu, ar\u00f4mes de fruits, FEMA 2802), les parfums cosm\u00e9tiques (parfums \u00e0 base de plantes, ingr\u00e9dients de savon) et les solvants industriels (r\u00e9sines, peintures). Ses caract\u00e9ristiques uniques de moisissure et de fruit\u00e9 en font un composant cl\u00e9 pour les ar\u00f4mes sp\u00e9ciaux et les parfums haut de gamme.<\/p>\n<h4>4. l'emballage et le stockage<\/h4>\n<p>La 2-Ethylhexanone est conditionn\u00e9e dans des f\u00fbts en aluminium de 25 kg ou des f\u00fbts en plastique HDPE. Pour les produits de qualit\u00e9 alimentaire, il doit \u00eatre prot\u00e9g\u00e9 par un remplissage \u00e0 l'azote. Il doit \u00eatre stock\u00e9 dans un endroit frais et sombre (&lt; 25\u2103), ferm\u00e9 herm\u00e9tiquement pour \u00e9viter l&#039;oxydation, et tenu \u00e0 l&#039;\u00e9cart des sources de feu et des acides forts. Dur\u00e9e de conservation : 24 mois.<\/p>","protected":false},"excerpt":{"rendered":"<p>\u3010CAS\u3011111-13-7 Alias: 2-OCTANONE OEKANAL;2-OCTANONE REAGENT GRADE 98%; Molecular formula: C8H16O \u00a0\u00a0Relative molecular mass: 128.21 Structural formula: &nbsp; 1.Product Property 2-Ethenol is a colorless transparent liquid with an apple-like aroma. It is slightly soluble in water but highly soluble in organic solvents. This compound is widely used in the industrial field. It can be used as [&hellip;]<\/p>\n","protected":false},"featured_media":5189,"template":"","meta":{"_seopress_robots_primary_cat":"","_seopress_titles_title":"","_seopress_titles_desc":"","_seopress_robots_index":"","_uag_custom_page_level_css":"","site-sidebar-layout":"default","site-content-layout":"","ast-site-content-layout":"default","site-content-style":"default","site-sidebar-style":"default","ast-global-header-display":"","ast-banner-title-visibility":"","ast-main-header-display":"","ast-hfb-above-header-display":"","ast-hfb-below-header-display":"","ast-hfb-mobile-header-display":"","site-post-title":"","ast-breadcrumbs-content":"","ast-featured-img":"","footer-sml-layout":"","theme-transparent-header-meta":"default","adv-header-id-meta":"","stick-header-meta":"default","header-above-stick-meta":"","header-main-stick-meta":"","header-below-stick-meta":"","astra-migrate-meta-layouts":"set","ast-page-background-enabled":"default","ast-page-background-meta":{"desktop":{"background-color":"","background-image":"","background-repeat":"repeat","background-position":"center center","background-size":"auto","background-attachment":"scroll","background-type":"","background-media":"","overlay-type":"","overlay-color":"","overlay-opacity":"","overlay-gradient":""},"tablet":{"background-color":"","background-image":"","background-repeat":"repeat","background-position":"center center","background-size":"auto","background-attachment":"scroll","background-type":"","background-media":"","overlay-type":"","overlay-color":"","overlay-opacity":"","overlay-gradient":""},"mobile":{"background-color":"","background-image":"","background-repeat":"repeat","background-position":"center center","background-size":"auto","background-attachment":"scroll","background-type":"","background-media":"","overlay-type":"","overlay-color":"","overlay-opacity":"","overlay-gradient":""}},"ast-content-background-meta":{"desktop":{"background-color":"var(--ast-global-color-5)","background-image":"","background-repeat":"repeat","background-position":"center center","background-size":"auto","background-attachment":"scroll","background-type":"","background-media":"","overlay-type":"","overlay-color":"","overlay-opacity":"","overlay-gradient":""},"tablet":{"background-color":"var(--ast-global-color-5)","background-image":"","background-repeat":"repeat","background-position":"center center","background-size":"auto","background-attachment":"scroll","background-type":"","background-media":"","overlay-type":"","overlay-color":"","overlay-opacity":"","overlay-gradient":""},"mobile":{"background-color":"var(--ast-global-color-5)","background-image":"","background-repeat":"repeat","background-position":"center center","background-size":"auto","background-attachment":"scroll","background-type":"","background-media":"","overlay-type":"","overlay-color":"","overlay-opacity":"","overlay-gradient":""}}},"product_brand":[],"product_cat":[67],"product_tag":[],"class_list":{"0":"post-5175","1":"product","2":"type-product","3":"status-publish","4":"has-post-thumbnail","6":"product_cat-food-additives","7":"desktop-align-left","8":"tablet-align-left","9":"mobile-align-left","10":"ast-product-gallery-layout-horizontal-slider","11":"ast-product-gallery-with-no-image","12":"ast-product-tabs-layout-horizontal","14":"first","15":"instock","16":"shipping-taxable","17":"product-type-simple"},"uagb_featured_image_src":{"full":["https:\/\/jinancuchem.com\/wp-content\/uploads\/2025\/07\/106.png",800,800,false],"thumbnail":["https:\/\/jinancuchem.com\/wp-content\/uploads\/2025\/07\/106-150x150.png",150,150,true],"medium":["https:\/\/jinancuchem.com\/wp-content\/uploads\/2025\/07\/106-300x300.png",300,300,true],"medium_large":["https:\/\/jinancuchem.com\/wp-content\/uploads\/2025\/07\/106-768x768.png",768,768,true],"large":["https:\/\/jinancuchem.com\/wp-content\/uploads\/2025\/07\/106.png",800,800,false],"1536x1536":["https:\/\/jinancuchem.com\/wp-content\/uploads\/2025\/07\/106.png",800,800,false],"2048x2048":["https:\/\/jinancuchem.com\/wp-content\/uploads\/2025\/07\/106.png",800,800,false],"trp-custom-language-flag":["https:\/\/jinancuchem.com\/wp-content\/uploads\/2025\/07\/106-12x12.png",12,12,true],"woocommerce_thumbnail":["https:\/\/jinancuchem.com\/wp-content\/uploads\/2025\/07\/106-300x300.png",300,300,true],"woocommerce_single":["https:\/\/jinancuchem.com\/wp-content\/uploads\/2025\/07\/106-500x500.png",500,500,true],"woocommerce_gallery_thumbnail":["https:\/\/jinancuchem.com\/wp-content\/uploads\/2025\/07\/106-100x100.png",100,100,true]},"uagb_author_info":{"display_name":"jinxing6611@gmail.com","author_link":"https:\/\/jinancuchem.com\/fr\/author\/"},"uagb_comment_info":0,"uagb_excerpt":"\u3010CAS\u3011111-13-7 Alias: 2-OCTANONE OEKANAL;2-OCTANONE REAGENT GRADE 98%; Molecular formula: C8H16O \u00a0\u00a0Relative molecular mass: 128.21 Structural formula: &nbsp; 1.Product Property 2-Ethenol is a colorless transparent liquid with an apple-like aroma. It is slightly soluble in water but highly soluble in organic solvents. This compound is widely used in the industrial field. It can be used as\u2026","_links":{"self":[{"href":"https:\/\/jinancuchem.com\/fr\/wp-json\/wp\/v2\/product\/5175","targetHints":{"allow":["GET"]}}],"collection":[{"href":"https:\/\/jinancuchem.com\/fr\/wp-json\/wp\/v2\/product"}],"about":[{"href":"https:\/\/jinancuchem.com\/fr\/wp-json\/wp\/v2\/types\/product"}],"wp:featuredmedia":[{"embeddable":true,"href":"https:\/\/jinancuchem.com\/fr\/wp-json\/wp\/v2\/media\/5189"}],"wp:attachment":[{"href":"https:\/\/jinancuchem.com\/fr\/wp-json\/wp\/v2\/media?parent=5175"}],"wp:term":[{"taxonomy":"product_brand","embeddable":true,"href":"https:\/\/jinancuchem.com\/fr\/wp-json\/wp\/v2\/product_brand?post=5175"},{"taxonomy":"product_cat","embeddable":true,"href":"https:\/\/jinancuchem.com\/fr\/wp-json\/wp\/v2\/product_cat?post=5175"},{"taxonomy":"product_tag","embeddable":true,"href":"https:\/\/jinancuchem.com\/fr\/wp-json\/wp\/v2\/product_tag?post=5175"}],"curies":[{"name":"wp","href":"https:\/\/api.w.org\/{rel}","templated":true}]}}