{"id":5193,"date":"2025-07-25T09:01:06","date_gmt":"2025-07-25T09:01:06","guid":{"rendered":"https:\/\/jinancuchem.com\/?post_type=product&#038;p=5193"},"modified":"2025-07-25T09:03:18","modified_gmt":"2025-07-25T09:03:18","slug":"5193","status":"publish","type":"product","link":"https:\/\/jinancuchem.com\/fr\/produit\/5193\/","title":{"rendered":"Butyrate d'octyle"},"content":{"rendered":"<p>\u3010CAS\u3011110-39-4<\/p>\n<p>Alias : acide butano\u00efque, octylester ; butanoate de n-octyle ; butanoate d'octyle ;<\/p>\n<p>Formule mol\u00e9culaire : C12H24O2 Masse mol\u00e9culaire relative : 200,32<\/p>\n<p>Formule structurelle :<img alt=\"\" decoding=\"async\" class=\"alignnone size-medium wp-image-5196\" src=\"https:\/\/jinancuchem.com\/wp-content\/uploads\/2025\/07\/\u56fe\u7247107-300x55.png\" width=\"300\" height=\"55\" srcset=\"https:\/\/jinancuchem.com\/wp-content\/uploads\/2025\/07\/\u56fe\u7247107-300x55.png 300w, https:\/\/jinancuchem.com\/wp-content\/uploads\/2025\/07\/\u56fe\u7247107-18x3.png 18w, https:\/\/jinancuchem.com\/wp-content\/uploads\/2025\/07\/\u56fe\u7247107.png 424w\" sizes=\"(max-width: 300px) 100vw, 300px\" \/><\/p>\n<p>&nbsp;<\/p>\n<h4>1.Propri\u00e9t\u00e9 du produit<\/h4>\n<p>Le butyrate d'octyle est une substance chimique dont la saveur rappelle celle du melon. Il est utilis\u00e9 dans la formulation d'ar\u00f4mes alimentaires et de parfums cosm\u00e9tiques. Il est presque insoluble dans l'eau mais soluble dans l'\u00e9thanol.<\/p>\n<p>&nbsp;<\/p>\n<h4>2.<\/h4>\n<table>\n<tbody>\n<tr>\n<td><strong><b>Param\u00e8tres<\/b><\/strong><\/td>\n<td><strong><b>Qualit\u00e9 industrielle<\/b><\/strong><\/td>\n<td><strong><b>Qualit\u00e9 alimentaire (FEMA 2807)<\/b><\/strong><\/td>\n<\/tr>\n<tr>\n<td><strong><b>La puret\u00e9<\/b><\/strong><\/td>\n<td>\u226597.0%<\/td>\n<td>\u226598.5%<\/td>\n<\/tr>\n<tr>\n<td><strong><b>Apparence<\/b><\/strong><\/td>\n<td>Liquide incolore<\/td>\n<td>Liquide incolore<\/td>\n<\/tr>\n<tr>\n<td><strong><b>Odeur<\/b><\/strong><\/td>\n<td>Fruit\u00e9, semblable \u00e0 la poire<\/td>\n<td>Doux, tropical<\/td>\n<\/tr>\n<tr>\n<td><strong><b>Valeur acide<\/b><\/strong><\/td>\n<td>\u22641,0 mg KOH\/g<\/td>\n<td>\u22640,5 mg KOH\/g<\/td>\n<\/tr>\n<tr>\n<td><strong><b>Indice de r\u00e9fraction (20\u00b0C)<\/b><\/strong><\/td>\n<td>1.425-1.429<\/td>\n<td>1.426-1.428<\/td>\n<\/tr>\n<tr>\n<td><strong><b>Densit\u00e9 (20\u00b0C)<\/b><\/strong><\/td>\n<td>0,860-0,870 g\/cm\u00b3<\/td>\n<td>0,862-0,868 g\/cm\u00b3<\/td>\n<\/tr>\n<tr>\n<td><strong><b>M\u00e9taux lourds (Pb)<\/b><\/strong><\/td>\n<td>\u22645 ppm<\/td>\n<td>\u22642 ppm<\/td>\n<\/tr>\n<\/tbody>\n<\/table>\n<p>&nbsp;<\/p>\n<h4>3. Champ d'application et utilisation<\/h4>\n<p>Le butyrate d'octyle est un compos\u00e9 ester \u00e0 l'ar\u00f4me fruit\u00e9 prononc\u00e9. Il est principalement utilis\u00e9 comme agent aromatique alimentaire (pour m\u00e9langer les saveurs des fruits tropicaux tels que la poire et l'ananas, FEMA 2807), comme ingr\u00e9dient de parfumerie cosm\u00e9tique (pour les parfums et les produits de soin de la peau) et comme solvant industriel (pour l'encre et la peinture). Son parfum doux et sucr\u00e9 et sa stabilit\u00e9 en font une mati\u00e8re premi\u00e8re couramment utilis\u00e9e dans l'industrie alimentaire et cosm\u00e9tique.<\/p>\n<p>&nbsp;<\/p>\n<h4>4. l'emballage et le stockage<\/h4>\n<p>Le butyrate d'octyle est conditionn\u00e9 dans des f\u00fbts en plastique HDPE de 25 kg ou dans des f\u00fbts en aluminium. Pour les produits de qualit\u00e9 alimentaire, l'azote doit \u00eatre rempli pour la protection. Il doit \u00eatre stock\u00e9 dans un endroit frais et sombre (&lt; 25\u2103), ferm\u00e9 herm\u00e9tiquement pour \u00e9viter l&#039;oxydation, et tenu \u00e0 l&#039;\u00e9cart des sources de feu et des acides forts. La dur\u00e9e de conservation est de 24 mois.<\/p>","protected":false},"excerpt":{"rendered":"<p>\u3010CAS\u3011110-39-4 Alias: Butanoicacid,octylester;n-Octyl butanoate;Octyl butanoate; Molecular formula: C12H24O2 \u00a0\u00a0Relative molecular mass: 200.32 Structural formula: &nbsp; 1.Product Property Octyl butyrate is a chemical substance with a flavor similar to that of melon. It is used in the formulation of food flavors and cosmetic fragrances. It is almost insoluble in water but soluble in ethanol. &nbsp; 2. [&hellip;]<\/p>\n","protected":false},"featured_media":5200,"template":"","meta":{"_seopress_robots_primary_cat":"none","_seopress_titles_title":"","_seopress_titles_desc":"","_seopress_robots_index":"","_uag_custom_page_level_css":"","site-sidebar-layout":"default","site-content-layout":"","ast-site-content-layout":"default","site-content-style":"default","site-sidebar-style":"default","ast-global-header-display":"","ast-banner-title-visibility":"","ast-main-header-display":"","ast-hfb-above-header-display":"","ast-hfb-below-header-display":"","ast-hfb-mobile-header-display":"","site-post-title":"","ast-breadcrumbs-content":"","ast-featured-img":"","footer-sml-layout":"","theme-transparent-header-meta":"default","adv-header-id-meta":"","stick-header-meta":"default","header-above-stick-meta":"","header-main-stick-meta":"","header-below-stick-meta":"","astra-migrate-meta-layouts":"set","ast-page-background-enabled":"default","ast-page-background-meta":{"desktop":{"background-color":"","background-image":"","background-repeat":"repeat","background-position":"center center","background-size":"auto","background-attachment":"scroll","background-type":"","background-media":"","overlay-type":"","overlay-color":"","overlay-opacity":"","overlay-gradient":""},"tablet":{"background-color":"","background-image":"","background-repeat":"repeat","background-position":"center center","background-size":"auto","background-attachment":"scroll","background-type":"","background-media":"","overlay-type":"","overlay-color":"","overlay-opacity":"","overlay-gradient":""},"mobile":{"background-color":"","background-image":"","background-repeat":"repeat","background-position":"center center","background-size":"auto","background-attachment":"scroll","background-type":"","background-media":"","overlay-type":"","overlay-color":"","overlay-opacity":"","overlay-gradient":""}},"ast-content-background-meta":{"desktop":{"background-color":"var(--ast-global-color-5)","background-image":"","background-repeat":"repeat","background-position":"center center","background-size":"auto","background-attachment":"scroll","background-type":"","background-media":"","overlay-type":"","overlay-color":"","overlay-opacity":"","overlay-gradient":""},"tablet":{"background-color":"var(--ast-global-color-5)","background-image":"","background-repeat":"repeat","background-position":"center center","background-size":"auto","background-attachment":"scroll","background-type":"","background-media":"","overlay-type":"","overlay-color":"","overlay-opacity":"","overlay-gradient":""},"mobile":{"background-color":"var(--ast-global-color-5)","background-image":"","background-repeat":"repeat","background-position":"center center","background-size":"auto","background-attachment":"scroll","background-type":"","background-media":"","overlay-type":"","overlay-color":"","overlay-opacity":"","overlay-gradient":""}}},"product_brand":[],"product_cat":[67],"product_tag":[],"class_list":{"0":"post-5193","1":"product","2":"type-product","3":"status-publish","4":"has-post-thumbnail","6":"product_cat-food-additives","7":"desktop-align-left","8":"tablet-align-left","9":"mobile-align-left","10":"ast-product-gallery-layout-horizontal-slider","11":"ast-product-gallery-with-no-image","12":"ast-product-tabs-layout-horizontal","14":"first","15":"instock","16":"shipping-taxable","17":"product-type-simple"},"uagb_featured_image_src":{"full":["https:\/\/jinancuchem.com\/wp-content\/uploads\/2025\/07\/107.png",800,800,false],"thumbnail":["https:\/\/jinancuchem.com\/wp-content\/uploads\/2025\/07\/107-150x150.png",150,150,true],"medium":["https:\/\/jinancuchem.com\/wp-content\/uploads\/2025\/07\/107-300x300.png",300,300,true],"medium_large":["https:\/\/jinancuchem.com\/wp-content\/uploads\/2025\/07\/107-768x768.png",768,768,true],"large":["https:\/\/jinancuchem.com\/wp-content\/uploads\/2025\/07\/107.png",800,800,false],"1536x1536":["https:\/\/jinancuchem.com\/wp-content\/uploads\/2025\/07\/107.png",800,800,false],"2048x2048":["https:\/\/jinancuchem.com\/wp-content\/uploads\/2025\/07\/107.png",800,800,false],"trp-custom-language-flag":["https:\/\/jinancuchem.com\/wp-content\/uploads\/2025\/07\/107-12x12.png",12,12,true],"woocommerce_thumbnail":["https:\/\/jinancuchem.com\/wp-content\/uploads\/2025\/07\/107-300x300.png",300,300,true],"woocommerce_single":["https:\/\/jinancuchem.com\/wp-content\/uploads\/2025\/07\/107-500x500.png",500,500,true],"woocommerce_gallery_thumbnail":["https:\/\/jinancuchem.com\/wp-content\/uploads\/2025\/07\/107-100x100.png",100,100,true]},"uagb_author_info":{"display_name":"jinxing6611@gmail.com","author_link":"https:\/\/jinancuchem.com\/fr\/author\/"},"uagb_comment_info":0,"uagb_excerpt":"\u3010CAS\u3011110-39-4 Alias: Butanoicacid,octylester;n-Octyl butanoate;Octyl butanoate; Molecular formula: C12H24O2 \u00a0\u00a0Relative molecular mass: 200.32 Structural formula: &nbsp; 1.Product Property Octyl butyrate is a chemical substance with a flavor similar to that of melon. It is used in the formulation of food flavors and cosmetic fragrances. It is almost insoluble in water but soluble in ethanol. &nbsp; 2.\u2026","_links":{"self":[{"href":"https:\/\/jinancuchem.com\/fr\/wp-json\/wp\/v2\/product\/5193","targetHints":{"allow":["GET"]}}],"collection":[{"href":"https:\/\/jinancuchem.com\/fr\/wp-json\/wp\/v2\/product"}],"about":[{"href":"https:\/\/jinancuchem.com\/fr\/wp-json\/wp\/v2\/types\/product"}],"wp:featuredmedia":[{"embeddable":true,"href":"https:\/\/jinancuchem.com\/fr\/wp-json\/wp\/v2\/media\/5200"}],"wp:attachment":[{"href":"https:\/\/jinancuchem.com\/fr\/wp-json\/wp\/v2\/media?parent=5193"}],"wp:term":[{"taxonomy":"product_brand","embeddable":true,"href":"https:\/\/jinancuchem.com\/fr\/wp-json\/wp\/v2\/product_brand?post=5193"},{"taxonomy":"product_cat","embeddable":true,"href":"https:\/\/jinancuchem.com\/fr\/wp-json\/wp\/v2\/product_cat?post=5193"},{"taxonomy":"product_tag","embeddable":true,"href":"https:\/\/jinancuchem.com\/fr\/wp-json\/wp\/v2\/product_tag?post=5193"}],"curies":[{"name":"wp","href":"https:\/\/api.w.org\/{rel}","templated":true}]}}