{"id":5208,"date":"2025-07-25T09:05:06","date_gmt":"2025-07-25T09:05:06","guid":{"rendered":"https:\/\/jinancuchem.com\/?post_type=product&#038;p=5208"},"modified":"2025-07-25T09:05:06","modified_gmt":"2025-07-25T09:05:06","slug":"dispersing-solubilizer-s-15","status":"publish","type":"product","link":"https:\/\/jinancuchem.com\/fr\/produit\/dispersing-solubilizer-s-15\/","title":{"rendered":"Solubilisant dispersant S-15"},"content":{"rendered":"<p>\u3010Composition chimique\u3011Complexes d'alcools, d'\u00e9thers, etc.<\/p>\n<p>\u3010Type\u3011Anionique<\/p>\n<p>&nbsp;<\/p>\n<h3>1.Propri\u00e9t\u00e9 du produit<\/h3>\n<p>&nbsp;<\/p>\n<p>S-15 est une p\u00e2te jaune p\u00e2le qui se dissout facilement dans l'eau et dans certains solvants organiques. Elle pr\u00e9sente un excellent pouvoir de solubilisation, de d\u00e9tergence, d'\u00e9mulsification et de dispersion, tout en restant stable au-dessus de 100 \u00b0C. Le produit est l\u00e9g\u00e8rement acide (pH 4-7, solution 1 %) et donne de meilleurs r\u00e9sultats dans des conditions neutres ou l\u00e9g\u00e8rement acides, en \u00e9vitant les milieux alcalins.<\/p>\n<h3>2. norme technique<\/h3>\n<p>&nbsp;<\/p>\n<table>\n<tbody>\n<tr>\n<td><strong><b>Param\u00e8tres<\/b><\/strong><\/td>\n<td><strong><b>Sp\u00e9cifications<\/b><\/strong><\/td>\n<\/tr>\n<tr>\n<td>Apparence<\/td>\n<td>P\u00e2te jaune p\u00e2le<\/td>\n<\/tr>\n<tr>\n<td>pH (1 % aqueux)<\/td>\n<td>4-7<\/td>\n<\/tr>\n<tr>\n<td>Point nuage (1 %)<\/td>\n<td>&gt; 100 \u00b0C<\/td>\n<\/tr>\n<tr>\n<td>Caract\u00e8re ionique<\/td>\n<td>Non ionique<\/td>\n<\/tr>\n<tr>\n<td>Solubilit\u00e9<\/td>\n<td>Soluble dans l'eau et la plupart des substances organiques polaires<\/td>\n<\/tr>\n<\/tbody>\n<\/table>\n<p>&nbsp;<\/p>\n<h3>3.Champ d'application et utilisation<\/h3>\n<p>&nbsp;<\/p>\n<p>Le S-15 est con\u00e7u pour les syst\u00e8mes d'avivage de galvanoplastie, o\u00f9 il solubilise le benzylid\u00e8ne-ac\u00e9tone dans un rapport de poids de 1:7-9 (BZA:S-15), emp\u00eachant le trouble du bain m\u00eame pendant un fonctionnement estival continu. Il est \u00e9galement utilis\u00e9 dans les nettoyants d\u00e9graissants pour m\u00e9taux afin de renforcer la d\u00e9tergence et sert d'\u00e9mulsifiant principal dans la polym\u00e9risation en \u00e9mulsion. Pour de meilleurs r\u00e9sultats, utiliser dans des milieux neutres \u00e0 l\u00e9g\u00e8rement acides et \u00e9viter les conditions alcalines.<\/p>\n<h3>4. l'emballage et le stockage<\/h3>\n<p>Le S-15 est fourni dans des f\u00fbts bleus de 50 kg en PEHD \u00e0 t\u00eate serr\u00e9e avec des bouchons inviolables. Le produit est class\u00e9 comme non dangereux et ininflammable ; il doit donc \u00eatre manipul\u00e9 et transport\u00e9 comme un produit chimique ordinaire. Stocker dans un entrep\u00f4t frais, sec et bien ventil\u00e9, \u00e0 l'abri de la lumi\u00e8re directe du soleil, des oxydants puissants et des substances alcalines. Garder les f\u00fbts herm\u00e9tiquement ferm\u00e9s pendant le stockage. Dans ces conditions, la dur\u00e9e de conservation est de 24 mois \u00e0 compter de la date de fabrication.<\/p>","protected":false},"excerpt":{"rendered":"<p>\u3010Chemical Composition\u3011Complexes of alcohols, ethers, etc. \u3010Type\u3011Anionic type &nbsp; 1.Product Property &nbsp; S-15 is a pale-yellow paste that dissolves readily in water and selected organic solvents. It offers excellent solubilizing, detergency, emulsifying and dispersing power while remaining stable above 100 \u00b0C. The product is mildly acidic (pH 4\u20137, 1 % solution) and performs best under [&hellip;]<\/p>\n","protected":false},"featured_media":5212,"template":"","meta":{"_seopress_robots_primary_cat":"","_seopress_titles_title":"","_seopress_titles_desc":"","_seopress_robots_index":"","_uag_custom_page_level_css":"","site-sidebar-layout":"default","site-content-layout":"","ast-site-content-layout":"default","site-content-style":"default","site-sidebar-style":"default","ast-global-header-display":"","ast-banner-title-visibility":"","ast-main-header-display":"","ast-hfb-above-header-display":"","ast-hfb-below-header-display":"","ast-hfb-mobile-header-display":"","site-post-title":"","ast-breadcrumbs-content":"","ast-featured-img":"","footer-sml-layout":"","theme-transparent-header-meta":"default","adv-header-id-meta":"","stick-header-meta":"default","header-above-stick-meta":"","header-main-stick-meta":"","header-below-stick-meta":"","astra-migrate-meta-layouts":"set","ast-page-background-enabled":"default","ast-page-background-meta":{"desktop":{"background-color":"","background-image":"","background-repeat":"repeat","background-position":"center center","background-size":"auto","background-attachment":"scroll","background-type":"","background-media":"","overlay-type":"","overlay-color":"","overlay-opacity":"","overlay-gradient":""},"tablet":{"background-color":"","background-image":"","background-repeat":"repeat","background-position":"center center","background-size":"auto","background-attachment":"scroll","background-type":"","background-media":"","overlay-type":"","overlay-color":"","overlay-opacity":"","overlay-gradient":""},"mobile":{"background-color":"","background-image":"","background-repeat":"repeat","background-position":"center center","background-size":"auto","background-attachment":"scroll","background-type":"","background-media":"","overlay-type":"","overlay-color":"","overlay-opacity":"","overlay-gradient":""}},"ast-content-background-meta":{"desktop":{"background-color":"var(--ast-global-color-5)","background-image":"","background-repeat":"repeat","background-position":"center center","background-size":"auto","background-attachment":"scroll","background-type":"","background-media":"","overlay-type":"","overlay-color":"","overlay-opacity":"","overlay-gradient":""},"tablet":{"background-color":"var(--ast-global-color-5)","background-image":"","background-repeat":"repeat","background-position":"center center","background-size":"auto","background-attachment":"scroll","background-type":"","background-media":"","overlay-type":"","overlay-color":"","overlay-opacity":"","overlay-gradient":""},"mobile":{"background-color":"var(--ast-global-color-5)","background-image":"","background-repeat":"repeat","background-position":"center center","background-size":"auto","background-attachment":"scroll","background-type":"","background-media":"","overlay-type":"","overlay-color":"","overlay-opacity":"","overlay-gradient":""}}},"product_brand":[],"product_cat":[69],"product_tag":[],"class_list":{"0":"post-5208","1":"product","2":"type-product","3":"status-publish","4":"has-post-thumbnail","6":"product_cat-daily-chemical-product","7":"desktop-align-left","8":"tablet-align-left","9":"mobile-align-left","10":"ast-product-gallery-layout-horizontal-slider","11":"ast-product-gallery-with-no-image","12":"ast-product-tabs-layout-horizontal","14":"first","15":"instock","16":"shipping-taxable","17":"product-type-simple"},"uagb_featured_image_src":{"full":["https:\/\/jinancuchem.com\/wp-content\/uploads\/2025\/07\/\u672a\u6807\u9898-2-14.jpg",400,400,false],"thumbnail":["https:\/\/jinancuchem.com\/wp-content\/uploads\/2025\/07\/\u672a\u6807\u9898-2-14-150x150.jpg",150,150,true],"medium":["https:\/\/jinancuchem.com\/wp-content\/uploads\/2025\/07\/\u672a\u6807\u9898-2-14-300x300.jpg",300,300,true],"medium_large":["https:\/\/jinancuchem.com\/wp-content\/uploads\/2025\/07\/\u672a\u6807\u9898-2-14.jpg",400,400,false],"large":["https:\/\/jinancuchem.com\/wp-content\/uploads\/2025\/07\/\u672a\u6807\u9898-2-14.jpg",400,400,false],"1536x1536":["https:\/\/jinancuchem.com\/wp-content\/uploads\/2025\/07\/\u672a\u6807\u9898-2-14.jpg",400,400,false],"2048x2048":["https:\/\/jinancuchem.com\/wp-content\/uploads\/2025\/07\/\u672a\u6807\u9898-2-14.jpg",400,400,false],"trp-custom-language-flag":["https:\/\/jinancuchem.com\/wp-content\/uploads\/2025\/07\/\u672a\u6807\u9898-2-14-12x12.jpg",12,12,true],"woocommerce_thumbnail":["https:\/\/jinancuchem.com\/wp-content\/uploads\/2025\/07\/\u672a\u6807\u9898-2-14-300x300.jpg",300,300,true],"woocommerce_single":["https:\/\/jinancuchem.com\/wp-content\/uploads\/2025\/07\/\u672a\u6807\u9898-2-14.jpg",400,400,false],"woocommerce_gallery_thumbnail":["https:\/\/jinancuchem.com\/wp-content\/uploads\/2025\/07\/\u672a\u6807\u9898-2-14-100x100.jpg",100,100,true]},"uagb_author_info":{"display_name":"jinxing6611@gmail.com","author_link":"https:\/\/jinancuchem.com\/fr\/author\/"},"uagb_comment_info":0,"uagb_excerpt":"\u3010Chemical Composition\u3011Complexes of alcohols, ethers, etc. \u3010Type\u3011Anionic type &nbsp; 1.Product Property &nbsp; S-15 is a pale-yellow paste that dissolves readily in water and selected organic solvents. It offers excellent solubilizing, detergency, emulsifying and dispersing power while remaining stable above 100 \u00b0C. The product is mildly acidic (pH 4\u20137, 1 % solution) and performs best under\u2026","_links":{"self":[{"href":"https:\/\/jinancuchem.com\/fr\/wp-json\/wp\/v2\/product\/5208","targetHints":{"allow":["GET"]}}],"collection":[{"href":"https:\/\/jinancuchem.com\/fr\/wp-json\/wp\/v2\/product"}],"about":[{"href":"https:\/\/jinancuchem.com\/fr\/wp-json\/wp\/v2\/types\/product"}],"wp:featuredmedia":[{"embeddable":true,"href":"https:\/\/jinancuchem.com\/fr\/wp-json\/wp\/v2\/media\/5212"}],"wp:attachment":[{"href":"https:\/\/jinancuchem.com\/fr\/wp-json\/wp\/v2\/media?parent=5208"}],"wp:term":[{"taxonomy":"product_brand","embeddable":true,"href":"https:\/\/jinancuchem.com\/fr\/wp-json\/wp\/v2\/product_brand?post=5208"},{"taxonomy":"product_cat","embeddable":true,"href":"https:\/\/jinancuchem.com\/fr\/wp-json\/wp\/v2\/product_cat?post=5208"},{"taxonomy":"product_tag","embeddable":true,"href":"https:\/\/jinancuchem.com\/fr\/wp-json\/wp\/v2\/product_tag?post=5208"}],"curies":[{"name":"wp","href":"https:\/\/api.w.org\/{rel}","templated":true}]}}