{"id":5241,"date":"2025-07-25T09:14:22","date_gmt":"2025-07-25T09:14:22","guid":{"rendered":"https:\/\/jinancuchem.com\/?post_type=product&#038;p=5241"},"modified":"2025-07-25T09:14:22","modified_gmt":"2025-07-25T09:14:22","slug":"propylene-glycol","status":"publish","type":"product","link":"https:\/\/jinancuchem.com\/fr\/produit\/propylene-glycol\/","title":{"rendered":"Propyl\u00e8ne glycol"},"content":{"rendered":"<p>Le 1,2-pentanediol (PG), \u00e9galement connu sous le nom d'alcool monopropylique et de 1,2-dihydroxypropane, est un compos\u00e9 organique de petite taille dont la formule chimique est C3H8O2. Dans des conditions normales, il s'agit d'un liquide incolore, inodore, l\u00e9g\u00e8rement toxique, visqueux et absorbant l'eau avec une bonne stabilit\u00e9 et une bonne propri\u00e9t\u00e9 d'absorption de l'eau.<\/p>\n<p>\u3010CAS\u301157-55-6 Formule mol\u00e9culaire:C3H8O2 Masse mol\u00e9culaire relative:76,09<\/p>\n<p>Formule structurelle :<img alt=\"\" decoding=\"async\" class=\"alignnone size-full wp-image-5244\" src=\"https:\/\/jinancuchem.com\/wp-content\/uploads\/2025\/07\/\u56fe\u7247111.png\" width=\"127\" height=\"58\" srcset=\"https:\/\/jinancuchem.com\/wp-content\/uploads\/2025\/07\/\u56fe\u7247111.png 127w, https:\/\/jinancuchem.com\/wp-content\/uploads\/2025\/07\/\u56fe\u7247111-18x8.png 18w\" sizes=\"(max-width: 127px) 100vw, 127px\" \/><\/p>\n<p>&nbsp;<\/p>\n<h4>\u4e00\uff0ePropri\u00e9t\u00e9 du produit<\/h4>\n<p>Le 1,2-pentanediol peut \u00eatre pr\u00e9par\u00e9 par des m\u00e9thodes telles que l'hydratation de l'oxyde de propyl\u00e8ne, l'hydrolyse du 1,2-dichloropropane et l'oxydation du propyl\u00e8ne. Il poss\u00e8de des propri\u00e9t\u00e9s telles que la lubrification, l'hydratation, la p\u00e9n\u00e9tration et la solubilisation.<\/p>\n<p>&nbsp;<\/p>\n<h4>\u4e8c\uff0eIndicateur de qualit\u00e9 :<\/h4>\n<table>\n<tbody>\n<tr>\n<td><strong><b>Param\u00e8tres<\/b><\/strong><\/td>\n<td><strong><b>Sp\u00e9cifications<\/b><\/strong><strong><b>\u00a0(USP\/FCC\/EU)<\/b><\/strong><\/td>\n<td><strong><b>M\u00e9thode d'essai<\/b><\/strong><\/td>\n<\/tr>\n<tr>\n<td><strong><b>Puret\u00e9 (C\u2083H\u2088O\u2082)<\/b><\/strong><\/td>\n<td>\u2265 99,5% (w\/w)<\/td>\n<td>GC (USP )<\/td>\n<\/tr>\n<tr>\n<td><strong><b>Teneur en eau<\/b><\/strong><\/td>\n<td>\u2264 0,2% (w\/w)<\/td>\n<td>Karl Fischer (USP )<\/td>\n<\/tr>\n<tr>\n<td><strong><b>Densit\u00e9 (25\u00b0C)<\/b><\/strong><\/td>\n<td>1.035 &#8211; 1.040<\/td>\n<td>Pycnom\u00e8tre (USP )<\/td>\n<\/tr>\n<tr>\n<td><strong><b>Indice de r\u00e9fraction (20\u00b0C)<\/b><\/strong><\/td>\n<td>1.431 &#8211; 1.434<\/td>\n<td>R\u00e9fractom\u00e9trie (USP )<\/td>\n<\/tr>\n<tr>\n<td><strong><b>Acidit\u00e9 (en tant qu'acide ac\u00e9tique)<\/b><\/strong><\/td>\n<td>\u2264 0,005% (w\/w)<\/td>\n<td>Titrage (USP )<\/td>\n<\/tr>\n<tr>\n<td><strong><b>Chlorures<\/b><\/strong><\/td>\n<td>\u2264 0,007% (w\/w)<\/td>\n<td>Test de nitrate d'argent<\/td>\n<\/tr>\n<tr>\n<td><strong><b>Sulfates<\/b><\/strong><\/td>\n<td>\u2264 0,006% (w\/w)<\/td>\n<td>Test au chlorure de baryum<\/td>\n<\/tr>\n<tr>\n<td><strong><b>M\u00e9taux lourds (en Pb)<\/b><\/strong><\/td>\n<td>\u2264 5 ppm<\/td>\n<td>ICP-MS (USP )<\/td>\n<\/tr>\n<tr>\n<td><strong><b>Arsenic (As)<\/b><\/strong><\/td>\n<td>\u2264 3 ppm<\/td>\n<td>ICP-MS (USP )<\/td>\n<\/tr>\n<tr>\n<td><strong><b>R\u00e9sidus \u00e0 l'allumage<\/b><\/strong><\/td>\n<td>\u2264 0,007% (w\/w)<\/td>\n<td>Gravim\u00e9trie (USP )<\/td>\n<\/tr>\n<tr>\n<td><strong><b>Substances d'oxydation<\/b><\/strong><\/td>\n<td>Test r\u00e9ussi (\u2264 20 ppm en H\u2082O\u2082)<\/td>\n<td>Test de temps au permanganate<\/td>\n<\/tr>\n<tr>\n<td><strong><b>Limites microbiennes<\/b><\/strong><\/td>\n<td>Comptage a\u00e9robie total \u2264 100 UFC\/g<\/td>\n<td>USP<\/td>\n<\/tr>\n<tr>\n<td><strong><b>Levures et moisissures<\/b><\/strong><\/td>\n<td>\u2264 10 UFC\/g<\/td>\n<td>USP<\/td>\n<\/tr>\n<tr>\n<td><strong><b>E. coli, Salmonella<\/b><\/strong><\/td>\n<td>Absent dans 10g<\/td>\n<td>USP<\/td>\n<\/tr>\n<\/tbody>\n<\/table>\n<p>&nbsp;<\/p>\n<h4>\u4e09\uff0eApplication du champ d'application et utilisation<\/h4>\n<p>Le propyl\u00e8ne glycol de qualit\u00e9 alimentaire est un liquide visqueux incolore, transparent et non pr\u00e9cipitant. Il est largement utilis\u00e9 dans l'industrie alimentaire. Selon les normes nationales, il est approuv\u00e9 comme additif alimentaire et est principalement utilis\u00e9 comme stabilisateur, \u00e9mulsifiant et solvant. On le trouve couramment dans des produits tels que le pain et la cr\u00e8me. Le propyl\u00e8ne glycol poss\u00e8de de bonnes propri\u00e9t\u00e9s hygroscopiques et antigel, ce qui permet de maintenir l'humidit\u00e9 et la fra\u00eecheur des aliments. En outre, il peut \u00e9galement \u00eatre utilis\u00e9 dans le traitement de la bi\u00e8re et l'extraction de substances aromatiques.<\/p>\n<p>&nbsp;<\/p>\n<h4>\u56db\uff0eEmballage et stockage<\/h4>\n<p>Le produit est conditionn\u00e9 dans des f\u00fbts en plastique, avec une sp\u00e9cification de 215 kg par f\u00fbt, ou conform\u00e9ment aux sp\u00e9cifications d'emballage demand\u00e9es par le client.<\/p>\n<p>Il est extr\u00eamement stable \u00e0 temp\u00e9rature ambiante, mais s'oxyde lorsqu'il est expos\u00e9 \u00e0 des temp\u00e9ratures \u00e9lev\u00e9es (sup\u00e9rieures \u00e0 280\u2103) ; lorsqu'il est m\u00e9lang\u00e9 \u00e0 de l'\u00e9thanol 95% ou \u00e0 de l'eau, il pr\u00e9sente une stabilit\u00e9 chimique ; il peut \u00eatre st\u00e9rilis\u00e9 par pressage \u00e0 chaud ou par st\u00e9rilisation par filtration. Le propyl\u00e8ne glycol est hygroscopique et doit \u00eatre stock\u00e9 dans un endroit frais et sec, dans un r\u00e9cipient \u00e9tanche \u00e0 la lumi\u00e8re et scell\u00e9.<\/p>\n<p>&nbsp;<\/p>\n<h4>\u4e94\uff0e Protection de la s\u00e9curit\u00e9 :<\/h4>\n<p>Mesures de s\u00e9curit\u00e9 : \u00c9viter l'inhalation ou le contact avec ce produit. Il ne peut \u00eatre utilis\u00e9 que dans un endroit o\u00f9 l'air circule bien. Apr\u00e8s manipulation ou utilisation, nettoyer soigneusement \u00e0 l'eau.<\/p>","protected":false},"excerpt":{"rendered":"<p>1,2-Pentanediol (PG), also known as monopropyl alcohol and 1,2-dihydroxypropane, is a small molecule organic compound with the chemical formula C3H8O2. Under normal conditions, it is a colorless, odorless, slightly toxic, viscous and water-absorbing liquid with good stability and water-absorbing property. \u3010CAS\u301157-55-6\u00a0\u00a0\u00a0\u00a0\u00a0\u00a0\u00a0\u00a0\u00a0Molecular formula:C3H8O2\u00a0\u00a0\u00a0\u00a0\u00a0\u00a0\u00a0\u00a0\u00a0Relative molecular mass:76.09 Structural formula: &nbsp; \u4e00\uff0eProduct Property 1,2-Pentanediol can be prepared through methods [&hellip;]<\/p>\n","protected":false},"featured_media":5245,"template":"","meta":{"_seopress_robots_primary_cat":"none","_seopress_titles_title":"","_seopress_titles_desc":"","_seopress_robots_index":"","_uag_custom_page_level_css":"","site-sidebar-layout":"default","site-content-layout":"","ast-site-content-layout":"default","site-content-style":"default","site-sidebar-style":"default","ast-global-header-display":"","ast-banner-title-visibility":"","ast-main-header-display":"","ast-hfb-above-header-display":"","ast-hfb-below-header-display":"","ast-hfb-mobile-header-display":"","site-post-title":"","ast-breadcrumbs-content":"","ast-featured-img":"","footer-sml-layout":"","theme-transparent-header-meta":"default","adv-header-id-meta":"","stick-header-meta":"default","header-above-stick-meta":"","header-main-stick-meta":"","header-below-stick-meta":"","astra-migrate-meta-layouts":"set","ast-page-background-enabled":"default","ast-page-background-meta":{"desktop":{"background-color":"","background-image":"","background-repeat":"repeat","background-position":"center center","background-size":"auto","background-attachment":"scroll","background-type":"","background-media":"","overlay-type":"","overlay-color":"","overlay-opacity":"","overlay-gradient":""},"tablet":{"background-color":"","background-image":"","background-repeat":"repeat","background-position":"center center","background-size":"auto","background-attachment":"scroll","background-type":"","background-media":"","overlay-type":"","overlay-color":"","overlay-opacity":"","overlay-gradient":""},"mobile":{"background-color":"","background-image":"","background-repeat":"repeat","background-position":"center center","background-size":"auto","background-attachment":"scroll","background-type":"","background-media":"","overlay-type":"","overlay-color":"","overlay-opacity":"","overlay-gradient":""}},"ast-content-background-meta":{"desktop":{"background-color":"var(--ast-global-color-5)","background-image":"","background-repeat":"repeat","background-position":"center center","background-size":"auto","background-attachment":"scroll","background-type":"","background-media":"","overlay-type":"","overlay-color":"","overlay-opacity":"","overlay-gradient":""},"tablet":{"background-color":"var(--ast-global-color-5)","background-image":"","background-repeat":"repeat","background-position":"center center","background-size":"auto","background-attachment":"scroll","background-type":"","background-media":"","overlay-type":"","overlay-color":"","overlay-opacity":"","overlay-gradient":""},"mobile":{"background-color":"var(--ast-global-color-5)","background-image":"","background-repeat":"repeat","background-position":"center center","background-size":"auto","background-attachment":"scroll","background-type":"","background-media":"","overlay-type":"","overlay-color":"","overlay-opacity":"","overlay-gradient":""}}},"product_brand":[],"product_cat":[67],"product_tag":[],"class_list":{"0":"post-5241","1":"product","2":"type-product","3":"status-publish","4":"has-post-thumbnail","6":"product_cat-food-additives","7":"desktop-align-left","8":"tablet-align-left","9":"mobile-align-left","10":"ast-product-gallery-layout-horizontal-slider","11":"ast-product-gallery-with-no-image","12":"ast-product-tabs-layout-horizontal","14":"first","15":"instock","16":"shipping-taxable","17":"product-type-simple"},"uagb_featured_image_src":{"full":["https:\/\/jinancuchem.com\/wp-content\/uploads\/2025\/07\/111.png",800,800,false],"thumbnail":["https:\/\/jinancuchem.com\/wp-content\/uploads\/2025\/07\/111-150x150.png",150,150,true],"medium":["https:\/\/jinancuchem.com\/wp-content\/uploads\/2025\/07\/111-300x300.png",300,300,true],"medium_large":["https:\/\/jinancuchem.com\/wp-content\/uploads\/2025\/07\/111-768x768.png",768,768,true],"large":["https:\/\/jinancuchem.com\/wp-content\/uploads\/2025\/07\/111.png",800,800,false],"1536x1536":["https:\/\/jinancuchem.com\/wp-content\/uploads\/2025\/07\/111.png",800,800,false],"2048x2048":["https:\/\/jinancuchem.com\/wp-content\/uploads\/2025\/07\/111.png",800,800,false],"trp-custom-language-flag":["https:\/\/jinancuchem.com\/wp-content\/uploads\/2025\/07\/111-12x12.png",12,12,true],"woocommerce_thumbnail":["https:\/\/jinancuchem.com\/wp-content\/uploads\/2025\/07\/111-300x300.png",300,300,true],"woocommerce_single":["https:\/\/jinancuchem.com\/wp-content\/uploads\/2025\/07\/111-500x500.png",500,500,true],"woocommerce_gallery_thumbnail":["https:\/\/jinancuchem.com\/wp-content\/uploads\/2025\/07\/111-100x100.png",100,100,true]},"uagb_author_info":{"display_name":"jinxing6611@gmail.com","author_link":"https:\/\/jinancuchem.com\/fr\/author\/"},"uagb_comment_info":0,"uagb_excerpt":"1,2-Pentanediol (PG), also known as monopropyl alcohol and 1,2-dihydroxypropane, is a small molecule organic compound with the chemical formula C3H8O2. Under normal conditions, it is a colorless, odorless, slightly toxic, viscous and water-absorbing liquid with good stability and water-absorbing property. \u3010CAS\u301157-55-6\u00a0\u00a0\u00a0\u00a0\u00a0\u00a0\u00a0\u00a0\u00a0Molecular formula:C3H8O2\u00a0\u00a0\u00a0\u00a0\u00a0\u00a0\u00a0\u00a0\u00a0Relative molecular mass:76.09 Structural formula: &nbsp; \u4e00\uff0eProduct Property 1,2-Pentanediol can be prepared through methods\u2026","_links":{"self":[{"href":"https:\/\/jinancuchem.com\/fr\/wp-json\/wp\/v2\/product\/5241","targetHints":{"allow":["GET"]}}],"collection":[{"href":"https:\/\/jinancuchem.com\/fr\/wp-json\/wp\/v2\/product"}],"about":[{"href":"https:\/\/jinancuchem.com\/fr\/wp-json\/wp\/v2\/types\/product"}],"wp:featuredmedia":[{"embeddable":true,"href":"https:\/\/jinancuchem.com\/fr\/wp-json\/wp\/v2\/media\/5245"}],"wp:attachment":[{"href":"https:\/\/jinancuchem.com\/fr\/wp-json\/wp\/v2\/media?parent=5241"}],"wp:term":[{"taxonomy":"product_brand","embeddable":true,"href":"https:\/\/jinancuchem.com\/fr\/wp-json\/wp\/v2\/product_brand?post=5241"},{"taxonomy":"product_cat","embeddable":true,"href":"https:\/\/jinancuchem.com\/fr\/wp-json\/wp\/v2\/product_cat?post=5241"},{"taxonomy":"product_tag","embeddable":true,"href":"https:\/\/jinancuchem.com\/fr\/wp-json\/wp\/v2\/product_tag?post=5241"}],"curies":[{"name":"wp","href":"https:\/\/api.w.org\/{rel}","templated":true}]}}