{"id":5250,"date":"2025-07-25T09:18:08","date_gmt":"2025-07-25T09:18:08","guid":{"rendered":"https:\/\/jinancuchem.com\/?post_type=product&#038;p=5250"},"modified":"2025-07-25T09:18:08","modified_gmt":"2025-07-25T09:18:08","slug":"dipropylene-glycol","status":"publish","type":"product","link":"https:\/\/jinancuchem.com\/fr\/produit\/dipropylene-glycol\/","title":{"rendered":"Dipropyl\u00e8ne glycol"},"content":{"rendered":"<p>Le di\u00e9thyl\u00e8ne glycol est un liquide incolore, inodore, au go\u00fbt sucr\u00e9, soluble dans l'eau et hygroscopique \u00e0 temp\u00e9rature ambiante. Il se dissout dans l'eau et le tolu\u00e8ne et peut \u00eatre miscible avec le m\u00e9thanol et l'\u00e9ther. Il a un go\u00fbt piquant et sucr\u00e9 et n'est pas corrosif.<\/p>\n<p>\u3010CAS\u3011110-98-5 Formule mol\u00e9culaire : C6H14O3 Masse mol\u00e9culaire relative : 134,1736<\/p>\n<p>Formule structurelle :<img alt=\"\" decoding=\"async\" class=\"alignnone size-medium wp-image-5254\" src=\"https:\/\/jinancuchem.com\/wp-content\/uploads\/2025\/07\/\u56fe\u7247112-300x60.png\" width=\"300\" height=\"60\" srcset=\"https:\/\/jinancuchem.com\/wp-content\/uploads\/2025\/07\/\u56fe\u7247112-300x60.png 300w, https:\/\/jinancuchem.com\/wp-content\/uploads\/2025\/07\/\u56fe\u7247112-18x4.png 18w, https:\/\/jinancuchem.com\/wp-content\/uploads\/2025\/07\/\u56fe\u7247112-500x100.png 500w, https:\/\/jinancuchem.com\/wp-content\/uploads\/2025\/07\/\u56fe\u7247112.png 642w\" sizes=\"(max-width: 300px) 100vw, 300px\" \/><\/p>\n<p>&nbsp;<\/p>\n<h4>\u4e00\uff0ePropri\u00e9t\u00e9 du produit<\/h4>\n<p>Tr\u00e8s faible toxicit\u00e9 : La voie m\u00e9tabolique est similaire \u00e0 celle du propyl\u00e8ne glycol et le produit est inoffensif pour le corps humain lorsqu'il est utilis\u00e9 dans les limites du dosage recommand\u00e9.<\/p>\n<p>Stabilit\u00e9 : R\u00e9sistant aux acides, aux alcalis et aux temp\u00e9ratures \u00e9lev\u00e9es, il ne r\u00e9agit pas avec d'autres composants.<\/p>\n<p>&nbsp;<\/p>\n<h4>\u4e8c\uff0eIndicateur de qualit\u00e9 :<\/h4>\n<table>\n<tbody>\n<tr>\n<td><strong><b>Param\u00e8tres<\/b><\/strong><\/td>\n<td><strong><b>Sp\u00e9cifications (FCC\/USP\/EU)<\/b><\/strong><\/td>\n<td><strong><b>M\u00e9thode d'essai<\/b><\/strong><\/td>\n<\/tr>\n<tr>\n<td><strong><b>Puret\u00e9 (C\u2086H\u2081\u2084O\u2083)<\/b><\/strong><\/td>\n<td>\u2265 99,0% (w\/w)<\/td>\n<td>GC (USP )<\/td>\n<\/tr>\n<tr>\n<td><strong><b>Teneur en eau<\/b><\/strong><\/td>\n<td>\u2264 0,2% (w\/w)<\/td>\n<td>Karl Fischer (USP )<\/td>\n<\/tr>\n<tr>\n<td><strong><b>Densit\u00e9 (25\u00b0C)<\/b><\/strong><\/td>\n<td>1.020 - 1.025<\/td>\n<td>Pycnom\u00e8tre (USP )<\/td>\n<\/tr>\n<tr>\n<td><strong><b>Indice de r\u00e9fraction (20\u00b0C)<\/b><\/strong><\/td>\n<td>1.440 - 1.445<\/td>\n<td>R\u00e9fractom\u00e9trie (USP )<\/td>\n<\/tr>\n<tr>\n<td><strong><b>Acidit\u00e9 (en tant qu'acide ac\u00e9tique)<\/b><\/strong><\/td>\n<td>\u2264 0,01% (w\/w)<\/td>\n<td>Titrage (USP )<\/td>\n<\/tr>\n<tr>\n<td><strong><b>Chlorures<\/b><\/strong><\/td>\n<td>\u2264 10 ppm<\/td>\n<td>Test de nitrate d'argent<\/td>\n<\/tr>\n<tr>\n<td><strong><b>Sulfates<\/b><\/strong><\/td>\n<td>\u2264 10 ppm<\/td>\n<td>Test au chlorure de baryum<\/td>\n<\/tr>\n<tr>\n<td><strong><b>M\u00e9taux lourds (en Pb)<\/b><\/strong><\/td>\n<td>\u2264 5 ppm<\/td>\n<td>ICP-MS (USP )<\/td>\n<\/tr>\n<tr>\n<td><strong><b>Arsenic (As)<\/b><\/strong><\/td>\n<td>\u2264 3 ppm<\/td>\n<td>ICP-MS (USP )<\/td>\n<\/tr>\n<tr>\n<td><strong><b>R\u00e9sidus \u00e0 l'allumage<\/b><\/strong><\/td>\n<td>\u2264 0,01% (w\/w)<\/td>\n<td>Gravim\u00e9trie (USP )<\/td>\n<\/tr>\n<tr>\n<td><strong><b>\u00c9thyl\u00e8ne glycol<\/b><\/strong><\/td>\n<td>\u2264 0,1% (w\/w)<\/td>\n<td>GC (FCC)<\/td>\n<\/tr>\n<tr>\n<td><strong><b>Di\u00e9thyl\u00e8ne glycol<\/b><\/strong><\/td>\n<td>\u2264 0,1% (w\/w)<\/td>\n<td>GC (FCC)<\/td>\n<\/tr>\n<tr>\n<td><strong><b>Limites microbiennes<\/b><\/strong><\/td>\n<td>Comptage a\u00e9robie total \u2264 100 UFC\/g<\/td>\n<td>USP<\/td>\n<\/tr>\n<tr>\n<td><strong><b>Levures et moisissures<\/b><\/strong><\/td>\n<td>\u2264 10 UFC\/g<\/td>\n<td>USP<\/td>\n<\/tr>\n<tr>\n<td><strong><b>Pathog\u00e8nes (E. coli, Salmonella)<\/b><\/strong><\/td>\n<td>Absent dans 10g<\/td>\n<td>USP<\/td>\n<\/tr>\n<\/tbody>\n<\/table>\n<p>&nbsp;<\/p>\n<h4>\u4e09\uff0eApplication du champ d'application et utilisation<\/h4>\n<p>Le propyl\u00e8ne glycol de qualit\u00e9 alimentaire est un liquide visqueux incolore, transparent et non pr\u00e9cipitant. Il est largement utilis\u00e9 dans l'industrie alimentaire. Selon les normes nationales, il est approuv\u00e9 comme additif alimentaire et est principalement utilis\u00e9 comme stabilisateur, \u00e9mulsifiant et solvant. On le trouve couramment dans des produits tels que le pain et la cr\u00e8me. Le propyl\u00e8ne glycol poss\u00e8de de bonnes propri\u00e9t\u00e9s hygroscopiques et antigel, ce qui permet de maintenir l'humidit\u00e9 et la fra\u00eecheur des aliments. En outre, il peut \u00eatre utilis\u00e9 dans le traitement de la bi\u00e8re et l'extraction de substances aromatiques.<\/p>\n<ul>\n<li>Emballage et stockage<\/li>\n<\/ul>\n<p>Emballage en f\u00fbts de fer, 215KG par f\u00fbt ; transport\u00e9 comme produit chimique g\u00e9n\u00e9ral ; stock\u00e9 dans un entrep\u00f4t frais et ventil\u00e9. Tenir \u00e0 l'\u00e9cart des sources de feu et de chaleur. Le produit doit \u00eatre stock\u00e9 s\u00e9par\u00e9ment des oxydants et ne doit pas \u00eatre m\u00e9lang\u00e9 pour le stockage ou le transport. Les types et quantit\u00e9s appropri\u00e9s d'\u00e9quipement de lutte contre l'incendie doivent \u00eatre mis en place. La zone de stockage doit \u00eatre \u00e9quip\u00e9e de dispositifs d'intervention d'urgence en cas de fuite et de mat\u00e9riaux de confinement appropri\u00e9s.<\/p>\n<p>&nbsp;<\/p>\n<h4>\u4e94\uff0e Protection de la s\u00e9curit\u00e9 :<\/h4>\n<p>Le dipropyl\u00e8ne glycol est tr\u00e8s peu toxique et irrite peu la peau. La DL50 orale pour les rats est de 14,85 ml\/kg et il n'est pas absorb\u00e9 par la peau.<\/p>","protected":false},"excerpt":{"rendered":"<p>Diethylene glycol is a colorless, odorless, sweet-tasting, water-soluble and hygroscopic liquid at room temperature. It dissolves in water and toluene, and can be miscible with methanol and ether. It has a pungent sweet taste and is non-corrosive. \u3010CAS\u3011110-98-5\u00a0\u00a0Molecular formula:\u00a0C6H14O3 \u00a0\u00a0\u00a0Relative molecular mass:134.1736 Structural formula: &nbsp; \u4e00\uff0eProduct Property Extremely low toxicity: The metabolic pathway is similar [&hellip;]<\/p>\n","protected":false},"featured_media":5259,"template":"","meta":{"_seopress_robots_primary_cat":"","_seopress_titles_title":"","_seopress_titles_desc":"","_seopress_robots_index":"","_uag_custom_page_level_css":"","site-sidebar-layout":"default","site-content-layout":"","ast-site-content-layout":"default","site-content-style":"default","site-sidebar-style":"default","ast-global-header-display":"","ast-banner-title-visibility":"","ast-main-header-display":"","ast-hfb-above-header-display":"","ast-hfb-below-header-display":"","ast-hfb-mobile-header-display":"","site-post-title":"","ast-breadcrumbs-content":"","ast-featured-img":"","footer-sml-layout":"","theme-transparent-header-meta":"default","adv-header-id-meta":"","stick-header-meta":"default","header-above-stick-meta":"","header-main-stick-meta":"","header-below-stick-meta":"","astra-migrate-meta-layouts":"set","ast-page-background-enabled":"default","ast-page-background-meta":{"desktop":{"background-color":"","background-image":"","background-repeat":"repeat","background-position":"center center","background-size":"auto","background-attachment":"scroll","background-type":"","background-media":"","overlay-type":"","overlay-color":"","overlay-opacity":"","overlay-gradient":""},"tablet":{"background-color":"","background-image":"","background-repeat":"repeat","background-position":"center center","background-size":"auto","background-attachment":"scroll","background-type":"","background-media":"","overlay-type":"","overlay-color":"","overlay-opacity":"","overlay-gradient":""},"mobile":{"background-color":"","background-image":"","background-repeat":"repeat","background-position":"center center","background-size":"auto","background-attachment":"scroll","background-type":"","background-media":"","overlay-type":"","overlay-color":"","overlay-opacity":"","overlay-gradient":""}},"ast-content-background-meta":{"desktop":{"background-color":"var(--ast-global-color-5)","background-image":"","background-repeat":"repeat","background-position":"center center","background-size":"auto","background-attachment":"scroll","background-type":"","background-media":"","overlay-type":"","overlay-color":"","overlay-opacity":"","overlay-gradient":""},"tablet":{"background-color":"var(--ast-global-color-5)","background-image":"","background-repeat":"repeat","background-position":"center center","background-size":"auto","background-attachment":"scroll","background-type":"","background-media":"","overlay-type":"","overlay-color":"","overlay-opacity":"","overlay-gradient":""},"mobile":{"background-color":"var(--ast-global-color-5)","background-image":"","background-repeat":"repeat","background-position":"center center","background-size":"auto","background-attachment":"scroll","background-type":"","background-media":"","overlay-type":"","overlay-color":"","overlay-opacity":"","overlay-gradient":""}}},"product_brand":[],"product_cat":[67],"product_tag":[],"class_list":{"0":"post-5250","1":"product","2":"type-product","3":"status-publish","4":"has-post-thumbnail","6":"product_cat-food-additives","7":"desktop-align-left","8":"tablet-align-left","9":"mobile-align-left","10":"ast-product-gallery-layout-horizontal-slider","11":"ast-product-gallery-with-no-image","12":"ast-product-tabs-layout-horizontal","14":"first","15":"instock","16":"shipping-taxable","17":"product-type-simple"},"uagb_featured_image_src":{"full":["https:\/\/jinancuchem.com\/wp-content\/uploads\/2025\/07\/112.png",800,800,false],"thumbnail":["https:\/\/jinancuchem.com\/wp-content\/uploads\/2025\/07\/112-150x150.png",150,150,true],"medium":["https:\/\/jinancuchem.com\/wp-content\/uploads\/2025\/07\/112-300x300.png",300,300,true],"medium_large":["https:\/\/jinancuchem.com\/wp-content\/uploads\/2025\/07\/112-768x768.png",768,768,true],"large":["https:\/\/jinancuchem.com\/wp-content\/uploads\/2025\/07\/112.png",800,800,false],"1536x1536":["https:\/\/jinancuchem.com\/wp-content\/uploads\/2025\/07\/112.png",800,800,false],"2048x2048":["https:\/\/jinancuchem.com\/wp-content\/uploads\/2025\/07\/112.png",800,800,false],"trp-custom-language-flag":["https:\/\/jinancuchem.com\/wp-content\/uploads\/2025\/07\/112-12x12.png",12,12,true],"woocommerce_thumbnail":["https:\/\/jinancuchem.com\/wp-content\/uploads\/2025\/07\/112-300x300.png",300,300,true],"woocommerce_single":["https:\/\/jinancuchem.com\/wp-content\/uploads\/2025\/07\/112-500x500.png",500,500,true],"woocommerce_gallery_thumbnail":["https:\/\/jinancuchem.com\/wp-content\/uploads\/2025\/07\/112-100x100.png",100,100,true]},"uagb_author_info":{"display_name":"jinxing6611@gmail.com","author_link":"https:\/\/jinancuchem.com\/fr\/author\/"},"uagb_comment_info":0,"uagb_excerpt":"Diethylene glycol is a colorless, odorless, sweet-tasting, water-soluble and hygroscopic liquid at room temperature. It dissolves in water and toluene, and can be miscible with methanol and ether. It has a pungent sweet taste and is non-corrosive. \u3010CAS\u3011110-98-5\u00a0\u00a0Molecular formula:\u00a0C6H14O3 \u00a0\u00a0\u00a0Relative molecular mass:134.1736 Structural formula: &nbsp; \u4e00\uff0eProduct Property Extremely low toxicity: The metabolic pathway is similar\u2026","_links":{"self":[{"href":"https:\/\/jinancuchem.com\/fr\/wp-json\/wp\/v2\/product\/5250","targetHints":{"allow":["GET"]}}],"collection":[{"href":"https:\/\/jinancuchem.com\/fr\/wp-json\/wp\/v2\/product"}],"about":[{"href":"https:\/\/jinancuchem.com\/fr\/wp-json\/wp\/v2\/types\/product"}],"wp:featuredmedia":[{"embeddable":true,"href":"https:\/\/jinancuchem.com\/fr\/wp-json\/wp\/v2\/media\/5259"}],"wp:attachment":[{"href":"https:\/\/jinancuchem.com\/fr\/wp-json\/wp\/v2\/media?parent=5250"}],"wp:term":[{"taxonomy":"product_brand","embeddable":true,"href":"https:\/\/jinancuchem.com\/fr\/wp-json\/wp\/v2\/product_brand?post=5250"},{"taxonomy":"product_cat","embeddable":true,"href":"https:\/\/jinancuchem.com\/fr\/wp-json\/wp\/v2\/product_cat?post=5250"},{"taxonomy":"product_tag","embeddable":true,"href":"https:\/\/jinancuchem.com\/fr\/wp-json\/wp\/v2\/product_tag?post=5250"}],"curies":[{"name":"wp","href":"https:\/\/api.w.org\/{rel}","templated":true}]}}