{"id":5256,"date":"2025-07-25T09:18:57","date_gmt":"2025-07-25T09:18:57","guid":{"rendered":"https:\/\/jinancuchem.com\/?post_type=product&#038;p=5256"},"modified":"2025-07-25T09:18:57","modified_gmt":"2025-07-25T09:18:57","slug":"glycerol-monooleate-gmo","status":"publish","type":"product","link":"https:\/\/jinancuchem.com\/fr\/produit\/glycerol-monooleate-gmo\/","title":{"rendered":"Monool\u00e9ate de glyc\u00e9rol OGM"},"content":{"rendered":"<p>Alias : ol\u00e9ate de glyc\u00e9ryle, monool\u00e9ine, OGM<\/p>\n<h3>1.Propri\u00e9t\u00e9 du produit<\/h3>\n<p>&nbsp;<\/p>\n<p>L'OGM est un liquide visqueux de couleur jaune \u00e0 brun rouge\u00e2tre, insoluble dans l'eau mais facilement soluble dans la plupart des solvants organiques. Il pr\u00e9sente d'excellentes propri\u00e9t\u00e9s \u00e9mulsifiantes, \u00e9paississantes, antimousse et antistatiques, n'irrite pas la peau et reste stable dans des conditions de stockage normales.<\/p>\n<h3>2. norme technique<\/h3>\n<p>&nbsp;<\/p>\n<table>\n<tbody>\n<tr>\n<td><strong><b>Param\u00e8tres<\/b><\/strong><\/td>\n<td><strong><b>Sp\u00e9cifications<\/b><\/strong><\/td>\n<\/tr>\n<tr>\n<td>Apparence<\/td>\n<td>Liquide jaune-rouge-brun<\/td>\n<\/tr>\n<tr>\n<td>Indice d'acidit\u00e9<\/td>\n<td>152-162 mg KOH g-\u00b9<\/td>\n<\/tr>\n<tr>\n<td>Indice de saponification<\/td>\n<td>150-165 mg KOH g-\u00b9<\/td>\n<\/tr>\n<tr>\n<td>Humidit\u00e9<\/td>\n<td>\u22641.0 %<\/td>\n<\/tr>\n<tr>\n<td>Indice d'iode<\/td>\n<td>65-75 g I\u2082 100 g-\u00b9<\/td>\n<\/tr>\n<tr>\n<td>Indice d'hydroxyle<\/td>\n<td>160-180 mg KOH g-\u00b9<\/td>\n<\/tr>\n<\/tbody>\n<\/table>\n<p>&nbsp;<\/p>\n<h3>3.Champ d'application et utilisation<\/h3>\n<p>&nbsp;<\/p>\n<p>L'OGM est un \u00e9mulsifiant et un conditionneur polyvalent dans les \u00e9mulsions cosm\u00e9tiques, les cr\u00e8mes, les lotions et les shampooings, permettant de contr\u00f4ler la viscosit\u00e9, l'opacit\u00e9 et la suppression de la mousse. Dans les textiles, il agit comme un agent de finition adoucissant et antistatique ; dans les plastiques, il fonctionne comme un antistat interne pour le PE, le PP et le PVC \u00e0 0,5-2,0 %. En outre, il est utilis\u00e9 comme agent de broyage des pigments et comme lubrifiant dans les rev\u00eatements et les encres.<\/p>\n<h3>4. l'emballage et le stockage<\/h3>\n<p>Le produit est fourni dans des f\u00fbts HDPE de 50 kg net \u00e0 t\u00eate serr\u00e9e avec des scell\u00e9s d'inviolabilit\u00e9. Stocker dans un entrep\u00f4t frais, sec et bien ventil\u00e9, \u00e0 l'abri de la lumi\u00e8re directe du soleil, des agents oxydants et des acides forts. Garder les f\u00fbts herm\u00e9tiquement ferm\u00e9s et \u00e9viter l'exposition \u00e0 l'humidit\u00e9. Manipuler comme un produit chimique non dangereux ; la dur\u00e9e de conservation est de 24 mois \u00e0 partir de la date de fabrication lorsque le produit est stock\u00e9 dans les conditions recommand\u00e9es.<\/p>","protected":false},"excerpt":{"rendered":"<p>Alias: Glyceryl oleate, Monoolein, GMO 1.Product Property &nbsp; GMO is a yellow to reddish-brown viscous liquid, insoluble in water but readily soluble in most organic solvents. It exhibits excellent emulsifying, thickening, defoaming and antistatic properties, is non-irritating to skin, and remains stable under normal storage conditions. 2.Technical Norm &nbsp; Parameter Specification Appearance Yellow\u2013red-brown liquid Acid [&hellip;]<\/p>\n","protected":false},"featured_media":5263,"template":"","meta":{"_seopress_robots_primary_cat":"","_seopress_titles_title":"","_seopress_titles_desc":"","_seopress_robots_index":"","_uag_custom_page_level_css":"","site-sidebar-layout":"default","site-content-layout":"","ast-site-content-layout":"default","site-content-style":"default","site-sidebar-style":"default","ast-global-header-display":"","ast-banner-title-visibility":"","ast-main-header-display":"","ast-hfb-above-header-display":"","ast-hfb-below-header-display":"","ast-hfb-mobile-header-display":"","site-post-title":"","ast-breadcrumbs-content":"","ast-featured-img":"","footer-sml-layout":"","theme-transparent-header-meta":"default","adv-header-id-meta":"","stick-header-meta":"default","header-above-stick-meta":"","header-main-stick-meta":"","header-below-stick-meta":"","astra-migrate-meta-layouts":"set","ast-page-background-enabled":"default","ast-page-background-meta":{"desktop":{"background-color":"","background-image":"","background-repeat":"repeat","background-position":"center center","background-size":"auto","background-attachment":"scroll","background-type":"","background-media":"","overlay-type":"","overlay-color":"","overlay-opacity":"","overlay-gradient":""},"tablet":{"background-color":"","background-image":"","background-repeat":"repeat","background-position":"center center","background-size":"auto","background-attachment":"scroll","background-type":"","background-media":"","overlay-type":"","overlay-color":"","overlay-opacity":"","overlay-gradient":""},"mobile":{"background-color":"","background-image":"","background-repeat":"repeat","background-position":"center center","background-size":"auto","background-attachment":"scroll","background-type":"","background-media":"","overlay-type":"","overlay-color":"","overlay-opacity":"","overlay-gradient":""}},"ast-content-background-meta":{"desktop":{"background-color":"var(--ast-global-color-5)","background-image":"","background-repeat":"repeat","background-position":"center center","background-size":"auto","background-attachment":"scroll","background-type":"","background-media":"","overlay-type":"","overlay-color":"","overlay-opacity":"","overlay-gradient":""},"tablet":{"background-color":"var(--ast-global-color-5)","background-image":"","background-repeat":"repeat","background-position":"center center","background-size":"auto","background-attachment":"scroll","background-type":"","background-media":"","overlay-type":"","overlay-color":"","overlay-opacity":"","overlay-gradient":""},"mobile":{"background-color":"var(--ast-global-color-5)","background-image":"","background-repeat":"repeat","background-position":"center center","background-size":"auto","background-attachment":"scroll","background-type":"","background-media":"","overlay-type":"","overlay-color":"","overlay-opacity":"","overlay-gradient":""}}},"product_brand":[],"product_cat":[69],"product_tag":[],"class_list":{"0":"post-5256","1":"product","2":"type-product","3":"status-publish","4":"has-post-thumbnail","6":"product_cat-daily-chemical-product","7":"desktop-align-left","8":"tablet-align-left","9":"mobile-align-left","10":"ast-product-gallery-layout-horizontal-slider","11":"ast-product-gallery-with-no-image","12":"ast-product-tabs-layout-horizontal","14":"first","15":"instock","16":"shipping-taxable","17":"product-type-simple"},"uagb_featured_image_src":{"full":["https:\/\/jinancuchem.com\/wp-content\/uploads\/2025\/07\/\u672a\u6807\u9898-2-19.jpg",400,400,false],"thumbnail":["https:\/\/jinancuchem.com\/wp-content\/uploads\/2025\/07\/\u672a\u6807\u9898-2-19-150x150.jpg",150,150,true],"medium":["https:\/\/jinancuchem.com\/wp-content\/uploads\/2025\/07\/\u672a\u6807\u9898-2-19-300x300.jpg",300,300,true],"medium_large":["https:\/\/jinancuchem.com\/wp-content\/uploads\/2025\/07\/\u672a\u6807\u9898-2-19.jpg",400,400,false],"large":["https:\/\/jinancuchem.com\/wp-content\/uploads\/2025\/07\/\u672a\u6807\u9898-2-19.jpg",400,400,false],"1536x1536":["https:\/\/jinancuchem.com\/wp-content\/uploads\/2025\/07\/\u672a\u6807\u9898-2-19.jpg",400,400,false],"2048x2048":["https:\/\/jinancuchem.com\/wp-content\/uploads\/2025\/07\/\u672a\u6807\u9898-2-19.jpg",400,400,false],"trp-custom-language-flag":["https:\/\/jinancuchem.com\/wp-content\/uploads\/2025\/07\/\u672a\u6807\u9898-2-19-12x12.jpg",12,12,true],"woocommerce_thumbnail":["https:\/\/jinancuchem.com\/wp-content\/uploads\/2025\/07\/\u672a\u6807\u9898-2-19-300x300.jpg",300,300,true],"woocommerce_single":["https:\/\/jinancuchem.com\/wp-content\/uploads\/2025\/07\/\u672a\u6807\u9898-2-19.jpg",400,400,false],"woocommerce_gallery_thumbnail":["https:\/\/jinancuchem.com\/wp-content\/uploads\/2025\/07\/\u672a\u6807\u9898-2-19-100x100.jpg",100,100,true]},"uagb_author_info":{"display_name":"jinxing6611@gmail.com","author_link":"https:\/\/jinancuchem.com\/fr\/author\/"},"uagb_comment_info":0,"uagb_excerpt":"Alias: Glyceryl oleate, Monoolein, GMO 1.Product Property &nbsp; GMO is a yellow to reddish-brown viscous liquid, insoluble in water but readily soluble in most organic solvents. It exhibits excellent emulsifying, thickening, defoaming and antistatic properties, is non-irritating to skin, and remains stable under normal storage conditions. 2.Technical Norm &nbsp; Parameter Specification Appearance Yellow\u2013red-brown liquid Acid\u2026","_links":{"self":[{"href":"https:\/\/jinancuchem.com\/fr\/wp-json\/wp\/v2\/product\/5256","targetHints":{"allow":["GET"]}}],"collection":[{"href":"https:\/\/jinancuchem.com\/fr\/wp-json\/wp\/v2\/product"}],"about":[{"href":"https:\/\/jinancuchem.com\/fr\/wp-json\/wp\/v2\/types\/product"}],"wp:featuredmedia":[{"embeddable":true,"href":"https:\/\/jinancuchem.com\/fr\/wp-json\/wp\/v2\/media\/5263"}],"wp:attachment":[{"href":"https:\/\/jinancuchem.com\/fr\/wp-json\/wp\/v2\/media?parent=5256"}],"wp:term":[{"taxonomy":"product_brand","embeddable":true,"href":"https:\/\/jinancuchem.com\/fr\/wp-json\/wp\/v2\/product_brand?post=5256"},{"taxonomy":"product_cat","embeddable":true,"href":"https:\/\/jinancuchem.com\/fr\/wp-json\/wp\/v2\/product_cat?post=5256"},{"taxonomy":"product_tag","embeddable":true,"href":"https:\/\/jinancuchem.com\/fr\/wp-json\/wp\/v2\/product_tag?post=5256"}],"curies":[{"name":"wp","href":"https:\/\/api.w.org\/{rel}","templated":true}]}}