{"id":5287,"date":"2025-07-25T09:26:41","date_gmt":"2025-07-25T09:26:41","guid":{"rendered":"https:\/\/jinancuchem.com\/?post_type=product&#038;p=5287"},"modified":"2025-07-25T09:26:42","modified_gmt":"2025-07-25T09:26:42","slug":"glyceryl-trioleate-triolein-gto","status":"publish","type":"product","link":"https:\/\/jinancuchem.com\/fr\/produit\/glyceryl-trioleate-triolein-gto\/","title":{"rendered":"Triol\u00e9ate de glyc\u00e9ryle, Triol\u00e9ine, GTO"},"content":{"rendered":"<p>CAS : 122-32-7<br \/>\nAlias : Triol\u00e9ate de glyc\u00e9ryle, Triol\u00e9ine, GTO<br \/>\nFormule mol\u00e9culaire : C\u2085\u2087H\u2081\u2080\u2084O\u2086<br \/>\nMasse mol\u00e9culaire relative : 885,43 g mol-\u00b9<\/p>\n<h3>1.Propri\u00e9t\u00e9 du produit<\/h3>\n<p>Le triol\u00e9ate de glyc\u00e9ryle est un liquide jaune clair, visqueux, avec une l\u00e9g\u00e8re odeur de graisse, insoluble dans l'eau mais facilement soluble dans la plupart des solvants organiques. Il pr\u00e9sente un excellent pouvoir lubrifiant, une stabilit\u00e9 \u00e0 l'oxydation et une faible volatilit\u00e9, ce qui le rend id\u00e9al pour les processus \u00e0 haute temp\u00e9rature et le stockage \u00e0 long terme. Son faible indice d'acidit\u00e9 et sa grande puret\u00e9 garantissent une corrosion minimale et des performances constantes.<\/p>\n<h3>2. norme technique<\/h3>\n<table>\n<tbody>\n<tr>\n<td><strong><b>Param\u00e8tres<\/b><\/strong><\/td>\n<td><strong><b>Sp\u00e9cifications<\/b><\/strong><\/td>\n<\/tr>\n<tr>\n<td>Apparence<\/td>\n<td>Liquide jaune clair<\/td>\n<\/tr>\n<tr>\n<td>Indice d'acidit\u00e9 (mg KOH\/g)<\/td>\n<td>\u226410<\/td>\n<\/tr>\n<tr>\n<td>Indice de saponification<\/td>\n<td>182-192<\/td>\n<\/tr>\n<tr>\n<td>Puret\u00e9 (%)<\/td>\n<td>\u226599<\/td>\n<\/tr>\n<\/tbody>\n<\/table>\n<p>&nbsp;<\/p>\n<h3>3.Champ d'application et utilisation<\/h3>\n<p>Le triol\u00e9ate de glyc\u00e9rol est largement utilis\u00e9 comme lubrifiant de haute performance dans l'industrie textile, r\u00e9duisant le frottement fibre-m\u00e9tal pendant le filage et le tissage. Il sert \u00e9galement d'agent de lissage dans le post-traitement des m\u00e9taux, am\u00e9liorant la finition de la surface et prot\u00e9geant contre la corrosion. Dans les formulations de soins personnels, il sert d'\u00e9mollient et d'huile de support, et dans les mati\u00e8res plastiques, il sert de plastifiant et d'auxiliaire de traitement.<\/p>\n<h3>4. l'emballage et le stockage<\/h3>\n<p>Fourni en f\u00fbts plastiques HDPE propres et scell\u00e9s de 50 kg et 200 kg. Stocker dans un endroit frais, sec et bien ventil\u00e9, \u00e0 l'abri de la lumi\u00e8re directe du soleil, de la chaleur et des oxydants puissants. Maintenir les conteneurs herm\u00e9tiquement ferm\u00e9s afin d'\u00e9viter toute p\u00e9n\u00e9tration d'humidit\u00e9 et toute contamination. Manipuler comme un produit chimique non dangereux ; la temp\u00e9rature normale de l'entrep\u00f4t (15-30 \u00b0C) est suffisante pour assurer la stabilit\u00e9 \u00e0 long terme.<\/p>","protected":false},"excerpt":{"rendered":"<p>CAS: 122-32-7 Alias: Glyceryl trioleate, Triolein, GTO Molecular formula: C\u2085\u2087H\u2081\u2080\u2084O\u2086 Relative molecular mass: 885.43 g mol\u207b\u00b9 1.Product Property Glyceryl trioleate is a light-yellow, viscous liquid with a faint fatty odor, insoluble in water but readily soluble in most organic solvents. It exhibits excellent lubricity, oxidative stability, and low volatility, making it ideal for high-temperature processes [&hellip;]<\/p>\n","protected":false},"featured_media":5290,"template":"","meta":{"_seopress_robots_primary_cat":"","_seopress_titles_title":"","_seopress_titles_desc":"","_seopress_robots_index":"","_uag_custom_page_level_css":"","site-sidebar-layout":"default","site-content-layout":"","ast-site-content-layout":"default","site-content-style":"default","site-sidebar-style":"default","ast-global-header-display":"","ast-banner-title-visibility":"","ast-main-header-display":"","ast-hfb-above-header-display":"","ast-hfb-below-header-display":"","ast-hfb-mobile-header-display":"","site-post-title":"","ast-breadcrumbs-content":"","ast-featured-img":"","footer-sml-layout":"","theme-transparent-header-meta":"default","adv-header-id-meta":"","stick-header-meta":"default","header-above-stick-meta":"","header-main-stick-meta":"","header-below-stick-meta":"","astra-migrate-meta-layouts":"set","ast-page-background-enabled":"default","ast-page-background-meta":{"desktop":{"background-color":"","background-image":"","background-repeat":"repeat","background-position":"center center","background-size":"auto","background-attachment":"scroll","background-type":"","background-media":"","overlay-type":"","overlay-color":"","overlay-opacity":"","overlay-gradient":""},"tablet":{"background-color":"","background-image":"","background-repeat":"repeat","background-position":"center center","background-size":"auto","background-attachment":"scroll","background-type":"","background-media":"","overlay-type":"","overlay-color":"","overlay-opacity":"","overlay-gradient":""},"mobile":{"background-color":"","background-image":"","background-repeat":"repeat","background-position":"center center","background-size":"auto","background-attachment":"scroll","background-type":"","background-media":"","overlay-type":"","overlay-color":"","overlay-opacity":"","overlay-gradient":""}},"ast-content-background-meta":{"desktop":{"background-color":"var(--ast-global-color-5)","background-image":"","background-repeat":"repeat","background-position":"center center","background-size":"auto","background-attachment":"scroll","background-type":"","background-media":"","overlay-type":"","overlay-color":"","overlay-opacity":"","overlay-gradient":""},"tablet":{"background-color":"var(--ast-global-color-5)","background-image":"","background-repeat":"repeat","background-position":"center center","background-size":"auto","background-attachment":"scroll","background-type":"","background-media":"","overlay-type":"","overlay-color":"","overlay-opacity":"","overlay-gradient":""},"mobile":{"background-color":"var(--ast-global-color-5)","background-image":"","background-repeat":"repeat","background-position":"center center","background-size":"auto","background-attachment":"scroll","background-type":"","background-media":"","overlay-type":"","overlay-color":"","overlay-opacity":"","overlay-gradient":""}}},"product_brand":[],"product_cat":[69],"product_tag":[],"class_list":{"0":"post-5287","1":"product","2":"type-product","3":"status-publish","4":"has-post-thumbnail","6":"product_cat-daily-chemical-product","7":"desktop-align-left","8":"tablet-align-left","9":"mobile-align-left","10":"ast-product-gallery-layout-horizontal-slider","11":"ast-product-gallery-with-no-image","12":"ast-product-tabs-layout-horizontal","14":"first","15":"instock","16":"shipping-taxable","17":"product-type-simple"},"uagb_featured_image_src":{"full":["https:\/\/jinancuchem.com\/wp-content\/uploads\/2025\/07\/\u672a\u6807\u9898-2-22.jpg",400,400,false],"thumbnail":["https:\/\/jinancuchem.com\/wp-content\/uploads\/2025\/07\/\u672a\u6807\u9898-2-22-150x150.jpg",150,150,true],"medium":["https:\/\/jinancuchem.com\/wp-content\/uploads\/2025\/07\/\u672a\u6807\u9898-2-22-300x300.jpg",300,300,true],"medium_large":["https:\/\/jinancuchem.com\/wp-content\/uploads\/2025\/07\/\u672a\u6807\u9898-2-22.jpg",400,400,false],"large":["https:\/\/jinancuchem.com\/wp-content\/uploads\/2025\/07\/\u672a\u6807\u9898-2-22.jpg",400,400,false],"1536x1536":["https:\/\/jinancuchem.com\/wp-content\/uploads\/2025\/07\/\u672a\u6807\u9898-2-22.jpg",400,400,false],"2048x2048":["https:\/\/jinancuchem.com\/wp-content\/uploads\/2025\/07\/\u672a\u6807\u9898-2-22.jpg",400,400,false],"trp-custom-language-flag":["https:\/\/jinancuchem.com\/wp-content\/uploads\/2025\/07\/\u672a\u6807\u9898-2-22-12x12.jpg",12,12,true],"woocommerce_thumbnail":["https:\/\/jinancuchem.com\/wp-content\/uploads\/2025\/07\/\u672a\u6807\u9898-2-22-300x300.jpg",300,300,true],"woocommerce_single":["https:\/\/jinancuchem.com\/wp-content\/uploads\/2025\/07\/\u672a\u6807\u9898-2-22.jpg",400,400,false],"woocommerce_gallery_thumbnail":["https:\/\/jinancuchem.com\/wp-content\/uploads\/2025\/07\/\u672a\u6807\u9898-2-22-100x100.jpg",100,100,true]},"uagb_author_info":{"display_name":"jinxing6611@gmail.com","author_link":"https:\/\/jinancuchem.com\/fr\/author\/"},"uagb_comment_info":0,"uagb_excerpt":"CAS: 122-32-7 Alias: Glyceryl trioleate, Triolein, GTO Molecular formula: C\u2085\u2087H\u2081\u2080\u2084O\u2086 Relative molecular mass: 885.43 g mol\u207b\u00b9 1.Product Property Glyceryl trioleate is a light-yellow, viscous liquid with a faint fatty odor, insoluble in water but readily soluble in most organic solvents. It exhibits excellent lubricity, oxidative stability, and low volatility, making it ideal for high-temperature processes\u2026","_links":{"self":[{"href":"https:\/\/jinancuchem.com\/fr\/wp-json\/wp\/v2\/product\/5287","targetHints":{"allow":["GET"]}}],"collection":[{"href":"https:\/\/jinancuchem.com\/fr\/wp-json\/wp\/v2\/product"}],"about":[{"href":"https:\/\/jinancuchem.com\/fr\/wp-json\/wp\/v2\/types\/product"}],"wp:featuredmedia":[{"embeddable":true,"href":"https:\/\/jinancuchem.com\/fr\/wp-json\/wp\/v2\/media\/5290"}],"wp:attachment":[{"href":"https:\/\/jinancuchem.com\/fr\/wp-json\/wp\/v2\/media?parent=5287"}],"wp:term":[{"taxonomy":"product_brand","embeddable":true,"href":"https:\/\/jinancuchem.com\/fr\/wp-json\/wp\/v2\/product_brand?post=5287"},{"taxonomy":"product_cat","embeddable":true,"href":"https:\/\/jinancuchem.com\/fr\/wp-json\/wp\/v2\/product_cat?post=5287"},{"taxonomy":"product_tag","embeddable":true,"href":"https:\/\/jinancuchem.com\/fr\/wp-json\/wp\/v2\/product_tag?post=5287"}],"curies":[{"name":"wp","href":"https:\/\/api.w.org\/{rel}","templated":true}]}}