{"id":5320,"date":"2025-07-25T09:36:50","date_gmt":"2025-07-25T09:36:50","guid":{"rendered":"https:\/\/jinancuchem.com\/?post_type=product&#038;p=5320"},"modified":"2025-07-25T09:36:50","modified_gmt":"2025-07-25T09:36:50","slug":"dimethylamine-aqueous-solution","status":"publish","type":"product","link":"https:\/\/jinancuchem.com\/fr\/produit\/dimethylamine-aqueous-solution\/","title":{"rendered":"Solution aqueuse de dim\u00e9thylamine"},"content":{"rendered":"<p>CAS : 124-40-3<br \/>\nFormule mol\u00e9culaire : C\u2082H\u2087N<br \/>\nMasse mol\u00e9culaire relative : 45.08<br \/>\nFormule structurelle :<img alt=\"\" fetchpriority=\"high\" decoding=\"async\" class=\"alignnone size-medium wp-image-5329\" src=\"https:\/\/jinancuchem.com\/wp-content\/uploads\/2025\/07\/\u672a\u6807\u9898-2-27-300x300.jpg\" width=\"300\" height=\"300\" srcset=\"https:\/\/jinancuchem.com\/wp-content\/uploads\/2025\/07\/\u672a\u6807\u9898-2-27-300x300.jpg 300w, https:\/\/jinancuchem.com\/wp-content\/uploads\/2025\/07\/\u672a\u6807\u9898-2-27-150x150.jpg 150w, https:\/\/jinancuchem.com\/wp-content\/uploads\/2025\/07\/\u672a\u6807\u9898-2-27-12x12.jpg 12w, https:\/\/jinancuchem.com\/wp-content\/uploads\/2025\/07\/\u672a\u6807\u9898-2-27-100x100.jpg 100w, https:\/\/jinancuchem.com\/wp-content\/uploads\/2025\/07\/\u672a\u6807\u9898-2-27.jpg 400w\" sizes=\"(max-width: 300px) 100vw, 300px\" \/><\/p>\n<h3>\n1.Propri\u00e9t\u00e9 du produit<\/h3>\n<p>&nbsp;<\/p>\n<p>La solution aqueuse de dim\u00e9thylamine est un liquide incolore, fortement alcalin, \u00e0 l'odeur p\u00e9n\u00e9trante de poisson ou d'ammoniac. Elle est compl\u00e8tement miscible avec l'eau et l'\u00e9thanol, a un point d'\u00e9bullition de ~51 \u00b0C, une densit\u00e9 proche de 0,9 g cm-\u00b3 \u00e0 20 \u00b0C et d\u00e9gage des vapeurs inflammables plus lourdes que l'air.<\/p>\n<h3>2. norme technique<\/h3>\n<p>&nbsp;<\/p>\n<table>\n<tbody>\n<tr>\n<td><strong><b>Param\u00e8tres<\/b><\/strong><\/td>\n<td><strong><b>Sp\u00e9cifications<\/b><\/strong><\/td>\n<\/tr>\n<tr>\n<td>Apparence<\/td>\n<td>Liquide incolore<\/td>\n<\/tr>\n<tr>\n<td>Essai (en tant que DMA), %<\/td>\n<td>40 \u00b1 0.5<\/td>\n<\/tr>\n<tr>\n<td>Eau, %<\/td>\n<td>\u00c9quilibre<\/td>\n<\/tr>\n<tr>\n<td>Ammoniac, %<\/td>\n<td>\u2264 0.15<\/td>\n<\/tr>\n<tr>\n<td>R\u00e9sidu d'\u00e9vaporation, %<\/td>\n<td>\u2264 0.05<\/td>\n<\/tr>\n<tr>\n<td>Densit\u00e9 (20 \u00b0C), g cm-\u00b3<\/td>\n<td>0.890-0.910<\/td>\n<\/tr>\n<tr>\n<td>pH (20 \u00b0C)<\/td>\n<td>11-13<\/td>\n<\/tr>\n<\/tbody>\n<\/table>\n<p>&nbsp;<\/p>\n<h3>3.Champ d'application et utilisation<\/h3>\n<p>&nbsp;<\/p>\n<p>La solution 40 % est une source pratique de dim\u00e9thylamine pour la synth\u00e8se. Elle est largement utilis\u00e9e comme \u00e9l\u00e9ment constitutif du dim\u00e9thylformamide, du dim\u00e9thylac\u00e9tamide et des acc\u00e9l\u00e9rateurs de caoutchouc ; elle agit comme catalyseur de base dans les r\u00e9actions de condensation et d'alkylation ; elle sert de r\u00e9gulateur de pH dans le traitement de l'eau et constitue un interm\u00e9diaire pour les produits agrochimiques, les produits pharmaceutiques et les auxiliaires textiles.<\/p>\n<h3>4. l'emballage et le stockage<\/h3>\n<p>&nbsp;<\/p>\n<p>La solution aqueuse de dim\u00e9thylamine est fournie en f\u00fbts HDPE de 200 kg net ou en conteneurs IBC de 1000 L. Les petits lots sont disponibles en jerricans HDPE fluor\u00e9s de 25 kg ou 50 kg. De petits lots sont disponibles dans des jerricanes HDPE fluor\u00e9s de 25 kg ou 50 kg. Stocker dans un endroit frais, ombrag\u00e9 et bien ventil\u00e9, \u00e0 une temp\u00e9rature comprise entre 2 et 30 \u00b0C, \u00e0 l'\u00e9cart des acides, des oxydants, de l'aluminium, du cuivre et du zinc. Garder les conteneurs herm\u00e9tiquement ferm\u00e9s et \u00e9viter la lumi\u00e8re directe du soleil pour emp\u00eacher l'accumulation de pression et la corrosion.<\/p>","protected":false},"excerpt":{"rendered":"<p>CAS: 124-40-3 Molecular formula: C\u2082H\u2087N Relative molecular mass: 45.08 Structural formula: 1.Product Property &nbsp; Dimethylamine aqueous solution is a colorless, strongly alkaline liquid with a penetrating fishy or ammonia-like odor. It is completely miscible with water and ethanol, has a boiling point of ~51 \u00b0C, a density near 0.9 g cm\u207b\u00b3 at 20 \u00b0C, and [&hellip;]<\/p>\n","protected":false},"featured_media":5329,"template":"","meta":{"_seopress_robots_primary_cat":"","_seopress_titles_title":"","_seopress_titles_desc":"","_seopress_robots_index":"","_uag_custom_page_level_css":"","site-sidebar-layout":"default","site-content-layout":"","ast-site-content-layout":"default","site-content-style":"default","site-sidebar-style":"default","ast-global-header-display":"","ast-banner-title-visibility":"","ast-main-header-display":"","ast-hfb-above-header-display":"","ast-hfb-below-header-display":"","ast-hfb-mobile-header-display":"","site-post-title":"","ast-breadcrumbs-content":"","ast-featured-img":"","footer-sml-layout":"","theme-transparent-header-meta":"default","adv-header-id-meta":"","stick-header-meta":"default","header-above-stick-meta":"","header-main-stick-meta":"","header-below-stick-meta":"","astra-migrate-meta-layouts":"set","ast-page-background-enabled":"default","ast-page-background-meta":{"desktop":{"background-color":"","background-image":"","background-repeat":"repeat","background-position":"center center","background-size":"auto","background-attachment":"scroll","background-type":"","background-media":"","overlay-type":"","overlay-color":"","overlay-opacity":"","overlay-gradient":""},"tablet":{"background-color":"","background-image":"","background-repeat":"repeat","background-position":"center center","background-size":"auto","background-attachment":"scroll","background-type":"","background-media":"","overlay-type":"","overlay-color":"","overlay-opacity":"","overlay-gradient":""},"mobile":{"background-color":"","background-image":"","background-repeat":"repeat","background-position":"center center","background-size":"auto","background-attachment":"scroll","background-type":"","background-media":"","overlay-type":"","overlay-color":"","overlay-opacity":"","overlay-gradient":""}},"ast-content-background-meta":{"desktop":{"background-color":"var(--ast-global-color-5)","background-image":"","background-repeat":"repeat","background-position":"center center","background-size":"auto","background-attachment":"scroll","background-type":"","background-media":"","overlay-type":"","overlay-color":"","overlay-opacity":"","overlay-gradient":""},"tablet":{"background-color":"var(--ast-global-color-5)","background-image":"","background-repeat":"repeat","background-position":"center center","background-size":"auto","background-attachment":"scroll","background-type":"","background-media":"","overlay-type":"","overlay-color":"","overlay-opacity":"","overlay-gradient":""},"mobile":{"background-color":"var(--ast-global-color-5)","background-image":"","background-repeat":"repeat","background-position":"center center","background-size":"auto","background-attachment":"scroll","background-type":"","background-media":"","overlay-type":"","overlay-color":"","overlay-opacity":"","overlay-gradient":""}}},"product_brand":[],"product_cat":[69],"product_tag":[],"class_list":{"0":"post-5320","1":"product","2":"type-product","3":"status-publish","4":"has-post-thumbnail","6":"product_cat-daily-chemical-product","7":"desktop-align-left","8":"tablet-align-left","9":"mobile-align-left","10":"ast-product-gallery-layout-horizontal-slider","11":"ast-product-gallery-with-no-image","12":"ast-product-tabs-layout-horizontal","14":"first","15":"instock","16":"shipping-taxable","17":"product-type-simple"},"uagb_featured_image_src":{"full":["https:\/\/jinancuchem.com\/wp-content\/uploads\/2025\/07\/\u672a\u6807\u9898-2-27.jpg",400,400,false],"thumbnail":["https:\/\/jinancuchem.com\/wp-content\/uploads\/2025\/07\/\u672a\u6807\u9898-2-27-150x150.jpg",150,150,true],"medium":["https:\/\/jinancuchem.com\/wp-content\/uploads\/2025\/07\/\u672a\u6807\u9898-2-27-300x300.jpg",300,300,true],"medium_large":["https:\/\/jinancuchem.com\/wp-content\/uploads\/2025\/07\/\u672a\u6807\u9898-2-27.jpg",400,400,false],"large":["https:\/\/jinancuchem.com\/wp-content\/uploads\/2025\/07\/\u672a\u6807\u9898-2-27.jpg",400,400,false],"1536x1536":["https:\/\/jinancuchem.com\/wp-content\/uploads\/2025\/07\/\u672a\u6807\u9898-2-27.jpg",400,400,false],"2048x2048":["https:\/\/jinancuchem.com\/wp-content\/uploads\/2025\/07\/\u672a\u6807\u9898-2-27.jpg",400,400,false],"trp-custom-language-flag":["https:\/\/jinancuchem.com\/wp-content\/uploads\/2025\/07\/\u672a\u6807\u9898-2-27-12x12.jpg",12,12,true],"woocommerce_thumbnail":["https:\/\/jinancuchem.com\/wp-content\/uploads\/2025\/07\/\u672a\u6807\u9898-2-27-300x300.jpg",300,300,true],"woocommerce_single":["https:\/\/jinancuchem.com\/wp-content\/uploads\/2025\/07\/\u672a\u6807\u9898-2-27.jpg",400,400,false],"woocommerce_gallery_thumbnail":["https:\/\/jinancuchem.com\/wp-content\/uploads\/2025\/07\/\u672a\u6807\u9898-2-27-100x100.jpg",100,100,true]},"uagb_author_info":{"display_name":"jinxing6611@gmail.com","author_link":"https:\/\/jinancuchem.com\/fr\/author\/"},"uagb_comment_info":0,"uagb_excerpt":"CAS: 124-40-3 Molecular formula: C\u2082H\u2087N Relative molecular mass: 45.08 Structural formula: 1.Product Property &nbsp; Dimethylamine aqueous solution is a colorless, strongly alkaline liquid with a penetrating fishy or ammonia-like odor. It is completely miscible with water and ethanol, has a boiling point of ~51 \u00b0C, a density near 0.9 g cm\u207b\u00b3 at 20 \u00b0C, and\u2026","_links":{"self":[{"href":"https:\/\/jinancuchem.com\/fr\/wp-json\/wp\/v2\/product\/5320","targetHints":{"allow":["GET"]}}],"collection":[{"href":"https:\/\/jinancuchem.com\/fr\/wp-json\/wp\/v2\/product"}],"about":[{"href":"https:\/\/jinancuchem.com\/fr\/wp-json\/wp\/v2\/types\/product"}],"wp:featuredmedia":[{"embeddable":true,"href":"https:\/\/jinancuchem.com\/fr\/wp-json\/wp\/v2\/media\/5329"}],"wp:attachment":[{"href":"https:\/\/jinancuchem.com\/fr\/wp-json\/wp\/v2\/media?parent=5320"}],"wp:term":[{"taxonomy":"product_brand","embeddable":true,"href":"https:\/\/jinancuchem.com\/fr\/wp-json\/wp\/v2\/product_brand?post=5320"},{"taxonomy":"product_cat","embeddable":true,"href":"https:\/\/jinancuchem.com\/fr\/wp-json\/wp\/v2\/product_cat?post=5320"},{"taxonomy":"product_tag","embeddable":true,"href":"https:\/\/jinancuchem.com\/fr\/wp-json\/wp\/v2\/product_tag?post=5320"}],"curies":[{"name":"wp","href":"https:\/\/api.w.org\/{rel}","templated":true}]}}