{"id":5336,"date":"2025-07-25T09:39:46","date_gmt":"2025-07-25T09:39:46","guid":{"rendered":"https:\/\/jinancuchem.com\/?post_type=product&#038;p=5336"},"modified":"2025-07-25T09:39:47","modified_gmt":"2025-07-25T09:39:47","slug":"acetic-acid-3","status":"publish","type":"product","link":"https:\/\/jinancuchem.com\/fr\/produit\/acetic-acid-3\/","title":{"rendered":"Acide ac\u00e9tique"},"content":{"rendered":"<p>CAS : 64-19-7<br \/>\nFormule mol\u00e9culaire : C\u2082H\u2084O\u2082<br \/>\nMasse mol\u00e9culaire relative : 60,05<br \/>\nFormule structurelle :<\/p>\n<h3>1.Propri\u00e9t\u00e9 du produit<\/h3>\n<p>&nbsp;<\/p>\n<p>L'acide ac\u00e9tique est un liquide clair et incolore \u00e0 l'odeur piquante et au go\u00fbt aigre. Il est compl\u00e8tement miscible avec l'eau, l'\u00e9thanol et l'\u00e9ther, et g\u00e8le \u00e0 16,6 \u00b0C pour former des cristaux semblables \u00e0 de la glace ; son point d'\u00e9bullition est de 118 \u00b0C, sa densit\u00e9 de 1,049 g cm-\u00b3 \u00e0 20 \u00b0C et son point d'\u00e9clair de 39 \u00b0C. Les vapeurs sont inflammables et l\u00e9g\u00e8rement corrosives.<\/p>\n<h3>2. norme technique<\/h3>\n<p>&nbsp;<\/p>\n<table>\n<tbody>\n<tr>\n<td><strong><b>Param\u00e8tres<\/b><\/strong><\/td>\n<td><strong><b>Sp\u00e9cifications<\/b><\/strong><\/td>\n<\/tr>\n<tr>\n<td>Apparence<\/td>\n<td>Liquide transparent incolore<\/td>\n<\/tr>\n<tr>\n<td>Puret\u00e9 (CH\u2083COOH)<\/td>\n<td>\u2265 99,8 %<\/td>\n<\/tr>\n<tr>\n<td>L'eau<\/td>\n<td>\u2264 0,15 %<\/td>\n<\/tr>\n<tr>\n<td>Acide formique<\/td>\n<td>\u2264 0,05 %<\/td>\n<\/tr>\n<tr>\n<td>Ac\u00e9tald\u00e9hyde<\/td>\n<td>\u2264 0,05 %<\/td>\n<\/tr>\n<tr>\n<td>Couleur (APHA)<\/td>\n<td>\u2264 10<\/td>\n<\/tr>\n<\/tbody>\n<\/table>\n<p>&nbsp;<\/p>\n<h3>3.Champ d'application et utilisation<\/h3>\n<p>&nbsp;<\/p>\n<p>L'acide ac\u00e9tique est un acide organique fondamental utilis\u00e9 dans la fabrication de l'ac\u00e9tate de vinyle monom\u00e8re, de l'acide t\u00e9r\u00e9phtalique purifi\u00e9 et de l'ac\u00e9tate de cellulose. Il sert de solvant et de r\u00e9gulateur de pH dans les industries alimentaire, pharmaceutique et textile, et constitue l'ingr\u00e9dient actif du vinaigre. Il est \u00e9galement utilis\u00e9 pour l'est\u00e9rification afin de produire des esters d'ac\u00e9tate utilis\u00e9s comme ar\u00f4mes, parfums et rev\u00eatements.<\/p>\n<h3>4. l'emballage et le stockage<\/h3>\n<p>&nbsp;<\/p>\n<p>L'acide ac\u00e9tique est conditionn\u00e9 dans des bonbonnes HDPE de 25 kg, des f\u00fbts HDPE de 200 kg ou des conteneurs IBC de 1000 kg. Les exp\u00e9ditions en vrac utilisent des r\u00e9servoirs ISO en acier inoxydable de 20-25 t rev\u00eatus d'acier inoxydable 316L. Stocker dans un endroit frais, sec et bien ventil\u00e9, \u00e0 l'\u00e9cart des oxydants, des bases et des m\u00e9taux. Garder les conteneurs herm\u00e9tiquement ferm\u00e9s ; maintenir une temp\u00e9rature ambiante inf\u00e9rieure \u00e0 30 \u00b0C et \u00e9viter la lumi\u00e8re directe du soleil pour \u00e9viter la polym\u00e9risation et la corrosion.<\/p>","protected":false},"excerpt":{"rendered":"<p>CAS: 64-19-7 Molecular formula: C\u2082H\u2084O\u2082 Relative molecular mass: 60.05 Structural formula: 1.Product Property &nbsp; Acetic acid is a clear, colorless liquid with a sharp, pungent odor and sour taste. It is completely miscible with water, ethanol and ether, and freezes at 16.6 \u00b0C to form ice-like crystals; boiling point is 118 \u00b0C, density 1.049 g [&hellip;]<\/p>\n","protected":false},"featured_media":5343,"template":"","meta":{"_seopress_robots_primary_cat":"","_seopress_titles_title":"","_seopress_titles_desc":"","_seopress_robots_index":"","_uag_custom_page_level_css":"","site-sidebar-layout":"default","site-content-layout":"","ast-site-content-layout":"default","site-content-style":"default","site-sidebar-style":"default","ast-global-header-display":"","ast-banner-title-visibility":"","ast-main-header-display":"","ast-hfb-above-header-display":"","ast-hfb-below-header-display":"","ast-hfb-mobile-header-display":"","site-post-title":"","ast-breadcrumbs-content":"","ast-featured-img":"","footer-sml-layout":"","theme-transparent-header-meta":"default","adv-header-id-meta":"","stick-header-meta":"default","header-above-stick-meta":"","header-main-stick-meta":"","header-below-stick-meta":"","astra-migrate-meta-layouts":"set","ast-page-background-enabled":"default","ast-page-background-meta":{"desktop":{"background-color":"","background-image":"","background-repeat":"repeat","background-position":"center center","background-size":"auto","background-attachment":"scroll","background-type":"","background-media":"","overlay-type":"","overlay-color":"","overlay-opacity":"","overlay-gradient":""},"tablet":{"background-color":"","background-image":"","background-repeat":"repeat","background-position":"center center","background-size":"auto","background-attachment":"scroll","background-type":"","background-media":"","overlay-type":"","overlay-color":"","overlay-opacity":"","overlay-gradient":""},"mobile":{"background-color":"","background-image":"","background-repeat":"repeat","background-position":"center center","background-size":"auto","background-attachment":"scroll","background-type":"","background-media":"","overlay-type":"","overlay-color":"","overlay-opacity":"","overlay-gradient":""}},"ast-content-background-meta":{"desktop":{"background-color":"var(--ast-global-color-5)","background-image":"","background-repeat":"repeat","background-position":"center center","background-size":"auto","background-attachment":"scroll","background-type":"","background-media":"","overlay-type":"","overlay-color":"","overlay-opacity":"","overlay-gradient":""},"tablet":{"background-color":"var(--ast-global-color-5)","background-image":"","background-repeat":"repeat","background-position":"center center","background-size":"auto","background-attachment":"scroll","background-type":"","background-media":"","overlay-type":"","overlay-color":"","overlay-opacity":"","overlay-gradient":""},"mobile":{"background-color":"var(--ast-global-color-5)","background-image":"","background-repeat":"repeat","background-position":"center center","background-size":"auto","background-attachment":"scroll","background-type":"","background-media":"","overlay-type":"","overlay-color":"","overlay-opacity":"","overlay-gradient":""}}},"product_brand":[],"product_cat":[69],"product_tag":[],"class_list":{"0":"post-5336","1":"product","2":"type-product","3":"status-publish","4":"has-post-thumbnail","6":"product_cat-daily-chemical-product","7":"desktop-align-left","8":"tablet-align-left","9":"mobile-align-left","10":"ast-product-gallery-layout-horizontal-slider","11":"ast-product-gallery-with-no-image","12":"ast-product-tabs-layout-horizontal","14":"first","15":"instock","16":"shipping-taxable","17":"product-type-simple"},"uagb_featured_image_src":{"full":["https:\/\/jinancuchem.com\/wp-content\/uploads\/2025\/07\/\u672a\u6807\u9898-2-28.jpg",400,400,false],"thumbnail":["https:\/\/jinancuchem.com\/wp-content\/uploads\/2025\/07\/\u672a\u6807\u9898-2-28-150x150.jpg",150,150,true],"medium":["https:\/\/jinancuchem.com\/wp-content\/uploads\/2025\/07\/\u672a\u6807\u9898-2-28-300x300.jpg",300,300,true],"medium_large":["https:\/\/jinancuchem.com\/wp-content\/uploads\/2025\/07\/\u672a\u6807\u9898-2-28.jpg",400,400,false],"large":["https:\/\/jinancuchem.com\/wp-content\/uploads\/2025\/07\/\u672a\u6807\u9898-2-28.jpg",400,400,false],"1536x1536":["https:\/\/jinancuchem.com\/wp-content\/uploads\/2025\/07\/\u672a\u6807\u9898-2-28.jpg",400,400,false],"2048x2048":["https:\/\/jinancuchem.com\/wp-content\/uploads\/2025\/07\/\u672a\u6807\u9898-2-28.jpg",400,400,false],"trp-custom-language-flag":["https:\/\/jinancuchem.com\/wp-content\/uploads\/2025\/07\/\u672a\u6807\u9898-2-28-12x12.jpg",12,12,true],"woocommerce_thumbnail":["https:\/\/jinancuchem.com\/wp-content\/uploads\/2025\/07\/\u672a\u6807\u9898-2-28-300x300.jpg",300,300,true],"woocommerce_single":["https:\/\/jinancuchem.com\/wp-content\/uploads\/2025\/07\/\u672a\u6807\u9898-2-28.jpg",400,400,false],"woocommerce_gallery_thumbnail":["https:\/\/jinancuchem.com\/wp-content\/uploads\/2025\/07\/\u672a\u6807\u9898-2-28-100x100.jpg",100,100,true]},"uagb_author_info":{"display_name":"jinxing6611@gmail.com","author_link":"https:\/\/jinancuchem.com\/fr\/author\/"},"uagb_comment_info":0,"uagb_excerpt":"CAS: 64-19-7 Molecular formula: C\u2082H\u2084O\u2082 Relative molecular mass: 60.05 Structural formula: 1.Product Property &nbsp; Acetic acid is a clear, colorless liquid with a sharp, pungent odor and sour taste. It is completely miscible with water, ethanol and ether, and freezes at 16.6 \u00b0C to form ice-like crystals; boiling point is 118 \u00b0C, density 1.049 g\u2026","_links":{"self":[{"href":"https:\/\/jinancuchem.com\/fr\/wp-json\/wp\/v2\/product\/5336","targetHints":{"allow":["GET"]}}],"collection":[{"href":"https:\/\/jinancuchem.com\/fr\/wp-json\/wp\/v2\/product"}],"about":[{"href":"https:\/\/jinancuchem.com\/fr\/wp-json\/wp\/v2\/types\/product"}],"wp:featuredmedia":[{"embeddable":true,"href":"https:\/\/jinancuchem.com\/fr\/wp-json\/wp\/v2\/media\/5343"}],"wp:attachment":[{"href":"https:\/\/jinancuchem.com\/fr\/wp-json\/wp\/v2\/media?parent=5336"}],"wp:term":[{"taxonomy":"product_brand","embeddable":true,"href":"https:\/\/jinancuchem.com\/fr\/wp-json\/wp\/v2\/product_brand?post=5336"},{"taxonomy":"product_cat","embeddable":true,"href":"https:\/\/jinancuchem.com\/fr\/wp-json\/wp\/v2\/product_cat?post=5336"},{"taxonomy":"product_tag","embeddable":true,"href":"https:\/\/jinancuchem.com\/fr\/wp-json\/wp\/v2\/product_tag?post=5336"}],"curies":[{"name":"wp","href":"https:\/\/api.w.org\/{rel}","templated":true}]}}