{"id":5365,"date":"2025-07-25T09:46:44","date_gmt":"2025-07-25T09:46:44","guid":{"rendered":"https:\/\/jinancuchem.com\/?post_type=product&#038;p=5365"},"modified":"2025-07-25T09:46:44","modified_gmt":"2025-07-25T09:46:44","slug":"citric-acid-monohydrate","status":"publish","type":"product","link":"https:\/\/jinancuchem.com\/fr\/produit\/citric-acid-monohydrate\/","title":{"rendered":"Acide citrique monohydrat\u00e9"},"content":{"rendered":"<p>\u3010CAS\u301159-29-1 Formule mol\u00e9culaire:C6H10O8 Masse mol\u00e9culaire relative:210.1388<\/p>\n<p>Formule structurelle :<img alt=\"\" decoding=\"async\" class=\"alignnone size-full wp-image-5370\" src=\"https:\/\/jinancuchem.com\/wp-content\/uploads\/2025\/07\/\u56fe\u7247123.png\" width=\"254\" height=\"89\" srcset=\"https:\/\/jinancuchem.com\/wp-content\/uploads\/2025\/07\/\u56fe\u7247123.png 254w, https:\/\/jinancuchem.com\/wp-content\/uploads\/2025\/07\/\u56fe\u7247123-18x6.png 18w\" sizes=\"(max-width: 254px) 100vw, 254px\" \/><\/p>\n<p>&nbsp;<\/p>\n<h4>\u4e00\uff0ePropri\u00e9t\u00e9 du produit\uff1a<\/h4>\n<p>Poudres cristallines blanches, cristaux ou granul\u00e9s incolores<\/p>\n<p>&nbsp;<\/p>\n<h4>\u4e8c\uff0eIndicateur de qualit\u00e9 :<\/h4>\n<table>\n<tbody>\n<tr>\n<td><strong><b>Param\u00e8tres<\/b><\/strong><\/td>\n<td><strong><b>Sp\u00e9cifications<\/b><\/strong><\/td>\n<\/tr>\n<tr>\n<td><strong><b>Apparence<\/b><\/strong><\/td>\n<td>Cristaux incolores ou poudre cristalline blanche<\/td>\n<\/tr>\n<tr>\n<td><strong><b>Essai (C\u2086H\u2088O\u2087-H\u2082O)<\/b><\/strong><\/td>\n<td>\u2265 99.5%<\/td>\n<\/tr>\n<tr>\n<td><strong><b>Teneur en eau<\/b><\/strong><\/td>\n<td>7.5% &#8211; 9.0%<\/td>\n<\/tr>\n<tr>\n<td><strong><b>Sulfate (SO\u2084\u00b2-)<\/b><\/strong><\/td>\n<td>\u2264 0,03%<\/td>\n<\/tr>\n<tr>\n<td><strong><b>Oxalate (C\u2082O\u2084\u00b2-)<\/b><\/strong><\/td>\n<td>\u2264 0,01%<\/td>\n<\/tr>\n<tr>\n<td><strong><b>M\u00e9taux lourds (en Pb)<\/b><\/strong><\/td>\n<td>\u2264 5 mg\/kg<\/td>\n<\/tr>\n<tr>\n<td><strong><b>Arsenic (As)<\/b><\/strong><\/td>\n<td>\u2264 1 mg\/kg<\/td>\n<\/tr>\n<tr>\n<td><strong><b>R\u00e9sidus \u00e0 l'allumage<\/b><\/strong><\/td>\n<td>\u2264 0,1%<\/td>\n<\/tr>\n<tr>\n<td><strong><b>Substances facilement carbonisables<\/b><\/strong><\/td>\n<td>Test r\u00e9ussi (pas plus fonc\u00e9 que la norme)<\/td>\n<\/tr>\n<\/tbody>\n<\/table>\n<p>&nbsp;<\/p>\n<h4>\u4e09\uff0eApplication du champ d'application et de l'utilisation\uff1a<\/h4>\n<p>L'acide citrique est principalement utilis\u00e9 comme acidulant, agent aromatique, conservateur et agent antistatique dans l'industrie alimentaire et des boissons. Il est \u00e9galement utilis\u00e9 comme antioxydant, plastifiant et d\u00e9tergent dans les industries chimiques, cosm\u00e9tiques et de nettoyage.<\/p>\n<p>&nbsp;<\/p>\n<h4>\u56db\uff0ePackage et stockage\uff1a<\/h4>\n<p>Sac composite papier-plastique de 25 kg net ou sac en papier kraft 3 plis avec doublure en PE,Form-Fill-Seal sacs en PE pour emballages lourds\uff1bSac Jumbo en PP tiss\u00e9 de 500 kg ou 1000 kg net avec doublure en PE<\/p>\n<p>Conserv\u00e9 dans un endroit propre, sec et bien ventil\u00e9<\/p>","protected":false},"excerpt":{"rendered":"<p>\u3010CAS\u30115949-29-1\u00a0\u00a0Molecular formula:C6H10O8\u00a0\u00a0Relative molecular\u00a0mass:210.1388 Structural formula: &nbsp; \u4e00\uff0eProduct Property\uff1a White Crystalline Powders, Colorless Crystals or Granules &nbsp; \u4e8c\uff0eQuality Index: Parameter Specification Appearance Colorless crystals or white crystalline powder Assay (C\u2086H\u2088O\u2087\u00b7H\u2082O) \u2265 99.5% Water Content 7.5% &#8211; 9.0% Sulfate (SO\u2084\u00b2\u207b) \u2264 0.03% Oxalate (C\u2082O\u2084\u00b2\u207b) \u2264 0.01% Heavy Metals (as Pb) \u2264 5 mg\/kg Arsenic (As) \u2264 1 [&hellip;]<\/p>\n","protected":false},"featured_media":5372,"template":"","meta":{"_seopress_robots_primary_cat":"","_seopress_titles_title":"","_seopress_titles_desc":"","_seopress_robots_index":"","_uag_custom_page_level_css":"","site-sidebar-layout":"default","site-content-layout":"","ast-site-content-layout":"default","site-content-style":"default","site-sidebar-style":"default","ast-global-header-display":"","ast-banner-title-visibility":"","ast-main-header-display":"","ast-hfb-above-header-display":"","ast-hfb-below-header-display":"","ast-hfb-mobile-header-display":"","site-post-title":"","ast-breadcrumbs-content":"","ast-featured-img":"","footer-sml-layout":"","theme-transparent-header-meta":"default","adv-header-id-meta":"","stick-header-meta":"default","header-above-stick-meta":"","header-main-stick-meta":"","header-below-stick-meta":"","astra-migrate-meta-layouts":"set","ast-page-background-enabled":"default","ast-page-background-meta":{"desktop":{"background-color":"","background-image":"","background-repeat":"repeat","background-position":"center center","background-size":"auto","background-attachment":"scroll","background-type":"","background-media":"","overlay-type":"","overlay-color":"","overlay-opacity":"","overlay-gradient":""},"tablet":{"background-color":"","background-image":"","background-repeat":"repeat","background-position":"center center","background-size":"auto","background-attachment":"scroll","background-type":"","background-media":"","overlay-type":"","overlay-color":"","overlay-opacity":"","overlay-gradient":""},"mobile":{"background-color":"","background-image":"","background-repeat":"repeat","background-position":"center center","background-size":"auto","background-attachment":"scroll","background-type":"","background-media":"","overlay-type":"","overlay-color":"","overlay-opacity":"","overlay-gradient":""}},"ast-content-background-meta":{"desktop":{"background-color":"var(--ast-global-color-5)","background-image":"","background-repeat":"repeat","background-position":"center center","background-size":"auto","background-attachment":"scroll","background-type":"","background-media":"","overlay-type":"","overlay-color":"","overlay-opacity":"","overlay-gradient":""},"tablet":{"background-color":"var(--ast-global-color-5)","background-image":"","background-repeat":"repeat","background-position":"center center","background-size":"auto","background-attachment":"scroll","background-type":"","background-media":"","overlay-type":"","overlay-color":"","overlay-opacity":"","overlay-gradient":""},"mobile":{"background-color":"var(--ast-global-color-5)","background-image":"","background-repeat":"repeat","background-position":"center center","background-size":"auto","background-attachment":"scroll","background-type":"","background-media":"","overlay-type":"","overlay-color":"","overlay-opacity":"","overlay-gradient":""}}},"product_brand":[],"product_cat":[67],"product_tag":[],"class_list":{"0":"post-5365","1":"product","2":"type-product","3":"status-publish","4":"has-post-thumbnail","6":"product_cat-food-additives","7":"desktop-align-left","8":"tablet-align-left","9":"mobile-align-left","10":"ast-product-gallery-layout-horizontal-slider","11":"ast-product-gallery-with-no-image","12":"ast-product-tabs-layout-horizontal","14":"first","15":"instock","16":"shipping-taxable","17":"product-type-simple"},"uagb_featured_image_src":{"full":["https:\/\/jinancuchem.com\/wp-content\/uploads\/2025\/07\/123.png",800,800,false],"thumbnail":["https:\/\/jinancuchem.com\/wp-content\/uploads\/2025\/07\/123-150x150.png",150,150,true],"medium":["https:\/\/jinancuchem.com\/wp-content\/uploads\/2025\/07\/123-300x300.png",300,300,true],"medium_large":["https:\/\/jinancuchem.com\/wp-content\/uploads\/2025\/07\/123-768x768.png",768,768,true],"large":["https:\/\/jinancuchem.com\/wp-content\/uploads\/2025\/07\/123.png",800,800,false],"1536x1536":["https:\/\/jinancuchem.com\/wp-content\/uploads\/2025\/07\/123.png",800,800,false],"2048x2048":["https:\/\/jinancuchem.com\/wp-content\/uploads\/2025\/07\/123.png",800,800,false],"trp-custom-language-flag":["https:\/\/jinancuchem.com\/wp-content\/uploads\/2025\/07\/123-12x12.png",12,12,true],"woocommerce_thumbnail":["https:\/\/jinancuchem.com\/wp-content\/uploads\/2025\/07\/123-300x300.png",300,300,true],"woocommerce_single":["https:\/\/jinancuchem.com\/wp-content\/uploads\/2025\/07\/123-500x500.png",500,500,true],"woocommerce_gallery_thumbnail":["https:\/\/jinancuchem.com\/wp-content\/uploads\/2025\/07\/123-100x100.png",100,100,true]},"uagb_author_info":{"display_name":"jinxing6611@gmail.com","author_link":"https:\/\/jinancuchem.com\/fr\/author\/"},"uagb_comment_info":0,"uagb_excerpt":"\u3010CAS\u30115949-29-1\u00a0\u00a0Molecular formula:C6H10O8\u00a0\u00a0Relative molecular\u00a0mass:210.1388 Structural formula: &nbsp; \u4e00\uff0eProduct Property\uff1a White Crystalline Powders, Colorless Crystals or Granules &nbsp; \u4e8c\uff0eQuality Index: Parameter Specification Appearance Colorless crystals or white crystalline powder Assay (C\u2086H\u2088O\u2087\u00b7H\u2082O) \u2265 99.5% Water Content 7.5% &#8211; 9.0% Sulfate (SO\u2084\u00b2\u207b) \u2264 0.03% Oxalate (C\u2082O\u2084\u00b2\u207b) \u2264 0.01% Heavy Metals (as Pb) \u2264 5 mg\/kg Arsenic (As) \u2264 1\u2026","_links":{"self":[{"href":"https:\/\/jinancuchem.com\/fr\/wp-json\/wp\/v2\/product\/5365","targetHints":{"allow":["GET"]}}],"collection":[{"href":"https:\/\/jinancuchem.com\/fr\/wp-json\/wp\/v2\/product"}],"about":[{"href":"https:\/\/jinancuchem.com\/fr\/wp-json\/wp\/v2\/types\/product"}],"wp:featuredmedia":[{"embeddable":true,"href":"https:\/\/jinancuchem.com\/fr\/wp-json\/wp\/v2\/media\/5372"}],"wp:attachment":[{"href":"https:\/\/jinancuchem.com\/fr\/wp-json\/wp\/v2\/media?parent=5365"}],"wp:term":[{"taxonomy":"product_brand","embeddable":true,"href":"https:\/\/jinancuchem.com\/fr\/wp-json\/wp\/v2\/product_brand?post=5365"},{"taxonomy":"product_cat","embeddable":true,"href":"https:\/\/jinancuchem.com\/fr\/wp-json\/wp\/v2\/product_cat?post=5365"},{"taxonomy":"product_tag","embeddable":true,"href":"https:\/\/jinancuchem.com\/fr\/wp-json\/wp\/v2\/product_tag?post=5365"}],"curies":[{"name":"wp","href":"https:\/\/api.w.org\/{rel}","templated":true}]}}