{"id":5373,"date":"2025-07-25T09:50:21","date_gmt":"2025-07-25T09:50:21","guid":{"rendered":"https:\/\/jinancuchem.com\/?post_type=product&#038;p=5373"},"modified":"2025-07-25T09:50:21","modified_gmt":"2025-07-25T09:50:21","slug":"vinyl-acetate","status":"publish","type":"product","link":"https:\/\/jinancuchem.com\/fr\/produit\/vinyl-acetate\/","title":{"rendered":"Ac\u00e9tate de vinyle"},"content":{"rendered":"<p>CAS : 108-05-4<br \/>\nFormule mol\u00e9culaire : C\u2084H\u2086O\u2082<br \/>\nMasse mol\u00e9culaire relative : 86,09<br \/>\nFormule structurelle :<img alt=\"\" fetchpriority=\"high\" decoding=\"async\" class=\"alignnone size-medium wp-image-5386\" src=\"https:\/\/jinancuchem.com\/wp-content\/uploads\/2025\/07\/\u672a\u6807\u9898-2-32-300x300.jpg\" width=\"300\" height=\"300\" srcset=\"https:\/\/jinancuchem.com\/wp-content\/uploads\/2025\/07\/\u672a\u6807\u9898-2-32-300x300.jpg 300w, https:\/\/jinancuchem.com\/wp-content\/uploads\/2025\/07\/\u672a\u6807\u9898-2-32-150x150.jpg 150w, https:\/\/jinancuchem.com\/wp-content\/uploads\/2025\/07\/\u672a\u6807\u9898-2-32-12x12.jpg 12w, https:\/\/jinancuchem.com\/wp-content\/uploads\/2025\/07\/\u672a\u6807\u9898-2-32-100x100.jpg 100w, https:\/\/jinancuchem.com\/wp-content\/uploads\/2025\/07\/\u672a\u6807\u9898-2-32.jpg 400w\" sizes=\"(max-width: 300px) 100vw, 300px\" \/><\/p>\n<h3>1.Propri\u00e9t\u00e9 du produit<\/h3>\n<p>&nbsp;<\/p>\n<p>L'ac\u00e9tate de vinyle est un liquide mobile incolore \u00e0 l'odeur douce et fruit\u00e9e. Il est hautement inflammable, avec un point d'\u00e9bullition de 72,7 \u00b0C, un point de cong\u00e9lation de -93 \u00b0C et un point d'\u00e9clair de -8 \u00b0C. Sa densit\u00e9 est de 0,932 g cm-\u00b3 \u00e0 20 \u00b0C. Il est l\u00e9g\u00e8rement soluble dans l'eau et miscible avec la plupart des solvants organiques.<\/p>\n<h3>2. norme technique<\/h3>\n<p>&nbsp;<\/p>\n<table>\n<tbody>\n<tr>\n<td><strong><b>Param\u00e8tres<\/b><\/strong><\/td>\n<td><strong><b>Sp\u00e9cifications<\/b><\/strong><\/td>\n<\/tr>\n<tr>\n<td>Apparence<\/td>\n<td>Liquide incolore<\/td>\n<\/tr>\n<tr>\n<td>Puret\u00e9 (GC)<\/td>\n<td>\u2265 99,9 %<\/td>\n<\/tr>\n<tr>\n<td>L'eau<\/td>\n<td>\u2264 0,05 %<\/td>\n<\/tr>\n<tr>\n<td>Acidit\u00e9 (en tant qu'ac\u00e9tique)<\/td>\n<td>\u2264 0,01 %<\/td>\n<\/tr>\n<tr>\n<td>Inhibiteur (HQ)<\/td>\n<td>3-7 ppm<\/td>\n<\/tr>\n<tr>\n<td>Couleur (APHA)<\/td>\n<td>\u2264 10<\/td>\n<\/tr>\n<\/tbody>\n<\/table>\n<p>&nbsp;<\/p>\n<h3>3.Champ d'application et utilisation<\/h3>\n<p>&nbsp;<\/p>\n<p>L'ac\u00e9tate de vinyle est le principal monom\u00e8re pour la production d'ac\u00e9tate de polyvinyle, d'alcool polyvinylique et de copolym\u00e8res \u00e9thyl\u00e8ne-ac\u00e9tate de vinyle. Ces polym\u00e8res sont largement utilis\u00e9s dans les peintures \u00e0 base d'eau, les adh\u00e9sifs, les rev\u00eatements de papier et de textile, les films d'emballage, les bases de chewing-gum et les liants pour tissus non tiss\u00e9s. Le monom\u00e8re est \u00e9galement utilis\u00e9 pour fabriquer des interm\u00e9diaires pour les peintures, les rev\u00eatements et les produits chimiques sp\u00e9cialis\u00e9s.<\/p>\n<h3>4. l'emballage et le stockage<\/h3>\n<p>&nbsp;<\/p>\n<p>L'ac\u00e9tate de vinyle est fourni dans des f\u00fbts en acier rev\u00eatus d'\u00e9poxy de 180 kg, dans des conteneurs IBC de 1000 L ou dans des camions-citernes en acier inoxydable. De plus petites quantit\u00e9s sont disponibles dans des bidons HDPE de 25 litres approuv\u00e9s par l'ONU. Stocker dans un endroit frais, ombrag\u00e9 et bien ventil\u00e9, \u00e0 l'\u00e9cart des oxydants, des acides et des sources d'inflammation ; maintenir la temp\u00e9rature \u00e0 moins de 25 \u00b0C et pr\u00e9venir la polym\u00e9risation en \u00e9vitant un stockage prolong\u00e9. Les f\u00fbts doivent \u00eatre herm\u00e9tiquement ferm\u00e9s et mis \u00e0 la terre pendant le transfert.<\/p>","protected":false},"excerpt":{"rendered":"<p>CAS: 108-05-4 Molecular formula: C\u2084H\u2086O\u2082 Relative molecular mass: 86.09 Structural formula: 1.Product Property &nbsp; Vinyl acetate is a colorless, mobile liquid with a sweet, fruity odor. It is highly flammable, with a boiling point of 72.7 \u00b0C, freezing point \u201393 \u00b0C, and flash point \u20138 \u00b0C. The density is 0.932 g cm\u207b\u00b3 at 20 \u00b0C, [&hellip;]<\/p>\n","protected":false},"featured_media":5386,"template":"","meta":{"_seopress_robots_primary_cat":"","_seopress_titles_title":"","_seopress_titles_desc":"","_seopress_robots_index":"","_uag_custom_page_level_css":"","site-sidebar-layout":"default","site-content-layout":"","ast-site-content-layout":"default","site-content-style":"default","site-sidebar-style":"default","ast-global-header-display":"","ast-banner-title-visibility":"","ast-main-header-display":"","ast-hfb-above-header-display":"","ast-hfb-below-header-display":"","ast-hfb-mobile-header-display":"","site-post-title":"","ast-breadcrumbs-content":"","ast-featured-img":"","footer-sml-layout":"","theme-transparent-header-meta":"default","adv-header-id-meta":"","stick-header-meta":"default","header-above-stick-meta":"","header-main-stick-meta":"","header-below-stick-meta":"","astra-migrate-meta-layouts":"set","ast-page-background-enabled":"default","ast-page-background-meta":{"desktop":{"background-color":"","background-image":"","background-repeat":"repeat","background-position":"center center","background-size":"auto","background-attachment":"scroll","background-type":"","background-media":"","overlay-type":"","overlay-color":"","overlay-opacity":"","overlay-gradient":""},"tablet":{"background-color":"","background-image":"","background-repeat":"repeat","background-position":"center center","background-size":"auto","background-attachment":"scroll","background-type":"","background-media":"","overlay-type":"","overlay-color":"","overlay-opacity":"","overlay-gradient":""},"mobile":{"background-color":"","background-image":"","background-repeat":"repeat","background-position":"center center","background-size":"auto","background-attachment":"scroll","background-type":"","background-media":"","overlay-type":"","overlay-color":"","overlay-opacity":"","overlay-gradient":""}},"ast-content-background-meta":{"desktop":{"background-color":"var(--ast-global-color-5)","background-image":"","background-repeat":"repeat","background-position":"center center","background-size":"auto","background-attachment":"scroll","background-type":"","background-media":"","overlay-type":"","overlay-color":"","overlay-opacity":"","overlay-gradient":""},"tablet":{"background-color":"var(--ast-global-color-5)","background-image":"","background-repeat":"repeat","background-position":"center center","background-size":"auto","background-attachment":"scroll","background-type":"","background-media":"","overlay-type":"","overlay-color":"","overlay-opacity":"","overlay-gradient":""},"mobile":{"background-color":"var(--ast-global-color-5)","background-image":"","background-repeat":"repeat","background-position":"center center","background-size":"auto","background-attachment":"scroll","background-type":"","background-media":"","overlay-type":"","overlay-color":"","overlay-opacity":"","overlay-gradient":""}}},"product_brand":[],"product_cat":[69],"product_tag":[],"class_list":{"0":"post-5373","1":"product","2":"type-product","3":"status-publish","4":"has-post-thumbnail","6":"product_cat-daily-chemical-product","7":"desktop-align-left","8":"tablet-align-left","9":"mobile-align-left","10":"ast-product-gallery-layout-horizontal-slider","11":"ast-product-gallery-with-no-image","12":"ast-product-tabs-layout-horizontal","14":"first","15":"instock","16":"shipping-taxable","17":"product-type-simple"},"uagb_featured_image_src":{"full":["https:\/\/jinancuchem.com\/wp-content\/uploads\/2025\/07\/\u672a\u6807\u9898-2-32.jpg",400,400,false],"thumbnail":["https:\/\/jinancuchem.com\/wp-content\/uploads\/2025\/07\/\u672a\u6807\u9898-2-32-150x150.jpg",150,150,true],"medium":["https:\/\/jinancuchem.com\/wp-content\/uploads\/2025\/07\/\u672a\u6807\u9898-2-32-300x300.jpg",300,300,true],"medium_large":["https:\/\/jinancuchem.com\/wp-content\/uploads\/2025\/07\/\u672a\u6807\u9898-2-32.jpg",400,400,false],"large":["https:\/\/jinancuchem.com\/wp-content\/uploads\/2025\/07\/\u672a\u6807\u9898-2-32.jpg",400,400,false],"1536x1536":["https:\/\/jinancuchem.com\/wp-content\/uploads\/2025\/07\/\u672a\u6807\u9898-2-32.jpg",400,400,false],"2048x2048":["https:\/\/jinancuchem.com\/wp-content\/uploads\/2025\/07\/\u672a\u6807\u9898-2-32.jpg",400,400,false],"trp-custom-language-flag":["https:\/\/jinancuchem.com\/wp-content\/uploads\/2025\/07\/\u672a\u6807\u9898-2-32-12x12.jpg",12,12,true],"woocommerce_thumbnail":["https:\/\/jinancuchem.com\/wp-content\/uploads\/2025\/07\/\u672a\u6807\u9898-2-32-300x300.jpg",300,300,true],"woocommerce_single":["https:\/\/jinancuchem.com\/wp-content\/uploads\/2025\/07\/\u672a\u6807\u9898-2-32.jpg",400,400,false],"woocommerce_gallery_thumbnail":["https:\/\/jinancuchem.com\/wp-content\/uploads\/2025\/07\/\u672a\u6807\u9898-2-32-100x100.jpg",100,100,true]},"uagb_author_info":{"display_name":"jinxing6611@gmail.com","author_link":"https:\/\/jinancuchem.com\/fr\/author\/"},"uagb_comment_info":0,"uagb_excerpt":"CAS: 108-05-4 Molecular formula: C\u2084H\u2086O\u2082 Relative molecular mass: 86.09 Structural formula: 1.Product Property &nbsp; Vinyl acetate is a colorless, mobile liquid with a sweet, fruity odor. It is highly flammable, with a boiling point of 72.7 \u00b0C, freezing point \u201393 \u00b0C, and flash point \u20138 \u00b0C. The density is 0.932 g cm\u207b\u00b3 at 20 \u00b0C,\u2026","_links":{"self":[{"href":"https:\/\/jinancuchem.com\/fr\/wp-json\/wp\/v2\/product\/5373","targetHints":{"allow":["GET"]}}],"collection":[{"href":"https:\/\/jinancuchem.com\/fr\/wp-json\/wp\/v2\/product"}],"about":[{"href":"https:\/\/jinancuchem.com\/fr\/wp-json\/wp\/v2\/types\/product"}],"wp:featuredmedia":[{"embeddable":true,"href":"https:\/\/jinancuchem.com\/fr\/wp-json\/wp\/v2\/media\/5386"}],"wp:attachment":[{"href":"https:\/\/jinancuchem.com\/fr\/wp-json\/wp\/v2\/media?parent=5373"}],"wp:term":[{"taxonomy":"product_brand","embeddable":true,"href":"https:\/\/jinancuchem.com\/fr\/wp-json\/wp\/v2\/product_brand?post=5373"},{"taxonomy":"product_cat","embeddable":true,"href":"https:\/\/jinancuchem.com\/fr\/wp-json\/wp\/v2\/product_cat?post=5373"},{"taxonomy":"product_tag","embeddable":true,"href":"https:\/\/jinancuchem.com\/fr\/wp-json\/wp\/v2\/product_tag?post=5373"}],"curies":[{"name":"wp","href":"https:\/\/api.w.org\/{rel}","templated":true}]}}