{"id":5391,"date":"2025-07-25T09:53:00","date_gmt":"2025-07-25T09:53:00","guid":{"rendered":"https:\/\/jinancuchem.com\/?post_type=product&#038;p=5391"},"modified":"2025-07-25T09:53:00","modified_gmt":"2025-07-25T09:53:00","slug":"methyl-acetate","status":"publish","type":"product","link":"https:\/\/jinancuchem.com\/fr\/produit\/methyl-acetate\/","title":{"rendered":"Ac\u00e9tate de m\u00e9thyle"},"content":{"rendered":"<p>CAS : 79-20-9<br \/>\nFormule mol\u00e9culaire : C\u2083H\u2086O\u2082<br \/>\nMasse mol\u00e9culaire relative : 74,08<br \/>\nFormule structurelle :<img alt=\"\" fetchpriority=\"high\" decoding=\"async\" class=\"alignnone size-medium wp-image-5399\" src=\"https:\/\/jinancuchem.com\/wp-content\/uploads\/2025\/07\/\u672a\u6807\u9898-2-33-300x300.jpg\" width=\"300\" height=\"300\" srcset=\"https:\/\/jinancuchem.com\/wp-content\/uploads\/2025\/07\/\u672a\u6807\u9898-2-33-300x300.jpg 300w, https:\/\/jinancuchem.com\/wp-content\/uploads\/2025\/07\/\u672a\u6807\u9898-2-33-150x150.jpg 150w, https:\/\/jinancuchem.com\/wp-content\/uploads\/2025\/07\/\u672a\u6807\u9898-2-33-12x12.jpg 12w, https:\/\/jinancuchem.com\/wp-content\/uploads\/2025\/07\/\u672a\u6807\u9898-2-33-100x100.jpg 100w, https:\/\/jinancuchem.com\/wp-content\/uploads\/2025\/07\/\u672a\u6807\u9898-2-33.jpg 400w\" sizes=\"(max-width: 300px) 100vw, 300px\" \/><\/p>\n<h3>1.Propri\u00e9t\u00e9 du produit<\/h3>\n<p>&nbsp;<\/p>\n<p>L'ac\u00e9tate de m\u00e9thyle est un liquide clair et incolore \u00e0 l'odeur fruit\u00e9e agr\u00e9able. Il est tr\u00e8s volatil, facilement miscible avec la plupart des solvants organiques et partiellement soluble dans l'eau. Son point d'\u00e9bullition est de 56,9 \u00b0C, son point de fusion de -98 \u00b0C, sa densit\u00e9 de 0,932 g cm-\u00b3 \u00e0 20 \u00b0C et son point d'\u00e9clair de -10 \u00b0C.<\/p>\n<h3>2. norme technique<\/h3>\n<p>&nbsp;<\/p>\n<table>\n<tbody>\n<tr>\n<td><strong><b>Param\u00e8tres<\/b><\/strong><\/td>\n<td><strong><b>Sp\u00e9cifications<\/b><\/strong><\/td>\n<\/tr>\n<tr>\n<td>Apparence<\/td>\n<td>Liquide incolore<\/td>\n<\/tr>\n<tr>\n<td>Puret\u00e9 (GC)<\/td>\n<td>\u2265 99,5 %<\/td>\n<\/tr>\n<tr>\n<td>L'eau<\/td>\n<td>\u2264 0,05 %<\/td>\n<\/tr>\n<tr>\n<td>Acidit\u00e9 (en AA)<\/td>\n<td>\u2264 0,01 %<\/td>\n<\/tr>\n<tr>\n<td>Couleur (APHA)<\/td>\n<td>\u2264 10<\/td>\n<\/tr>\n<\/tbody>\n<\/table>\n<p>&nbsp;<\/p>\n<h3>3.Champ d'application et utilisation<\/h3>\n<p>&nbsp;<\/p>\n<p>L'ac\u00e9tate de m\u00e9thyle est un solvant \u00e0 \u00e9vaporation rapide largement utilis\u00e9 dans la nitrocellulose, l'ac\u00e9tate de cellulose, les peintures, les rev\u00eatements, les adh\u00e9sifs et les dissolvants de vernis \u00e0 ongles. Il sert d'interm\u00e9diaire dans la synth\u00e8se organique pour produire des produits pharmaceutiques, agrochimiques et des parfums. Sa faible toxicit\u00e9 et son odeur agr\u00e9able lui permettent \u00e9galement d'\u00eatre utilis\u00e9 dans les processus d'aromatisation et d'extraction de qualit\u00e9 alimentaire.<\/p>\n<h3>4. l'emballage et le stockage<\/h3>\n<p>&nbsp;<\/p>\n<p>Livr\u00e9 en f\u00fbts d'acier rev\u00eatus d'\u00e9poxy de 180 kg, en conteneurs IBC de 850 kg ou en citernes ISO de 20 t. Les petits lots sont emball\u00e9s dans des jerricans HDPE de 25 L approuv\u00e9s par l'ONU. Les petits lots sont emball\u00e9s dans des jerricanes HDPE de 25 L approuv\u00e9s par l'ONU. Stocker dans un endroit frais, sec et bien ventil\u00e9, \u00e0 l'\u00e9cart des sources d'inflammation, des oxydants et des acides. Conserver \u00e0 une temp\u00e9rature inf\u00e9rieure \u00e0 30 \u00b0C, \u00e0 l'abri de la lumi\u00e8re directe du soleil, et s'assurer que les conteneurs sont bien ferm\u00e9s et mis \u00e0 la terre pendant la manipulation.<\/p>","protected":false},"excerpt":{"rendered":"<p>CAS: 79-20-9 Molecular formula: C\u2083H\u2086O\u2082 Relative molecular mass: 74.08 Structural formula: 1.Product Property &nbsp; Methyl acetate is a clear, colorless liquid with a pleasant fruity odor. It is highly volatile, readily miscible with most organic solvents, and partially soluble in water. Boiling point is 56.9 \u00b0C, melting point \u201398 \u00b0C, density 0.932 g cm\u207b\u00b3 at [&hellip;]<\/p>\n","protected":false},"featured_media":5399,"template":"","meta":{"_seopress_robots_primary_cat":"","_seopress_titles_title":"","_seopress_titles_desc":"","_seopress_robots_index":"","_uag_custom_page_level_css":"","site-sidebar-layout":"default","site-content-layout":"","ast-site-content-layout":"default","site-content-style":"default","site-sidebar-style":"default","ast-global-header-display":"","ast-banner-title-visibility":"","ast-main-header-display":"","ast-hfb-above-header-display":"","ast-hfb-below-header-display":"","ast-hfb-mobile-header-display":"","site-post-title":"","ast-breadcrumbs-content":"","ast-featured-img":"","footer-sml-layout":"","theme-transparent-header-meta":"default","adv-header-id-meta":"","stick-header-meta":"default","header-above-stick-meta":"","header-main-stick-meta":"","header-below-stick-meta":"","astra-migrate-meta-layouts":"set","ast-page-background-enabled":"default","ast-page-background-meta":{"desktop":{"background-color":"","background-image":"","background-repeat":"repeat","background-position":"center center","background-size":"auto","background-attachment":"scroll","background-type":"","background-media":"","overlay-type":"","overlay-color":"","overlay-opacity":"","overlay-gradient":""},"tablet":{"background-color":"","background-image":"","background-repeat":"repeat","background-position":"center center","background-size":"auto","background-attachment":"scroll","background-type":"","background-media":"","overlay-type":"","overlay-color":"","overlay-opacity":"","overlay-gradient":""},"mobile":{"background-color":"","background-image":"","background-repeat":"repeat","background-position":"center center","background-size":"auto","background-attachment":"scroll","background-type":"","background-media":"","overlay-type":"","overlay-color":"","overlay-opacity":"","overlay-gradient":""}},"ast-content-background-meta":{"desktop":{"background-color":"var(--ast-global-color-5)","background-image":"","background-repeat":"repeat","background-position":"center center","background-size":"auto","background-attachment":"scroll","background-type":"","background-media":"","overlay-type":"","overlay-color":"","overlay-opacity":"","overlay-gradient":""},"tablet":{"background-color":"var(--ast-global-color-5)","background-image":"","background-repeat":"repeat","background-position":"center center","background-size":"auto","background-attachment":"scroll","background-type":"","background-media":"","overlay-type":"","overlay-color":"","overlay-opacity":"","overlay-gradient":""},"mobile":{"background-color":"var(--ast-global-color-5)","background-image":"","background-repeat":"repeat","background-position":"center center","background-size":"auto","background-attachment":"scroll","background-type":"","background-media":"","overlay-type":"","overlay-color":"","overlay-opacity":"","overlay-gradient":""}}},"product_brand":[],"product_cat":[69],"product_tag":[],"class_list":{"0":"post-5391","1":"product","2":"type-product","3":"status-publish","4":"has-post-thumbnail","6":"product_cat-daily-chemical-product","7":"desktop-align-left","8":"tablet-align-left","9":"mobile-align-left","10":"ast-product-gallery-layout-horizontal-slider","11":"ast-product-gallery-with-no-image","12":"ast-product-tabs-layout-horizontal","14":"first","15":"instock","16":"shipping-taxable","17":"product-type-simple"},"uagb_featured_image_src":{"full":["https:\/\/jinancuchem.com\/wp-content\/uploads\/2025\/07\/\u672a\u6807\u9898-2-33.jpg",400,400,false],"thumbnail":["https:\/\/jinancuchem.com\/wp-content\/uploads\/2025\/07\/\u672a\u6807\u9898-2-33-150x150.jpg",150,150,true],"medium":["https:\/\/jinancuchem.com\/wp-content\/uploads\/2025\/07\/\u672a\u6807\u9898-2-33-300x300.jpg",300,300,true],"medium_large":["https:\/\/jinancuchem.com\/wp-content\/uploads\/2025\/07\/\u672a\u6807\u9898-2-33.jpg",400,400,false],"large":["https:\/\/jinancuchem.com\/wp-content\/uploads\/2025\/07\/\u672a\u6807\u9898-2-33.jpg",400,400,false],"1536x1536":["https:\/\/jinancuchem.com\/wp-content\/uploads\/2025\/07\/\u672a\u6807\u9898-2-33.jpg",400,400,false],"2048x2048":["https:\/\/jinancuchem.com\/wp-content\/uploads\/2025\/07\/\u672a\u6807\u9898-2-33.jpg",400,400,false],"trp-custom-language-flag":["https:\/\/jinancuchem.com\/wp-content\/uploads\/2025\/07\/\u672a\u6807\u9898-2-33-12x12.jpg",12,12,true],"woocommerce_thumbnail":["https:\/\/jinancuchem.com\/wp-content\/uploads\/2025\/07\/\u672a\u6807\u9898-2-33-300x300.jpg",300,300,true],"woocommerce_single":["https:\/\/jinancuchem.com\/wp-content\/uploads\/2025\/07\/\u672a\u6807\u9898-2-33.jpg",400,400,false],"woocommerce_gallery_thumbnail":["https:\/\/jinancuchem.com\/wp-content\/uploads\/2025\/07\/\u672a\u6807\u9898-2-33-100x100.jpg",100,100,true]},"uagb_author_info":{"display_name":"jinxing6611@gmail.com","author_link":"https:\/\/jinancuchem.com\/fr\/author\/"},"uagb_comment_info":0,"uagb_excerpt":"CAS: 79-20-9 Molecular formula: C\u2083H\u2086O\u2082 Relative molecular mass: 74.08 Structural formula: 1.Product Property &nbsp; Methyl acetate is a clear, colorless liquid with a pleasant fruity odor. It is highly volatile, readily miscible with most organic solvents, and partially soluble in water. Boiling point is 56.9 \u00b0C, melting point \u201398 \u00b0C, density 0.932 g cm\u207b\u00b3 at\u2026","_links":{"self":[{"href":"https:\/\/jinancuchem.com\/fr\/wp-json\/wp\/v2\/product\/5391","targetHints":{"allow":["GET"]}}],"collection":[{"href":"https:\/\/jinancuchem.com\/fr\/wp-json\/wp\/v2\/product"}],"about":[{"href":"https:\/\/jinancuchem.com\/fr\/wp-json\/wp\/v2\/types\/product"}],"wp:featuredmedia":[{"embeddable":true,"href":"https:\/\/jinancuchem.com\/fr\/wp-json\/wp\/v2\/media\/5399"}],"wp:attachment":[{"href":"https:\/\/jinancuchem.com\/fr\/wp-json\/wp\/v2\/media?parent=5391"}],"wp:term":[{"taxonomy":"product_brand","embeddable":true,"href":"https:\/\/jinancuchem.com\/fr\/wp-json\/wp\/v2\/product_brand?post=5391"},{"taxonomy":"product_cat","embeddable":true,"href":"https:\/\/jinancuchem.com\/fr\/wp-json\/wp\/v2\/product_cat?post=5391"},{"taxonomy":"product_tag","embeddable":true,"href":"https:\/\/jinancuchem.com\/fr\/wp-json\/wp\/v2\/product_tag?post=5391"}],"curies":[{"name":"wp","href":"https:\/\/api.w.org\/{rel}","templated":true}]}}