{"id":5402,"date":"2025-07-25T09:55:13","date_gmt":"2025-07-25T09:55:13","guid":{"rendered":"https:\/\/jinancuchem.com\/?post_type=product&#038;p=5402"},"modified":"2025-07-25T09:55:14","modified_gmt":"2025-07-25T09:55:14","slug":"ethyl-acetate-2","status":"publish","type":"product","link":"https:\/\/jinancuchem.com\/fr\/produit\/ethyl-acetate-2\/","title":{"rendered":"Ac\u00e9tate d'\u00e9thyle"},"content":{"rendered":"<p>CAS : 141-78-6<br \/>\nFormule mol\u00e9culaire : C\u2084H\u2088O\u2082<br \/>\nMasse mol\u00e9culaire relative : 88,11<br \/>\nFormule structurelle :<img alt=\"\" fetchpriority=\"high\" decoding=\"async\" class=\"alignnone size-medium wp-image-5409\" src=\"https:\/\/jinancuchem.com\/wp-content\/uploads\/2025\/07\/\u672a\u6807\u9898-2-34-300x300.jpg\" width=\"300\" height=\"300\" srcset=\"https:\/\/jinancuchem.com\/wp-content\/uploads\/2025\/07\/\u672a\u6807\u9898-2-34-300x300.jpg 300w, https:\/\/jinancuchem.com\/wp-content\/uploads\/2025\/07\/\u672a\u6807\u9898-2-34-150x150.jpg 150w, https:\/\/jinancuchem.com\/wp-content\/uploads\/2025\/07\/\u672a\u6807\u9898-2-34-12x12.jpg 12w, https:\/\/jinancuchem.com\/wp-content\/uploads\/2025\/07\/\u672a\u6807\u9898-2-34-100x100.jpg 100w, https:\/\/jinancuchem.com\/wp-content\/uploads\/2025\/07\/\u672a\u6807\u9898-2-34.jpg 400w\" sizes=\"(max-width: 300px) 100vw, 300px\" \/><\/p>\n<h3>1.Propri\u00e9t\u00e9 du produit<\/h3>\n<p>&nbsp;<\/p>\n<p>L'ac\u00e9tate d'\u00e9thyle est un liquide incolore et parfum\u00e9 \u00e0 l'odeur de poire fruit\u00e9e. Il est tr\u00e8s volatil, miscible avec la plupart des solvants organiques et partiellement soluble dans l'eau (8,3 % \u00e0 20 \u00b0C). Point d'\u00e9bullition 77 \u00b0C, densit\u00e9 0,902 g cm-\u00b3 \u00e0 20 \u00b0C, point d'\u00e9clair -4 \u00b0C ; les vapeurs forment des m\u00e9langes explosifs avec l'air.<\/p>\n<h3>2. norme technique<\/h3>\n<p>&nbsp;<\/p>\n<table>\n<tbody>\n<tr>\n<td><strong><b>Param\u00e8tres<\/b><\/strong><\/td>\n<td><strong><b>Sp\u00e9cifications<\/b><\/strong><\/td>\n<\/tr>\n<tr>\n<td>Apparence<\/td>\n<td>Liquide incolore<\/td>\n<\/tr>\n<tr>\n<td>Puret\u00e9 (GC)<\/td>\n<td>\u2265 99,9 %<\/td>\n<\/tr>\n<tr>\n<td>Teneur en eau<\/td>\n<td>\u2264 0,05 %<\/td>\n<\/tr>\n<tr>\n<td>Acidit\u00e9 (en tant qu'acide ac\u00e9tique)<\/td>\n<td>\u2264 0,005 %<\/td>\n<\/tr>\n<tr>\n<td>Couleur (APHA)<\/td>\n<td>\u2264 10<\/td>\n<\/tr>\n<\/tbody>\n<\/table>\n<h3>3.Champ d'application et utilisation<\/h3>\n<p>L'ac\u00e9tate d'\u00e9thyle est l'un des esters d'acide gras les plus utilis\u00e9s. C'est un solvant \u00e0 s\u00e9chage rapide qui pr\u00e9sente une excellente solubilit\u00e9 et constitue un excellent solvant industriel. Il peut \u00e9galement \u00eatre utilis\u00e9 comme \u00e9luant dans la chromatographie sur colonne. Il peut \u00eatre utilis\u00e9 pour la nitrocellulose, l'\u00e9thylcellulose, le caoutchouc chlor\u00e9 et les r\u00e9sines vinyliques, les esters d'ac\u00e9tate de cellulose, l'ac\u00e9tate de cellulose et de butyle et le caoutchouc synth\u00e9tique. Il peut \u00e9galement \u00eatre utilis\u00e9 comme encre liquide nitrocellulosique pour les photocopieurs. Il peut \u00eatre utilis\u00e9 comme solvant pour les adh\u00e9sifs et comme diluant pour la peinture. L'ac\u00e9tate d'\u00e9thyle est un solvant tr\u00e8s efficace pour de nombreux types de r\u00e9sines et est largement utilis\u00e9 dans la production d'encre et la fabrication de cuir artificiel. Il est utilis\u00e9 comme r\u00e9actif analytique, comme substance standard pour l'analyse chromatographique et comme solvant.<\/p>\n<p>&nbsp;<\/p>\n<h3>4. l'emballage et le stockage<\/h3>\n<p>&nbsp;<\/p>\n<p>L'ac\u00e9tate d'\u00e9thyle est fourni dans des f\u00fbts en acier rev\u00eatus d'\u00e9poxy de 180 kg, des conteneurs-citernes ISO de 20 m\u00b3 ou des conteneurs IBC de 1000 L. Des quantit\u00e9s plus faibles sont disponibles dans des bidons HDPE de 20 L approuv\u00e9s par l'ONU. De plus petites quantit\u00e9s sont disponibles dans des bidons HDPE de 20 L approuv\u00e9s par l'ONU. Stocker dans un endroit frais et bien ventil\u00e9, \u00e0 une temp\u00e9rature inf\u00e9rieure \u00e0 30 \u00b0C, \u00e0 l'\u00e9cart des oxydants, des acides et des sources d'inflammation. Maintenir les conteneurs herm\u00e9tiquement ferm\u00e9s et mis \u00e0 la terre pendant le transfert afin d'\u00e9viter les d\u00e9charges d'\u00e9lectricit\u00e9 statique et de pr\u00e9server la qualit\u00e9 du produit.<\/p>","protected":false},"excerpt":{"rendered":"<p>CAS: 141-78-6 Molecular formula: C\u2084H\u2088O\u2082 Relative molecular mass: 88.11 Structural formula: 1.Product Property &nbsp; Ethyl acetate is a colorless, fragrant liquid with a fruity pear-like odor. It is highly volatile, miscible with most organic solvents and partially soluble in water (8.3 % at 20 \u00b0C). Boiling point 77 \u00b0C, density 0.902 g cm\u207b\u00b3 at 20 [&hellip;]<\/p>\n","protected":false},"featured_media":5409,"template":"","meta":{"_seopress_robots_primary_cat":"","_seopress_titles_title":"","_seopress_titles_desc":"","_seopress_robots_index":"","_uag_custom_page_level_css":"","site-sidebar-layout":"default","site-content-layout":"","ast-site-content-layout":"default","site-content-style":"default","site-sidebar-style":"default","ast-global-header-display":"","ast-banner-title-visibility":"","ast-main-header-display":"","ast-hfb-above-header-display":"","ast-hfb-below-header-display":"","ast-hfb-mobile-header-display":"","site-post-title":"","ast-breadcrumbs-content":"","ast-featured-img":"","footer-sml-layout":"","theme-transparent-header-meta":"default","adv-header-id-meta":"","stick-header-meta":"default","header-above-stick-meta":"","header-main-stick-meta":"","header-below-stick-meta":"","astra-migrate-meta-layouts":"set","ast-page-background-enabled":"default","ast-page-background-meta":{"desktop":{"background-color":"","background-image":"","background-repeat":"repeat","background-position":"center center","background-size":"auto","background-attachment":"scroll","background-type":"","background-media":"","overlay-type":"","overlay-color":"","overlay-opacity":"","overlay-gradient":""},"tablet":{"background-color":"","background-image":"","background-repeat":"repeat","background-position":"center center","background-size":"auto","background-attachment":"scroll","background-type":"","background-media":"","overlay-type":"","overlay-color":"","overlay-opacity":"","overlay-gradient":""},"mobile":{"background-color":"","background-image":"","background-repeat":"repeat","background-position":"center center","background-size":"auto","background-attachment":"scroll","background-type":"","background-media":"","overlay-type":"","overlay-color":"","overlay-opacity":"","overlay-gradient":""}},"ast-content-background-meta":{"desktop":{"background-color":"var(--ast-global-color-5)","background-image":"","background-repeat":"repeat","background-position":"center center","background-size":"auto","background-attachment":"scroll","background-type":"","background-media":"","overlay-type":"","overlay-color":"","overlay-opacity":"","overlay-gradient":""},"tablet":{"background-color":"var(--ast-global-color-5)","background-image":"","background-repeat":"repeat","background-position":"center center","background-size":"auto","background-attachment":"scroll","background-type":"","background-media":"","overlay-type":"","overlay-color":"","overlay-opacity":"","overlay-gradient":""},"mobile":{"background-color":"var(--ast-global-color-5)","background-image":"","background-repeat":"repeat","background-position":"center center","background-size":"auto","background-attachment":"scroll","background-type":"","background-media":"","overlay-type":"","overlay-color":"","overlay-opacity":"","overlay-gradient":""}}},"product_brand":[],"product_cat":[69],"product_tag":[],"class_list":{"0":"post-5402","1":"product","2":"type-product","3":"status-publish","4":"has-post-thumbnail","6":"product_cat-daily-chemical-product","7":"desktop-align-left","8":"tablet-align-left","9":"mobile-align-left","10":"ast-product-gallery-layout-horizontal-slider","11":"ast-product-gallery-with-no-image","12":"ast-product-tabs-layout-horizontal","14":"first","15":"instock","16":"shipping-taxable","17":"product-type-simple"},"uagb_featured_image_src":{"full":["https:\/\/jinancuchem.com\/wp-content\/uploads\/2025\/07\/\u672a\u6807\u9898-2-34.jpg",400,400,false],"thumbnail":["https:\/\/jinancuchem.com\/wp-content\/uploads\/2025\/07\/\u672a\u6807\u9898-2-34-150x150.jpg",150,150,true],"medium":["https:\/\/jinancuchem.com\/wp-content\/uploads\/2025\/07\/\u672a\u6807\u9898-2-34-300x300.jpg",300,300,true],"medium_large":["https:\/\/jinancuchem.com\/wp-content\/uploads\/2025\/07\/\u672a\u6807\u9898-2-34.jpg",400,400,false],"large":["https:\/\/jinancuchem.com\/wp-content\/uploads\/2025\/07\/\u672a\u6807\u9898-2-34.jpg",400,400,false],"1536x1536":["https:\/\/jinancuchem.com\/wp-content\/uploads\/2025\/07\/\u672a\u6807\u9898-2-34.jpg",400,400,false],"2048x2048":["https:\/\/jinancuchem.com\/wp-content\/uploads\/2025\/07\/\u672a\u6807\u9898-2-34.jpg",400,400,false],"trp-custom-language-flag":["https:\/\/jinancuchem.com\/wp-content\/uploads\/2025\/07\/\u672a\u6807\u9898-2-34-12x12.jpg",12,12,true],"woocommerce_thumbnail":["https:\/\/jinancuchem.com\/wp-content\/uploads\/2025\/07\/\u672a\u6807\u9898-2-34-300x300.jpg",300,300,true],"woocommerce_single":["https:\/\/jinancuchem.com\/wp-content\/uploads\/2025\/07\/\u672a\u6807\u9898-2-34.jpg",400,400,false],"woocommerce_gallery_thumbnail":["https:\/\/jinancuchem.com\/wp-content\/uploads\/2025\/07\/\u672a\u6807\u9898-2-34-100x100.jpg",100,100,true]},"uagb_author_info":{"display_name":"jinxing6611@gmail.com","author_link":"https:\/\/jinancuchem.com\/fr\/author\/"},"uagb_comment_info":0,"uagb_excerpt":"CAS: 141-78-6 Molecular formula: C\u2084H\u2088O\u2082 Relative molecular mass: 88.11 Structural formula: 1.Product Property &nbsp; Ethyl acetate is a colorless, fragrant liquid with a fruity pear-like odor. It is highly volatile, miscible with most organic solvents and partially soluble in water (8.3 % at 20 \u00b0C). Boiling point 77 \u00b0C, density 0.902 g cm\u207b\u00b3 at 20\u2026","_links":{"self":[{"href":"https:\/\/jinancuchem.com\/fr\/wp-json\/wp\/v2\/product\/5402","targetHints":{"allow":["GET"]}}],"collection":[{"href":"https:\/\/jinancuchem.com\/fr\/wp-json\/wp\/v2\/product"}],"about":[{"href":"https:\/\/jinancuchem.com\/fr\/wp-json\/wp\/v2\/types\/product"}],"wp:featuredmedia":[{"embeddable":true,"href":"https:\/\/jinancuchem.com\/fr\/wp-json\/wp\/v2\/media\/5409"}],"wp:attachment":[{"href":"https:\/\/jinancuchem.com\/fr\/wp-json\/wp\/v2\/media?parent=5402"}],"wp:term":[{"taxonomy":"product_brand","embeddable":true,"href":"https:\/\/jinancuchem.com\/fr\/wp-json\/wp\/v2\/product_brand?post=5402"},{"taxonomy":"product_cat","embeddable":true,"href":"https:\/\/jinancuchem.com\/fr\/wp-json\/wp\/v2\/product_cat?post=5402"},{"taxonomy":"product_tag","embeddable":true,"href":"https:\/\/jinancuchem.com\/fr\/wp-json\/wp\/v2\/product_tag?post=5402"}],"curies":[{"name":"wp","href":"https:\/\/api.w.org\/{rel}","templated":true}]}}