{"id":5422,"date":"2025-07-28T00:26:15","date_gmt":"2025-07-28T00:26:15","guid":{"rendered":"https:\/\/jinancuchem.com\/?post_type=product&#038;p=5422"},"modified":"2025-07-28T00:26:15","modified_gmt":"2025-07-28T00:26:15","slug":"methyl-ethyl-ketone-mek","status":"publish","type":"product","link":"https:\/\/jinancuchem.com\/fr\/produit\/methyl-ethyl-ketone-mek\/","title":{"rendered":"M\u00e9thyl\u00e9thylc\u00e9tone (MEK)"},"content":{"rendered":"<h3>1.Propri\u00e9t\u00e9 du produit<\/h3>\n<p>La m\u00e9thyl\u00e9thylc\u00e9tone est un compos\u00e9 organique. Il s'agit d'un liquide transparent incolore dont l'odeur est similaire \u00e0 celle de l'ac\u00e9tone. Elle est tr\u00e8s volatile. Elle peut se m\u00e9langer \u00e0 l'\u00e9thanol, \u00e0 l'\u00e9ther, au benz\u00e8ne, au chloroforme et aux huiles. Il se dissout dans 4 volumes d'eau, mais sa solubilit\u00e9 diminue \u00e0 mesure que la temp\u00e9rature augmente. Il peut former un m\u00e9lange az\u00e9otropique avec l'eau. Il est peu toxique, inflammable et ses vapeurs peuvent former un m\u00e9lange explosif avec l'air. De fortes concentrations de vapeur ont un effet anesth\u00e9siant.<\/p>\n<h3>2. norme technique<\/h3>\n<table>\n<tbody>\n<tr>\n<td><strong><b>Param\u00e8tres<\/b><\/strong><\/td>\n<td><strong><b>Sp\u00e9cifications<\/b><\/strong><\/td>\n<\/tr>\n<tr>\n<td>Apparence<\/td>\n<td>Liquide incolore<\/td>\n<\/tr>\n<tr>\n<td>Puret\u00e9 (GC)<\/td>\n<td>\u2265 99,5 %<\/td>\n<\/tr>\n<tr>\n<td>L'eau<\/td>\n<td>\u2264 0,1 %<\/td>\n<\/tr>\n<tr>\n<td>Acidit\u00e9 (en tant qu'ac\u00e9tique)<\/td>\n<td>\u2264 0,003 %<\/td>\n<\/tr>\n<tr>\n<td>Couleur (APHA)<\/td>\n<td>\u2264 10<\/td>\n<\/tr>\n<\/tbody>\n<\/table>\n<p>&nbsp;<\/p>\n<h3>3.Champ d'application et utilisation<\/h3>\n<p>Le MEK est un solvant \u00e0 point d'\u00e9bullition moyen largement utilis\u00e9 dans les peintures, les rev\u00eatements, les encres d'imprimerie et les adh\u00e9sifs pour l'ac\u00e9tate de cellulose, les r\u00e9sines acryliques et alkydes. Il sert de solvant d'extraction pour le d\u00e9paraffinage des huiles lubrifiantes et le raffinage des huiles v\u00e9g\u00e9tales, et de r\u00e9actif pour l'analyse du cadmium, du cuivre et du mercure. C'est un agent aromatisant alimentaire approuv\u00e9 pour le fromage, le caf\u00e9 et les profils de banane, et un interm\u00e9diaire pour les produits pharmaceutiques, les colorants, les antioxydants et les produits chimiques pour le traitement du caoutchouc.<\/p>\n<h3>4. l'emballage et le stockage<\/h3>\n<p>Le MEK est fourni dans des f\u00fbts \u00e0 t\u00eate serr\u00e9e en acier doux de 165 kg net ou dans des bonbonnes HDPE de 20 L approuv\u00e9es par l'ONU, et dans des r\u00e9servoirs ISO de 20 m\u00b3 pour les utilisateurs en vrac. Stocker dans un endroit frais et ventil\u00e9, \u00e0 une temp\u00e9rature inf\u00e9rieure \u00e0 30 \u00b0C, \u00e0 l'\u00e9cart des oxydants, des acides, des bases et des sources d'inflammation. Les f\u00fbts doivent \u00eatre maintenus debout, scell\u00e9s et mis \u00e0 la terre pendant le transfert ; les r\u00e9servoirs doivent \u00eatre \u00e9quip\u00e9s de dispositifs antistatiques. Les v\u00e9hicules de transport doivent \u00eatre \u00e9quip\u00e9s de pots d'\u00e9chappement pare-\u00e9tincelles et de dispositifs de lutte contre l'incendie ; \u00e9viter la lumi\u00e8re directe du soleil, la chaleur et le s\u00e9jour prolong\u00e9 dans des zones dens\u00e9ment peupl\u00e9es.<\/p>","protected":false},"excerpt":{"rendered":"<p>CAS : 78-93-3<br \/>\nFormule mol\u00e9culaire : C\u2084H\u2088O<br \/>\nMasse mol\u00e9culaire relative : 72,11<br \/>\nFormule structurelle :<img alt=\"\" fetchpriority=\"high\" decoding=\"async\" class=\"alignnone size-medium wp-image-5426\" src=\"https:\/\/jinancuchem.com\/wp-content\/uploads\/2025\/07\/\u672a\u6807\u9898-1-96-300x300.jpg\" width=\"300\" height=\"300\" srcset=\"https:\/\/jinancuchem.com\/wp-content\/uploads\/2025\/07\/\u672a\u6807\u9898-1-96-300x300.jpg 300w, https:\/\/jinancuchem.com\/wp-content\/uploads\/2025\/07\/\u672a\u6807\u9898-1-96-150x150.jpg 150w, https:\/\/jinancuchem.com\/wp-content\/uploads\/2025\/07\/\u672a\u6807\u9898-1-96-12x12.jpg 12w, https:\/\/jinancuchem.com\/wp-content\/uploads\/2025\/07\/\u672a\u6807\u9898-1-96-100x100.jpg 100w, https:\/\/jinancuchem.com\/wp-content\/uploads\/2025\/07\/\u672a\u6807\u9898-1-96.jpg 400w\" sizes=\"(max-width: 300px) 100vw, 300px\" \/><\/p>","protected":false},"featured_media":5426,"template":"","meta":{"_seopress_robots_primary_cat":"none","_seopress_titles_title":"","_seopress_titles_desc":"","_seopress_robots_index":"","_uag_custom_page_level_css":"","site-sidebar-layout":"default","site-content-layout":"","ast-site-content-layout":"default","site-content-style":"default","site-sidebar-style":"default","ast-global-header-display":"","ast-banner-title-visibility":"","ast-main-header-display":"","ast-hfb-above-header-display":"","ast-hfb-below-header-display":"","ast-hfb-mobile-header-display":"","site-post-title":"","ast-breadcrumbs-content":"","ast-featured-img":"","footer-sml-layout":"","theme-transparent-header-meta":"default","adv-header-id-meta":"","stick-header-meta":"default","header-above-stick-meta":"","header-main-stick-meta":"","header-below-stick-meta":"","astra-migrate-meta-layouts":"set","ast-page-background-enabled":"default","ast-page-background-meta":{"desktop":{"background-color":"","background-image":"","background-repeat":"repeat","background-position":"center center","background-size":"auto","background-attachment":"scroll","background-type":"","background-media":"","overlay-type":"","overlay-color":"","overlay-opacity":"","overlay-gradient":""},"tablet":{"background-color":"","background-image":"","background-repeat":"repeat","background-position":"center center","background-size":"auto","background-attachment":"scroll","background-type":"","background-media":"","overlay-type":"","overlay-color":"","overlay-opacity":"","overlay-gradient":""},"mobile":{"background-color":"","background-image":"","background-repeat":"repeat","background-position":"center center","background-size":"auto","background-attachment":"scroll","background-type":"","background-media":"","overlay-type":"","overlay-color":"","overlay-opacity":"","overlay-gradient":""}},"ast-content-background-meta":{"desktop":{"background-color":"var(--ast-global-color-5)","background-image":"","background-repeat":"repeat","background-position":"center center","background-size":"auto","background-attachment":"scroll","background-type":"","background-media":"","overlay-type":"","overlay-color":"","overlay-opacity":"","overlay-gradient":""},"tablet":{"background-color":"var(--ast-global-color-5)","background-image":"","background-repeat":"repeat","background-position":"center center","background-size":"auto","background-attachment":"scroll","background-type":"","background-media":"","overlay-type":"","overlay-color":"","overlay-opacity":"","overlay-gradient":""},"mobile":{"background-color":"var(--ast-global-color-5)","background-image":"","background-repeat":"repeat","background-position":"center center","background-size":"auto","background-attachment":"scroll","background-type":"","background-media":"","overlay-type":"","overlay-color":"","overlay-opacity":"","overlay-gradient":""}}},"product_brand":[],"product_cat":[69],"product_tag":[],"class_list":{"0":"post-5422","1":"product","2":"type-product","3":"status-publish","4":"has-post-thumbnail","6":"product_cat-daily-chemical-product","7":"desktop-align-left","8":"tablet-align-left","9":"mobile-align-left","10":"ast-product-gallery-layout-horizontal-slider","11":"ast-product-gallery-with-no-image","12":"ast-product-tabs-layout-horizontal","14":"first","15":"instock","16":"shipping-taxable","17":"product-type-simple"},"uagb_featured_image_src":{"full":["https:\/\/jinancuchem.com\/wp-content\/uploads\/2025\/07\/\u672a\u6807\u9898-1-96.jpg",400,400,false],"thumbnail":["https:\/\/jinancuchem.com\/wp-content\/uploads\/2025\/07\/\u672a\u6807\u9898-1-96-150x150.jpg",150,150,true],"medium":["https:\/\/jinancuchem.com\/wp-content\/uploads\/2025\/07\/\u672a\u6807\u9898-1-96-300x300.jpg",300,300,true],"medium_large":["https:\/\/jinancuchem.com\/wp-content\/uploads\/2025\/07\/\u672a\u6807\u9898-1-96.jpg",400,400,false],"large":["https:\/\/jinancuchem.com\/wp-content\/uploads\/2025\/07\/\u672a\u6807\u9898-1-96.jpg",400,400,false],"1536x1536":["https:\/\/jinancuchem.com\/wp-content\/uploads\/2025\/07\/\u672a\u6807\u9898-1-96.jpg",400,400,false],"2048x2048":["https:\/\/jinancuchem.com\/wp-content\/uploads\/2025\/07\/\u672a\u6807\u9898-1-96.jpg",400,400,false],"trp-custom-language-flag":["https:\/\/jinancuchem.com\/wp-content\/uploads\/2025\/07\/\u672a\u6807\u9898-1-96-12x12.jpg",12,12,true],"woocommerce_thumbnail":["https:\/\/jinancuchem.com\/wp-content\/uploads\/2025\/07\/\u672a\u6807\u9898-1-96-300x300.jpg",300,300,true],"woocommerce_single":["https:\/\/jinancuchem.com\/wp-content\/uploads\/2025\/07\/\u672a\u6807\u9898-1-96.jpg",400,400,false],"woocommerce_gallery_thumbnail":["https:\/\/jinancuchem.com\/wp-content\/uploads\/2025\/07\/\u672a\u6807\u9898-1-96-100x100.jpg",100,100,true]},"uagb_author_info":{"display_name":"jinxing6611@gmail.com","author_link":"https:\/\/jinancuchem.com\/fr\/author\/"},"uagb_comment_info":0,"uagb_excerpt":"CAS: 78-93-3 Molecular formula: C\u2084H\u2088O Relative molecular mass: 72.11 Structural formula:","_links":{"self":[{"href":"https:\/\/jinancuchem.com\/fr\/wp-json\/wp\/v2\/product\/5422","targetHints":{"allow":["GET"]}}],"collection":[{"href":"https:\/\/jinancuchem.com\/fr\/wp-json\/wp\/v2\/product"}],"about":[{"href":"https:\/\/jinancuchem.com\/fr\/wp-json\/wp\/v2\/types\/product"}],"wp:featuredmedia":[{"embeddable":true,"href":"https:\/\/jinancuchem.com\/fr\/wp-json\/wp\/v2\/media\/5426"}],"wp:attachment":[{"href":"https:\/\/jinancuchem.com\/fr\/wp-json\/wp\/v2\/media?parent=5422"}],"wp:term":[{"taxonomy":"product_brand","embeddable":true,"href":"https:\/\/jinancuchem.com\/fr\/wp-json\/wp\/v2\/product_brand?post=5422"},{"taxonomy":"product_cat","embeddable":true,"href":"https:\/\/jinancuchem.com\/fr\/wp-json\/wp\/v2\/product_cat?post=5422"},{"taxonomy":"product_tag","embeddable":true,"href":"https:\/\/jinancuchem.com\/fr\/wp-json\/wp\/v2\/product_tag?post=5422"}],"curies":[{"name":"wp","href":"https:\/\/api.w.org\/{rel}","templated":true}]}}