{"id":5428,"date":"2025-07-28T00:28:04","date_gmt":"2025-07-28T00:28:04","guid":{"rendered":"https:\/\/jinancuchem.com\/?post_type=product&#038;p=5428"},"modified":"2025-08-01T19:02:02","modified_gmt":"2025-08-01T19:02:02","slug":"styrene","status":"publish","type":"product","link":"https:\/\/jinancuchem.com\/fr\/produit\/styrene\/","title":{"rendered":"Styr\u00e8ne"},"content":{"rendered":"<h3>1.Propri\u00e9t\u00e9 du produit<\/h3>\n<p>Le styr\u00e8ne est un liquide huileux, incolore \u00e0 jaun\u00e2tre, \u00e0 l'odeur caract\u00e9ristique, douce mais p\u00e9n\u00e9trante. Il est moins dense que l'eau, pratiquement insoluble dans l'eau, mais miscible avec la plupart des solvants organiques. Il est hautement inflammable et se polym\u00e9rise facilement sous l'effet de la lumi\u00e8re, de la chaleur ou de l'oxyg\u00e8ne, \u00e0 moins qu'il ne soit correctement inhib\u00e9.<\/p>\n<h3>2. norme technique<\/h3>\n<table>\n<tbody>\n<tr>\n<td><strong><b>Param\u00e8tres<\/b><\/strong><\/td>\n<td><strong><b>Sp\u00e9cifications<\/b><\/strong><\/td>\n<\/tr>\n<tr>\n<td>Apparence<\/td>\n<td>Liquide incolore<\/td>\n<\/tr>\n<tr>\n<td>Puret\u00e9 (GC)<\/td>\n<td>\u2265 99,9 %<\/td>\n<\/tr>\n<tr>\n<td>Teneur en eau<\/td>\n<td>\u2264 0,02 %<\/td>\n<\/tr>\n<tr>\n<td>Ald\u00e9hydes (comme le benz.)<\/td>\n<td>\u2264 0,01 %<\/td>\n<\/tr>\n<tr>\n<td>Inhibiteur (\u00e0 confirmer)<\/td>\n<td>10-15 ppm<\/td>\n<\/tr>\n<tr>\n<td>Couleur (APHA)<\/td>\n<td>\u2264 10<\/td>\n<\/tr>\n<\/tbody>\n<\/table>\n<p>&nbsp;<\/p>\n<h3>3.Champ d'application et utilisation<\/h3>\n<p>Le styr\u00e8ne est le monom\u00e8re essentiel du polystyr\u00e8ne et d'une large gamme de copolym\u00e8res tels que l'ABS, le SBR et le SBS. Ces mat\u00e9riaux sont transform\u00e9s en mousses d'emballage, en r\u00e9cipients alimentaires, en articles m\u00e9nagers, en pi\u00e8ces automobiles et en panneaux de construction. Il est \u00e9galement utilis\u00e9 comme solvant r\u00e9actif dans les r\u00e9sines de polyester insatur\u00e9 pour les bateaux, les baignoires et les r\u00e9servoirs r\u00e9sistants \u00e0 la corrosion, et comme pr\u00e9curseur des r\u00e9sines alkydes styr\u00e9niques dans les peintures et les rev\u00eatements.<\/p>\n<h3>4. l'emballage et le stockage<\/h3>\n<p>Le styr\u00e8ne est fourni dans des f\u00fbts en acier rev\u00eatus d'\u00e9poxy de 200 kg, des GRV composites de 1 000 L ou des conteneurs isotank en acier inoxydable de 20 \u00e0 25 m\u00b3. Tous les emballages sont recouverts d'azote et contiennent 10 \u00e0 15 ppm d'inhibiteur de 4-tert-butylcatechol. Stocker dans un endroit frais, bien ventil\u00e9 et antid\u00e9flagrant, \u00e0 une temp\u00e9rature inf\u00e9rieure \u00e0 25 \u00b0C, \u00e0 l'abri de la lumi\u00e8re du soleil, des oxydants et des sources d'inflammation. \u00c9viter le stockage prolong\u00e9 \u00e0 plus de 30 \u00b0C ; renouveler le stock tous les six mois et contr\u00f4ler le niveau d'inhibiteur avant de le r\u00e9utiliser.<\/p>","protected":false},"excerpt":{"rendered":"<p>CAS : 100-42-5<br \/>\nFormule mol\u00e9culaire : C\u2088H\u2088<br \/>\nMasse mol\u00e9culaire relative : 104,15<br \/>\nFormule structurelle :<img alt=\"\" fetchpriority=\"high\" decoding=\"async\" class=\"alignnone size-medium wp-image-5431\" src=\"https:\/\/jinancuchem.com\/wp-content\/uploads\/2025\/07\/\u672a\u6807\u9898-1-97-300x300.jpg\" width=\"300\" height=\"300\" srcset=\"https:\/\/jinancuchem.com\/wp-content\/uploads\/2025\/07\/\u672a\u6807\u9898-1-97-300x300.jpg 300w, https:\/\/jinancuchem.com\/wp-content\/uploads\/2025\/07\/\u672a\u6807\u9898-1-97-150x150.jpg 150w, https:\/\/jinancuchem.com\/wp-content\/uploads\/2025\/07\/\u672a\u6807\u9898-1-97-12x12.jpg 12w, https:\/\/jinancuchem.com\/wp-content\/uploads\/2025\/07\/\u672a\u6807\u9898-1-97-100x100.jpg 100w, https:\/\/jinancuchem.com\/wp-content\/uploads\/2025\/07\/\u672a\u6807\u9898-1-97.jpg 400w\" sizes=\"(max-width: 300px) 100vw, 300px\" \/><\/p>","protected":false},"featured_media":5431,"template":"","meta":{"_seopress_robots_primary_cat":"","_seopress_titles_title":"","_seopress_titles_desc":"","_seopress_robots_index":"","_uag_custom_page_level_css":"","site-sidebar-layout":"default","site-content-layout":"","ast-site-content-layout":"default","site-content-style":"default","site-sidebar-style":"default","ast-global-header-display":"","ast-banner-title-visibility":"","ast-main-header-display":"","ast-hfb-above-header-display":"","ast-hfb-below-header-display":"","ast-hfb-mobile-header-display":"","site-post-title":"","ast-breadcrumbs-content":"","ast-featured-img":"","footer-sml-layout":"","theme-transparent-header-meta":"default","adv-header-id-meta":"","stick-header-meta":"default","header-above-stick-meta":"","header-main-stick-meta":"","header-below-stick-meta":"","astra-migrate-meta-layouts":"set","ast-page-background-enabled":"default","ast-page-background-meta":{"desktop":{"background-color":"","background-image":"","background-repeat":"repeat","background-position":"center center","background-size":"auto","background-attachment":"scroll","background-type":"","background-media":"","overlay-type":"","overlay-color":"","overlay-opacity":"","overlay-gradient":""},"tablet":{"background-color":"","background-image":"","background-repeat":"repeat","background-position":"center center","background-size":"auto","background-attachment":"scroll","background-type":"","background-media":"","overlay-type":"","overlay-color":"","overlay-opacity":"","overlay-gradient":""},"mobile":{"background-color":"","background-image":"","background-repeat":"repeat","background-position":"center center","background-size":"auto","background-attachment":"scroll","background-type":"","background-media":"","overlay-type":"","overlay-color":"","overlay-opacity":"","overlay-gradient":""}},"ast-content-background-meta":{"desktop":{"background-color":"var(--ast-global-color-5)","background-image":"","background-repeat":"repeat","background-position":"center center","background-size":"auto","background-attachment":"scroll","background-type":"","background-media":"","overlay-type":"","overlay-color":"","overlay-opacity":"","overlay-gradient":""},"tablet":{"background-color":"var(--ast-global-color-5)","background-image":"","background-repeat":"repeat","background-position":"center center","background-size":"auto","background-attachment":"scroll","background-type":"","background-media":"","overlay-type":"","overlay-color":"","overlay-opacity":"","overlay-gradient":""},"mobile":{"background-color":"var(--ast-global-color-5)","background-image":"","background-repeat":"repeat","background-position":"center center","background-size":"auto","background-attachment":"scroll","background-type":"","background-media":"","overlay-type":"","overlay-color":"","overlay-opacity":"","overlay-gradient":""}}},"product_brand":[],"product_cat":[69],"product_tag":[],"class_list":{"0":"post-5428","1":"product","2":"type-product","3":"status-publish","4":"has-post-thumbnail","6":"product_cat-daily-chemical-product","7":"desktop-align-left","8":"tablet-align-left","9":"mobile-align-left","10":"ast-product-gallery-layout-horizontal-slider","11":"ast-product-gallery-with-no-image","12":"ast-product-tabs-layout-horizontal","14":"first","15":"instock","16":"featured","17":"shipping-taxable","18":"product-type-simple"},"uagb_featured_image_src":{"full":["https:\/\/jinancuchem.com\/wp-content\/uploads\/2025\/07\/\u672a\u6807\u9898-1-97.jpg",400,400,false],"thumbnail":["https:\/\/jinancuchem.com\/wp-content\/uploads\/2025\/07\/\u672a\u6807\u9898-1-97-150x150.jpg",150,150,true],"medium":["https:\/\/jinancuchem.com\/wp-content\/uploads\/2025\/07\/\u672a\u6807\u9898-1-97-300x300.jpg",300,300,true],"medium_large":["https:\/\/jinancuchem.com\/wp-content\/uploads\/2025\/07\/\u672a\u6807\u9898-1-97.jpg",400,400,false],"large":["https:\/\/jinancuchem.com\/wp-content\/uploads\/2025\/07\/\u672a\u6807\u9898-1-97.jpg",400,400,false],"1536x1536":["https:\/\/jinancuchem.com\/wp-content\/uploads\/2025\/07\/\u672a\u6807\u9898-1-97.jpg",400,400,false],"2048x2048":["https:\/\/jinancuchem.com\/wp-content\/uploads\/2025\/07\/\u672a\u6807\u9898-1-97.jpg",400,400,false],"trp-custom-language-flag":["https:\/\/jinancuchem.com\/wp-content\/uploads\/2025\/07\/\u672a\u6807\u9898-1-97-12x12.jpg",12,12,true],"woocommerce_thumbnail":["https:\/\/jinancuchem.com\/wp-content\/uploads\/2025\/07\/\u672a\u6807\u9898-1-97-300x300.jpg",300,300,true],"woocommerce_single":["https:\/\/jinancuchem.com\/wp-content\/uploads\/2025\/07\/\u672a\u6807\u9898-1-97.jpg",400,400,false],"woocommerce_gallery_thumbnail":["https:\/\/jinancuchem.com\/wp-content\/uploads\/2025\/07\/\u672a\u6807\u9898-1-97-100x100.jpg",100,100,true]},"uagb_author_info":{"display_name":"jinxing6611@gmail.com","author_link":"https:\/\/jinancuchem.com\/fr\/author\/"},"uagb_comment_info":0,"uagb_excerpt":"CAS: 100-42-5 Molecular formula: C\u2088H\u2088 Relative molecular mass: 104.15 Structural formula:","_links":{"self":[{"href":"https:\/\/jinancuchem.com\/fr\/wp-json\/wp\/v2\/product\/5428","targetHints":{"allow":["GET"]}}],"collection":[{"href":"https:\/\/jinancuchem.com\/fr\/wp-json\/wp\/v2\/product"}],"about":[{"href":"https:\/\/jinancuchem.com\/fr\/wp-json\/wp\/v2\/types\/product"}],"wp:featuredmedia":[{"embeddable":true,"href":"https:\/\/jinancuchem.com\/fr\/wp-json\/wp\/v2\/media\/5431"}],"wp:attachment":[{"href":"https:\/\/jinancuchem.com\/fr\/wp-json\/wp\/v2\/media?parent=5428"}],"wp:term":[{"taxonomy":"product_brand","embeddable":true,"href":"https:\/\/jinancuchem.com\/fr\/wp-json\/wp\/v2\/product_brand?post=5428"},{"taxonomy":"product_cat","embeddable":true,"href":"https:\/\/jinancuchem.com\/fr\/wp-json\/wp\/v2\/product_cat?post=5428"},{"taxonomy":"product_tag","embeddable":true,"href":"https:\/\/jinancuchem.com\/fr\/wp-json\/wp\/v2\/product_tag?post=5428"}],"curies":[{"name":"wp","href":"https:\/\/api.w.org\/{rel}","templated":true}]}}