{"id":5483,"date":"2025-07-28T08:33:54","date_gmt":"2025-07-28T08:33:54","guid":{"rendered":"https:\/\/jinancuchem.com\/?post_type=product&#038;p=5483"},"modified":"2025-08-01T19:01:43","modified_gmt":"2025-08-01T19:01:43","slug":"emulsifier-op-series","status":"publish","type":"product","link":"https:\/\/jinancuchem.com\/fr\/produit\/emulsifier-op-series\/","title":{"rendered":"Emulsifiant S\u00e9rie OP"},"content":{"rendered":"<h3>\u4e00\uff0ePropri\u00e9t\u00e9 du produit<\/h3>\n<p>The NP series of emulsifiers (nonylphenol polyoxyethylene ethers) are a type of nonionic surfactants, featuring excellent emulsifying, dispersing and wetting properties. They are suitable for stabilizing oil-water emulsions, have a wide pH adaptability, are resistant to acids and alkalis, and possess good temperature stability.<\/p>\n<h3>\u4e8c\uff0eIndicateur de qualit\u00e9 :<\/h3>\n<table>\n<tbody>\n<tr>\n<td width=\"47\"><strong><b>Produit<\/b><\/strong><\/td>\n<td width=\"78\"><strong><b>Photo<\/b><\/strong><\/td>\n<td width=\"73\"><strong><b>Aspect (25\u00b0C)<\/b><\/strong><\/td>\n<td width=\"71\"><strong><b>Cloud Point \u2103 (1% Aq.)<\/b><\/strong><\/td>\n<td width=\"93\"><strong><b>Indice d'hydroxyle (mgKOH\/g)<\/b><\/strong><\/td>\n<td width=\"67\"><strong><b>Humidit\u00e9 (%)<\/b><\/strong><\/td>\n<td width=\"57\"><strong><b>pH (1% Aq.)<\/b><\/strong><\/td>\n<td width=\"49\"><strong><b>Valeur HLB<\/b><\/strong><\/td>\n<\/tr>\n<tr>\n<td width=\"47\">OP-4<\/td>\n<td width=\"78\"><img alt=\"\" decoding=\"async\" class=\"alignnone size-full wp-image-5487\" src=\"https:\/\/jinancuchem.com\/wp-content\/uploads\/2025\/07\/\u56fe\u72471-5.png\" width=\"134\" height=\"182\" srcset=\"https:\/\/jinancuchem.com\/wp-content\/uploads\/2025\/07\/\u56fe\u72471-5.png 134w, https:\/\/jinancuchem.com\/wp-content\/uploads\/2025\/07\/\u56fe\u72471-5-9x12.png 9w\" sizes=\"(max-width: 134px) 100vw, 134px\" \/><\/td>\n<td width=\"73\">Colorless to pale yellow oily liquid<\/td>\n<td width=\"71\">&#8211;<\/td>\n<td width=\"93\">147\u00b15<\/td>\n<td width=\"67\">\u22641.0<\/td>\n<td width=\"57\">5.0-7.0<\/td>\n<td width=\"49\">8.0-8.6<\/td>\n<\/tr>\n<tr>\n<td width=\"47\">OP-7<\/td>\n<td width=\"78\"><img alt=\"\" decoding=\"async\" class=\"alignnone size-full wp-image-5488\" src=\"https:\/\/jinancuchem.com\/wp-content\/uploads\/2025\/07\/\u56fe\u72472-5.png\" width=\"126\" height=\"172\" srcset=\"https:\/\/jinancuchem.com\/wp-content\/uploads\/2025\/07\/\u56fe\u72472-5.png 126w, https:\/\/jinancuchem.com\/wp-content\/uploads\/2025\/07\/\u56fe\u72472-5-9x12.png 9w\" sizes=\"(max-width: 126px) 100vw, 126px\" \/><\/td>\n<td width=\"73\">Colorless to pale<\/p>\n<p>yellow oily liquid<\/td>\n<td width=\"71\">&#8211;<\/td>\n<td width=\"93\">110\u00b15<\/td>\n<td width=\"67\">\u22641.0<\/td>\n<td width=\"57\">5.0-7.0<\/td>\n<td width=\"49\">11.5-12.5<\/td>\n<\/tr>\n<tr>\n<td width=\"47\">OP-9<\/td>\n<td width=\"78\"><img alt=\"\" decoding=\"async\" class=\"alignnone size-full wp-image-5489\" src=\"https:\/\/jinancuchem.com\/wp-content\/uploads\/2025\/07\/\u56fe\u72473-4.png\" width=\"134\" height=\"176\" srcset=\"https:\/\/jinancuchem.com\/wp-content\/uploads\/2025\/07\/\u56fe\u72473-4.png 134w, https:\/\/jinancuchem.com\/wp-content\/uploads\/2025\/07\/\u56fe\u72473-4-9x12.png 9w\" sizes=\"(max-width: 134px) 100vw, 134px\" \/><\/td>\n<td width=\"73\">Colorless to pale yellow oily liquid<\/td>\n<td width=\"71\">60-65<\/td>\n<td width=\"93\">93\u00b13<\/td>\n<td width=\"67\">\u22641.0<\/td>\n<td width=\"57\">5.0-7.0<\/td>\n<td width=\"49\">12.7-13.4<\/td>\n<\/tr>\n<tr>\n<td width=\"47\">OP-10<\/td>\n<td width=\"78\"><img alt=\"\" loading=\"lazy\" decoding=\"async\" class=\"alignnone size-full wp-image-5490\" src=\"https:\/\/jinancuchem.com\/wp-content\/uploads\/2025\/07\/\u56fe\u72474-5.png\" width=\"132\" height=\"173\" srcset=\"https:\/\/jinancuchem.com\/wp-content\/uploads\/2025\/07\/\u56fe\u72474-5.png 132w, https:\/\/jinancuchem.com\/wp-content\/uploads\/2025\/07\/\u56fe\u72474-5-9x12.png 9w\" sizes=\"(max-width: 132px) 100vw, 132px\" \/><\/td>\n<td width=\"73\">Colorless to pale yellow oily liquid<\/td>\n<td width=\"71\">68-78<\/td>\n<td width=\"93\">87\u00b15<\/td>\n<td width=\"67\">\u22641.0<\/td>\n<td width=\"57\">5.0-7.0<\/td>\n<td width=\"49\">13.3-14.0<\/td>\n<\/tr>\n<tr>\n<td width=\"47\">OP-13<\/td>\n<td width=\"78\"><img alt=\"\" loading=\"lazy\" decoding=\"async\" class=\"alignnone size-full wp-image-5491\" src=\"https:\/\/jinancuchem.com\/wp-content\/uploads\/2025\/07\/\u56fe\u72475-4.png\" width=\"129\" height=\"175\" srcset=\"https:\/\/jinancuchem.com\/wp-content\/uploads\/2025\/07\/\u56fe\u72475-4.png 129w, https:\/\/jinancuchem.com\/wp-content\/uploads\/2025\/07\/\u56fe\u72475-4-9x12.png 9w\" sizes=\"(max-width: 129px) 100vw, 129px\" \/><\/td>\n<td width=\"73\">White to pale yellow paste<\/td>\n<td width=\"71\">87-92<\/td>\n<td width=\"93\">72\u00b13<\/td>\n<td width=\"67\">\u22641.0<\/td>\n<td width=\"57\">5.0-7.0<\/td>\n<td width=\"49\">~14<\/td>\n<\/tr>\n<tr>\n<td width=\"47\">OP-15<\/td>\n<td width=\"78\"><img alt=\"\" loading=\"lazy\" decoding=\"async\" class=\"alignnone size-full wp-image-5492\" src=\"https:\/\/jinancuchem.com\/wp-content\/uploads\/2025\/07\/\u56fe\u72476-4.png\" width=\"130\" height=\"171\" srcset=\"https:\/\/jinancuchem.com\/wp-content\/uploads\/2025\/07\/\u56fe\u72476-4.png 130w, https:\/\/jinancuchem.com\/wp-content\/uploads\/2025\/07\/\u56fe\u72476-4-9x12.png 9w\" sizes=\"(max-width: 130px) 100vw, 130px\" \/><\/td>\n<td width=\"73\">White to pale yellow paste\/solid<\/td>\n<td width=\"71\">94-99<\/td>\n<td width=\"93\">65\u00b13<\/td>\n<td width=\"67\">\u22641.0<\/td>\n<td width=\"57\">5.0-7.0<\/td>\n<td width=\"49\">~15<\/td>\n<\/tr>\n<tr>\n<td width=\"47\">OP-20<\/td>\n<td width=\"78\"><img alt=\"\" loading=\"lazy\" decoding=\"async\" class=\"alignnone size-full wp-image-5493\" src=\"https:\/\/jinancuchem.com\/wp-content\/uploads\/2025\/07\/\u56fe\u72477-6.png\" width=\"132\" height=\"175\" srcset=\"https:\/\/jinancuchem.com\/wp-content\/uploads\/2025\/07\/\u56fe\u72477-6.png 132w, https:\/\/jinancuchem.com\/wp-content\/uploads\/2025\/07\/\u56fe\u72477-6-9x12.png 9w\" sizes=\"(max-width: 132px) 100vw, 132px\" \/><\/td>\n<td width=\"73\">White to pale yellow paste\/solid<\/td>\n<td width=\"71\">&gt;100<\/td>\n<td width=\"93\">52\u00b13<\/td>\n<td width=\"67\">\u22641.0<\/td>\n<td width=\"57\">5.0-7.0<\/td>\n<td width=\"49\">~16<\/td>\n<\/tr>\n<tr>\n<td width=\"47\">OP-30<\/td>\n<td width=\"78\"><img alt=\"\" loading=\"lazy\" decoding=\"async\" class=\"alignnone size-full wp-image-5494\" src=\"https:\/\/jinancuchem.com\/wp-content\/uploads\/2025\/07\/\u56fe\u72478-5.png\" width=\"126\" height=\"174\" srcset=\"https:\/\/jinancuchem.com\/wp-content\/uploads\/2025\/07\/\u56fe\u72478-5.png 126w, https:\/\/jinancuchem.com\/wp-content\/uploads\/2025\/07\/\u56fe\u72478-5-9x12.png 9w\" sizes=\"(max-width: 126px) 100vw, 126px\" \/><\/td>\n<td width=\"73\">White to pale yellow solid<\/td>\n<td width=\"71\">&gt;100<\/td>\n<td width=\"93\">37\u00b13<\/td>\n<td width=\"67\">\u22641.0<\/td>\n<td width=\"57\">5.0-7.0<\/td>\n<td width=\"49\">~17<\/td>\n<\/tr>\n<tr>\n<td width=\"47\">OP-40<\/td>\n<td width=\"78\"><img alt=\"\" loading=\"lazy\" decoding=\"async\" class=\"alignnone size-full wp-image-5495\" src=\"https:\/\/jinancuchem.com\/wp-content\/uploads\/2025\/07\/\u56fe\u72479-5.png\" width=\"134\" height=\"171\" srcset=\"https:\/\/jinancuchem.com\/wp-content\/uploads\/2025\/07\/\u56fe\u72479-5.png 134w, https:\/\/jinancuchem.com\/wp-content\/uploads\/2025\/07\/\u56fe\u72479-5-9x12.png 9w\" sizes=\"(max-width: 134px) 100vw, 134px\" \/><\/td>\n<td width=\"73\">White to pale yellow solid<\/td>\n<td width=\"71\">&gt;100<\/td>\n<td width=\"93\">31\u00b13<\/td>\n<td width=\"67\">\u22641.0<\/td>\n<td width=\"57\">5.0-7.0<\/td>\n<td width=\"49\">~18<\/td>\n<\/tr>\n<tr>\n<td width=\"47\">OP-50<\/td>\n<td width=\"78\"><img alt=\"\" loading=\"lazy\" decoding=\"async\" class=\"alignnone size-full wp-image-5496\" src=\"https:\/\/jinancuchem.com\/wp-content\/uploads\/2025\/07\/\u56fe\u724710-5.png\" width=\"120\" height=\"174\" srcset=\"https:\/\/jinancuchem.com\/wp-content\/uploads\/2025\/07\/\u56fe\u724710-5.png 120w, https:\/\/jinancuchem.com\/wp-content\/uploads\/2025\/07\/\u56fe\u724710-5-8x12.png 8w\" sizes=\"(max-width: 120px) 100vw, 120px\" \/><\/td>\n<td width=\"73\">White to pale yellow solid<\/td>\n<td width=\"71\">&gt;100<\/td>\n<td width=\"93\">24\u00b12<\/td>\n<td width=\"67\">\u22641.0<\/td>\n<td width=\"57\">5.0-7.0<\/td>\n<td width=\"49\">~18.5<\/td>\n<\/tr>\n<\/tbody>\n<\/table>\n<p>&nbsp;<\/p>\n<h3>\u4e09\uff0eApplication du champ d'application et utilisation<\/h3>\n<table>\n<tbody>\n<tr>\n<td><strong><b>Grade<\/b><\/strong><\/td>\n<td><strong><b>Properties &amp; Applications<\/b><\/strong><\/td>\n<\/tr>\n<tr>\n<td><strong><b>OP-4<\/b><\/strong><strong><b><br \/>\n<\/b><\/strong><strong><b>OP-7<\/b><\/strong><\/td>\n<td>1. Soluble in oils and organic solvents, dispersible in water. Excellent W\/O emulsifier for industrial applications.<br \/>\n2. Used in textile\/metal cleaning, polyacrylonitrile scouring, leveling agent for cationic dyes, and as antistatic agent for plastic conveyor belts.<\/td>\n<\/tr>\n<tr>\n<td><strong><b>OP-9<\/b><\/strong><strong><b><br \/>\n<\/b><\/strong><strong><b>OP-10<\/b><\/strong><\/td>\n<td>1. Water-soluble with excellent resistance to acid\/alkali\/salt\/hard water. Superior emulsifying, leveling, wetting, dispersing and cleaning properties. Compatible with most surfactants.<br \/>\n2. Applications: Textile leveling\/dispersing agent, leather\/wool degreaser, crude oil emulsifier, oilfield acidizing penetrant, latex polymerization emulsifier, fiberglass lubricant, and cosmetic emulsifier.<\/td>\n<\/tr>\n<tr>\n<td><strong><b>OP-13 <\/b><\/strong><\/p>\n<p><strong><b>OP-15<\/b><\/strong><\/p>\n<p><strong><b>OP-20<\/b><\/strong><\/p>\n<p><strong><b>OP-30<\/b><\/strong><\/p>\n<p><strong><b>OP-40<\/b><\/strong><\/p>\n<p><strong><b>\u00a0OP-50<\/b><\/strong><\/td>\n<td>1. Highly water-soluble with excellent chemical resistance. Outstanding emulsifying, wetting, dispersing and solubilizing properties.<br \/>\n2. Used as: Oilfield emulsifier\/demulsifier, latex stabilizer, high-electrolyte wetting agent, cosmetic emulsifier, and industrial solubilizer.<\/td>\n<\/tr>\n<\/tbody>\n<\/table>\n<h3>\u56db\uff0eEmballage et stockage<\/h3>\n<p>Conditionn\u00e9s dans des f\u00fbts en fer de 200 kg et des f\u00fbts en plastique de 50 kg.<\/p>\n<p>Cette s\u00e9rie de produits est ininflammable et peut \u00eatre stock\u00e9e et transport\u00e9e conform\u00e9ment aux m\u00e9thodes de stockage et de transport des produits chimiques g\u00e9n\u00e9raux.<\/p>\n<p>Conserver dans un endroit sec et bien ventil\u00e9.<\/p>\n<p>Dur\u00e9e de conservation : deux ans.<\/p>","protected":false},"excerpt":{"rendered":"<p>\u4e00\uff0eProduct Property The NP series of emulsifiers (nonylphenol polyoxyethylene ethers) are a type of nonionic surfactants, featuring excellent emulsifying, dispersing and wetting properties. They are suitable for stabilizing oil-water emulsions, have a wide pH adaptability, are resistant to acids and alkalis, and possess good temperature stability. \u4e8c\uff0eQuality Index: Product Picture Appearance (25\u00b0C) Cloud Point \u2103 [&hellip;]<\/p>\n","protected":false},"featured_media":5486,"template":"","meta":{"_seopress_robots_primary_cat":"","_seopress_titles_title":"","_seopress_titles_desc":"","_seopress_robots_index":"","_uag_custom_page_level_css":"","site-sidebar-layout":"default","site-content-layout":"","ast-site-content-layout":"default","site-content-style":"default","site-sidebar-style":"default","ast-global-header-display":"","ast-banner-title-visibility":"","ast-main-header-display":"","ast-hfb-above-header-display":"","ast-hfb-below-header-display":"","ast-hfb-mobile-header-display":"","site-post-title":"","ast-breadcrumbs-content":"","ast-featured-img":"","footer-sml-layout":"","theme-transparent-header-meta":"default","adv-header-id-meta":"","stick-header-meta":"default","header-above-stick-meta":"","header-main-stick-meta":"","header-below-stick-meta":"","astra-migrate-meta-layouts":"set","ast-page-background-enabled":"default","ast-page-background-meta":{"desktop":{"background-color":"","background-image":"","background-repeat":"repeat","background-position":"center center","background-size":"auto","background-attachment":"scroll","background-type":"","background-media":"","overlay-type":"","overlay-color":"","overlay-opacity":"","overlay-gradient":""},"tablet":{"background-color":"","background-image":"","background-repeat":"repeat","background-position":"center center","background-size":"auto","background-attachment":"scroll","background-type":"","background-media":"","overlay-type":"","overlay-color":"","overlay-opacity":"","overlay-gradient":""},"mobile":{"background-color":"","background-image":"","background-repeat":"repeat","background-position":"center center","background-size":"auto","background-attachment":"scroll","background-type":"","background-media":"","overlay-type":"","overlay-color":"","overlay-opacity":"","overlay-gradient":""}},"ast-content-background-meta":{"desktop":{"background-color":"var(--ast-global-color-5)","background-image":"","background-repeat":"repeat","background-position":"center center","background-size":"auto","background-attachment":"scroll","background-type":"","background-media":"","overlay-type":"","overlay-color":"","overlay-opacity":"","overlay-gradient":""},"tablet":{"background-color":"var(--ast-global-color-5)","background-image":"","background-repeat":"repeat","background-position":"center center","background-size":"auto","background-attachment":"scroll","background-type":"","background-media":"","overlay-type":"","overlay-color":"","overlay-opacity":"","overlay-gradient":""},"mobile":{"background-color":"var(--ast-global-color-5)","background-image":"","background-repeat":"repeat","background-position":"center center","background-size":"auto","background-attachment":"scroll","background-type":"","background-media":"","overlay-type":"","overlay-color":"","overlay-opacity":"","overlay-gradient":""}}},"product_brand":[],"product_cat":[69],"product_tag":[],"class_list":{"0":"post-5483","1":"product","2":"type-product","3":"status-publish","4":"has-post-thumbnail","6":"product_cat-daily-chemical-product","7":"desktop-align-left","8":"tablet-align-left","9":"mobile-align-left","10":"ast-product-gallery-layout-horizontal-slider","11":"ast-product-gallery-with-no-image","12":"ast-product-tabs-layout-horizontal","14":"first","15":"instock","16":"featured","17":"shipping-taxable","18":"product-type-simple"},"uagb_featured_image_src":{"full":["https:\/\/jinancuchem.com\/wp-content\/uploads\/2025\/07\/\u672a\u6807\u9898-3-9.jpg",400,400,false],"thumbnail":["https:\/\/jinancuchem.com\/wp-content\/uploads\/2025\/07\/\u672a\u6807\u9898-3-9-150x150.jpg",150,150,true],"medium":["https:\/\/jinancuchem.com\/wp-content\/uploads\/2025\/07\/\u672a\u6807\u9898-3-9-300x300.jpg",300,300,true],"medium_large":["https:\/\/jinancuchem.com\/wp-content\/uploads\/2025\/07\/\u672a\u6807\u9898-3-9.jpg",400,400,false],"large":["https:\/\/jinancuchem.com\/wp-content\/uploads\/2025\/07\/\u672a\u6807\u9898-3-9.jpg",400,400,false],"1536x1536":["https:\/\/jinancuchem.com\/wp-content\/uploads\/2025\/07\/\u672a\u6807\u9898-3-9.jpg",400,400,false],"2048x2048":["https:\/\/jinancuchem.com\/wp-content\/uploads\/2025\/07\/\u672a\u6807\u9898-3-9.jpg",400,400,false],"trp-custom-language-flag":["https:\/\/jinancuchem.com\/wp-content\/uploads\/2025\/07\/\u672a\u6807\u9898-3-9-12x12.jpg",12,12,true],"woocommerce_thumbnail":["https:\/\/jinancuchem.com\/wp-content\/uploads\/2025\/07\/\u672a\u6807\u9898-3-9-300x300.jpg",300,300,true],"woocommerce_single":["https:\/\/jinancuchem.com\/wp-content\/uploads\/2025\/07\/\u672a\u6807\u9898-3-9.jpg",400,400,false],"woocommerce_gallery_thumbnail":["https:\/\/jinancuchem.com\/wp-content\/uploads\/2025\/07\/\u672a\u6807\u9898-3-9-100x100.jpg",100,100,true]},"uagb_author_info":{"display_name":"jinxing6611@gmail.com","author_link":"https:\/\/jinancuchem.com\/fr\/author\/"},"uagb_comment_info":0,"uagb_excerpt":"\u4e00\uff0eProduct Property The NP series of emulsifiers (nonylphenol polyoxyethylene ethers) are a type of nonionic surfactants, featuring excellent emulsifying, dispersing and wetting properties. They are suitable for stabilizing oil-water emulsions, have a wide pH adaptability, are resistant to acids and alkalis, and possess good temperature stability. \u4e8c\uff0eQuality Index: Product Picture Appearance (25\u00b0C) Cloud Point \u2103\u2026","_links":{"self":[{"href":"https:\/\/jinancuchem.com\/fr\/wp-json\/wp\/v2\/product\/5483","targetHints":{"allow":["GET"]}}],"collection":[{"href":"https:\/\/jinancuchem.com\/fr\/wp-json\/wp\/v2\/product"}],"about":[{"href":"https:\/\/jinancuchem.com\/fr\/wp-json\/wp\/v2\/types\/product"}],"wp:featuredmedia":[{"embeddable":true,"href":"https:\/\/jinancuchem.com\/fr\/wp-json\/wp\/v2\/media\/5486"}],"wp:attachment":[{"href":"https:\/\/jinancuchem.com\/fr\/wp-json\/wp\/v2\/media?parent=5483"}],"wp:term":[{"taxonomy":"product_brand","embeddable":true,"href":"https:\/\/jinancuchem.com\/fr\/wp-json\/wp\/v2\/product_brand?post=5483"},{"taxonomy":"product_cat","embeddable":true,"href":"https:\/\/jinancuchem.com\/fr\/wp-json\/wp\/v2\/product_cat?post=5483"},{"taxonomy":"product_tag","embeddable":true,"href":"https:\/\/jinancuchem.com\/fr\/wp-json\/wp\/v2\/product_tag?post=5483"}],"curies":[{"name":"wp","href":"https:\/\/api.w.org\/{rel}","templated":true}]}}