{"id":5515,"date":"2025-07-28T08:46:14","date_gmt":"2025-07-28T08:46:14","guid":{"rendered":"https:\/\/jinancuchem.com\/?post_type=product&#038;p=5515"},"modified":"2025-07-28T08:46:14","modified_gmt":"2025-07-28T08:46:14","slug":"anti-static-agent-b-series","status":"publish","type":"product","link":"https:\/\/jinancuchem.com\/fr\/produit\/anti-static-agent-b-series\/","title":{"rendered":"Agent antistatique S\u00e9rie B"},"content":{"rendered":"<h3>\u4e00\uff0ePropri\u00e9t\u00e9 du produit<\/h3>\n<p>Antistatic agents are a type of additive that is added to plastics or coated on the surface of molded products to reduce the accumulation of static electricity. Generally, based on the different application methods, antistatic agents can be classified into two major categories: internal addition type and external coating type. The main type used in plastics is the internal addition type antistatic agent. They can also be divided into two major categories according to the performance of the antistatic agents: temporary and permanent.<\/p>\n<h3>\u4e8c\uff0eIndicateur de qualit\u00e9 :<\/h3>\n<table>\n<tbody>\n<tr>\n<td><strong><b>Model<\/b><\/strong><\/td>\n<td><strong><b>B1<\/b><\/strong><\/td>\n<td><strong><b>B2<\/b><\/strong><\/td>\n<td><strong><b>B3<\/b><\/strong><\/td>\n<\/tr>\n<tr>\n<td>Nom du produit<\/td>\n<td>Bis(\u03b2-hydroxyethyl) Cocamine<\/td>\n<td>Bis(\u03b2-hydroxyethyl) Stearylamine<\/td>\n<td>Bis(\u03b2-hydroxyethyl) Tallowamine<\/td>\n<\/tr>\n<tr>\n<td>Aspect (25\u00b0C)<\/td>\n<td>Colorless to light yellow liquid<\/td>\n<td>Colorless to light yellow wax<\/td>\n<td>Colorless to light yellow solid<\/td>\n<\/tr>\n<tr>\n<td>Amine Value (mgKOH\/g)<\/td>\n<td>195-220<\/td>\n<td>150-165<\/td>\n<td>150-165<\/td>\n<\/tr>\n<tr>\n<td>Contenu<\/td>\n<td>\u226599%<\/td>\n<td>\u226599%<\/td>\n<td>\u226599%<\/td>\n<\/tr>\n<\/tbody>\n<\/table>\n<p>&nbsp;<\/p>\n<h3>\u4e09\uff0eApplication du champ d'application et utilisation<\/h3>\n<p>Basic Functions:<\/p>\n<p>Used as an anti-static agent, emulsifier, re-wetting agent and lubricant<\/p>\n<p>Suitable for pesticides, herbicides, oil additive agents and textile lubricants<\/p>\n<p>Used as an emulsifier for water-based inks and cosmetics<\/p>\n<p>Product characteristics and applications of each model:<\/p>\n<p>(1) Dibeta-hydroxyethyl cocamidopropylamine:<\/p>\n<p>Used as an internal additive type anti-static agent for polypropylene and ABS resins<\/p>\n<p>Suitable for steam generation and circulation systems, it also has anti-static and anti-corrosion functions.<\/p>\n<p>(2) Bis-(\u03b2-hydroxyethyl) stearic acid amine:<\/p>\n<p>Plastic-specific anti-static agent, especially suitable for polystyrene and its copolymers<\/p>\n<p>It has excellent compatibility, heat resistance and stability, and is safe and non-toxic.<\/p>\n<p>Typical application cases:<\/p>\n<p>\u2460 Mining pipelines: Adding 0.25 parts (containing 55% auxiliary materials) to high-pressure polyethylene can stabilize the surface resistance at 10\u2078 \u03a9.<\/p>\n<p>\u2461 Washing machine inner containers: Adding 0.3 &#8211; 0.5% (containing 55% auxiliary materials) to polypropylene resin makes the products less prone to staining and easier to clean.<\/p>\n<p>It can also serve as an emulsifier for oil-based substances with anti-corrosion properties.<\/p>\n<p>(3) Dibeta-hydroxyethyl stearamine:<\/p>\n<p>Used as an internal additive type anti-static agent for polyethylene<\/p>\n<p>The recommended addition amount is 0.5 &#8211; 2%.<\/p>\n<h3>\u56db\uff0eEmballage et stockage<\/h3>\n<p>200kg iron drums \/ 50kg plastic drums packaging.<\/p>\n<p>Conform\u00e9ment au stockage et au transport des produits chimiques g\u00e9n\u00e9raux.<\/p>\n<p>Conserver dans un endroit sec et bien ventil\u00e9.<\/p>\n<p>Dur\u00e9e de conservation : deux ans.<\/p>","protected":false},"excerpt":{"rendered":"<p>\u4e00\uff0eProduct Property Antistatic agents are a type of additive that is added to plastics or coated on the surface of molded products to reduce the accumulation of static electricity. Generally, based on the different application methods, antistatic agents can be classified into two major categories: internal addition type and external coating type. The main type [&hellip;]<\/p>\n","protected":false},"featured_media":5518,"template":"","meta":{"_seopress_robots_primary_cat":"","_seopress_titles_title":"","_seopress_titles_desc":"","_seopress_robots_index":"","_uag_custom_page_level_css":"","site-sidebar-layout":"default","site-content-layout":"","ast-site-content-layout":"default","site-content-style":"default","site-sidebar-style":"default","ast-global-header-display":"","ast-banner-title-visibility":"","ast-main-header-display":"","ast-hfb-above-header-display":"","ast-hfb-below-header-display":"","ast-hfb-mobile-header-display":"","site-post-title":"","ast-breadcrumbs-content":"","ast-featured-img":"","footer-sml-layout":"","theme-transparent-header-meta":"default","adv-header-id-meta":"","stick-header-meta":"default","header-above-stick-meta":"","header-main-stick-meta":"","header-below-stick-meta":"","astra-migrate-meta-layouts":"set","ast-page-background-enabled":"default","ast-page-background-meta":{"desktop":{"background-color":"","background-image":"","background-repeat":"repeat","background-position":"center center","background-size":"auto","background-attachment":"scroll","background-type":"","background-media":"","overlay-type":"","overlay-color":"","overlay-opacity":"","overlay-gradient":""},"tablet":{"background-color":"","background-image":"","background-repeat":"repeat","background-position":"center center","background-size":"auto","background-attachment":"scroll","background-type":"","background-media":"","overlay-type":"","overlay-color":"","overlay-opacity":"","overlay-gradient":""},"mobile":{"background-color":"","background-image":"","background-repeat":"repeat","background-position":"center center","background-size":"auto","background-attachment":"scroll","background-type":"","background-media":"","overlay-type":"","overlay-color":"","overlay-opacity":"","overlay-gradient":""}},"ast-content-background-meta":{"desktop":{"background-color":"var(--ast-global-color-5)","background-image":"","background-repeat":"repeat","background-position":"center center","background-size":"auto","background-attachment":"scroll","background-type":"","background-media":"","overlay-type":"","overlay-color":"","overlay-opacity":"","overlay-gradient":""},"tablet":{"background-color":"var(--ast-global-color-5)","background-image":"","background-repeat":"repeat","background-position":"center center","background-size":"auto","background-attachment":"scroll","background-type":"","background-media":"","overlay-type":"","overlay-color":"","overlay-opacity":"","overlay-gradient":""},"mobile":{"background-color":"var(--ast-global-color-5)","background-image":"","background-repeat":"repeat","background-position":"center center","background-size":"auto","background-attachment":"scroll","background-type":"","background-media":"","overlay-type":"","overlay-color":"","overlay-opacity":"","overlay-gradient":""}}},"product_brand":[],"product_cat":[69],"product_tag":[],"class_list":{"0":"post-5515","1":"product","2":"type-product","3":"status-publish","4":"has-post-thumbnail","6":"product_cat-daily-chemical-product","7":"desktop-align-left","8":"tablet-align-left","9":"mobile-align-left","10":"ast-product-gallery-layout-horizontal-slider","11":"ast-product-gallery-with-no-image","12":"ast-product-tabs-layout-horizontal","14":"first","15":"instock","16":"shipping-taxable","17":"product-type-simple"},"uagb_featured_image_src":{"full":["https:\/\/jinancuchem.com\/wp-content\/uploads\/2025\/07\/\u672a\u6807\u9898-3-12.jpg",400,400,false],"thumbnail":["https:\/\/jinancuchem.com\/wp-content\/uploads\/2025\/07\/\u672a\u6807\u9898-3-12-150x150.jpg",150,150,true],"medium":["https:\/\/jinancuchem.com\/wp-content\/uploads\/2025\/07\/\u672a\u6807\u9898-3-12-300x300.jpg",300,300,true],"medium_large":["https:\/\/jinancuchem.com\/wp-content\/uploads\/2025\/07\/\u672a\u6807\u9898-3-12.jpg",400,400,false],"large":["https:\/\/jinancuchem.com\/wp-content\/uploads\/2025\/07\/\u672a\u6807\u9898-3-12.jpg",400,400,false],"1536x1536":["https:\/\/jinancuchem.com\/wp-content\/uploads\/2025\/07\/\u672a\u6807\u9898-3-12.jpg",400,400,false],"2048x2048":["https:\/\/jinancuchem.com\/wp-content\/uploads\/2025\/07\/\u672a\u6807\u9898-3-12.jpg",400,400,false],"trp-custom-language-flag":["https:\/\/jinancuchem.com\/wp-content\/uploads\/2025\/07\/\u672a\u6807\u9898-3-12-12x12.jpg",12,12,true],"woocommerce_thumbnail":["https:\/\/jinancuchem.com\/wp-content\/uploads\/2025\/07\/\u672a\u6807\u9898-3-12-300x300.jpg",300,300,true],"woocommerce_single":["https:\/\/jinancuchem.com\/wp-content\/uploads\/2025\/07\/\u672a\u6807\u9898-3-12.jpg",400,400,false],"woocommerce_gallery_thumbnail":["https:\/\/jinancuchem.com\/wp-content\/uploads\/2025\/07\/\u672a\u6807\u9898-3-12-100x100.jpg",100,100,true]},"uagb_author_info":{"display_name":"jinxing6611@gmail.com","author_link":"https:\/\/jinancuchem.com\/fr\/author\/"},"uagb_comment_info":0,"uagb_excerpt":"\u4e00\uff0eProduct Property Antistatic agents are a type of additive that is added to plastics or coated on the surface of molded products to reduce the accumulation of static electricity. Generally, based on the different application methods, antistatic agents can be classified into two major categories: internal addition type and external coating type. The main type\u2026","_links":{"self":[{"href":"https:\/\/jinancuchem.com\/fr\/wp-json\/wp\/v2\/product\/5515","targetHints":{"allow":["GET"]}}],"collection":[{"href":"https:\/\/jinancuchem.com\/fr\/wp-json\/wp\/v2\/product"}],"about":[{"href":"https:\/\/jinancuchem.com\/fr\/wp-json\/wp\/v2\/types\/product"}],"wp:featuredmedia":[{"embeddable":true,"href":"https:\/\/jinancuchem.com\/fr\/wp-json\/wp\/v2\/media\/5518"}],"wp:attachment":[{"href":"https:\/\/jinancuchem.com\/fr\/wp-json\/wp\/v2\/media?parent=5515"}],"wp:term":[{"taxonomy":"product_brand","embeddable":true,"href":"https:\/\/jinancuchem.com\/fr\/wp-json\/wp\/v2\/product_brand?post=5515"},{"taxonomy":"product_cat","embeddable":true,"href":"https:\/\/jinancuchem.com\/fr\/wp-json\/wp\/v2\/product_cat?post=5515"},{"taxonomy":"product_tag","embeddable":true,"href":"https:\/\/jinancuchem.com\/fr\/wp-json\/wp\/v2\/product_tag?post=5515"}],"curies":[{"name":"wp","href":"https:\/\/api.w.org\/{rel}","templated":true}]}}