{"id":5540,"date":"2025-07-28T09:06:21","date_gmt":"2025-07-28T09:06:21","guid":{"rendered":"https:\/\/jinancuchem.com\/?post_type=product&#038;p=5540"},"modified":"2025-08-01T19:01:25","modified_gmt":"2025-08-01T19:01:25","slug":"lae-series","status":"publish","type":"product","link":"https:\/\/jinancuchem.com\/fr\/produit\/lae-series\/","title":{"rendered":"S\u00e9rie LAE"},"content":{"rendered":"<h3>\u4e00\uff0ePropri\u00e9t\u00e9 du produit<\/h3>\n<p>Le LAE-4 se dissout dans les alcools, les huiles, etc. Il est dispers\u00e9 dans l'eau et est stable dans les solutions moyennement acides, les solutions alcalines et les solutions contenant des \u00e9lectrolytes multiples. Il poss\u00e8de d'excellentes propri\u00e9t\u00e9s \u00e9mulsifiantes, mouillantes, solubilisantes, dispersantes et plastifiantes.<\/p>\n<p>Le LAE-9 se dissout dans l'eau et poss\u00e8de de bonnes propri\u00e9t\u00e9s \u00e9mulsifiantes et nettoyantes.<\/p>\n<p>LAE-24 se dissout dans les alcools et l'eau<\/p>\n<h3>\u4e8c\uff0eIndicateur de qualit\u00e9 :<\/h3>\n<table>\n<tbody>\n<tr>\n<td width=\"68\"><strong><b>Sp\u00e9cifications<\/b><\/strong><\/td>\n<td width=\"74\"><strong><b>Photo<\/b><\/strong><\/td>\n<td width=\"83\"><strong><b>Aspect (25\u00b0C)<\/b><\/strong><\/td>\n<td width=\"67\"><strong><b>Couleur (Pt-Co)<\/b><\/strong><\/td>\n<td width=\"105\"><strong><b>Indice de saponification (mgKOH\/g)<\/b><\/strong><\/td>\n<td width=\"65\"><strong><b>Teneur en eau (%)<\/b><\/strong><\/td>\n<td width=\"64\"><strong><b>pH (solution aqueuse de 1%)<\/b><\/strong><\/td>\n<td width=\"66\"><strong><b>Valeur HLB<\/b><\/strong><\/td>\n<\/tr>\n<tr>\n<td width=\"68\">LAE-4<\/td>\n<td width=\"74\"><img alt=\"\" decoding=\"async\" class=\"alignnone size-full wp-image-5544\" src=\"https:\/\/jinancuchem.com\/wp-content\/uploads\/2025\/07\/\u56fe\u724725-3.png\" width=\"132\" height=\"175\" srcset=\"https:\/\/jinancuchem.com\/wp-content\/uploads\/2025\/07\/\u56fe\u724725-3.png 132w, https:\/\/jinancuchem.com\/wp-content\/uploads\/2025\/07\/\u56fe\u724725-3-9x12.png 9w\" sizes=\"(max-width: 132px) 100vw, 132px\" \/><\/td>\n<td width=\"83\">Liquide huileux transparent incolore<\/td>\n<td width=\"67\">\u226460<\/td>\n<td width=\"105\">145-155<\/td>\n<td width=\"65\">\u22641.0<\/td>\n<td width=\"64\">5.0-7.0<\/td>\n<td width=\"66\">9-10<\/td>\n<\/tr>\n<tr>\n<td width=\"68\">LAE-9<\/td>\n<td width=\"74\"><img alt=\"\" decoding=\"async\" class=\"alignnone size-full wp-image-5545\" src=\"https:\/\/jinancuchem.com\/wp-content\/uploads\/2025\/07\/\u56fe\u724726-3.png\" width=\"133\" height=\"176\" srcset=\"https:\/\/jinancuchem.com\/wp-content\/uploads\/2025\/07\/\u56fe\u724726-3.png 133w, https:\/\/jinancuchem.com\/wp-content\/uploads\/2025\/07\/\u56fe\u724726-3-9x12.png 9w\" sizes=\"(max-width: 133px) 100vw, 133px\" \/><\/td>\n<td width=\"83\">Liquide huileux transparent incolore \u00e0 p\u00e2te blanche laiteuse<\/td>\n<td width=\"67\">\u226460<\/td>\n<td width=\"105\">Point nuageux : 30-45<\/td>\n<td width=\"65\">\u22641.0<\/td>\n<td width=\"64\">5.0-7.0<\/td>\n<td width=\"66\">13-14<\/td>\n<\/tr>\n<tr>\n<td width=\"68\">LAE-24<\/td>\n<td width=\"74\"><img alt=\"\" decoding=\"async\" class=\"alignnone size-full wp-image-5546\" src=\"https:\/\/jinancuchem.com\/wp-content\/uploads\/2025\/07\/\u56fe\u724727-3.png\" width=\"127\" height=\"173\" srcset=\"https:\/\/jinancuchem.com\/wp-content\/uploads\/2025\/07\/\u56fe\u724727-3.png 127w, https:\/\/jinancuchem.com\/wp-content\/uploads\/2025\/07\/\u56fe\u724727-3-9x12.png 9w\" sizes=\"(max-width: 127px) 100vw, 127px\" \/><\/td>\n<td width=\"83\">P\u00e2te blanche laiteuse<\/td>\n<td width=\"67\">\u226420<\/td>\n<td width=\"105\">42-48<\/td>\n<td width=\"65\">\u22641.0<\/td>\n<td width=\"64\">5.0-7.0<\/td>\n<td width=\"66\">16-17<\/td>\n<\/tr>\n<\/tbody>\n<\/table>\n<h3>\u4e09\uff0eApplication du champ d'application et utilisation<\/h3>\n<table>\n<tbody>\n<tr>\n<td><strong><b>Sp\u00e9cifications<\/b><\/strong><\/td>\n<td><strong><b>Applications<\/b><\/strong><\/td>\n<\/tr>\n<tr>\n<td>LAE-4<\/td>\n<td>- Industrie pharmaceutique : \u00e9mulsifiant, solubilisant, dispersant<br \/>\n- Industrie de la parfumerie : solubilisant et \u00e9mulsifiant pour les huiles aromatiques<br \/>\n- Cosm\u00e9tiques : \u00e9mulsifiant et agent nettoyant<br \/>\n- Peut \u00e9galement \u00eatre utilis\u00e9 comme \u00e9mulsifiant et agent mouillant pour les pesticides.<\/td>\n<\/tr>\n<tr>\n<td>LAE-9<\/td>\n<td>- Industrie textile : composant des huiles de filature de fibres, offre de bonnes propri\u00e9t\u00e9s de regroupement, de coh\u00e9sion, d'assouplissement, de lissage et antistatiques.<br \/>\n- Industrie g\u00e9n\u00e9rale : \u00e9mulsifiant et agent de nettoyage<\/td>\n<\/tr>\n<tr>\n<td>LAE-24<\/td>\n<td>- Principalement utilis\u00e9 comme solubilisant de parfum<br \/>\n- Peut \u00e9galement servir d'\u00e9mulsifiant, de dispersant et d'agent mouillant.<\/td>\n<\/tr>\n<\/tbody>\n<\/table>\n<h3>\u56db\uff0eEmballage et stockage<\/h3>\n<p>Conditionn\u00e9s dans des f\u00fbts en fer de 200 kg et des f\u00fbts en plastique de 50 kg.<\/p>\n<p>Cette s\u00e9rie de produits est ininflammable et peut \u00eatre stock\u00e9e et transport\u00e9e conform\u00e9ment aux m\u00e9thodes de stockage et de transport des produits chimiques g\u00e9n\u00e9raux.<\/p>\n<p>Conserver dans un endroit sec et bien ventil\u00e9.<\/p>\n<p>Dur\u00e9e de conservation : deux ans.<\/p>","protected":false},"excerpt":{"rendered":"<p>\u4e00\uff0eProduct Property LAE-4 dissolves in alcohols, oils, etc. It is in a dispersed state in water and is stable in medium acid solutions, alkaline solutions, and solutions containing multiple electrolytes. It has excellent emulsifying, wetting, solubilizing, dispersing, and plasticizing properties. LAE-9 dissolves in water and has good emulsifying and cleaning performance. LAE-24 dissolves in alcohols [&hellip;]<\/p>\n","protected":false},"featured_media":5543,"template":"","meta":{"_seopress_robots_primary_cat":"","_seopress_titles_title":"","_seopress_titles_desc":"","_seopress_robots_index":"","_uag_custom_page_level_css":"","site-sidebar-layout":"default","site-content-layout":"","ast-site-content-layout":"default","site-content-style":"default","site-sidebar-style":"default","ast-global-header-display":"","ast-banner-title-visibility":"","ast-main-header-display":"","ast-hfb-above-header-display":"","ast-hfb-below-header-display":"","ast-hfb-mobile-header-display":"","site-post-title":"","ast-breadcrumbs-content":"","ast-featured-img":"","footer-sml-layout":"","theme-transparent-header-meta":"default","adv-header-id-meta":"","stick-header-meta":"default","header-above-stick-meta":"","header-main-stick-meta":"","header-below-stick-meta":"","astra-migrate-meta-layouts":"set","ast-page-background-enabled":"default","ast-page-background-meta":{"desktop":{"background-color":"","background-image":"","background-repeat":"repeat","background-position":"center center","background-size":"auto","background-attachment":"scroll","background-type":"","background-media":"","overlay-type":"","overlay-color":"","overlay-opacity":"","overlay-gradient":""},"tablet":{"background-color":"","background-image":"","background-repeat":"repeat","background-position":"center center","background-size":"auto","background-attachment":"scroll","background-type":"","background-media":"","overlay-type":"","overlay-color":"","overlay-opacity":"","overlay-gradient":""},"mobile":{"background-color":"","background-image":"","background-repeat":"repeat","background-position":"center center","background-size":"auto","background-attachment":"scroll","background-type":"","background-media":"","overlay-type":"","overlay-color":"","overlay-opacity":"","overlay-gradient":""}},"ast-content-background-meta":{"desktop":{"background-color":"var(--ast-global-color-5)","background-image":"","background-repeat":"repeat","background-position":"center center","background-size":"auto","background-attachment":"scroll","background-type":"","background-media":"","overlay-type":"","overlay-color":"","overlay-opacity":"","overlay-gradient":""},"tablet":{"background-color":"var(--ast-global-color-5)","background-image":"","background-repeat":"repeat","background-position":"center center","background-size":"auto","background-attachment":"scroll","background-type":"","background-media":"","overlay-type":"","overlay-color":"","overlay-opacity":"","overlay-gradient":""},"mobile":{"background-color":"var(--ast-global-color-5)","background-image":"","background-repeat":"repeat","background-position":"center center","background-size":"auto","background-attachment":"scroll","background-type":"","background-media":"","overlay-type":"","overlay-color":"","overlay-opacity":"","overlay-gradient":""}}},"product_brand":[],"product_cat":[69],"product_tag":[],"class_list":{"0":"post-5540","1":"product","2":"type-product","3":"status-publish","4":"has-post-thumbnail","6":"product_cat-daily-chemical-product","7":"desktop-align-left","8":"tablet-align-left","9":"mobile-align-left","10":"ast-product-gallery-layout-horizontal-slider","11":"ast-product-gallery-with-no-image","12":"ast-product-tabs-layout-horizontal","14":"first","15":"instock","16":"featured","17":"shipping-taxable","18":"product-type-simple"},"uagb_featured_image_src":{"full":["https:\/\/jinancuchem.com\/wp-content\/uploads\/2025\/07\/\u672a\u6807\u9898-3-16.jpg",400,400,false],"thumbnail":["https:\/\/jinancuchem.com\/wp-content\/uploads\/2025\/07\/\u672a\u6807\u9898-3-16-150x150.jpg",150,150,true],"medium":["https:\/\/jinancuchem.com\/wp-content\/uploads\/2025\/07\/\u672a\u6807\u9898-3-16-300x300.jpg",300,300,true],"medium_large":["https:\/\/jinancuchem.com\/wp-content\/uploads\/2025\/07\/\u672a\u6807\u9898-3-16.jpg",400,400,false],"large":["https:\/\/jinancuchem.com\/wp-content\/uploads\/2025\/07\/\u672a\u6807\u9898-3-16.jpg",400,400,false],"1536x1536":["https:\/\/jinancuchem.com\/wp-content\/uploads\/2025\/07\/\u672a\u6807\u9898-3-16.jpg",400,400,false],"2048x2048":["https:\/\/jinancuchem.com\/wp-content\/uploads\/2025\/07\/\u672a\u6807\u9898-3-16.jpg",400,400,false],"trp-custom-language-flag":["https:\/\/jinancuchem.com\/wp-content\/uploads\/2025\/07\/\u672a\u6807\u9898-3-16-12x12.jpg",12,12,true],"woocommerce_thumbnail":["https:\/\/jinancuchem.com\/wp-content\/uploads\/2025\/07\/\u672a\u6807\u9898-3-16-300x300.jpg",300,300,true],"woocommerce_single":["https:\/\/jinancuchem.com\/wp-content\/uploads\/2025\/07\/\u672a\u6807\u9898-3-16.jpg",400,400,false],"woocommerce_gallery_thumbnail":["https:\/\/jinancuchem.com\/wp-content\/uploads\/2025\/07\/\u672a\u6807\u9898-3-16-100x100.jpg",100,100,true]},"uagb_author_info":{"display_name":"jinxing6611@gmail.com","author_link":"https:\/\/jinancuchem.com\/fr\/author\/"},"uagb_comment_info":0,"uagb_excerpt":"\u4e00\uff0eProduct Property LAE-4 dissolves in alcohols, oils, etc. It is in a dispersed state in water and is stable in medium acid solutions, alkaline solutions, and solutions containing multiple electrolytes. It has excellent emulsifying, wetting, solubilizing, dispersing, and plasticizing properties. LAE-9 dissolves in water and has good emulsifying and cleaning performance. LAE-24 dissolves in alcohols\u2026","_links":{"self":[{"href":"https:\/\/jinancuchem.com\/fr\/wp-json\/wp\/v2\/product\/5540","targetHints":{"allow":["GET"]}}],"collection":[{"href":"https:\/\/jinancuchem.com\/fr\/wp-json\/wp\/v2\/product"}],"about":[{"href":"https:\/\/jinancuchem.com\/fr\/wp-json\/wp\/v2\/types\/product"}],"wp:featuredmedia":[{"embeddable":true,"href":"https:\/\/jinancuchem.com\/fr\/wp-json\/wp\/v2\/media\/5543"}],"wp:attachment":[{"href":"https:\/\/jinancuchem.com\/fr\/wp-json\/wp\/v2\/media?parent=5540"}],"wp:term":[{"taxonomy":"product_brand","embeddable":true,"href":"https:\/\/jinancuchem.com\/fr\/wp-json\/wp\/v2\/product_brand?post=5540"},{"taxonomy":"product_cat","embeddable":true,"href":"https:\/\/jinancuchem.com\/fr\/wp-json\/wp\/v2\/product_cat?post=5540"},{"taxonomy":"product_tag","embeddable":true,"href":"https:\/\/jinancuchem.com\/fr\/wp-json\/wp\/v2\/product_tag?post=5540"}],"curies":[{"name":"wp","href":"https:\/\/api.w.org\/{rel}","templated":true}]}}