{"id":5559,"date":"2025-07-28T09:12:25","date_gmt":"2025-07-28T09:12:25","guid":{"rendered":"https:\/\/jinancuchem.com\/?post_type=product&#038;p=5559"},"modified":"2025-07-28T09:12:25","modified_gmt":"2025-07-28T09:12:25","slug":"phosphate-ester-potassium-salt","status":"publish","type":"product","link":"https:\/\/jinancuchem.com\/fr\/produit\/phosphate-ester-potassium-salt\/","title":{"rendered":"Phosphate ester (potassium salt)"},"content":{"rendered":"<h3>\u4e00\uff0ePropri\u00e9t\u00e9 du produit<\/h3>\n<p>Phosphate ester salts (potassium salts) are highly efficient anionic surfactants, featuring excellent emulsifying, dispersing and wetting properties, especially suitable for high electrolyte systems. Their outstanding alkali resistance and high-temperature stability enable them to maintain good performance over a wide pH range, while also having low foaming characteristics, making them particularly suitable for industrial continuous production. This product possesses good biodegradability and environmental friendliness, being able to provide rust prevention and lubrication functions while exerting surface activity, making it an ideal choice for applications such as textile auxiliaries, pesticide emulsifiers, industrial cleaning agents, and metal processing fluids.<\/p>\n<h3>\u4e8c\uff0eIndicateur de qualit\u00e9 :<\/h3>\n<table>\n<tbody>\n<tr>\n<td><strong><b>Nom du produit<\/b><\/strong><\/td>\n<td><strong><b>Aspect (25\u00b0C)<\/b><\/strong><\/td>\n<td><strong><b>Contenu solide<\/b><\/strong><\/td>\n<td><strong><b>pH (2% aqueous solution)<\/b><\/strong><\/td>\n<\/tr>\n<tr>\n<td>Alcohol Ether Phosphate MOA-3P<\/td>\n<td>Colorless to light yellow clear liquid<\/td>\n<td>\u226595%<\/td>\n<td>\u22643.5*<\/td>\n<\/tr>\n<tr>\n<td>Alcohol Ether Phosphate MOA-9P<\/td>\n<td>Colorless to light yellow clear liquid<\/td>\n<td>\u226595%<\/td>\n<td>\u22643.5*<\/td>\n<\/tr>\n<tr>\n<td>Phenol Ether Phosphate TXP-4<\/td>\n<td>Colorless to light yellow clear liquid<\/td>\n<td>\u226595%<\/td>\n<td>\u22643.0*<\/td>\n<\/tr>\n<tr>\n<td>Phenol Ether Phosphate TXP-10<\/td>\n<td>Colorless to light yellow clear liquid<\/td>\n<td>\u226595%<\/td>\n<td>\u22643.0*<\/td>\n<\/tr>\n<tr>\n<td>Isotridecyl Alcohol Phosphate<\/td>\n<td>Colorless to light yellow clear liquid<\/td>\n<td>\u226595%<\/td>\n<td>\u22643.0*<\/td>\n<\/tr>\n<tr>\n<td>Lauryl Phosphate MA24P<\/td>\n<td>White to pale yellow creamy solid<\/td>\n<td>\u226597%<\/td>\n<td>\u22643.0*<\/td>\n<\/tr>\n<tr>\n<td>Alcohol Ether Phosphate Potassium Salt MOA-3PK-40<\/td>\n<td>Colorless to light yellow paste<\/td>\n<td>\u226540%<\/td>\n<td>6~8<\/td>\n<\/tr>\n<tr>\n<td>Alcohol Ether Phosphate Potassium Salt MOA-3PK-70<\/td>\n<td>Colorless to light yellow paste<\/td>\n<td>\u226570%<\/td>\n<td>6~8<\/td>\n<\/tr>\n<tr>\n<td>Phenol Ether Phosphate Potassium Salt NP-4PK<\/td>\n<td>Light yellow viscous substance<\/td>\n<td>50.0\u00b12.0%<\/td>\n<td>5.0~7.0<\/td>\n<\/tr>\n<tr>\n<td>Phenol Ether Phosphate Potassium Salt NP-10PK-40<\/td>\n<td>Yellow transparent paste<\/td>\n<td>40.0\u00b12.0%<\/td>\n<td>7.0~9.0<\/td>\n<\/tr>\n<tr>\n<td>Phenol Ether Phosphate Potassium Salt NP-10PK-80<\/td>\n<td>Yellow transparent paste<\/td>\n<td>70~80%<\/td>\n<td>7.0~9.0<\/td>\n<\/tr>\n<tr>\n<td>Isotridecyl Alcohol Ether (6) Phosphate Potassium Salt<\/td>\n<td>Light yellow viscous substance<\/td>\n<td>80.0\u00b12.0%<\/td>\n<td>5.0~7.0<\/td>\n<\/tr>\n<tr>\n<td>Lauryl Phosphate Potassium Salt MA24PK-30<\/td>\n<td>Colorless to light yellow viscous substance<\/td>\n<td>30.0\u00b12.0%<\/td>\n<td>6.5~7.5<\/td>\n<\/tr>\n<tr>\n<td>Lauryl Phosphate Potassium Salt MA24PK-50<\/td>\n<td>Colorless to light yellow paste<\/td>\n<td>50.0\u00b12.0%<\/td>\n<td>6.5~7.5<\/td>\n<\/tr>\n<\/tbody>\n<\/table>\n<p>&nbsp;<\/p>\n<h3>\u4e09\uff0eApplication du champ d'application et utilisation<\/h3>\n<table>\n<tbody>\n<tr>\n<td><strong><b>Nom du produit<\/b><\/strong><\/td>\n<td><strong><b>Properties &amp; Applications<\/b><\/strong><\/td>\n<\/tr>\n<tr>\n<td><strong><b>Alcohol Ether Phosphates (MOA-3P, MOA-9P) &amp; Potassium Salts (MOA-3PK)<\/b><\/strong><\/td>\n<td>\u2022 Excellent water solubility, detergency, emulsification, lubrication, and dispersion<br \/>\n\u2022 Outstanding electrolyte compatibility, thermal\/alkali stability, and biodegradability<br \/>\n\u2022 Strong degreasing capability with low irritation<br \/>\n\u2022 Applications: Synthetic fiber processing, industrial cleaners, metalworking fluids, pesticide emulsifiers, cosmetic formulations<\/td>\n<\/tr>\n<tr>\n<td><strong><b>Phenol Ether Phosphates (TXP-10) &amp; Potassium Salts (NP-10PK)<\/b><\/strong><\/td>\n<td>\u2022 Strong alkali resistance with good cleaning power in concentrated alkali<br \/>\n\u2022 Excellent solubility in both water and organic solvents<br \/>\n\u2022 Applications: Detergent boosters, dry cleaning agents, corrosion inhibitors, and antistatic agents<\/td>\n<\/tr>\n<tr>\n<td><strong><b>Phenol Ether Phosphates (TXP-4) &amp; Potassium Salts (NP-4PK)<\/b><\/strong><\/td>\n<td>\u2022 Cold-resistant with excellent acid\/alkali\/thermal stability<br \/>\n\u2022 Strong degreasing with good wetting\/dispersing properties<br \/>\n\u2022 Applications: Industrial cleaners, textile auxiliaries, paper deinking agents, leather processing<\/td>\n<\/tr>\n<tr>\n<td><strong><b>Isotridecyl Alcohol Phosphates<\/b><\/strong><\/td>\n<td>\u2022 Excellent antistatic properties and friction modification<br \/>\n\u2022 Improves fiber hygroscopicity and processability<br \/>\n\u2022 Primary use: Synthetic fiber processing aids<\/td>\n<\/tr>\n<tr>\n<td><strong><b>Lauryl Phosphates (MA24P) &amp; Potassium Salts (MA24PK)<\/b><\/strong><\/td>\n<td>\u2022 Extremely mild (skin\/eye friendly) with natural phospholipid-like structure<br \/>\n\u2022 Rich, creamy foam with excellent emulsification of silicones<br \/>\n\u2022 pH stable (2-12) with &gt;90% biodegradability in 10-15 days<br \/>\n\u2022 Applications: Premium facial cleansers, baby care products, and mild cleansing formulations<br \/>\n\u2022 Recommended dosage: 10-50% in foaming cleansers, 8-15% in shower gels<\/td>\n<\/tr>\n<\/tbody>\n<\/table>\n<p>&nbsp;<\/p>\n<h3>\u56db\uff0eEmballage et stockage<\/h3>\n<p>Conditionn\u00e9s dans des f\u00fbts en fer de 200 kg et des f\u00fbts en plastique de 50 kg.<\/p>\n<p>Cette s\u00e9rie de produits est ininflammable et peut \u00eatre stock\u00e9e et transport\u00e9e conform\u00e9ment aux m\u00e9thodes de stockage et de transport des produits chimiques g\u00e9n\u00e9raux.<\/p>\n<p>Conserver dans un endroit sec et bien ventil\u00e9.<\/p>\n<p>Dur\u00e9e de conservation : deux ans.<\/p>","protected":false},"excerpt":{"rendered":"<p>\u4e00\uff0eProduct Property Phosphate ester salts (potassium salts) are highly efficient anionic surfactants, featuring excellent emulsifying, dispersing and wetting properties, especially suitable for high electrolyte systems. Their outstanding alkali resistance and high-temperature stability enable them to maintain good performance over a wide pH range, while also having low foaming characteristics, making them particularly suitable for industrial [&hellip;]<\/p>\n","protected":false},"featured_media":5562,"template":"","meta":{"_seopress_robots_primary_cat":"","_seopress_titles_title":"","_seopress_titles_desc":"","_seopress_robots_index":"","_uag_custom_page_level_css":"","site-sidebar-layout":"default","site-content-layout":"","ast-site-content-layout":"default","site-content-style":"default","site-sidebar-style":"default","ast-global-header-display":"","ast-banner-title-visibility":"","ast-main-header-display":"","ast-hfb-above-header-display":"","ast-hfb-below-header-display":"","ast-hfb-mobile-header-display":"","site-post-title":"","ast-breadcrumbs-content":"","ast-featured-img":"","footer-sml-layout":"","theme-transparent-header-meta":"default","adv-header-id-meta":"","stick-header-meta":"default","header-above-stick-meta":"","header-main-stick-meta":"","header-below-stick-meta":"","astra-migrate-meta-layouts":"set","ast-page-background-enabled":"default","ast-page-background-meta":{"desktop":{"background-color":"","background-image":"","background-repeat":"repeat","background-position":"center center","background-size":"auto","background-attachment":"scroll","background-type":"","background-media":"","overlay-type":"","overlay-color":"","overlay-opacity":"","overlay-gradient":""},"tablet":{"background-color":"","background-image":"","background-repeat":"repeat","background-position":"center center","background-size":"auto","background-attachment":"scroll","background-type":"","background-media":"","overlay-type":"","overlay-color":"","overlay-opacity":"","overlay-gradient":""},"mobile":{"background-color":"","background-image":"","background-repeat":"repeat","background-position":"center center","background-size":"auto","background-attachment":"scroll","background-type":"","background-media":"","overlay-type":"","overlay-color":"","overlay-opacity":"","overlay-gradient":""}},"ast-content-background-meta":{"desktop":{"background-color":"var(--ast-global-color-5)","background-image":"","background-repeat":"repeat","background-position":"center center","background-size":"auto","background-attachment":"scroll","background-type":"","background-media":"","overlay-type":"","overlay-color":"","overlay-opacity":"","overlay-gradient":""},"tablet":{"background-color":"var(--ast-global-color-5)","background-image":"","background-repeat":"repeat","background-position":"center center","background-size":"auto","background-attachment":"scroll","background-type":"","background-media":"","overlay-type":"","overlay-color":"","overlay-opacity":"","overlay-gradient":""},"mobile":{"background-color":"var(--ast-global-color-5)","background-image":"","background-repeat":"repeat","background-position":"center center","background-size":"auto","background-attachment":"scroll","background-type":"","background-media":"","overlay-type":"","overlay-color":"","overlay-opacity":"","overlay-gradient":""}}},"product_brand":[],"product_cat":[69],"product_tag":[],"class_list":{"0":"post-5559","1":"product","2":"type-product","3":"status-publish","4":"has-post-thumbnail","6":"product_cat-daily-chemical-product","7":"desktop-align-left","8":"tablet-align-left","9":"mobile-align-left","10":"ast-product-gallery-layout-horizontal-slider","11":"ast-product-gallery-with-no-image","12":"ast-product-tabs-layout-horizontal","14":"first","15":"instock","16":"shipping-taxable","17":"product-type-simple"},"uagb_featured_image_src":{"full":["https:\/\/jinancuchem.com\/wp-content\/uploads\/2025\/07\/\u672a\u6807\u9898-4-2.jpg",300,300,false],"thumbnail":["https:\/\/jinancuchem.com\/wp-content\/uploads\/2025\/07\/\u672a\u6807\u9898-4-2-150x150.jpg",150,150,true],"medium":["https:\/\/jinancuchem.com\/wp-content\/uploads\/2025\/07\/\u672a\u6807\u9898-4-2.jpg",300,300,false],"medium_large":["https:\/\/jinancuchem.com\/wp-content\/uploads\/2025\/07\/\u672a\u6807\u9898-4-2.jpg",300,300,false],"large":["https:\/\/jinancuchem.com\/wp-content\/uploads\/2025\/07\/\u672a\u6807\u9898-4-2.jpg",300,300,false],"1536x1536":["https:\/\/jinancuchem.com\/wp-content\/uploads\/2025\/07\/\u672a\u6807\u9898-4-2.jpg",300,300,false],"2048x2048":["https:\/\/jinancuchem.com\/wp-content\/uploads\/2025\/07\/\u672a\u6807\u9898-4-2.jpg",300,300,false],"trp-custom-language-flag":["https:\/\/jinancuchem.com\/wp-content\/uploads\/2025\/07\/\u672a\u6807\u9898-4-2-12x12.jpg",12,12,true],"woocommerce_thumbnail":["https:\/\/jinancuchem.com\/wp-content\/uploads\/2025\/07\/\u672a\u6807\u9898-4-2.jpg",300,300,false],"woocommerce_single":["https:\/\/jinancuchem.com\/wp-content\/uploads\/2025\/07\/\u672a\u6807\u9898-4-2.jpg",300,300,false],"woocommerce_gallery_thumbnail":["https:\/\/jinancuchem.com\/wp-content\/uploads\/2025\/07\/\u672a\u6807\u9898-4-2-100x100.jpg",100,100,true]},"uagb_author_info":{"display_name":"jinxing6611@gmail.com","author_link":"https:\/\/jinancuchem.com\/fr\/author\/"},"uagb_comment_info":0,"uagb_excerpt":"\u4e00\uff0eProduct Property Phosphate ester salts (potassium salts) are highly efficient anionic surfactants, featuring excellent emulsifying, dispersing and wetting properties, especially suitable for high electrolyte systems. Their outstanding alkali resistance and high-temperature stability enable them to maintain good performance over a wide pH range, while also having low foaming characteristics, making them particularly suitable for industrial\u2026","_links":{"self":[{"href":"https:\/\/jinancuchem.com\/fr\/wp-json\/wp\/v2\/product\/5559","targetHints":{"allow":["GET"]}}],"collection":[{"href":"https:\/\/jinancuchem.com\/fr\/wp-json\/wp\/v2\/product"}],"about":[{"href":"https:\/\/jinancuchem.com\/fr\/wp-json\/wp\/v2\/types\/product"}],"wp:featuredmedia":[{"embeddable":true,"href":"https:\/\/jinancuchem.com\/fr\/wp-json\/wp\/v2\/media\/5562"}],"wp:attachment":[{"href":"https:\/\/jinancuchem.com\/fr\/wp-json\/wp\/v2\/media?parent=5559"}],"wp:term":[{"taxonomy":"product_brand","embeddable":true,"href":"https:\/\/jinancuchem.com\/fr\/wp-json\/wp\/v2\/product_brand?post=5559"},{"taxonomy":"product_cat","embeddable":true,"href":"https:\/\/jinancuchem.com\/fr\/wp-json\/wp\/v2\/product_cat?post=5559"},{"taxonomy":"product_tag","embeddable":true,"href":"https:\/\/jinancuchem.com\/fr\/wp-json\/wp\/v2\/product_tag?post=5559"}],"curies":[{"name":"wp","href":"https:\/\/api.w.org\/{rel}","templated":true}]}}