{"id":5563,"date":"2025-07-28T09:13:57","date_gmt":"2025-07-28T09:13:57","guid":{"rendered":"https:\/\/jinancuchem.com\/?post_type=product&#038;p=5563"},"modified":"2025-07-28T09:13:57","modified_gmt":"2025-07-28T09:13:57","slug":"isomeric-alcohol-ethoxylates-phosphate","status":"publish","type":"product","link":"https:\/\/jinancuchem.com\/fr\/produit\/isomeric-alcohol-ethoxylates-phosphate\/","title":{"rendered":"Isomeric alcohol ethoxylates phosphate"},"content":{"rendered":"<h3>\u4e00\uff0ePropri\u00e9t\u00e9 du produit<\/h3>\n<p>Phosphate ester E1310P is a high-efficiency flame-retardant plasticizer featuring excellent flame resistance due to its phosphorus-containing structure, effective plasticization for enhanced material flexibility and processability, high thermal stability for reliable performance under elevated temperatures, low volatility to prevent migration and ensure long-term durability, and eco-friendly compliance with low-toxicity and halogen-free standards, making it ideal for applications in PVC, rubber, and coatings where both flame retardancy and flexibility are required.<\/p>\n<h3>\u4e8c\uff0eIndicateur de qualit\u00e9 :<\/h3>\n<table>\n<tbody>\n<tr>\n<td><strong><b>Propri\u00e9t\u00e9<\/b><\/strong><\/td>\n<td><strong><b>Sp\u00e9cifications<\/b><\/strong><\/td>\n<\/tr>\n<tr>\n<td>Apparence<\/td>\n<td>Liquide visqueux incolore \u00e0 jaune p\u00e2le<\/td>\n<\/tr>\n<tr>\n<td>Type<\/td>\n<td>Anionique<\/td>\n<\/tr>\n<tr>\n<td>pH (solution aqueuse de 1%)<\/td>\n<td>\u2264 3.5<\/td>\n<\/tr>\n<tr>\n<td>Teneur (dosage)<\/td>\n<td>\u2265 95%<\/td>\n<\/tr>\n<\/tbody>\n<\/table>\n<p>&nbsp;<\/p>\n<h3>\u4e09\uff0eApplication du champ d'application et utilisation<\/h3>\n<p>It has excellent water solubility, decontamination, emulsification, lubrication, cleaning, dispersion, anti-static and rust-prevention properties, as well as excellent electrolyte compatibility and stability to heat and alkali. It is resistant to acid, alkali, hard water, inorganic salts, high temperature, and has good biodegradability and low irritation. At the same time, it has strong degreasing ability.<\/p>\n<ol start=\"2\">\n<li>It possesses excellent anti-static properties, smoothness and softness, which can enhance the moisture absorption capacity of the fibers and effectively adjust the dynamic friction coefficient between the fibers.<\/li>\n<\/ol>\n<h3>\u56db\uff0eEmballage et stockage<\/h3>\n<p>Emballage en baril de plastique de 50 kg.<\/p>\n<p>Stock\u00e9 et transport\u00e9 conform\u00e9ment aux normes g\u00e9n\u00e9rales de stockage et de transport des produits chimiques.<\/p>\n<p>Conserver dans un endroit sec et ventil\u00e9.<\/p>\n<p>Dur\u00e9e de conservation : deux ans.<\/p>","protected":false},"excerpt":{"rendered":"<p>\u4e00\uff0eProduct Property Phosphate ester E1310P is a high-efficiency flame-retardant plasticizer featuring excellent flame resistance due to its phosphorus-containing structure, effective plasticization for enhanced material flexibility and processability, high thermal stability for reliable performance under elevated temperatures, low volatility to prevent migration and ensure long-term durability, and eco-friendly compliance with low-toxicity and halogen-free standards, making it [&hellip;]<\/p>\n","protected":false},"featured_media":5566,"template":"","meta":{"_seopress_robots_primary_cat":"","_seopress_titles_title":"","_seopress_titles_desc":"","_seopress_robots_index":"","_uag_custom_page_level_css":"","site-sidebar-layout":"default","site-content-layout":"","ast-site-content-layout":"default","site-content-style":"default","site-sidebar-style":"default","ast-global-header-display":"","ast-banner-title-visibility":"","ast-main-header-display":"","ast-hfb-above-header-display":"","ast-hfb-below-header-display":"","ast-hfb-mobile-header-display":"","site-post-title":"","ast-breadcrumbs-content":"","ast-featured-img":"","footer-sml-layout":"","theme-transparent-header-meta":"default","adv-header-id-meta":"","stick-header-meta":"default","header-above-stick-meta":"","header-main-stick-meta":"","header-below-stick-meta":"","astra-migrate-meta-layouts":"set","ast-page-background-enabled":"default","ast-page-background-meta":{"desktop":{"background-color":"","background-image":"","background-repeat":"repeat","background-position":"center center","background-size":"auto","background-attachment":"scroll","background-type":"","background-media":"","overlay-type":"","overlay-color":"","overlay-opacity":"","overlay-gradient":""},"tablet":{"background-color":"","background-image":"","background-repeat":"repeat","background-position":"center center","background-size":"auto","background-attachment":"scroll","background-type":"","background-media":"","overlay-type":"","overlay-color":"","overlay-opacity":"","overlay-gradient":""},"mobile":{"background-color":"","background-image":"","background-repeat":"repeat","background-position":"center center","background-size":"auto","background-attachment":"scroll","background-type":"","background-media":"","overlay-type":"","overlay-color":"","overlay-opacity":"","overlay-gradient":""}},"ast-content-background-meta":{"desktop":{"background-color":"var(--ast-global-color-5)","background-image":"","background-repeat":"repeat","background-position":"center center","background-size":"auto","background-attachment":"scroll","background-type":"","background-media":"","overlay-type":"","overlay-color":"","overlay-opacity":"","overlay-gradient":""},"tablet":{"background-color":"var(--ast-global-color-5)","background-image":"","background-repeat":"repeat","background-position":"center center","background-size":"auto","background-attachment":"scroll","background-type":"","background-media":"","overlay-type":"","overlay-color":"","overlay-opacity":"","overlay-gradient":""},"mobile":{"background-color":"var(--ast-global-color-5)","background-image":"","background-repeat":"repeat","background-position":"center center","background-size":"auto","background-attachment":"scroll","background-type":"","background-media":"","overlay-type":"","overlay-color":"","overlay-opacity":"","overlay-gradient":""}}},"product_brand":[],"product_cat":[69],"product_tag":[],"class_list":{"0":"post-5563","1":"product","2":"type-product","3":"status-publish","4":"has-post-thumbnail","6":"product_cat-daily-chemical-product","7":"desktop-align-left","8":"tablet-align-left","9":"mobile-align-left","10":"ast-product-gallery-layout-horizontal-slider","11":"ast-product-gallery-with-no-image","12":"ast-product-tabs-layout-horizontal","14":"first","15":"instock","16":"shipping-taxable","17":"product-type-simple"},"uagb_featured_image_src":{"full":["https:\/\/jinancuchem.com\/wp-content\/uploads\/2025\/07\/\u672a\u6807\u9898-4-3.jpg",300,300,false],"thumbnail":["https:\/\/jinancuchem.com\/wp-content\/uploads\/2025\/07\/\u672a\u6807\u9898-4-3-150x150.jpg",150,150,true],"medium":["https:\/\/jinancuchem.com\/wp-content\/uploads\/2025\/07\/\u672a\u6807\u9898-4-3.jpg",300,300,false],"medium_large":["https:\/\/jinancuchem.com\/wp-content\/uploads\/2025\/07\/\u672a\u6807\u9898-4-3.jpg",300,300,false],"large":["https:\/\/jinancuchem.com\/wp-content\/uploads\/2025\/07\/\u672a\u6807\u9898-4-3.jpg",300,300,false],"1536x1536":["https:\/\/jinancuchem.com\/wp-content\/uploads\/2025\/07\/\u672a\u6807\u9898-4-3.jpg",300,300,false],"2048x2048":["https:\/\/jinancuchem.com\/wp-content\/uploads\/2025\/07\/\u672a\u6807\u9898-4-3.jpg",300,300,false],"trp-custom-language-flag":["https:\/\/jinancuchem.com\/wp-content\/uploads\/2025\/07\/\u672a\u6807\u9898-4-3-12x12.jpg",12,12,true],"woocommerce_thumbnail":["https:\/\/jinancuchem.com\/wp-content\/uploads\/2025\/07\/\u672a\u6807\u9898-4-3.jpg",300,300,false],"woocommerce_single":["https:\/\/jinancuchem.com\/wp-content\/uploads\/2025\/07\/\u672a\u6807\u9898-4-3.jpg",300,300,false],"woocommerce_gallery_thumbnail":["https:\/\/jinancuchem.com\/wp-content\/uploads\/2025\/07\/\u672a\u6807\u9898-4-3-100x100.jpg",100,100,true]},"uagb_author_info":{"display_name":"jinxing6611@gmail.com","author_link":"https:\/\/jinancuchem.com\/fr\/author\/"},"uagb_comment_info":0,"uagb_excerpt":"\u4e00\uff0eProduct Property Phosphate ester E1310P is a high-efficiency flame-retardant plasticizer featuring excellent flame resistance due to its phosphorus-containing structure, effective plasticization for enhanced material flexibility and processability, high thermal stability for reliable performance under elevated temperatures, low volatility to prevent migration and ensure long-term durability, and eco-friendly compliance with low-toxicity and halogen-free standards, making it\u2026","_links":{"self":[{"href":"https:\/\/jinancuchem.com\/fr\/wp-json\/wp\/v2\/product\/5563","targetHints":{"allow":["GET"]}}],"collection":[{"href":"https:\/\/jinancuchem.com\/fr\/wp-json\/wp\/v2\/product"}],"about":[{"href":"https:\/\/jinancuchem.com\/fr\/wp-json\/wp\/v2\/types\/product"}],"wp:featuredmedia":[{"embeddable":true,"href":"https:\/\/jinancuchem.com\/fr\/wp-json\/wp\/v2\/media\/5566"}],"wp:attachment":[{"href":"https:\/\/jinancuchem.com\/fr\/wp-json\/wp\/v2\/media?parent=5563"}],"wp:term":[{"taxonomy":"product_brand","embeddable":true,"href":"https:\/\/jinancuchem.com\/fr\/wp-json\/wp\/v2\/product_brand?post=5563"},{"taxonomy":"product_cat","embeddable":true,"href":"https:\/\/jinancuchem.com\/fr\/wp-json\/wp\/v2\/product_cat?post=5563"},{"taxonomy":"product_tag","embeddable":true,"href":"https:\/\/jinancuchem.com\/fr\/wp-json\/wp\/v2\/product_tag?post=5563"}],"curies":[{"name":"wp","href":"https:\/\/api.w.org\/{rel}","templated":true}]}}