{"id":5567,"date":"2025-07-28T09:15:01","date_gmt":"2025-07-28T09:15:01","guid":{"rendered":"https:\/\/jinancuchem.com\/?post_type=product&#038;p=5567"},"modified":"2025-07-28T09:15:02","modified_gmt":"2025-07-28T09:15:02","slug":"isopropyl-palmitate-e-1310pk-35","status":"publish","type":"product","link":"https:\/\/jinancuchem.com\/fr\/produit\/isopropyl-palmitate-e-1310pk-35\/","title":{"rendered":"Palmitate d'isopropyle E-1310PK-35"},"content":{"rendered":"<h3>\u4e00\uff0ePropri\u00e9t\u00e9 du produit<\/h3>\n<p>E-1310PK-35, un phosphate de st\u00e9arate d'isopropyle, est un agent tensioactif \u00e0 base de phosphate tr\u00e8s efficace. Il poss\u00e8de d'excellentes propri\u00e9t\u00e9s de lubrification et de bonnes performances d'\u00e9mulsification, r\u00e9duisant efficacement le frottement et l'usure et stabilisant les composants de l'huile \u00e9mulsifi\u00e9e. Il poss\u00e8de \u00e9galement des fonctions antirouille et anticorrosion, capables de prot\u00e9ger les surfaces m\u00e9talliques et de retarder l'oxydation et la corrosion. Son faible pouvoir moussant garantit des performances stables dans les syst\u00e8mes de traitement ou de circulation \u00e0 grande vitesse. En outre, il est respectueux de l'environnement et s\u00fbr, exempt de m\u00e9taux lourds, et convient aux domaines industriels tels que les fluides de traitement des m\u00e9taux et les fluides de coupe.<\/p>\n<h3>\u4e8c\uff0eIndicateur de qualit\u00e9 :<\/h3>\n<table>\n<tbody>\n<tr>\n<td><strong><b>Propri\u00e9t\u00e9<\/b><\/strong><\/td>\n<td><strong><b>Sp\u00e9cifications<\/b><\/strong><\/td>\n<\/tr>\n<tr>\n<td>Apparence<\/td>\n<td>Liquide visqueux incolore \u00e0 jaune p\u00e2le<\/td>\n<\/tr>\n<tr>\n<td>pH (solution aqueuse de 1%)<\/td>\n<td>\u2264 3.5<\/td>\n<\/tr>\n<tr>\n<td>Teneur (dosage)<\/td>\n<td>\u2265 95%<\/td>\n<\/tr>\n<\/tbody>\n<\/table>\n<h3>\u4e09\uff0eApplication du champ d'application et utilisation<\/h3>\n<p>Excellent pouvoir nettoyant, capacit\u00e9 moussante et capacit\u00e9 de dispersion ;<\/p>\n<ol start=\"2\">\n<li>Non toxique et non irritant, semblable aux phospholipides naturels, il a une excellente affinit\u00e9 avec la peau et peut am\u00e9liorer de mani\u00e8re significative la douceur du syst\u00e8me de formulation.<\/li>\n<li>Excellentes propri\u00e9t\u00e9s d'\u00e9mulsification et de stabilit\u00e9. Il poss\u00e8de une bonne capacit\u00e9 d'\u00e9mulsification pour diverses huiles. La p\u00e2te pr\u00e9par\u00e9e est fine et brillante et a un effet hydratant sur la peau. Elle r\u00e9siste aux acides et aux alcalis, aux temp\u00e9ratures \u00e9lev\u00e9es, mais pas \u00e0 l'eau dure.<\/li>\n<li>Excellentes propri\u00e9t\u00e9s de d\u00e9contamination, de mouillage, de dispersion, d'antistatique et d'anti-boulochage, et ajustement efficace du coefficient de frottement dynamique entre les fibres.<\/li>\n<li>Bonne biod\u00e9gradabilit\u00e9 et absence de pollution.<\/li>\n<li>La mousse est riche et fine, facile \u00e0 rincer. Apr\u00e8s le lavage, la peau est rafra\u00eechie et confortable, sans aucune sensation de tiraillement. Il poss\u00e8de d'excellentes capacit\u00e9s d'\u00e9mulsification, de mouillage et de nettoyage.<\/li>\n<\/ol>\n<p>Application :<\/p>\n<p>Il convient particuli\u00e8rement comme agent de surface non ionique peu moussant pour la solubilisation dans des solutions fortement alcalines (hydroxyde de sodium). Il peut \u00e9galement \u00eatre utilis\u00e9 comme d\u00e9tergent pour les produits d'usage quotidien et comme mati\u00e8re premi\u00e8re pour la pr\u00e9paration de p\u00e9n\u00e9trants, d'huiles de mercerisage et d'huiles de finition r\u00e9sistants aux alcalis.<\/p>\n<h3>\u56db\uff0eEmballage et stockage<\/h3>\n<p>Emballage en baril de plastique de 50 kg.<\/p>\n<p>Stock\u00e9 et transport\u00e9 conform\u00e9ment aux normes g\u00e9n\u00e9rales de stockage et de transport des produits chimiques.<\/p>\n<p>Conserver dans un endroit sec et ventil\u00e9.<\/p>\n<p>Dur\u00e9e de conservation : deux ans.<\/p>","protected":false},"excerpt":{"rendered":"<p>\u4e00\uff0eProduct Property E-1310PK-35, an isopropyl stearate phosphate, is a highly efficient phosphate-based surfactant. It possesses excellent lubrication properties and good emulsifying performance, effectively reducing friction and wear and stabilizing the emulsified oil components. At the same time, it has anti-rust and anti-corrosion functions, capable of protecting metal surfaces and delaying oxidation and corrosion. Its low-foaming [&hellip;]<\/p>\n","protected":false},"featured_media":5570,"template":"","meta":{"_seopress_robots_primary_cat":"","_seopress_titles_title":"","_seopress_titles_desc":"","_seopress_robots_index":"","_uag_custom_page_level_css":"","site-sidebar-layout":"default","site-content-layout":"","ast-site-content-layout":"default","site-content-style":"default","site-sidebar-style":"default","ast-global-header-display":"","ast-banner-title-visibility":"","ast-main-header-display":"","ast-hfb-above-header-display":"","ast-hfb-below-header-display":"","ast-hfb-mobile-header-display":"","site-post-title":"","ast-breadcrumbs-content":"","ast-featured-img":"","footer-sml-layout":"","theme-transparent-header-meta":"default","adv-header-id-meta":"","stick-header-meta":"default","header-above-stick-meta":"","header-main-stick-meta":"","header-below-stick-meta":"","astra-migrate-meta-layouts":"set","ast-page-background-enabled":"default","ast-page-background-meta":{"desktop":{"background-color":"","background-image":"","background-repeat":"repeat","background-position":"center center","background-size":"auto","background-attachment":"scroll","background-type":"","background-media":"","overlay-type":"","overlay-color":"","overlay-opacity":"","overlay-gradient":""},"tablet":{"background-color":"","background-image":"","background-repeat":"repeat","background-position":"center center","background-size":"auto","background-attachment":"scroll","background-type":"","background-media":"","overlay-type":"","overlay-color":"","overlay-opacity":"","overlay-gradient":""},"mobile":{"background-color":"","background-image":"","background-repeat":"repeat","background-position":"center center","background-size":"auto","background-attachment":"scroll","background-type":"","background-media":"","overlay-type":"","overlay-color":"","overlay-opacity":"","overlay-gradient":""}},"ast-content-background-meta":{"desktop":{"background-color":"var(--ast-global-color-5)","background-image":"","background-repeat":"repeat","background-position":"center center","background-size":"auto","background-attachment":"scroll","background-type":"","background-media":"","overlay-type":"","overlay-color":"","overlay-opacity":"","overlay-gradient":""},"tablet":{"background-color":"var(--ast-global-color-5)","background-image":"","background-repeat":"repeat","background-position":"center center","background-size":"auto","background-attachment":"scroll","background-type":"","background-media":"","overlay-type":"","overlay-color":"","overlay-opacity":"","overlay-gradient":""},"mobile":{"background-color":"var(--ast-global-color-5)","background-image":"","background-repeat":"repeat","background-position":"center center","background-size":"auto","background-attachment":"scroll","background-type":"","background-media":"","overlay-type":"","overlay-color":"","overlay-opacity":"","overlay-gradient":""}}},"product_brand":[],"product_cat":[69],"product_tag":[],"class_list":{"0":"post-5567","1":"product","2":"type-product","3":"status-publish","4":"has-post-thumbnail","6":"product_cat-daily-chemical-product","7":"desktop-align-left","8":"tablet-align-left","9":"mobile-align-left","10":"ast-product-gallery-layout-horizontal-slider","11":"ast-product-gallery-with-no-image","12":"ast-product-tabs-layout-horizontal","14":"first","15":"instock","16":"shipping-taxable","17":"product-type-simple"},"uagb_featured_image_src":{"full":["https:\/\/jinancuchem.com\/wp-content\/uploads\/2025\/07\/\u672a\u6807\u9898-4-4.jpg",300,300,false],"thumbnail":["https:\/\/jinancuchem.com\/wp-content\/uploads\/2025\/07\/\u672a\u6807\u9898-4-4-150x150.jpg",150,150,true],"medium":["https:\/\/jinancuchem.com\/wp-content\/uploads\/2025\/07\/\u672a\u6807\u9898-4-4.jpg",300,300,false],"medium_large":["https:\/\/jinancuchem.com\/wp-content\/uploads\/2025\/07\/\u672a\u6807\u9898-4-4.jpg",300,300,false],"large":["https:\/\/jinancuchem.com\/wp-content\/uploads\/2025\/07\/\u672a\u6807\u9898-4-4.jpg",300,300,false],"1536x1536":["https:\/\/jinancuchem.com\/wp-content\/uploads\/2025\/07\/\u672a\u6807\u9898-4-4.jpg",300,300,false],"2048x2048":["https:\/\/jinancuchem.com\/wp-content\/uploads\/2025\/07\/\u672a\u6807\u9898-4-4.jpg",300,300,false],"trp-custom-language-flag":["https:\/\/jinancuchem.com\/wp-content\/uploads\/2025\/07\/\u672a\u6807\u9898-4-4-12x12.jpg",12,12,true],"woocommerce_thumbnail":["https:\/\/jinancuchem.com\/wp-content\/uploads\/2025\/07\/\u672a\u6807\u9898-4-4.jpg",300,300,false],"woocommerce_single":["https:\/\/jinancuchem.com\/wp-content\/uploads\/2025\/07\/\u672a\u6807\u9898-4-4.jpg",300,300,false],"woocommerce_gallery_thumbnail":["https:\/\/jinancuchem.com\/wp-content\/uploads\/2025\/07\/\u672a\u6807\u9898-4-4-100x100.jpg",100,100,true]},"uagb_author_info":{"display_name":"jinxing6611@gmail.com","author_link":"https:\/\/jinancuchem.com\/fr\/author\/"},"uagb_comment_info":0,"uagb_excerpt":"\u4e00\uff0eProduct Property E-1310PK-35, an isopropyl stearate phosphate, is a highly efficient phosphate-based surfactant. It possesses excellent lubrication properties and good emulsifying performance, effectively reducing friction and wear and stabilizing the emulsified oil components. At the same time, it has anti-rust and anti-corrosion functions, capable of protecting metal surfaces and delaying oxidation and corrosion. Its low-foaming\u2026","_links":{"self":[{"href":"https:\/\/jinancuchem.com\/fr\/wp-json\/wp\/v2\/product\/5567","targetHints":{"allow":["GET"]}}],"collection":[{"href":"https:\/\/jinancuchem.com\/fr\/wp-json\/wp\/v2\/product"}],"about":[{"href":"https:\/\/jinancuchem.com\/fr\/wp-json\/wp\/v2\/types\/product"}],"wp:featuredmedia":[{"embeddable":true,"href":"https:\/\/jinancuchem.com\/fr\/wp-json\/wp\/v2\/media\/5570"}],"wp:attachment":[{"href":"https:\/\/jinancuchem.com\/fr\/wp-json\/wp\/v2\/media?parent=5567"}],"wp:term":[{"taxonomy":"product_brand","embeddable":true,"href":"https:\/\/jinancuchem.com\/fr\/wp-json\/wp\/v2\/product_brand?post=5567"},{"taxonomy":"product_cat","embeddable":true,"href":"https:\/\/jinancuchem.com\/fr\/wp-json\/wp\/v2\/product_cat?post=5567"},{"taxonomy":"product_tag","embeddable":true,"href":"https:\/\/jinancuchem.com\/fr\/wp-json\/wp\/v2\/product_tag?post=5567"}],"curies":[{"name":"wp","href":"https:\/\/api.w.org\/{rel}","templated":true}]}}