{"id":5571,"date":"2025-07-28T09:18:28","date_gmt":"2025-07-28T09:18:28","guid":{"rendered":"https:\/\/jinancuchem.com\/?post_type=product&#038;p=5571"},"modified":"2025-08-01T19:01:16","modified_gmt":"2025-08-01T19:01:16","slug":"emulsifier-os-15","status":"publish","type":"product","link":"https:\/\/jinancuchem.com\/fr\/produit\/emulsifier-os-15\/","title":{"rendered":"Emulsifiant OS-15"},"content":{"rendered":"<h3>\u4e00\uff0ePropri\u00e9t\u00e9 du produit<\/h3>\n<p>Ce produit se dissout dans l'eau et poss\u00e8de d'excellentes propri\u00e9t\u00e9s telles que l'\u00e9mulsification, le nettoyage, le mouillage et la teinture uniforme.<\/p>\n<h3>\u4e8c\uff0eIndicateur de qualit\u00e9 :<\/h3>\n<table>\n<tbody>\n<tr>\n<td width=\"91\"><strong><b>Propri\u00e9t\u00e9<\/b><\/strong><\/td>\n<td><strong><b>Sp\u00e9cifications<\/b><\/strong><\/td>\n<\/tr>\n<tr>\n<td width=\"91\"><strong><b>Apparence<\/b><\/strong><\/td>\n<td>P\u00e2te blanche laiteuse \u00e0 solide<\/td>\n<\/tr>\n<tr>\n<td width=\"91\"><strong><b>Point nuage<\/b><\/strong><\/td>\n<td>80~88\u00b0C (dans une solution de NaCl 5%)<\/td>\n<\/tr>\n<tr>\n<td width=\"91\"><strong><b>Valeur du pH<\/b><\/strong><\/td>\n<td>5,0~7,0 (solution aqueuse de 1%)<\/td>\n<\/tr>\n<\/tbody>\n<\/table>\n<h3>\u4e09\uff0eApplication du champ d'application et utilisation<\/h3>\n<p>Dans l'industrie de la teinture et de l'impression, il peut \u00eatre utilis\u00e9 comme agent de nivellement, avec d'excellentes performances de d\u00e9capage, ce qui peut am\u00e9liorer la solidit\u00e9 de la teinture et produire des couleurs vives et magnifiques. Dans le traitement des m\u00e9taux, il peut \u00eatre utilis\u00e9 comme agent \u00e9mulsifiant et nettoyant, \u00e9liminant facilement les taches d'huile min\u00e9rale sur la surface du m\u00e9tal, ce qui est b\u00e9n\u00e9fique pour les \u00e9tapes de traitement ult\u00e9rieures. Dans l'industrie des fibres chimiques et du filage de la laine, il sert d'agent d'huile textile et de d\u00e9tergent pour la laine brute. Dans l'industrie de la galvanoplastie, il s'agit d'un composant important des agents de blanchiment de la galvanoplastie \u00e0 haute temp\u00e9rature.<\/p>\n<p>Dans l'industrie en g\u00e9n\u00e9ral, il peut \u00eatre utilis\u00e9 comme \u00e9mulsifiant et poss\u00e8de de bonnes propri\u00e9t\u00e9s \u00e9mulsifiantes pour les min\u00e9raux et les huiles v\u00e9g\u00e9tales. Les \u00e9mulsions r\u00e9alis\u00e9es avec ce produit sont stables.<\/p>\n<h3>\u56db\uff0eEmballage et stockage<\/h3>\n<p>Conditionn\u00e9s dans des f\u00fbts en fer de 200 kg et des f\u00fbts en plastique de 50 kg.<\/p>\n<p>Cette s\u00e9rie de produits est ininflammable et peut \u00eatre stock\u00e9e et transport\u00e9e conform\u00e9ment aux m\u00e9thodes de stockage et de transport des produits chimiques g\u00e9n\u00e9raux.<\/p>\n<p>Conserver dans un endroit sec et bien ventil\u00e9.<\/p>\n<p>Dur\u00e9e de conservation : deux ans.<\/p>","protected":false},"excerpt":{"rendered":"<p>\u4e00\uff0eProduct Property This product dissolves in water and possesses excellent properties such as emulsification, cleaning, wetting and uniform dyeing. \u4e8c\uff0eQuality Index: Property Specification Appearance Milky white paste to solid Cloud Point 80~88\u00b0C (in 5% NaCl solution) pH Value 5.0~7.0 (1% aqueous solution) \u4e09\uff0eApplication scope and Usage In the dyeing and printing industry, it can be [&hellip;]<\/p>\n","protected":false},"featured_media":5574,"template":"","meta":{"_seopress_robots_primary_cat":"","_seopress_titles_title":"","_seopress_titles_desc":"","_seopress_robots_index":"","_uag_custom_page_level_css":"","site-sidebar-layout":"default","site-content-layout":"","ast-site-content-layout":"default","site-content-style":"default","site-sidebar-style":"default","ast-global-header-display":"","ast-banner-title-visibility":"","ast-main-header-display":"","ast-hfb-above-header-display":"","ast-hfb-below-header-display":"","ast-hfb-mobile-header-display":"","site-post-title":"","ast-breadcrumbs-content":"","ast-featured-img":"","footer-sml-layout":"","theme-transparent-header-meta":"default","adv-header-id-meta":"","stick-header-meta":"default","header-above-stick-meta":"","header-main-stick-meta":"","header-below-stick-meta":"","astra-migrate-meta-layouts":"set","ast-page-background-enabled":"default","ast-page-background-meta":{"desktop":{"background-color":"","background-image":"","background-repeat":"repeat","background-position":"center center","background-size":"auto","background-attachment":"scroll","background-type":"","background-media":"","overlay-type":"","overlay-color":"","overlay-opacity":"","overlay-gradient":""},"tablet":{"background-color":"","background-image":"","background-repeat":"repeat","background-position":"center center","background-size":"auto","background-attachment":"scroll","background-type":"","background-media":"","overlay-type":"","overlay-color":"","overlay-opacity":"","overlay-gradient":""},"mobile":{"background-color":"","background-image":"","background-repeat":"repeat","background-position":"center center","background-size":"auto","background-attachment":"scroll","background-type":"","background-media":"","overlay-type":"","overlay-color":"","overlay-opacity":"","overlay-gradient":""}},"ast-content-background-meta":{"desktop":{"background-color":"var(--ast-global-color-5)","background-image":"","background-repeat":"repeat","background-position":"center center","background-size":"auto","background-attachment":"scroll","background-type":"","background-media":"","overlay-type":"","overlay-color":"","overlay-opacity":"","overlay-gradient":""},"tablet":{"background-color":"var(--ast-global-color-5)","background-image":"","background-repeat":"repeat","background-position":"center center","background-size":"auto","background-attachment":"scroll","background-type":"","background-media":"","overlay-type":"","overlay-color":"","overlay-opacity":"","overlay-gradient":""},"mobile":{"background-color":"var(--ast-global-color-5)","background-image":"","background-repeat":"repeat","background-position":"center center","background-size":"auto","background-attachment":"scroll","background-type":"","background-media":"","overlay-type":"","overlay-color":"","overlay-opacity":"","overlay-gradient":""}}},"product_brand":[],"product_cat":[69],"product_tag":[],"class_list":{"0":"post-5571","1":"product","2":"type-product","3":"status-publish","4":"has-post-thumbnail","6":"product_cat-daily-chemical-product","7":"desktop-align-left","8":"tablet-align-left","9":"mobile-align-left","10":"ast-product-gallery-layout-horizontal-slider","11":"ast-product-gallery-with-no-image","12":"ast-product-tabs-layout-horizontal","14":"first","15":"instock","16":"featured","17":"shipping-taxable","18":"product-type-simple"},"uagb_featured_image_src":{"full":["https:\/\/jinancuchem.com\/wp-content\/uploads\/2025\/07\/\u672a\u6807\u9898-4-5.jpg",300,300,false],"thumbnail":["https:\/\/jinancuchem.com\/wp-content\/uploads\/2025\/07\/\u672a\u6807\u9898-4-5-150x150.jpg",150,150,true],"medium":["https:\/\/jinancuchem.com\/wp-content\/uploads\/2025\/07\/\u672a\u6807\u9898-4-5.jpg",300,300,false],"medium_large":["https:\/\/jinancuchem.com\/wp-content\/uploads\/2025\/07\/\u672a\u6807\u9898-4-5.jpg",300,300,false],"large":["https:\/\/jinancuchem.com\/wp-content\/uploads\/2025\/07\/\u672a\u6807\u9898-4-5.jpg",300,300,false],"1536x1536":["https:\/\/jinancuchem.com\/wp-content\/uploads\/2025\/07\/\u672a\u6807\u9898-4-5.jpg",300,300,false],"2048x2048":["https:\/\/jinancuchem.com\/wp-content\/uploads\/2025\/07\/\u672a\u6807\u9898-4-5.jpg",300,300,false],"trp-custom-language-flag":["https:\/\/jinancuchem.com\/wp-content\/uploads\/2025\/07\/\u672a\u6807\u9898-4-5-12x12.jpg",12,12,true],"woocommerce_thumbnail":["https:\/\/jinancuchem.com\/wp-content\/uploads\/2025\/07\/\u672a\u6807\u9898-4-5.jpg",300,300,false],"woocommerce_single":["https:\/\/jinancuchem.com\/wp-content\/uploads\/2025\/07\/\u672a\u6807\u9898-4-5.jpg",300,300,false],"woocommerce_gallery_thumbnail":["https:\/\/jinancuchem.com\/wp-content\/uploads\/2025\/07\/\u672a\u6807\u9898-4-5-100x100.jpg",100,100,true]},"uagb_author_info":{"display_name":"jinxing6611@gmail.com","author_link":"https:\/\/jinancuchem.com\/fr\/author\/"},"uagb_comment_info":0,"uagb_excerpt":"\u4e00\uff0eProduct Property This product dissolves in water and possesses excellent properties such as emulsification, cleaning, wetting and uniform dyeing. \u4e8c\uff0eQuality Index: Property Specification Appearance Milky white paste to solid Cloud Point 80~88\u00b0C (in 5% NaCl solution) pH Value 5.0~7.0 (1% aqueous solution) \u4e09\uff0eApplication scope and Usage In the dyeing and printing industry, it can be\u2026","_links":{"self":[{"href":"https:\/\/jinancuchem.com\/fr\/wp-json\/wp\/v2\/product\/5571","targetHints":{"allow":["GET"]}}],"collection":[{"href":"https:\/\/jinancuchem.com\/fr\/wp-json\/wp\/v2\/product"}],"about":[{"href":"https:\/\/jinancuchem.com\/fr\/wp-json\/wp\/v2\/types\/product"}],"wp:featuredmedia":[{"embeddable":true,"href":"https:\/\/jinancuchem.com\/fr\/wp-json\/wp\/v2\/media\/5574"}],"wp:attachment":[{"href":"https:\/\/jinancuchem.com\/fr\/wp-json\/wp\/v2\/media?parent=5571"}],"wp:term":[{"taxonomy":"product_brand","embeddable":true,"href":"https:\/\/jinancuchem.com\/fr\/wp-json\/wp\/v2\/product_brand?post=5571"},{"taxonomy":"product_cat","embeddable":true,"href":"https:\/\/jinancuchem.com\/fr\/wp-json\/wp\/v2\/product_cat?post=5571"},{"taxonomy":"product_tag","embeddable":true,"href":"https:\/\/jinancuchem.com\/fr\/wp-json\/wp\/v2\/product_tag?post=5571"}],"curies":[{"name":"wp","href":"https:\/\/api.w.org\/{rel}","templated":true}]}}