{"id":5579,"date":"2025-07-28T09:26:01","date_gmt":"2025-07-28T09:26:01","guid":{"rendered":"https:\/\/jinancuchem.com\/?post_type=product&#038;p=5579"},"modified":"2025-07-28T09:26:02","modified_gmt":"2025-07-28T09:26:02","slug":"propylene-glycol-block-polyether-l-series","status":"publish","type":"product","link":"https:\/\/jinancuchem.com\/fr\/produit\/propylene-glycol-block-polyether-l-series\/","title":{"rendered":"Poly\u00e9ther \u00e0 blocs de propyl\u00e8ne glycol s\u00e9rie L"},"content":{"rendered":"<h3>\u4e00\uff0ePropri\u00e9t\u00e9 du produit<\/h3>\n<p>Ses caract\u00e9ristiques comprennent une excellente activit\u00e9 de surface, qui peut r\u00e9duire de mani\u00e8re significative la tension superficielle de la solution. Il convient pour des applications telles que le mouillage, la dispersion et l'\u00e9mulsification. En outre, certains mod\u00e8les ont des propri\u00e9t\u00e9s peu moussantes ou antimoussantes, ce qui les rend appropri\u00e9s pour le nettoyage industriel et les additifs de processus.<\/p>\n<h3>\u4e8c\uff0eIndicateur de qualit\u00e9<\/h3>\n<table>\n<tbody>\n<tr>\n<td><strong><b>Nom<\/b><\/strong><\/td>\n<td><strong><b>Aspect (25\u00b0C)<\/b><\/strong><\/td>\n<td><strong><b>Moyenne Poids mol\u00e9culaire<\/b><\/strong><\/td>\n<td><strong><b>Viscosit\u00e9 (25\u00b0C, cP)<\/b><\/strong><\/td>\n<td><strong><b>Cloud Point (1% aq. sol.)<\/b><\/strong><\/td>\n<td><strong><b>Point de fusion (\u00b0C)<\/b><\/strong><\/td>\n<td><strong><b>Humidit\u00e9 (%)<\/b><\/strong><\/td>\n<td><strong><b>pH (1% sol. aq.)<\/b><\/strong><\/td>\n<td><strong><b>Valeur HLB<\/b><\/strong><\/td>\n<\/tr>\n<tr>\n<td>L31<\/td>\n<td>Liquide transparent incolore<\/td>\n<td>1100<\/td>\n<td>200<\/td>\n<td>37<\/td>\n<td>-<\/td>\n<td>\u22641.0<\/td>\n<td>5.0-7.0<\/td>\n<td>3.5<\/td>\n<\/tr>\n<tr>\n<td>L35<\/td>\n<td>Liquide transparent incolore<\/td>\n<td>1900<\/td>\n<td>320<\/td>\n<td>70-85<\/td>\n<td>-<\/td>\n<td>\u22641.0<\/td>\n<td>5.0-7.0<\/td>\n<td>18.5<\/td>\n<\/tr>\n<tr>\n<td>F38<\/td>\n<td>Solide blanc<\/td>\n<td>5000<\/td>\n<td>-<\/td>\n<td>&gt;100<\/td>\n<td>45<\/td>\n<td>\u22641.0<\/td>\n<td>5.0-7.0<\/td>\n<td>30<\/td>\n<\/tr>\n<tr>\n<td>L42<\/td>\n<td>Liquide transparent incolore<\/td>\n<td>1630<\/td>\n<td>250<\/td>\n<td>37<\/td>\n<td>-<\/td>\n<td>\u22641.0<\/td>\n<td>5.0-7.0<\/td>\n<td>8<\/td>\n<\/tr>\n<tr>\n<td>L43<\/td>\n<td>Liquide transparent incolore<\/td>\n<td>1850<\/td>\n<td>310<\/td>\n<td>42<\/td>\n<td>-<\/td>\n<td>\u22641.0<\/td>\n<td>5.0-7.0<\/td>\n<td>10<\/td>\n<\/tr>\n<tr>\n<td>L44<\/td>\n<td>Liquide transparent incolore<\/td>\n<td>2200<\/td>\n<td>440<\/td>\n<td>45-55<\/td>\n<td>-<\/td>\n<td>\u22641.0<\/td>\n<td>5.0-7.0<\/td>\n<td>12<\/td>\n<\/tr>\n<tr>\n<td>L45<\/td>\n<td>Liquide incolore \u00e0 p\u00e2te<\/td>\n<td>2400<\/td>\n<td>-<\/td>\n<td>75-85<\/td>\n<td>-<\/td>\n<td>\u22641.0<\/td>\n<td>5.0-7.0<\/td>\n<td>15<\/td>\n<\/tr>\n<tr>\n<td>L61<\/td>\n<td>Liquide transparent incolore<\/td>\n<td>2000<\/td>\n<td>285<\/td>\n<td>17-21<\/td>\n<td>-<\/td>\n<td>\u22641.0<\/td>\n<td>5.0-7.0<\/td>\n<td>3<\/td>\n<\/tr>\n<tr>\n<td>L62<\/td>\n<td>Liquide transparent incolore<\/td>\n<td>2500<\/td>\n<td>400<\/td>\n<td>21-26<\/td>\n<td>-<\/td>\n<td>\u22641.0<\/td>\n<td>5.0-7.0<\/td>\n<td>7<\/td>\n<\/tr>\n<tr>\n<td>L63<\/td>\n<td>Liquide transparent incolore<\/td>\n<td>2650<\/td>\n<td>475<\/td>\n<td>34<\/td>\n<td>-<\/td>\n<td>\u22641.0<\/td>\n<td>5.0-7.0<\/td>\n<td>11<\/td>\n<\/tr>\n<tr>\n<td>L64<\/td>\n<td>Liquide transparent incolore<\/td>\n<td>2900<\/td>\n<td>550<\/td>\n<td>57-61<\/td>\n<td>-<\/td>\n<td>\u22641.0<\/td>\n<td>5.0-7.0<\/td>\n<td>13<\/td>\n<\/tr>\n<tr>\n<td>P65<\/td>\n<td>P\u00e2te blanche laiteuse<\/td>\n<td>3500<\/td>\n<td>-<\/td>\n<td>75-85<\/td>\n<td>29.5<\/td>\n<td>\u22641.0<\/td>\n<td>5.0-7.0<\/td>\n<td>15<\/td>\n<\/tr>\n<tr>\n<td>F68<\/td>\n<td>Flocon blanc solide<\/td>\n<td>8350<\/td>\n<td>-<\/td>\n<td>&gt;100<\/td>\n<td>50<\/td>\n<td>\u22641.0<\/td>\n<td>5.0-7.0<\/td>\n<td>29<\/td>\n<\/tr>\n<\/tbody>\n<\/table>\n<h3>\u4e09\uff0eApplication du champ d'application et utilisation<\/h3>\n<table>\n<tbody>\n<tr>\n<td><strong><b>Produit<\/b><\/strong><\/td>\n<td><strong><b>Applications cl\u00e9s<\/b><\/strong><\/td>\n<\/tr>\n<tr>\n<td><strong><b>L61<\/b><\/strong><\/td>\n<td>- D\u00e9tergent peu moussant ou antimousse dans les d\u00e9tergents synth\u00e9tiques<br \/>\n- Antimousse dans les industries de la papeterie et de la fermentation<\/td>\n<\/tr>\n<tr>\n<td><strong><b>L64<\/b><\/strong><\/td>\n<td>- D\u00e9tergent synth\u00e9tique peu moussant et tr\u00e8s d\u00e9tergent<br \/>\n- D\u00e9s\u00e9mulsifiant de p\u00e9trole brut (emp\u00eache la formation de tartre dans les pipelines)<br \/>\n- \u00c9mulsifiant de pesticides, r\u00e9frig\u00e9rant\/lubrifiant pour l'industrie m\u00e9tallurgique<\/td>\n<\/tr>\n<tr>\n<td><strong><b>F68<\/b><\/strong><\/td>\n<td>- Antimousse dans les machines c\u0153ur-poumon artificiel (pr\u00e9vient l'embolie gazeuse)<br \/>\n- Am\u00e9liore le rendement en sucre en augmentant la perm\u00e9abilit\u00e9 \u00e0 l'eau dans la production de sucre<br \/>\n- Emulsifiant dans la polym\u00e9risation de l'ac\u00e9tate de vinyle<br \/>\n- Am\u00e9liore la qualit\u00e9 du papier couch\u00e9 (additif pour papier)<\/td>\n<\/tr>\n<tr>\n<td><strong><b>L44<\/b><\/strong><\/td>\n<td>- Agent antistatique durable pour les fibres synth\u00e9tiques<\/td>\n<\/tr>\n<tr>\n<td><strong><b>L62, L64<\/b><\/strong><\/td>\n<td>- \u00c9mulsifiants de pesticides<br \/>\n- Lubrifiants dans la vulcanisation du caoutchouc<\/td>\n<\/tr>\n<tr>\n<td><strong><b>F38<\/b><\/strong><\/td>\n<td>- Multifonctionnel : \u00c9mulsifiant, agent mouillant, antimousse, d\u00e9s\u00e9mulsifiant, dispersant, agent antistatique, modificateur de viscosit\u00e9.<br \/>\n- Utilis\u00e9 dans l'agrochimie, les cosm\u00e9tiques, les produits pharmaceutiques, le nettoyage des m\u00e9taux, le papier\/p\u00e2te \u00e0 papier, le traitement des textiles, le traitement de l'eau.<\/td>\n<\/tr>\n<tr>\n<td><strong><b>P65<\/b><\/strong><\/td>\n<td>- Agent de protection de la laine (r\u00e9duit la d\u00e9t\u00e9rioration des fibres, augmente la r\u00e9sistance de 10%, r\u00e9duit la casse de la filature)<\/td>\n<\/tr>\n<\/tbody>\n<\/table>\n<h3>\u56db\uff0eEmballage et stockage<\/h3>\n<p>Conditionn\u00e9s dans des f\u00fbts en fer de 200 kg et des f\u00fbts en plastique de 50 kg.<\/p>\n<p>Cette s\u00e9rie de produits est ininflammable et peut \u00eatre stock\u00e9e et transport\u00e9e conform\u00e9ment aux m\u00e9thodes de stockage et de transport des produits chimiques g\u00e9n\u00e9raux.<\/p>\n<p>Conserver dans un endroit sec et bien ventil\u00e9.<\/p>\n<p>Dur\u00e9e de conservation : deux ans.<\/p>","protected":false},"excerpt":{"rendered":"<p>\u4e00\uff0eProduct Property Its characteristics include excellent surface activity, which can significantly reduce the surface tension of the solution. It is suitable for applications such as wetting, dispersion and emulsification. Moreover, some models have low foam or defoaming properties, making them suitable for industrial cleaning and process additives. \u4e8c\uff0eQuality Index Name Appearance (25\u00b0C) Avg. Molecular Weight [&hellip;]<\/p>\n","protected":false},"featured_media":5582,"template":"","meta":{"_seopress_robots_primary_cat":"","_seopress_titles_title":"","_seopress_titles_desc":"","_seopress_robots_index":"","_uag_custom_page_level_css":"","site-sidebar-layout":"default","site-content-layout":"","ast-site-content-layout":"default","site-content-style":"default","site-sidebar-style":"default","ast-global-header-display":"","ast-banner-title-visibility":"","ast-main-header-display":"","ast-hfb-above-header-display":"","ast-hfb-below-header-display":"","ast-hfb-mobile-header-display":"","site-post-title":"","ast-breadcrumbs-content":"","ast-featured-img":"","footer-sml-layout":"","theme-transparent-header-meta":"default","adv-header-id-meta":"","stick-header-meta":"default","header-above-stick-meta":"","header-main-stick-meta":"","header-below-stick-meta":"","astra-migrate-meta-layouts":"set","ast-page-background-enabled":"default","ast-page-background-meta":{"desktop":{"background-color":"","background-image":"","background-repeat":"repeat","background-position":"center center","background-size":"auto","background-attachment":"scroll","background-type":"","background-media":"","overlay-type":"","overlay-color":"","overlay-opacity":"","overlay-gradient":""},"tablet":{"background-color":"","background-image":"","background-repeat":"repeat","background-position":"center center","background-size":"auto","background-attachment":"scroll","background-type":"","background-media":"","overlay-type":"","overlay-color":"","overlay-opacity":"","overlay-gradient":""},"mobile":{"background-color":"","background-image":"","background-repeat":"repeat","background-position":"center center","background-size":"auto","background-attachment":"scroll","background-type":"","background-media":"","overlay-type":"","overlay-color":"","overlay-opacity":"","overlay-gradient":""}},"ast-content-background-meta":{"desktop":{"background-color":"var(--ast-global-color-5)","background-image":"","background-repeat":"repeat","background-position":"center center","background-size":"auto","background-attachment":"scroll","background-type":"","background-media":"","overlay-type":"","overlay-color":"","overlay-opacity":"","overlay-gradient":""},"tablet":{"background-color":"var(--ast-global-color-5)","background-image":"","background-repeat":"repeat","background-position":"center center","background-size":"auto","background-attachment":"scroll","background-type":"","background-media":"","overlay-type":"","overlay-color":"","overlay-opacity":"","overlay-gradient":""},"mobile":{"background-color":"var(--ast-global-color-5)","background-image":"","background-repeat":"repeat","background-position":"center center","background-size":"auto","background-attachment":"scroll","background-type":"","background-media":"","overlay-type":"","overlay-color":"","overlay-opacity":"","overlay-gradient":""}}},"product_brand":[],"product_cat":[69],"product_tag":[],"class_list":{"0":"post-5579","1":"product","2":"type-product","3":"status-publish","4":"has-post-thumbnail","6":"product_cat-daily-chemical-product","7":"desktop-align-left","8":"tablet-align-left","9":"mobile-align-left","10":"ast-product-gallery-layout-horizontal-slider","11":"ast-product-gallery-with-no-image","12":"ast-product-tabs-layout-horizontal","14":"first","15":"instock","16":"shipping-taxable","17":"product-type-simple"},"uagb_featured_image_src":{"full":["https:\/\/jinancuchem.com\/wp-content\/uploads\/2025\/07\/\u672a\u6807\u9898-4-7.jpg",300,300,false],"thumbnail":["https:\/\/jinancuchem.com\/wp-content\/uploads\/2025\/07\/\u672a\u6807\u9898-4-7-150x150.jpg",150,150,true],"medium":["https:\/\/jinancuchem.com\/wp-content\/uploads\/2025\/07\/\u672a\u6807\u9898-4-7.jpg",300,300,false],"medium_large":["https:\/\/jinancuchem.com\/wp-content\/uploads\/2025\/07\/\u672a\u6807\u9898-4-7.jpg",300,300,false],"large":["https:\/\/jinancuchem.com\/wp-content\/uploads\/2025\/07\/\u672a\u6807\u9898-4-7.jpg",300,300,false],"1536x1536":["https:\/\/jinancuchem.com\/wp-content\/uploads\/2025\/07\/\u672a\u6807\u9898-4-7.jpg",300,300,false],"2048x2048":["https:\/\/jinancuchem.com\/wp-content\/uploads\/2025\/07\/\u672a\u6807\u9898-4-7.jpg",300,300,false],"trp-custom-language-flag":["https:\/\/jinancuchem.com\/wp-content\/uploads\/2025\/07\/\u672a\u6807\u9898-4-7-12x12.jpg",12,12,true],"woocommerce_thumbnail":["https:\/\/jinancuchem.com\/wp-content\/uploads\/2025\/07\/\u672a\u6807\u9898-4-7.jpg",300,300,false],"woocommerce_single":["https:\/\/jinancuchem.com\/wp-content\/uploads\/2025\/07\/\u672a\u6807\u9898-4-7.jpg",300,300,false],"woocommerce_gallery_thumbnail":["https:\/\/jinancuchem.com\/wp-content\/uploads\/2025\/07\/\u672a\u6807\u9898-4-7-100x100.jpg",100,100,true]},"uagb_author_info":{"display_name":"jinxing6611@gmail.com","author_link":"https:\/\/jinancuchem.com\/fr\/author\/"},"uagb_comment_info":0,"uagb_excerpt":"\u4e00\uff0eProduct Property Its characteristics include excellent surface activity, which can significantly reduce the surface tension of the solution. It is suitable for applications such as wetting, dispersion and emulsification. Moreover, some models have low foam or defoaming properties, making them suitable for industrial cleaning and process additives. \u4e8c\uff0eQuality Index Name Appearance (25\u00b0C) Avg. Molecular Weight\u2026","_links":{"self":[{"href":"https:\/\/jinancuchem.com\/fr\/wp-json\/wp\/v2\/product\/5579","targetHints":{"allow":["GET"]}}],"collection":[{"href":"https:\/\/jinancuchem.com\/fr\/wp-json\/wp\/v2\/product"}],"about":[{"href":"https:\/\/jinancuchem.com\/fr\/wp-json\/wp\/v2\/types\/product"}],"wp:featuredmedia":[{"embeddable":true,"href":"https:\/\/jinancuchem.com\/fr\/wp-json\/wp\/v2\/media\/5582"}],"wp:attachment":[{"href":"https:\/\/jinancuchem.com\/fr\/wp-json\/wp\/v2\/media?parent=5579"}],"wp:term":[{"taxonomy":"product_brand","embeddable":true,"href":"https:\/\/jinancuchem.com\/fr\/wp-json\/wp\/v2\/product_brand?post=5579"},{"taxonomy":"product_cat","embeddable":true,"href":"https:\/\/jinancuchem.com\/fr\/wp-json\/wp\/v2\/product_cat?post=5579"},{"taxonomy":"product_tag","embeddable":true,"href":"https:\/\/jinancuchem.com\/fr\/wp-json\/wp\/v2\/product_tag?post=5579"}],"curies":[{"name":"wp","href":"https:\/\/api.w.org\/{rel}","templated":true}]}}