{"id":5594,"date":"2025-07-28T09:50:07","date_gmt":"2025-07-28T09:50:07","guid":{"rendered":"https:\/\/jinancuchem.com\/?post_type=product&#038;p=5594"},"modified":"2025-07-28T09:50:07","modified_gmt":"2025-07-28T09:50:07","slug":"random-polyether-series","status":"publish","type":"product","link":"https:\/\/jinancuchem.com\/fr\/produit\/random-polyether-series\/","title":{"rendered":"S\u00e9rie al\u00e9atoire de poly\u00e9thers"},"content":{"rendered":"<h3>\u4e00\uff0ePropri\u00e9t\u00e9 du produit<\/h3>\n<p>Il s'agit d'une sorte d'agent tensioactif \u00e0 haut poids mol\u00e9culaire, dot\u00e9 de propri\u00e9t\u00e9s uniques. Il n'absorbe g\u00e9n\u00e9ralement pas l'humidit\u00e9, pr\u00e9sente une faible toxicit\u00e9 et une faible capacit\u00e9 de moussage. Il a une bonne dispersibilit\u00e9, un fort pouvoir \u00e9mulsifiant et une bonne fluidit\u00e9 \u00e0 basse temp\u00e9rature.<\/p>\n<h3>\u4e8c\uff0eIndicateur de qualit\u00e9<\/h3>\n<table>\n<tbody>\n<tr>\n<td><strong><b>Produit<\/b><\/strong><\/td>\n<td><strong><b>Aspect (25\u00b0C)<\/b><\/strong><\/td>\n<td><strong><b>Couleur (Pt-Co)<\/b><\/strong><\/td>\n<td><strong><b>Poids mol\u00e9culaire<\/b><\/strong><\/td>\n<td><strong><b>Indice d'acidit\u00e9 (mg KOH\/g)<\/b><\/strong><\/td>\n<td><strong><b>Puret\u00e9 (%)<\/b><\/strong><\/td>\n<td><strong><b>pH (1% sol. aq.)<\/b><\/strong><\/td>\n<\/tr>\n<tr>\n<td><strong><b>Isotrid\u00e9canol Poly\u00e9ther al\u00e9atoire (TPE-1000)<\/b><\/strong><\/td>\n<td>Liquide incolore<\/td>\n<td>\u226420<\/td>\n<td>1000 \u00b1 100<\/td>\n<td>\u22640.5<\/td>\n<td>\u226599.0<\/td>\n<td>5.0~7.0<\/td>\n<\/tr>\n<tr>\n<td><strong><b>Poly\u00e9ther al\u00e9atoire de propyl\u00e8ne glycol (PPE-1500)<\/b><\/strong><\/td>\n<td>Liquide incolore<\/td>\n<td>\u226420<\/td>\n<td>1500 \u00b1 100<\/td>\n<td>\u22640.5<\/td>\n<td>\u226599.0<\/td>\n<td>5.0~7.0<\/td>\n<\/tr>\n<tr>\n<td><strong><b>Poly\u00e9ther al\u00e9atoire de glyc\u00e9rol (GPE-3000)<\/b><\/strong><\/td>\n<td>Liquide incolore<\/td>\n<td>\u226420<\/td>\n<td>3000 \u00b1 150<\/td>\n<td>\u22640.5<\/td>\n<td>\u226599.0<\/td>\n<td>5.0~7.0<\/td>\n<\/tr>\n<tr>\n<td><strong><b>Butanol Random Polyether (BPE-1000)<\/b><\/strong><\/td>\n<td>Liquide incolore<\/td>\n<td>\u226420<\/td>\n<td>1000 \u00b1 100<\/td>\n<td>\u22640.5<\/td>\n<td>\u226599.0<\/td>\n<td>5.0~7.0<\/td>\n<\/tr>\n<tr>\n<td><strong><b>Butanol Random Polyether (BPE-1500)<\/b><\/strong><\/td>\n<td>Liquide incolore<\/td>\n<td>\u226420<\/td>\n<td>1500 \u00b1 100<\/td>\n<td>\u22640.5<\/td>\n<td>\u226599.0<\/td>\n<td>5.0~7.0<\/td>\n<\/tr>\n<tr>\n<td><strong><b>Butanol Random Polyether (BPE-2500)<\/b><\/strong><\/td>\n<td>Liquide incolore<\/td>\n<td>\u226420<\/td>\n<td>2500 \u00b1 150<\/td>\n<td>\u22640.5<\/td>\n<td>\u226599.0<\/td>\n<td>5.0~7.0<\/td>\n<\/tr>\n<tr>\n<td><strong><b>Acide laurique Random Polyether (LPE-1200)<\/b><\/strong><\/td>\n<td>Liquide incolore<\/td>\n<td>\u226420<\/td>\n<td>1200 \u00b1 100<\/td>\n<td>\u22640.5<\/td>\n<td>\u226599.0<\/td>\n<td>5.0~7.0<\/td>\n<\/tr>\n<tr>\n<td><strong><b>Poly\u00e9ther al\u00e9atoire de dod\u00e9canol (CPE-1500)<\/b><\/strong><\/td>\n<td>Liquide incolore<\/td>\n<td>\u226420<\/td>\n<td>1500 \u00b1 100<\/td>\n<td>\u22640.5<\/td>\n<td>\u226599.0<\/td>\n<td>5.0~7.0<\/td>\n<\/tr>\n<\/tbody>\n<\/table>\n<h3>\u4e09\uff0eApplication du champ d'application et utilisation<\/h3>\n<p>Utilis\u00e9 dans les d\u00e9tergents peu moussants, les \u00e9mulsifiants, les antimousses, ainsi que dans les agents de nivellement des tissus, les agents antistatiques, les liquides de refroidissement pour la coupe des m\u00e9taux, les agents d'huile de filature \u00e0 grande vitesse, les lubrifiants et les adh\u00e9sifs.<\/p>\n<p>Utilis\u00e9 comme agent de lissage dans les produits chimiques \u00e0 base d'huile de fibre.<\/p>\n<h3>\u56db\uff0eEmballage et stockage<\/h3>\n<p>Conditionn\u00e9s dans des f\u00fbts en fer de 200 kg et des f\u00fbts en plastique de 50 kg.<\/p>\n<p>Cette s\u00e9rie de produits est ininflammable et peut \u00eatre stock\u00e9e et transport\u00e9e conform\u00e9ment aux m\u00e9thodes de stockage et de transport des produits chimiques g\u00e9n\u00e9raux.<\/p>\n<p>Conserver dans un endroit sec et bien ventil\u00e9.<\/p>\n<p>Dur\u00e9e de conservation : deux ans.<\/p>","protected":false},"excerpt":{"rendered":"<p>\u4e00\uff0eProduct Property It is a kind of high molecular surface active agent, with unique properties. It generally does not absorb moisture, has low toxicity and low foaming ability. It has good dispersibility, strong emulsifying power, and good low-temperature fluidity. \u4e8c\uff0eQuality Index Product Appearance (25\u00b0C) Color (Pt-Co) Molecular Weight Acid Value (mg KOH\/g) Purity (%) pH [&hellip;]<\/p>\n","protected":false},"featured_media":5597,"template":"","meta":{"_seopress_robots_primary_cat":"","_seopress_titles_title":"","_seopress_titles_desc":"","_seopress_robots_index":"","_uag_custom_page_level_css":"","site-sidebar-layout":"default","site-content-layout":"","ast-site-content-layout":"default","site-content-style":"default","site-sidebar-style":"default","ast-global-header-display":"","ast-banner-title-visibility":"","ast-main-header-display":"","ast-hfb-above-header-display":"","ast-hfb-below-header-display":"","ast-hfb-mobile-header-display":"","site-post-title":"","ast-breadcrumbs-content":"","ast-featured-img":"","footer-sml-layout":"","theme-transparent-header-meta":"default","adv-header-id-meta":"","stick-header-meta":"default","header-above-stick-meta":"","header-main-stick-meta":"","header-below-stick-meta":"","astra-migrate-meta-layouts":"set","ast-page-background-enabled":"default","ast-page-background-meta":{"desktop":{"background-color":"","background-image":"","background-repeat":"repeat","background-position":"center center","background-size":"auto","background-attachment":"scroll","background-type":"","background-media":"","overlay-type":"","overlay-color":"","overlay-opacity":"","overlay-gradient":""},"tablet":{"background-color":"","background-image":"","background-repeat":"repeat","background-position":"center center","background-size":"auto","background-attachment":"scroll","background-type":"","background-media":"","overlay-type":"","overlay-color":"","overlay-opacity":"","overlay-gradient":""},"mobile":{"background-color":"","background-image":"","background-repeat":"repeat","background-position":"center center","background-size":"auto","background-attachment":"scroll","background-type":"","background-media":"","overlay-type":"","overlay-color":"","overlay-opacity":"","overlay-gradient":""}},"ast-content-background-meta":{"desktop":{"background-color":"var(--ast-global-color-5)","background-image":"","background-repeat":"repeat","background-position":"center center","background-size":"auto","background-attachment":"scroll","background-type":"","background-media":"","overlay-type":"","overlay-color":"","overlay-opacity":"","overlay-gradient":""},"tablet":{"background-color":"var(--ast-global-color-5)","background-image":"","background-repeat":"repeat","background-position":"center center","background-size":"auto","background-attachment":"scroll","background-type":"","background-media":"","overlay-type":"","overlay-color":"","overlay-opacity":"","overlay-gradient":""},"mobile":{"background-color":"var(--ast-global-color-5)","background-image":"","background-repeat":"repeat","background-position":"center center","background-size":"auto","background-attachment":"scroll","background-type":"","background-media":"","overlay-type":"","overlay-color":"","overlay-opacity":"","overlay-gradient":""}}},"product_brand":[],"product_cat":[69],"product_tag":[],"class_list":{"0":"post-5594","1":"product","2":"type-product","3":"status-publish","4":"has-post-thumbnail","6":"product_cat-daily-chemical-product","7":"desktop-align-left","8":"tablet-align-left","9":"mobile-align-left","10":"ast-product-gallery-layout-horizontal-slider","11":"ast-product-gallery-with-no-image","12":"ast-product-tabs-layout-horizontal","14":"first","15":"instock","16":"shipping-taxable","17":"product-type-simple"},"uagb_featured_image_src":{"full":["https:\/\/jinancuchem.com\/wp-content\/uploads\/2025\/07\/\u672a\u6807\u9898-4-10.jpg",300,300,false],"thumbnail":["https:\/\/jinancuchem.com\/wp-content\/uploads\/2025\/07\/\u672a\u6807\u9898-4-10-150x150.jpg",150,150,true],"medium":["https:\/\/jinancuchem.com\/wp-content\/uploads\/2025\/07\/\u672a\u6807\u9898-4-10.jpg",300,300,false],"medium_large":["https:\/\/jinancuchem.com\/wp-content\/uploads\/2025\/07\/\u672a\u6807\u9898-4-10.jpg",300,300,false],"large":["https:\/\/jinancuchem.com\/wp-content\/uploads\/2025\/07\/\u672a\u6807\u9898-4-10.jpg",300,300,false],"1536x1536":["https:\/\/jinancuchem.com\/wp-content\/uploads\/2025\/07\/\u672a\u6807\u9898-4-10.jpg",300,300,false],"2048x2048":["https:\/\/jinancuchem.com\/wp-content\/uploads\/2025\/07\/\u672a\u6807\u9898-4-10.jpg",300,300,false],"trp-custom-language-flag":["https:\/\/jinancuchem.com\/wp-content\/uploads\/2025\/07\/\u672a\u6807\u9898-4-10-12x12.jpg",12,12,true],"woocommerce_thumbnail":["https:\/\/jinancuchem.com\/wp-content\/uploads\/2025\/07\/\u672a\u6807\u9898-4-10.jpg",300,300,false],"woocommerce_single":["https:\/\/jinancuchem.com\/wp-content\/uploads\/2025\/07\/\u672a\u6807\u9898-4-10.jpg",300,300,false],"woocommerce_gallery_thumbnail":["https:\/\/jinancuchem.com\/wp-content\/uploads\/2025\/07\/\u672a\u6807\u9898-4-10-100x100.jpg",100,100,true]},"uagb_author_info":{"display_name":"jinxing6611@gmail.com","author_link":"https:\/\/jinancuchem.com\/fr\/author\/"},"uagb_comment_info":0,"uagb_excerpt":"\u4e00\uff0eProduct Property It is a kind of high molecular surface active agent, with unique properties. It generally does not absorb moisture, has low toxicity and low foaming ability. It has good dispersibility, strong emulsifying power, and good low-temperature fluidity. \u4e8c\uff0eQuality Index Product Appearance (25\u00b0C) Color (Pt-Co) Molecular Weight Acid Value (mg KOH\/g) Purity (%) pH\u2026","_links":{"self":[{"href":"https:\/\/jinancuchem.com\/fr\/wp-json\/wp\/v2\/product\/5594","targetHints":{"allow":["GET"]}}],"collection":[{"href":"https:\/\/jinancuchem.com\/fr\/wp-json\/wp\/v2\/product"}],"about":[{"href":"https:\/\/jinancuchem.com\/fr\/wp-json\/wp\/v2\/types\/product"}],"wp:featuredmedia":[{"embeddable":true,"href":"https:\/\/jinancuchem.com\/fr\/wp-json\/wp\/v2\/media\/5597"}],"wp:attachment":[{"href":"https:\/\/jinancuchem.com\/fr\/wp-json\/wp\/v2\/media?parent=5594"}],"wp:term":[{"taxonomy":"product_brand","embeddable":true,"href":"https:\/\/jinancuchem.com\/fr\/wp-json\/wp\/v2\/product_brand?post=5594"},{"taxonomy":"product_cat","embeddable":true,"href":"https:\/\/jinancuchem.com\/fr\/wp-json\/wp\/v2\/product_cat?post=5594"},{"taxonomy":"product_tag","embeddable":true,"href":"https:\/\/jinancuchem.com\/fr\/wp-json\/wp\/v2\/product_tag?post=5594"}],"curies":[{"name":"wp","href":"https:\/\/api.w.org\/{rel}","templated":true}]}}