{"id":5598,"date":"2025-07-28T09:51:30","date_gmt":"2025-07-28T09:51:30","guid":{"rendered":"https:\/\/jinancuchem.com\/?post_type=product&#038;p=5598"},"modified":"2025-07-28T09:51:30","modified_gmt":"2025-07-28T09:51:30","slug":"hsh-polyether-polyol","status":"publish","type":"product","link":"https:\/\/jinancuchem.com\/fr\/produit\/hsh-polyether-polyol\/","title":{"rendered":"HSH polyether polyol"},"content":{"rendered":"<h3>\u4e00\uff0ePropri\u00e9t\u00e9 du produit<\/h3>\n<p>Il s'agit d'une sorte d'agent tensioactif \u00e0 haut poids mol\u00e9culaire, dot\u00e9 de propri\u00e9t\u00e9s uniques. Il n'absorbe g\u00e9n\u00e9ralement pas l'humidit\u00e9, pr\u00e9sente une faible toxicit\u00e9 et une faible capacit\u00e9 de moussage. Il a une bonne dispersibilit\u00e9, un fort pouvoir \u00e9mulsifiant et une bonne fluidit\u00e9 \u00e0 basse temp\u00e9rature.<\/p>\n<h3>\u4e8c\uff0eIndicateur de qualit\u00e9<\/h3>\n<table>\n<tbody>\n<tr>\n<td width=\"9.4000%\"><strong><b>Nom du produit<\/b><\/strong><\/td>\n<td width=\"12.5000%\"><strong><b>Aspect (25\u00b0C)<\/b><\/strong><\/td>\n<td width=\"12.3800%\"><strong><b>Indice d'hydroxyle (mgKOH\/g)<\/b><\/strong><\/td>\n<td width=\"12.3800%\"><strong><b>Acid Value (mgKOH\/g)<\/b><\/strong><\/td>\n<td width=\"10.3200%\"><strong><b>Humidit\u00e9 (%)<\/b><\/strong><\/td>\n<td width=\"8.9800%\"><strong><b>K+Na+ (ppm)<\/b><\/strong><\/td>\n<td width=\"9.2000%\"><strong><b>Couleur (APHA)<\/b><\/strong><\/td>\n<td width=\"10.1800%\"><strong><b>Viscosity 40\u00b0C (mPa\u00b7s)<\/b><\/strong><\/td>\n<td width=\"14.5400%\"><strong><b>Applications<\/b><\/strong><\/td>\n<\/tr>\n<tr>\n<td width=\"9.4000%\">HSH-204<\/td>\n<td width=\"12.5000%\">Liquide visqueux incolore \u00e0 jaune p\u00e2le<\/td>\n<td width=\"12.3800%\">265-300<\/td>\n<td width=\"12.3800%\">\u22640.15<\/td>\n<td width=\"10.3200%\">\u22640.20<\/td>\n<td width=\"8.9800%\">\u22648<\/td>\n<td width=\"9.2000%\">\u226450<\/td>\n<td width=\"10.1800%\">&#8211;<\/td>\n<td width=\"14.5400%\">Viscosity modifier for polymer polyols, waterproof coatings, chemical intermediate<\/td>\n<\/tr>\n<tr>\n<td width=\"9.4000%\">HSH-206<\/td>\n<td width=\"12.5000%\">Liquide visqueux incolore \u00e0 jaune p\u00e2le<\/td>\n<td width=\"12.3800%\">178-197<\/td>\n<td width=\"12.3800%\">\u22640.15<\/td>\n<td width=\"10.3200%\">\u22640.20<\/td>\n<td width=\"8.9800%\">\u22648<\/td>\n<td width=\"9.2000%\">\u226450<\/td>\n<td width=\"10.1800%\">&#8211;<\/td>\n<td width=\"14.5400%\">Elastomer production, viscosity modifier, chemical intermediate<\/td>\n<\/tr>\n<tr>\n<td width=\"9.4000%\">HSH-210<\/td>\n<td width=\"12.5000%\">Liquide visqueux incolore \u00e0 jaune p\u00e2le<\/td>\n<td width=\"12.3800%\">105-119<\/td>\n<td width=\"12.3800%\">\u22640.15<\/td>\n<td width=\"10.3200%\">\u22640.10<\/td>\n<td width=\"8.9800%\">\u22648<\/td>\n<td width=\"9.2000%\">\u226450<\/td>\n<td width=\"10.1800%\">&#8211;<\/td>\n<td width=\"14.5400%\">PU rigid\/semi-rigid foam, coatings, adhesives, chemical intermediate<\/td>\n<\/tr>\n<tr>\n<td width=\"9.4000%\">HSH-215<\/td>\n<td width=\"12.5000%\">Liquide visqueux incolore \u00e0 jaune p\u00e2le<\/td>\n<td width=\"12.3800%\">68-83<\/td>\n<td width=\"12.3800%\">\u22640.15<\/td>\n<td width=\"10.3200%\">\u22640.10<\/td>\n<td width=\"8.9800%\">\u22645<\/td>\n<td width=\"9.2000%\">\u226450<\/td>\n<td width=\"10.1800%\">&#8211;<\/td>\n<td width=\"14.5400%\">PU rigid\/semi-rigid foam, coatings, adhesives<\/td>\n<\/tr>\n<tr>\n<td width=\"9.4000%\">HSH-220<\/td>\n<td width=\"12.5000%\">Liquide visqueux incolore \u00e0 jaune p\u00e2le<\/td>\n<td width=\"12.3800%\">53-59<\/td>\n<td width=\"12.3800%\">\u22640.15<\/td>\n<td width=\"10.3200%\">\u22640.10<\/td>\n<td width=\"8.9800%\">\u22645<\/td>\n<td width=\"9.2000%\">\u226450<\/td>\n<td width=\"10.1800%\">\u2264180<\/td>\n<td width=\"14.5400%\">PU elastomers, adhesives, defoamer, chemical intermediate<\/td>\n<\/tr>\n<tr>\n<td width=\"9.4000%\">HSH-230<\/td>\n<td width=\"12.5000%\">Liquide visqueux incolore \u00e0 jaune p\u00e2le<\/td>\n<td width=\"12.3800%\">35-40<\/td>\n<td width=\"12.3800%\">\u22640.10<\/td>\n<td width=\"10.3200%\">\u22640.10<\/td>\n<td width=\"8.9800%\">\u22645<\/td>\n<td width=\"9.2000%\">\u226450<\/td>\n<td width=\"10.1800%\">&#8211;<\/td>\n<td width=\"14.5400%\">PU elastomers, coatings, adhesives, sealants, finishes, defoamer<\/td>\n<\/tr>\n<tr>\n<td width=\"9.4000%\">HSH-240<\/td>\n<td width=\"12.5000%\">Liquide visqueux incolore \u00e0 jaune p\u00e2le<\/td>\n<td width=\"12.3800%\">26.5-29.5<\/td>\n<td width=\"12.3800%\">\u22640.10<\/td>\n<td width=\"10.3200%\">\u22640.10<\/td>\n<td width=\"8.9800%\">\u22645<\/td>\n<td width=\"9.2000%\">\u226450<\/td>\n<td width=\"10.1800%\">\u2264500<\/td>\n<td width=\"14.5400%\">PU elastomers, coatings, adhesives, sealants, finishes<\/td>\n<\/tr>\n<tr>\n<td width=\"9.4000%\">HSH-260<\/td>\n<td width=\"12.5000%\">Colorless to pale yellow viscous material<\/td>\n<td width=\"12.3800%\">17.5-20<\/td>\n<td width=\"12.3800%\">\u22640.10<\/td>\n<td width=\"10.3200%\">\u22640.10<\/td>\n<td width=\"8.9800%\">\u22645<\/td>\n<td width=\"9.2000%\">\u226450<\/td>\n<td width=\"10.1800%\">&#8211;<\/td>\n<td width=\"14.5400%\">PU elastomers, coatings, adhesives, sealants, finishes<\/td>\n<\/tr>\n<tr>\n<td width=\"9.4000%\">HSH-280<\/td>\n<td width=\"12.5000%\">Colorless to pale yellow viscous material<\/td>\n<td width=\"12.3800%\">12.5-16<\/td>\n<td width=\"12.3800%\">\u22640.10<\/td>\n<td width=\"10.3200%\">\u22640.10<\/td>\n<td width=\"8.9800%\">\u22645<\/td>\n<td width=\"9.2000%\">\u226450<\/td>\n<td width=\"10.1800%\">&#8211;<\/td>\n<td width=\"14.5400%\">PU elastomers, coatings, adhesives, sealants, finishes<\/td>\n<\/tr>\n<tr>\n<td width=\"9.4000%\">HSH-303<\/td>\n<td width=\"12.5000%\">Liquide visqueux incolore \u00e0 jaune p\u00e2le<\/td>\n<td width=\"12.3800%\">535-590<\/td>\n<td width=\"12.3800%\">\u22640.15<\/td>\n<td width=\"10.3200%\">\u22640.10<\/td>\n<td width=\"8.9800%\">\u226410<\/td>\n<td width=\"9.2000%\">\u226450<\/td>\n<td width=\"10.1800%\">&#8211;<\/td>\n<td width=\"14.5400%\">PU rigid foam, chemical intermediate<\/td>\n<\/tr>\n<tr>\n<td width=\"9.4000%\">HSH-305<\/td>\n<td width=\"12.5000%\">Liquide visqueux incolore \u00e0 jaune p\u00e2le<\/td>\n<td width=\"12.3800%\">320-355<\/td>\n<td width=\"12.3800%\">\u22640.15<\/td>\n<td width=\"10.3200%\">\u22640.10<\/td>\n<td width=\"8.9800%\">\u226410<\/td>\n<td width=\"9.2000%\">\u226450<\/td>\n<td width=\"10.1800%\">&#8211;<\/td>\n<td width=\"14.5400%\">PU rigid foam, chemical intermediate<\/td>\n<\/tr>\n<tr>\n<td width=\"9.4000%\">HSH-310<\/td>\n<td width=\"12.5000%\">Liquide visqueux incolore \u00e0 jaune p\u00e2le<\/td>\n<td width=\"12.3800%\">153-188<\/td>\n<td width=\"12.3800%\">\u22640.15<\/td>\n<td width=\"10.3200%\">\u22640.10<\/td>\n<td width=\"8.9800%\">\u22648<\/td>\n<td width=\"9.2000%\">\u226450<\/td>\n<td width=\"10.1800%\">&#8211;<\/td>\n<td width=\"14.5400%\">PU elastomers, adhesives, waterproof coatings<\/td>\n<\/tr>\n<tr>\n<td width=\"9.4000%\">HSH-330<\/td>\n<td width=\"12.5000%\">Liquide visqueux incolore \u00e0 jaune p\u00e2le<\/td>\n<td width=\"12.3800%\">53-59<\/td>\n<td width=\"12.3800%\">\u22640.15<\/td>\n<td width=\"10.3200%\">\u22640.10<\/td>\n<td width=\"8.9800%\">\u22645<\/td>\n<td width=\"9.2000%\">\u226450<\/td>\n<td width=\"10.1800%\">&#8211;<\/td>\n<td width=\"14.5400%\">Flexible PU foam, chemical intermediate, defoamer<\/td>\n<\/tr>\n<tr>\n<td width=\"9.4000%\">HSH-330N<\/td>\n<td width=\"12.5000%\">Liquide visqueux incolore \u00e0 jaune p\u00e2le<\/td>\n<td width=\"12.3800%\">33-37<\/td>\n<td width=\"12.3800%\">\u22640.10<\/td>\n<td width=\"10.3200%\">\u22640.10<\/td>\n<td width=\"8.9800%\">\u22645<\/td>\n<td width=\"9.2000%\">\u2264150<\/td>\n<td width=\"10.1800%\">&#8211;<\/td>\n<td width=\"14.5400%\">High reactivity polyether with wide applications<\/td>\n<\/tr>\n<tr>\n<td width=\"9.4000%\">HSH-360<\/td>\n<td width=\"12.5000%\">Colorless to pale yellow viscous material<\/td>\n<td width=\"12.3800%\">25-31<\/td>\n<td width=\"12.3800%\">\u22640.10<\/td>\n<td width=\"10.3200%\">\u22640.10<\/td>\n<td width=\"8.9800%\">\u22645<\/td>\n<td width=\"9.2000%\">\u226450<\/td>\n<td width=\"10.1800%\">&#8211;<\/td>\n<td width=\"14.5400%\">High resilience &amp; semi-rigid\/soft PU foam, chemical intermediate<\/td>\n<\/tr>\n<tr>\n<td width=\"9.4000%\">HSH-390<\/td>\n<td width=\"12.5000%\">Colorless to pale yellow viscous material<\/td>\n<td width=\"12.3800%\">17-20<\/td>\n<td width=\"12.3800%\">\u22640.10<\/td>\n<td width=\"10.3200%\">\u22640.10<\/td>\n<td width=\"8.9800%\">\u22645<\/td>\n<td width=\"9.2000%\">\u226450<\/td>\n<td width=\"10.1800%\">&#8211;<\/td>\n<td width=\"14.5400%\">High resilience\/soft PU foam production<\/td>\n<\/tr>\n<tr>\n<td width=\"9.4000%\">HSH-403A<\/td>\n<td width=\"12.5000%\">Yellow viscous liquid<\/td>\n<td width=\"12.3800%\">740-780<\/td>\n<td width=\"12.3800%\">\u22640.10<\/td>\n<td width=\"10.3200%\">\u22640.10<\/td>\n<td width=\"8.9800%\">\u22645<\/td>\n<td width=\"9.2000%\">\u2264150<\/td>\n<td width=\"10.1800%\">&#8211;<\/td>\n<td width=\"14.5400%\">PU rigid foam production<\/td>\n<\/tr>\n<tr>\n<td width=\"9.4000%\">HSH-6020<\/td>\n<td width=\"12.5000%\">Liquide visqueux incolore \u00e0 jaune p\u00e2le<\/td>\n<td width=\"12.3800%\">390-430<\/td>\n<td width=\"12.3800%\">\u22640.10<\/td>\n<td width=\"10.3200%\">\u22640.10<\/td>\n<td width=\"8.9800%\">\u22645<\/td>\n<td width=\"9.2000%\">\u2264100<\/td>\n<td width=\"10.1800%\">&#8211;<\/td>\n<td width=\"14.5400%\">PU rigid foam, chemical intermediate<\/td>\n<\/tr>\n<\/tbody>\n<\/table>\n<h3>\u4e09\uff0eApplication du champ d'application et utilisation<\/h3>\n<p>Utilis\u00e9 dans les d\u00e9tergents peu moussants, les \u00e9mulsifiants, les antimousses, ainsi que dans les agents de nivellement des tissus, les agents antistatiques, les liquides de refroidissement pour la coupe des m\u00e9taux, les agents d'huile de filature \u00e0 grande vitesse, les lubrifiants et les adh\u00e9sifs.<\/p>\n<p>Utilis\u00e9 comme agent de lissage dans les produits chimiques \u00e0 base d'huile de fibre.<\/p>\n<h3>\u56db\uff0eEmballage et stockage<\/h3>\n<p>Conditionn\u00e9s dans des f\u00fbts en fer de 200 kg et des f\u00fbts en plastique de 50 kg.<\/p>\n<p>Cette s\u00e9rie de produits est ininflammable et peut \u00eatre stock\u00e9e et transport\u00e9e conform\u00e9ment aux m\u00e9thodes de stockage et de transport des produits chimiques g\u00e9n\u00e9raux.<\/p>\n<p>Conserver dans un endroit sec et bien ventil\u00e9.<\/p>\n<p>Dur\u00e9e de conservation : deux ans.<\/p>","protected":false},"excerpt":{"rendered":"<p>\u4e00\uff0eProduct Property It is a kind of high molecular surface active agent, with unique properties. It generally does not absorb moisture, has low toxicity and low foaming ability. It has good dispersibility, strong emulsifying power, and good low-temperature fluidity. \u4e8c\uff0eQuality Index Product Name Appearance (25\u00b0C) Hydroxyl Value (mgKOH\/g) Acid Value (mgKOH\/g) Moisture (%) K+Na+ (ppm) [&hellip;]<\/p>\n","protected":false},"featured_media":5597,"template":"","meta":{"_seopress_robots_primary_cat":"","_seopress_titles_title":"","_seopress_titles_desc":"","_seopress_robots_index":"","_uag_custom_page_level_css":"","site-sidebar-layout":"default","site-content-layout":"","ast-site-content-layout":"default","site-content-style":"default","site-sidebar-style":"default","ast-global-header-display":"","ast-banner-title-visibility":"","ast-main-header-display":"","ast-hfb-above-header-display":"","ast-hfb-below-header-display":"","ast-hfb-mobile-header-display":"","site-post-title":"","ast-breadcrumbs-content":"","ast-featured-img":"","footer-sml-layout":"","theme-transparent-header-meta":"default","adv-header-id-meta":"","stick-header-meta":"default","header-above-stick-meta":"","header-main-stick-meta":"","header-below-stick-meta":"","astra-migrate-meta-layouts":"set","ast-page-background-enabled":"default","ast-page-background-meta":{"desktop":{"background-color":"","background-image":"","background-repeat":"repeat","background-position":"center center","background-size":"auto","background-attachment":"scroll","background-type":"","background-media":"","overlay-type":"","overlay-color":"","overlay-opacity":"","overlay-gradient":""},"tablet":{"background-color":"","background-image":"","background-repeat":"repeat","background-position":"center center","background-size":"auto","background-attachment":"scroll","background-type":"","background-media":"","overlay-type":"","overlay-color":"","overlay-opacity":"","overlay-gradient":""},"mobile":{"background-color":"","background-image":"","background-repeat":"repeat","background-position":"center center","background-size":"auto","background-attachment":"scroll","background-type":"","background-media":"","overlay-type":"","overlay-color":"","overlay-opacity":"","overlay-gradient":""}},"ast-content-background-meta":{"desktop":{"background-color":"var(--ast-global-color-5)","background-image":"","background-repeat":"repeat","background-position":"center center","background-size":"auto","background-attachment":"scroll","background-type":"","background-media":"","overlay-type":"","overlay-color":"","overlay-opacity":"","overlay-gradient":""},"tablet":{"background-color":"var(--ast-global-color-5)","background-image":"","background-repeat":"repeat","background-position":"center center","background-size":"auto","background-attachment":"scroll","background-type":"","background-media":"","overlay-type":"","overlay-color":"","overlay-opacity":"","overlay-gradient":""},"mobile":{"background-color":"var(--ast-global-color-5)","background-image":"","background-repeat":"repeat","background-position":"center center","background-size":"auto","background-attachment":"scroll","background-type":"","background-media":"","overlay-type":"","overlay-color":"","overlay-opacity":"","overlay-gradient":""}}},"product_brand":[],"product_cat":[69],"product_tag":[],"class_list":{"0":"post-5598","1":"product","2":"type-product","3":"status-publish","4":"has-post-thumbnail","6":"product_cat-daily-chemical-product","7":"desktop-align-left","8":"tablet-align-left","9":"mobile-align-left","10":"ast-product-gallery-layout-horizontal-slider","11":"ast-product-gallery-with-no-image","12":"ast-product-tabs-layout-horizontal","14":"first","15":"instock","16":"shipping-taxable","17":"product-type-simple"},"uagb_featured_image_src":{"full":["https:\/\/jinancuchem.com\/wp-content\/uploads\/2025\/07\/\u672a\u6807\u9898-4-10.jpg",300,300,false],"thumbnail":["https:\/\/jinancuchem.com\/wp-content\/uploads\/2025\/07\/\u672a\u6807\u9898-4-10-150x150.jpg",150,150,true],"medium":["https:\/\/jinancuchem.com\/wp-content\/uploads\/2025\/07\/\u672a\u6807\u9898-4-10.jpg",300,300,false],"medium_large":["https:\/\/jinancuchem.com\/wp-content\/uploads\/2025\/07\/\u672a\u6807\u9898-4-10.jpg",300,300,false],"large":["https:\/\/jinancuchem.com\/wp-content\/uploads\/2025\/07\/\u672a\u6807\u9898-4-10.jpg",300,300,false],"1536x1536":["https:\/\/jinancuchem.com\/wp-content\/uploads\/2025\/07\/\u672a\u6807\u9898-4-10.jpg",300,300,false],"2048x2048":["https:\/\/jinancuchem.com\/wp-content\/uploads\/2025\/07\/\u672a\u6807\u9898-4-10.jpg",300,300,false],"trp-custom-language-flag":["https:\/\/jinancuchem.com\/wp-content\/uploads\/2025\/07\/\u672a\u6807\u9898-4-10-12x12.jpg",12,12,true],"woocommerce_thumbnail":["https:\/\/jinancuchem.com\/wp-content\/uploads\/2025\/07\/\u672a\u6807\u9898-4-10.jpg",300,300,false],"woocommerce_single":["https:\/\/jinancuchem.com\/wp-content\/uploads\/2025\/07\/\u672a\u6807\u9898-4-10.jpg",300,300,false],"woocommerce_gallery_thumbnail":["https:\/\/jinancuchem.com\/wp-content\/uploads\/2025\/07\/\u672a\u6807\u9898-4-10-100x100.jpg",100,100,true]},"uagb_author_info":{"display_name":"jinxing6611@gmail.com","author_link":"https:\/\/jinancuchem.com\/fr\/author\/"},"uagb_comment_info":0,"uagb_excerpt":"\u4e00\uff0eProduct Property It is a kind of high molecular surface active agent, with unique properties. It generally does not absorb moisture, has low toxicity and low foaming ability. It has good dispersibility, strong emulsifying power, and good low-temperature fluidity. \u4e8c\uff0eQuality Index Product Name Appearance (25\u00b0C) Hydroxyl Value (mgKOH\/g) Acid Value (mgKOH\/g) Moisture (%) K+Na+ (ppm)\u2026","_links":{"self":[{"href":"https:\/\/jinancuchem.com\/fr\/wp-json\/wp\/v2\/product\/5598","targetHints":{"allow":["GET"]}}],"collection":[{"href":"https:\/\/jinancuchem.com\/fr\/wp-json\/wp\/v2\/product"}],"about":[{"href":"https:\/\/jinancuchem.com\/fr\/wp-json\/wp\/v2\/types\/product"}],"wp:featuredmedia":[{"embeddable":true,"href":"https:\/\/jinancuchem.com\/fr\/wp-json\/wp\/v2\/media\/5597"}],"wp:attachment":[{"href":"https:\/\/jinancuchem.com\/fr\/wp-json\/wp\/v2\/media?parent=5598"}],"wp:term":[{"taxonomy":"product_brand","embeddable":true,"href":"https:\/\/jinancuchem.com\/fr\/wp-json\/wp\/v2\/product_brand?post=5598"},{"taxonomy":"product_cat","embeddable":true,"href":"https:\/\/jinancuchem.com\/fr\/wp-json\/wp\/v2\/product_cat?post=5598"},{"taxonomy":"product_tag","embeddable":true,"href":"https:\/\/jinancuchem.com\/fr\/wp-json\/wp\/v2\/product_tag?post=5598"}],"curies":[{"name":"wp","href":"https:\/\/api.w.org\/{rel}","templated":true}]}}