{"id":5604,"date":"2025-07-28T09:53:25","date_gmt":"2025-07-28T09:53:25","guid":{"rendered":"https:\/\/jinancuchem.com\/?post_type=product&#038;p=5604"},"modified":"2025-07-28T09:53:26","modified_gmt":"2025-07-28T09:53:26","slug":"polyethylene-glycol-monomethyl-ether","status":"publish","type":"product","link":"https:\/\/jinancuchem.com\/fr\/produit\/polyethylene-glycol-monomethyl-ether\/","title":{"rendered":"\u00c9ther monom\u00e9thylique du poly\u00e9thyl\u00e8ne glycol"},"content":{"rendered":"<h3>\u4e00\uff0ePropri\u00e9t\u00e9 du produit<\/h3>\n<p>L'\u00e9ther monom\u00e9thylique du poly\u00e9thyl\u00e8ne glycol (MPEG) est un agent de surface non ionique. Il se pr\u00e9sente sous la forme d'un liquide incolore \u00e0 jaune p\u00e2le ou d'un solide p\u00e2teux. Ce produit pr\u00e9sente une excellente solubilit\u00e9 dans l'eau et une grande stabilit\u00e9 chimique. Les groupes m\u00e9thoxy et hydroxyle aux extr\u00e9mit\u00e9s mol\u00e9culaires lui conf\u00e8rent une excellente r\u00e9activit\u00e9. Le MPEG est peu toxique et non irritant, r\u00e9pondant aux normes de s\u00e9curit\u00e9 des industries pharmaceutiques et cosm\u00e9tiques. Il poss\u00e8de \u00e9galement de multiples caract\u00e9ristiques fonctionnelles telles que le mouillage, l'\u00e9mulsification et la dispersion. En fonction des sp\u00e9cifications de poids mol\u00e9culaire, il peut \u00eatre largement utilis\u00e9 dans des domaines tels que les vecteurs de m\u00e9dicaments, les additifs de rev\u00eatement et les auxiliaires textiles, r\u00e9pondant aux besoins de diverses applications allant des solvants aux \u00e9paississants.<\/p>\n<h3>\u4e8c\uff0eIndicateur de qualit\u00e9<\/h3>\n<table>\n<tbody>\n<tr>\n<td><strong><b>Grade<\/b><\/strong><\/td>\n<td><strong><b>Aspect (25\u00b0C)<\/b><\/strong><\/td>\n<td><strong><b>Indice d'hydroxyle (mgKOH\/g)<\/b><\/strong><\/td>\n<td><strong><b>Poids mol\u00e9culaire<\/b><\/strong><\/td>\n<td><strong><b>Humidit\u00e9 (%)<\/b><\/strong><\/td>\n<td><strong><b>Valeur du pH<\/b><\/strong><\/td>\n<\/tr>\n<tr>\n<td>MPEG-600<\/td>\n<td>Liquide visqueux<\/td>\n<td>88-100<\/td>\n<td>560-640<\/td>\n<td>\u22640.5<\/td>\n<td>5.0-7.0<\/td>\n<\/tr>\n<tr>\n<td>MPEG-750<\/td>\n<td>Liquide visqueux<\/td>\n<td>70-80<\/td>\n<td>700-800<\/td>\n<td>\u22640.5<\/td>\n<td>5.0-7.0<\/td>\n<\/tr>\n<tr>\n<td>MPEG-1000<\/td>\n<td>P\u00e2te cireuse<\/td>\n<td>47-56<\/td>\n<td>1000-1200<\/td>\n<td>\u22640.5<\/td>\n<td>5.0-7.0<\/td>\n<\/tr>\n<tr>\n<td>MPEG-2000<\/td>\n<td>Solide blanc<\/td>\n<td>25.5-31<\/td>\n<td>1800-2200<\/td>\n<td>\u22640.5<\/td>\n<td>5.0-7.0<\/td>\n<\/tr>\n<\/tbody>\n<\/table>\n<p>&nbsp;<\/p>\n<h3>\u4e09\uff0eApplication du champ d'application et utilisation<\/h3>\n<p>Il est utilis\u00e9 dans l'industrie des mat\u00e9riaux de construction comme mati\u00e8re premi\u00e8re pour r\u00e9duire la teneur en eau du ciment et am\u00e9liorer ses propri\u00e9t\u00e9s. Le r\u00e9ducteur d'eau de type polycarboxylique \u00e0 haut rendement synth\u00e9tis\u00e9 avec cette mati\u00e8re premi\u00e8re a une forte capacit\u00e9 \u00e0 disperser les particules de ciment et \u00e0 maintenir la dispersion. Par cons\u00e9quent, le produit pr\u00e9sente les avantages suivants : faible dosage, taux de r\u00e9duction d'eau \u00e9lev\u00e9, bon effet de renforcement, bonne durabilit\u00e9, r\u00e9sistance \u00e0 la corrosion des barres d'armature et respect de l'environnement. Il peut \u00eatre utilis\u00e9 dans les b\u00e9tons commerciaux \u00e0 haute performance et \u00e0 haute r\u00e9sistance (sup\u00e9rieure \u00e0 C60) pour le m\u00e9lange sur site et le transport sur de longues distances.<\/p>\n<p>Soluble dans l'eau, l'\u00e9thanol et les solvants organiques. Faible pression de vapeur, stable \u00e0 la chaleur. Utilis\u00e9 comme \u00e9paississant et lubrifiant dans l'industrie de l'impression et de la teinture des textiles ainsi que dans l'industrie cosm\u00e9tique.<\/p>\n<h3>\u56db\uff0eEmballage et stockage<\/h3>\n<p>Conditionn\u00e9s dans des f\u00fbts en fer de 200 kg et des f\u00fbts en plastique de 50 kg.<\/p>\n<p>Cette s\u00e9rie de produits est ininflammable et peut \u00eatre stock\u00e9e et transport\u00e9e conform\u00e9ment aux m\u00e9thodes de stockage et de transport des produits chimiques g\u00e9n\u00e9raux.<\/p>\n<p>Conserver dans un endroit sec et bien ventil\u00e9.<\/p>\n<p>Dur\u00e9e de conservation : deux ans.<\/p>","protected":false},"excerpt":{"rendered":"<p>\u4e00\uff0eProduct Property Polyethylene glycol monomethyl ether (MPEG) is a non-ionic surfactant. It appears as a colorless to pale yellow liquid or a paste-like solid. This product has excellent water solubility and chemical stability. The methoxy and hydroxyl groups at the molecular ends give it excellent reactivity. MPEG is low in toxicity and non-irritating, meeting the [&hellip;]<\/p>\n","protected":false},"featured_media":5597,"template":"","meta":{"_seopress_robots_primary_cat":"","_seopress_titles_title":"","_seopress_titles_desc":"","_seopress_robots_index":"","_uag_custom_page_level_css":"","site-sidebar-layout":"default","site-content-layout":"","ast-site-content-layout":"default","site-content-style":"default","site-sidebar-style":"default","ast-global-header-display":"","ast-banner-title-visibility":"","ast-main-header-display":"","ast-hfb-above-header-display":"","ast-hfb-below-header-display":"","ast-hfb-mobile-header-display":"","site-post-title":"","ast-breadcrumbs-content":"","ast-featured-img":"","footer-sml-layout":"","theme-transparent-header-meta":"default","adv-header-id-meta":"","stick-header-meta":"default","header-above-stick-meta":"","header-main-stick-meta":"","header-below-stick-meta":"","astra-migrate-meta-layouts":"set","ast-page-background-enabled":"default","ast-page-background-meta":{"desktop":{"background-color":"","background-image":"","background-repeat":"repeat","background-position":"center center","background-size":"auto","background-attachment":"scroll","background-type":"","background-media":"","overlay-type":"","overlay-color":"","overlay-opacity":"","overlay-gradient":""},"tablet":{"background-color":"","background-image":"","background-repeat":"repeat","background-position":"center center","background-size":"auto","background-attachment":"scroll","background-type":"","background-media":"","overlay-type":"","overlay-color":"","overlay-opacity":"","overlay-gradient":""},"mobile":{"background-color":"","background-image":"","background-repeat":"repeat","background-position":"center center","background-size":"auto","background-attachment":"scroll","background-type":"","background-media":"","overlay-type":"","overlay-color":"","overlay-opacity":"","overlay-gradient":""}},"ast-content-background-meta":{"desktop":{"background-color":"var(--ast-global-color-5)","background-image":"","background-repeat":"repeat","background-position":"center center","background-size":"auto","background-attachment":"scroll","background-type":"","background-media":"","overlay-type":"","overlay-color":"","overlay-opacity":"","overlay-gradient":""},"tablet":{"background-color":"var(--ast-global-color-5)","background-image":"","background-repeat":"repeat","background-position":"center center","background-size":"auto","background-attachment":"scroll","background-type":"","background-media":"","overlay-type":"","overlay-color":"","overlay-opacity":"","overlay-gradient":""},"mobile":{"background-color":"var(--ast-global-color-5)","background-image":"","background-repeat":"repeat","background-position":"center center","background-size":"auto","background-attachment":"scroll","background-type":"","background-media":"","overlay-type":"","overlay-color":"","overlay-opacity":"","overlay-gradient":""}}},"product_brand":[],"product_cat":[69],"product_tag":[],"class_list":{"0":"post-5604","1":"product","2":"type-product","3":"status-publish","4":"has-post-thumbnail","6":"product_cat-daily-chemical-product","7":"desktop-align-left","8":"tablet-align-left","9":"mobile-align-left","10":"ast-product-gallery-layout-horizontal-slider","11":"ast-product-gallery-with-no-image","12":"ast-product-tabs-layout-horizontal","14":"first","15":"instock","16":"shipping-taxable","17":"product-type-simple"},"uagb_featured_image_src":{"full":["https:\/\/jinancuchem.com\/wp-content\/uploads\/2025\/07\/\u672a\u6807\u9898-4-10.jpg",300,300,false],"thumbnail":["https:\/\/jinancuchem.com\/wp-content\/uploads\/2025\/07\/\u672a\u6807\u9898-4-10-150x150.jpg",150,150,true],"medium":["https:\/\/jinancuchem.com\/wp-content\/uploads\/2025\/07\/\u672a\u6807\u9898-4-10.jpg",300,300,false],"medium_large":["https:\/\/jinancuchem.com\/wp-content\/uploads\/2025\/07\/\u672a\u6807\u9898-4-10.jpg",300,300,false],"large":["https:\/\/jinancuchem.com\/wp-content\/uploads\/2025\/07\/\u672a\u6807\u9898-4-10.jpg",300,300,false],"1536x1536":["https:\/\/jinancuchem.com\/wp-content\/uploads\/2025\/07\/\u672a\u6807\u9898-4-10.jpg",300,300,false],"2048x2048":["https:\/\/jinancuchem.com\/wp-content\/uploads\/2025\/07\/\u672a\u6807\u9898-4-10.jpg",300,300,false],"trp-custom-language-flag":["https:\/\/jinancuchem.com\/wp-content\/uploads\/2025\/07\/\u672a\u6807\u9898-4-10-12x12.jpg",12,12,true],"woocommerce_thumbnail":["https:\/\/jinancuchem.com\/wp-content\/uploads\/2025\/07\/\u672a\u6807\u9898-4-10.jpg",300,300,false],"woocommerce_single":["https:\/\/jinancuchem.com\/wp-content\/uploads\/2025\/07\/\u672a\u6807\u9898-4-10.jpg",300,300,false],"woocommerce_gallery_thumbnail":["https:\/\/jinancuchem.com\/wp-content\/uploads\/2025\/07\/\u672a\u6807\u9898-4-10-100x100.jpg",100,100,true]},"uagb_author_info":{"display_name":"jinxing6611@gmail.com","author_link":"https:\/\/jinancuchem.com\/fr\/author\/"},"uagb_comment_info":0,"uagb_excerpt":"\u4e00\uff0eProduct Property Polyethylene glycol monomethyl ether (MPEG) is a non-ionic surfactant. It appears as a colorless to pale yellow liquid or a paste-like solid. This product has excellent water solubility and chemical stability. The methoxy and hydroxyl groups at the molecular ends give it excellent reactivity. MPEG is low in toxicity and non-irritating, meeting the\u2026","_links":{"self":[{"href":"https:\/\/jinancuchem.com\/fr\/wp-json\/wp\/v2\/product\/5604","targetHints":{"allow":["GET"]}}],"collection":[{"href":"https:\/\/jinancuchem.com\/fr\/wp-json\/wp\/v2\/product"}],"about":[{"href":"https:\/\/jinancuchem.com\/fr\/wp-json\/wp\/v2\/types\/product"}],"wp:featuredmedia":[{"embeddable":true,"href":"https:\/\/jinancuchem.com\/fr\/wp-json\/wp\/v2\/media\/5597"}],"wp:attachment":[{"href":"https:\/\/jinancuchem.com\/fr\/wp-json\/wp\/v2\/media?parent=5604"}],"wp:term":[{"taxonomy":"product_brand","embeddable":true,"href":"https:\/\/jinancuchem.com\/fr\/wp-json\/wp\/v2\/product_brand?post=5604"},{"taxonomy":"product_cat","embeddable":true,"href":"https:\/\/jinancuchem.com\/fr\/wp-json\/wp\/v2\/product_cat?post=5604"},{"taxonomy":"product_tag","embeddable":true,"href":"https:\/\/jinancuchem.com\/fr\/wp-json\/wp\/v2\/product_tag?post=5604"}],"curies":[{"name":"wp","href":"https:\/\/api.w.org\/{rel}","templated":true}]}}