{"id":5614,"date":"2025-07-29T03:25:48","date_gmt":"2025-07-29T03:25:48","guid":{"rendered":"https:\/\/jinancuchem.com\/?post_type=product&#038;p=5614"},"modified":"2025-07-29T03:25:48","modified_gmt":"2025-07-29T03:25:48","slug":"polyethylene-glycol-monooleate","status":"publish","type":"product","link":"https:\/\/jinancuchem.com\/fr\/produit\/polyethylene-glycol-monooleate\/","title":{"rendered":"poly(ethylene glycol) monooleate"},"content":{"rendered":"<h3>\u4e00\uff0ePropri\u00e9t\u00e9 du produit<\/h3>\n<p>Polyethylene glycol oleate is a non-ionic surfactant with excellent emulsifying, dispersing and wetting properties. Its molecular structure contains hydrophilic polyethylene glycol segments and hydrophobic oleate groups, which can form a stable interaction at the oil-water interface.<\/p>\n<h3>\u4e8c\uff0eIndicateur de qualit\u00e9<\/h3>\n<table>\n<tbody>\n<tr>\n<td><strong><b>Produit<\/b><\/strong><\/td>\n<td><strong><b>Aspect (25\u00b0C)<\/b><\/strong><\/td>\n<td><strong><b>Acid Value (mgKOH\/g)<\/b><\/strong><\/td>\n<td><strong><b>Indice de saponification (mgKOH\/g)<\/b><\/strong><\/td>\n<td><strong><b>Content (%)<\/b><\/strong><\/td>\n<td><strong><b>pH (1% sol. aq.)<\/b><\/strong><\/td>\n<td><strong><b>Valeur HLB<\/b><\/strong><\/td>\n<\/tr>\n<tr>\n<td><strong><b>EGMS<\/b><\/strong><\/td>\n<td>Pale yellow to off-white solid<\/td>\n<td>\u22645<\/td>\n<td>170\u2013190<\/td>\n<td>\u226599%<\/td>\n<td>5.0-7.0<\/td>\n<td>2\u20134<\/td>\n<\/tr>\n<tr>\n<td><strong><b>EGDS<\/b><\/strong><\/td>\n<td>Pale yellow to off-white solid<\/td>\n<td>\u226410<\/td>\n<td>185\u2013200<\/td>\n<td>\u226599%<\/td>\n<td>5.0-7.0<\/td>\n<td>1.5<\/td>\n<\/tr>\n<tr>\n<td><strong><b>DEGMS<\/b><\/strong><\/td>\n<td>Pale yellow to off-white solid<\/td>\n<td>\u22645<\/td>\n<td>160\u2013170<\/td>\n<td>\u226599%<\/td>\n<td>5.0-7.0<\/td>\n<td>3.5<\/td>\n<\/tr>\n<tr>\n<td><strong><b>DEGDS<\/b><\/strong><\/td>\n<td>Pale yellow to off-white solid<\/td>\n<td>\u226410<\/td>\n<td>184\u2013194<\/td>\n<td>\u226599%<\/td>\n<td>5.0-7.0<\/td>\n<td>3<\/td>\n<\/tr>\n<tr>\n<td><strong><b>PEG400MS<\/b><\/strong><\/td>\n<td>Pale yellow to off-white solid<\/td>\n<td>\u22645<\/td>\n<td>75\u201395<\/td>\n<td>\u226599%<\/td>\n<td>5.0-7.0<\/td>\n<td>10.7\u201311.7<\/td>\n<\/tr>\n<tr>\n<td><strong><b>PEG400DS<\/b><\/strong><\/td>\n<td>Pale yellow to off-white solid<\/td>\n<td>\u226410<\/td>\n<td>110-130<\/td>\n<td>\u226599%<\/td>\n<td>5.0-7.0<\/td>\n<td>7.2\u20138.2<\/td>\n<\/tr>\n<tr>\n<td><strong><b>PEG200ML<\/b><\/strong><\/td>\n<td>Liquide incolore \u00e0 jaune p\u00e2le<\/td>\n<td>\u22645<\/td>\n<td>140\u2013155<\/td>\n<td>\u226599%<\/td>\n<td>5.0-7.0<\/td>\n<td>9.5<\/td>\n<\/tr>\n<tr>\n<td><strong><b>PEG200DL<\/b><\/strong><\/td>\n<td>Liquide incolore \u00e0 jaune p\u00e2le<\/td>\n<td>\u226410<\/td>\n<td>195\u2013210<\/td>\n<td>\u226599%<\/td>\n<td>5.0-7.0<\/td>\n<td>8<\/td>\n<\/tr>\n<tr>\n<td><strong><b>PEG400ML<\/b><\/strong><\/td>\n<td>Liquide incolore \u00e0 jaune p\u00e2le<\/td>\n<td>\u22645<\/td>\n<td>90\u2013110<\/td>\n<td>\u226599%<\/td>\n<td>5.0-7.0<\/td>\n<td>13<\/td>\n<\/tr>\n<tr>\n<td><strong><b>PEG400DL<\/b><\/strong><\/td>\n<td>Liquide incolore \u00e0 jaune p\u00e2le<\/td>\n<td>\u226410<\/td>\n<td>130\u2013155<\/td>\n<td>\u226599%<\/td>\n<td>5.0-7.0<\/td>\n<td>10.5<\/td>\n<\/tr>\n<tr>\n<td><strong><b>PEG400MO<\/b><\/strong><\/td>\n<td>Liquide ambr\u00e9<\/td>\n<td>\u22645<\/td>\n<td>75\u201395<\/td>\n<td>\u226599%<\/td>\n<td>5.0-7.0<\/td>\n<td>11\u201312<\/td>\n<\/tr>\n<tr>\n<td><strong><b>PEG400DO<\/b><\/strong><\/td>\n<td>Liquide ambr\u00e9<\/td>\n<td>\u226410<\/td>\n<td>100\u2013130<\/td>\n<td>\u226599%<\/td>\n<td>5.0-7.0<\/td>\n<td>7\u20138<\/td>\n<\/tr>\n<tr>\n<td><strong><b>PEG600MO<\/b><\/strong><\/td>\n<td>Liquide ambr\u00e9<\/td>\n<td>\u22645<\/td>\n<td>60\u201375<\/td>\n<td>\u226599%<\/td>\n<td>5.0-7.0<\/td>\n<td>13-14<\/td>\n<\/tr>\n<tr>\n<td><strong><b>PEG600DO<\/b><\/strong><\/td>\n<td>Liquide ambr\u00e9<\/td>\n<td>\u226410<\/td>\n<td>85\u2013105<\/td>\n<td>\u226599%<\/td>\n<td>5.0-7.0<\/td>\n<td>10\u201311<\/td>\n<\/tr>\n<tr>\n<td><strong><b>PEG4000MO<\/b><\/strong><\/td>\n<td>Yellow solid<\/td>\n<td>\u22645<\/td>\n<td>10\u201315<\/td>\n<td>\u226599%<\/td>\n<td>5.0-7.0<\/td>\n<td>18\u201318.5<\/td>\n<\/tr>\n<tr>\n<td><strong><b>PEG6000MO<\/b><\/strong><\/td>\n<td>Yellow solid<\/td>\n<td>\u22645<\/td>\n<td>5\u201310<\/td>\n<td>\u226599%<\/td>\n<td>5.0-7.0<\/td>\n<td>19<\/td>\n<\/tr>\n<tr>\n<td><strong><b>PEG-264 Oleate<\/b><\/strong><\/td>\n<td>Light yellow to yellow liquid<\/td>\n<td>\u22642<\/td>\n<td>117\u2013123<\/td>\n<td>\u226599%<\/td>\n<td>5.0-7.0<\/td>\n<td>&#8211;<\/td>\n<\/tr>\n<\/tbody>\n<\/table>\n<h3>\u4e09\uff0eApplication du champ d'application et utilisation<\/h3>\n<table>\n<tbody>\n<tr>\n<td><strong><b>Produit<\/b><\/strong><\/td>\n<td><strong><b>Properties<\/b><\/strong><\/td>\n<td><strong><b>Applications<\/b><\/strong><\/td>\n<\/tr>\n<tr>\n<td><strong><b>EGMS<\/b><\/strong>\u00a0\/\u00a0<strong><b>EGDS<\/b><\/strong><\/td>\n<td>Soluble in isopropanol, toluene, soybean oil, mineral oil. Functions: emulsification, solubilization, softening, antistatic.<\/td>\n<td>Textiles (emulsifier, dispersant, softener, antistatic agent), cosmetics (pearlescent agent), pharmaceuticals (intermediate), metalworking (lubricant, defoamer).<\/td>\n<\/tr>\n<tr>\n<td><strong><b>DEGMS<\/b><\/strong>\u00a0\/\u00a0<strong><b>DEGDS<\/b><\/strong><\/td>\n<td>Insoluble in water\/ethanol\/ether; dispersible in hot water.<\/td>\n<td>Pharmaceuticals (solubilizer, penetration enhancer), textiles (emulsifier, opacifier), food (flavor\/color solubilizer, foam regulator).<\/td>\n<\/tr>\n<tr>\n<td><strong><b>PEG400MS<\/b><\/strong><\/td>\n<td>Soluble in organic solvents; dispersible in water. Functions: emulsification, softening, wetting.<\/td>\n<td>Textiles (softener, lubricant), cosmetics (cleanser, brightener), paper (coating thickener), pharmaceuticals (emulsifier), paints (grinding aid).<\/td>\n<\/tr>\n<tr>\n<td><strong><b>PEG400DS<\/b><\/strong><\/td>\n<td>Soluble in ethanol\/isopropanol\/toluene; dispersible in hot water. Functions: dispersion, opacification, thickening.<\/td>\n<td>Textiles (fiber lubricant, antistatic agent), cosmetics (thickener), metalworking (lubricant), paper (tissue softener), resin plasticizer.<\/td>\n<\/tr>\n<tr>\n<td><strong><b>PEG200ML<\/b><\/strong><\/td>\n<td>Dispersible in water; forms emulsions with oils. Functions: viscosity control, defoaming.<\/td>\n<td>Aqueous coatings (defoamer), vinyl plastics (viscosity reducer), hair dyes (additive), paper softener.<\/td>\n<\/tr>\n<tr>\n<td><strong><b>PEG200DL<\/b><\/strong><\/td>\n<td>Soluble in isopropanol\/acetone\/CCl\u2084; dispersible in water.<\/td>\n<td>Self-emulsifying co-emulsifier, mold release agent, viscosity modifier.<\/td>\n<\/tr>\n<tr>\n<td><strong><b>PEG400ML<\/b><\/strong><\/td>\n<td>Dispersible in water. Functions: lubrication, defoaming.<\/td>\n<td>Latex paints (lubricant), textiles (leveling agent), pigments (dispersant), cosmetics (emulsifier).<\/td>\n<\/tr>\n<tr>\n<td><strong><b>PEG400DL<\/b><\/strong><\/td>\n<td>Dispersible in water. Functions: antistatic, softening.<\/td>\n<td>Synthetic fiber oils (emulsifier), textiles (coupling agent), metalworking (degreaser), industrial detergents.<\/td>\n<\/tr>\n<tr>\n<td><strong><b>PEG400MO<\/b><\/strong><\/td>\n<td>Soluble in benzene\/isopropanol; dispersible in water. Biodegradable.<\/td>\n<td>Industrial lubricant, dry-cleaning agents, textile softener, oil-based cutting fluids.<\/td>\n<\/tr>\n<tr>\n<td><strong><b>PEG400DO<\/b><\/strong><\/td>\n<td>Soluble in mineral\/vegetable oils; dispersible in water.<\/td>\n<td>W\/O emulsifier,\u7164\u6cb9 emulsifier, industrial lubricant.<\/td>\n<\/tr>\n<tr>\n<td><strong><b>PEG600MO<\/b><\/strong>\u00a0\/\u00a0<strong><b>PEG600DO<\/b><\/strong>\u00a0\/\u00a0<strong><b>PEG4000MO<\/b><\/strong>\u00a0\/\u00a0<strong><b>PEG6000MO<\/b><\/strong><\/td>\n<td>Water-soluble. Functions: washing, emulsification, lubrication.<\/td>\n<td>Cosmetics (O\/W emulsifier), textiles (dye leveler), pesticides (emulsifier), metalworking (lubricant), PCB acid cleaning.<\/td>\n<\/tr>\n<tr>\n<td><strong><b>PEG-264 Oleate<\/b><\/strong><\/td>\n<td>Oil-soluble; excellent smoothness, low freezing point, oxidation-resistant.<\/td>\n<td>Synthetic fiber emulsifier (high thermal stability, low volatility).<\/td>\n<\/tr>\n<\/tbody>\n<\/table>\n<h3>\u56db\uff0eEmballage et stockage<\/h3>\n<p>Conditionn\u00e9s dans des f\u00fbts en fer de 200 kg et des f\u00fbts en plastique de 50 kg.<\/p>\n<p>Cette s\u00e9rie de produits est ininflammable et peut \u00eatre stock\u00e9e et transport\u00e9e conform\u00e9ment aux m\u00e9thodes de stockage et de transport des produits chimiques g\u00e9n\u00e9raux.<\/p>\n<p>Conserver dans un endroit sec et bien ventil\u00e9.<\/p>\n<p>Dur\u00e9e de conservation : deux ans.<\/p>","protected":false},"excerpt":{"rendered":"<p>\u3010CAS \u30119004-96-0;31943-11-0 \u00a0Molecular formula: C28H54O7 \u00a0Molecular weight: 502.72<\/p>\n<p>Molecular structural formula\uff1a<img alt=\"\" fetchpriority=\"high\" decoding=\"async\" class=\"alignnone size-full wp-image-5617\" src=\"https:\/\/jinancuchem.com\/wp-content\/uploads\/2025\/07\/\u672a\u6807\u9898-1-100.jpg\" width=\"300\" height=\"300\" srcset=\"https:\/\/jinancuchem.com\/wp-content\/uploads\/2025\/07\/\u672a\u6807\u9898-1-100.jpg 300w, https:\/\/jinancuchem.com\/wp-content\/uploads\/2025\/07\/\u672a\u6807\u9898-1-100-150x150.jpg 150w, https:\/\/jinancuchem.com\/wp-content\/uploads\/2025\/07\/\u672a\u6807\u9898-1-100-12x12.jpg 12w, https:\/\/jinancuchem.com\/wp-content\/uploads\/2025\/07\/\u672a\u6807\u9898-1-100-100x100.jpg 100w\" sizes=\"(max-width: 300px) 100vw, 300px\" \/><\/p>","protected":false},"featured_media":5617,"template":"","meta":{"_seopress_robots_primary_cat":"","_seopress_titles_title":"","_seopress_titles_desc":"","_seopress_robots_index":"","_uag_custom_page_level_css":"","site-sidebar-layout":"default","site-content-layout":"","ast-site-content-layout":"default","site-content-style":"default","site-sidebar-style":"default","ast-global-header-display":"","ast-banner-title-visibility":"","ast-main-header-display":"","ast-hfb-above-header-display":"","ast-hfb-below-header-display":"","ast-hfb-mobile-header-display":"","site-post-title":"","ast-breadcrumbs-content":"","ast-featured-img":"","footer-sml-layout":"","theme-transparent-header-meta":"default","adv-header-id-meta":"","stick-header-meta":"default","header-above-stick-meta":"","header-main-stick-meta":"","header-below-stick-meta":"","astra-migrate-meta-layouts":"set","ast-page-background-enabled":"default","ast-page-background-meta":{"desktop":{"background-color":"","background-image":"","background-repeat":"repeat","background-position":"center center","background-size":"auto","background-attachment":"scroll","background-type":"","background-media":"","overlay-type":"","overlay-color":"","overlay-opacity":"","overlay-gradient":""},"tablet":{"background-color":"","background-image":"","background-repeat":"repeat","background-position":"center center","background-size":"auto","background-attachment":"scroll","background-type":"","background-media":"","overlay-type":"","overlay-color":"","overlay-opacity":"","overlay-gradient":""},"mobile":{"background-color":"","background-image":"","background-repeat":"repeat","background-position":"center center","background-size":"auto","background-attachment":"scroll","background-type":"","background-media":"","overlay-type":"","overlay-color":"","overlay-opacity":"","overlay-gradient":""}},"ast-content-background-meta":{"desktop":{"background-color":"var(--ast-global-color-5)","background-image":"","background-repeat":"repeat","background-position":"center center","background-size":"auto","background-attachment":"scroll","background-type":"","background-media":"","overlay-type":"","overlay-color":"","overlay-opacity":"","overlay-gradient":""},"tablet":{"background-color":"var(--ast-global-color-5)","background-image":"","background-repeat":"repeat","background-position":"center center","background-size":"auto","background-attachment":"scroll","background-type":"","background-media":"","overlay-type":"","overlay-color":"","overlay-opacity":"","overlay-gradient":""},"mobile":{"background-color":"var(--ast-global-color-5)","background-image":"","background-repeat":"repeat","background-position":"center center","background-size":"auto","background-attachment":"scroll","background-type":"","background-media":"","overlay-type":"","overlay-color":"","overlay-opacity":"","overlay-gradient":""}}},"product_brand":[],"product_cat":[69],"product_tag":[],"class_list":{"0":"post-5614","1":"product","2":"type-product","3":"status-publish","4":"has-post-thumbnail","6":"product_cat-daily-chemical-product","7":"desktop-align-left","8":"tablet-align-left","9":"mobile-align-left","10":"ast-product-gallery-layout-horizontal-slider","11":"ast-product-gallery-with-no-image","12":"ast-product-tabs-layout-horizontal","14":"first","15":"instock","16":"shipping-taxable","17":"product-type-simple"},"uagb_featured_image_src":{"full":["https:\/\/jinancuchem.com\/wp-content\/uploads\/2025\/07\/\u672a\u6807\u9898-1-100.jpg",300,300,false],"thumbnail":["https:\/\/jinancuchem.com\/wp-content\/uploads\/2025\/07\/\u672a\u6807\u9898-1-100-150x150.jpg",150,150,true],"medium":["https:\/\/jinancuchem.com\/wp-content\/uploads\/2025\/07\/\u672a\u6807\u9898-1-100.jpg",300,300,false],"medium_large":["https:\/\/jinancuchem.com\/wp-content\/uploads\/2025\/07\/\u672a\u6807\u9898-1-100.jpg",300,300,false],"large":["https:\/\/jinancuchem.com\/wp-content\/uploads\/2025\/07\/\u672a\u6807\u9898-1-100.jpg",300,300,false],"1536x1536":["https:\/\/jinancuchem.com\/wp-content\/uploads\/2025\/07\/\u672a\u6807\u9898-1-100.jpg",300,300,false],"2048x2048":["https:\/\/jinancuchem.com\/wp-content\/uploads\/2025\/07\/\u672a\u6807\u9898-1-100.jpg",300,300,false],"trp-custom-language-flag":["https:\/\/jinancuchem.com\/wp-content\/uploads\/2025\/07\/\u672a\u6807\u9898-1-100-12x12.jpg",12,12,true],"woocommerce_thumbnail":["https:\/\/jinancuchem.com\/wp-content\/uploads\/2025\/07\/\u672a\u6807\u9898-1-100.jpg",300,300,false],"woocommerce_single":["https:\/\/jinancuchem.com\/wp-content\/uploads\/2025\/07\/\u672a\u6807\u9898-1-100.jpg",300,300,false],"woocommerce_gallery_thumbnail":["https:\/\/jinancuchem.com\/wp-content\/uploads\/2025\/07\/\u672a\u6807\u9898-1-100-100x100.jpg",100,100,true]},"uagb_author_info":{"display_name":"jinxing6611@gmail.com","author_link":"https:\/\/jinancuchem.com\/fr\/author\/"},"uagb_comment_info":0,"uagb_excerpt":"\u3010CAS \u30119004-96-0;31943-11-0 \u00a0Molecular formula: C28H54O7 \u00a0Molecular weight: 502.72 Molecular structural formula\uff1a","_links":{"self":[{"href":"https:\/\/jinancuchem.com\/fr\/wp-json\/wp\/v2\/product\/5614","targetHints":{"allow":["GET"]}}],"collection":[{"href":"https:\/\/jinancuchem.com\/fr\/wp-json\/wp\/v2\/product"}],"about":[{"href":"https:\/\/jinancuchem.com\/fr\/wp-json\/wp\/v2\/types\/product"}],"wp:featuredmedia":[{"embeddable":true,"href":"https:\/\/jinancuchem.com\/fr\/wp-json\/wp\/v2\/media\/5617"}],"wp:attachment":[{"href":"https:\/\/jinancuchem.com\/fr\/wp-json\/wp\/v2\/media?parent=5614"}],"wp:term":[{"taxonomy":"product_brand","embeddable":true,"href":"https:\/\/jinancuchem.com\/fr\/wp-json\/wp\/v2\/product_brand?post=5614"},{"taxonomy":"product_cat","embeddable":true,"href":"https:\/\/jinancuchem.com\/fr\/wp-json\/wp\/v2\/product_cat?post=5614"},{"taxonomy":"product_tag","embeddable":true,"href":"https:\/\/jinancuchem.com\/fr\/wp-json\/wp\/v2\/product_tag?post=5614"}],"curies":[{"name":"wp","href":"https:\/\/api.w.org\/{rel}","templated":true}]}}