{"id":5626,"date":"2025-07-29T03:31:43","date_gmt":"2025-07-29T03:31:43","guid":{"rendered":"https:\/\/jinancuchem.com\/?post_type=product&#038;p=5626"},"modified":"2025-08-01T19:00:23","modified_gmt":"2025-08-01T19:00:23","slug":"ha-08","status":"publish","type":"product","link":"https:\/\/jinancuchem.com\/fr\/produit\/ha-08\/","title":{"rendered":"HA-08"},"content":{"rendered":"<h3>\u4e00\uff0ePropri\u00e9t\u00e9 du produit<\/h3>\n<p>Ce produit ne contient pas de phosphore et est respectueux de l'environnement. Il est soluble dans l'eau et n'a pas d'activit\u00e9 de surface dans des conditions neutres. Il poss\u00e8de \u00e9galement un fort pouvoir de p\u00e9n\u00e9tration dans les solutions alcalines concentr\u00e9es.<\/p>\n<p>Ce produit a une bonne solubilit\u00e9 dans les alcalis concentr\u00e9s et un pouvoir de p\u00e9n\u00e9tration extr\u00eamement fort. Combin\u00e9 \u00e0 d'autres agents tensioactifs, il peut am\u00e9liorer de mani\u00e8re significative le pouvoir de p\u00e9n\u00e9tration du produit dans des conditions d'alcali concentr\u00e9.<\/p>\n<h3>\u4e8c\uff0eIndicateur de qualit\u00e9<\/h3>\n<table>\n<tbody>\n<tr>\n<td><strong><b>Type<\/b><\/strong><\/td>\n<td><strong><b>Anionique<\/b><\/strong><\/td>\n<\/tr>\n<tr>\n<td><strong><b>Sp\u00e9cifications<\/b><\/strong><\/td>\n<td>P\u00e9n\u00e9trant de mercerisage KT-08 (HA-08)<\/td>\n<\/tr>\n<tr>\n<td><strong><b>Composition chimique<\/b><\/strong><\/td>\n<td>Sulfate d'iso-octanol d'ammonium, Sulfate de 2-\u00e9thylhexanol d'ammonium<\/td>\n<\/tr>\n<tr>\n<td><strong><b>Apparence<\/b><\/strong><\/td>\n<td>P\u00e2te l\u00e9g\u00e8re \u00e0 jaune<\/td>\n<\/tr>\n<tr>\n<td><strong><b>Valeur du pH<\/b><\/strong><\/td>\n<td>5-8<\/td>\n<\/tr>\n<tr>\n<td><strong><b>Contenu<\/b><\/strong><\/td>\n<td>70 \u00b1 2%<\/td>\n<\/tr>\n<tr>\n<td><strong><b>Force de p\u00e9n\u00e9tration<\/b><\/strong><\/td>\n<td>\u2264 5 sec (5 g\/L, 280 g NaOH\/L)<\/td>\n<\/tr>\n<\/tbody>\n<\/table>\n<h3>\u4e09\uff0eApplication du champ d'application et utilisation<\/h3>\n<p>Ce produit est principalement utilis\u00e9 pour la fabrication d'agents de raffinage anti-alcalins et de p\u00e9n\u00e9trants pour le d\u00e9creusage de la soie, etc. comme auxiliaires de pr\u00e9traitement pour l'impression et la teinture.<\/p>\n<p>Ce produit est un agent tensioactif non moussant. Sa solution aqueuse ne forme pas de bulles.<\/p>\n<h3>\u56db\uff0eEmballage et stockage<\/h3>\n<p>Emballage en baril de plastique de 50 kg.<\/p>\n<p>Stocker et transporter conform\u00e9ment aux normes g\u00e9n\u00e9rales de stockage et de transport des produits chimiques. Stocker dans un endroit sec et ventil\u00e9.<\/p>\n<p>Dur\u00e9e de conservation : deux ans<\/p>","protected":false},"excerpt":{"rendered":"<p>\u4e00\uff0eProduct Property This product contains no phosphorus and is an environmentally friendly product. It is soluble in water and has no surface activity under neutral conditions. It also has strong penetrating power in concentrated alkaline solutions. This product has good solubility in concentrated alkali and extremely strong penetrating power. When combined with other surfactants, it [&hellip;]<\/p>\n","protected":false},"featured_media":5629,"template":"","meta":{"_seopress_robots_primary_cat":"","_seopress_titles_title":"","_seopress_titles_desc":"","_seopress_robots_index":"","_uag_custom_page_level_css":"","site-sidebar-layout":"default","site-content-layout":"","ast-site-content-layout":"default","site-content-style":"default","site-sidebar-style":"default","ast-global-header-display":"","ast-banner-title-visibility":"","ast-main-header-display":"","ast-hfb-above-header-display":"","ast-hfb-below-header-display":"","ast-hfb-mobile-header-display":"","site-post-title":"","ast-breadcrumbs-content":"","ast-featured-img":"","footer-sml-layout":"","theme-transparent-header-meta":"default","adv-header-id-meta":"","stick-header-meta":"default","header-above-stick-meta":"","header-main-stick-meta":"","header-below-stick-meta":"","astra-migrate-meta-layouts":"set","ast-page-background-enabled":"default","ast-page-background-meta":{"desktop":{"background-color":"","background-image":"","background-repeat":"repeat","background-position":"center center","background-size":"auto","background-attachment":"scroll","background-type":"","background-media":"","overlay-type":"","overlay-color":"","overlay-opacity":"","overlay-gradient":""},"tablet":{"background-color":"","background-image":"","background-repeat":"repeat","background-position":"center center","background-size":"auto","background-attachment":"scroll","background-type":"","background-media":"","overlay-type":"","overlay-color":"","overlay-opacity":"","overlay-gradient":""},"mobile":{"background-color":"","background-image":"","background-repeat":"repeat","background-position":"center center","background-size":"auto","background-attachment":"scroll","background-type":"","background-media":"","overlay-type":"","overlay-color":"","overlay-opacity":"","overlay-gradient":""}},"ast-content-background-meta":{"desktop":{"background-color":"var(--ast-global-color-5)","background-image":"","background-repeat":"repeat","background-position":"center center","background-size":"auto","background-attachment":"scroll","background-type":"","background-media":"","overlay-type":"","overlay-color":"","overlay-opacity":"","overlay-gradient":""},"tablet":{"background-color":"var(--ast-global-color-5)","background-image":"","background-repeat":"repeat","background-position":"center center","background-size":"auto","background-attachment":"scroll","background-type":"","background-media":"","overlay-type":"","overlay-color":"","overlay-opacity":"","overlay-gradient":""},"mobile":{"background-color":"var(--ast-global-color-5)","background-image":"","background-repeat":"repeat","background-position":"center center","background-size":"auto","background-attachment":"scroll","background-type":"","background-media":"","overlay-type":"","overlay-color":"","overlay-opacity":"","overlay-gradient":""}}},"product_brand":[],"product_cat":[69],"product_tag":[],"class_list":{"0":"post-5626","1":"product","2":"type-product","3":"status-publish","4":"has-post-thumbnail","6":"product_cat-daily-chemical-product","7":"desktop-align-left","8":"tablet-align-left","9":"mobile-align-left","10":"ast-product-gallery-layout-horizontal-slider","11":"ast-product-gallery-with-no-image","12":"ast-product-tabs-layout-horizontal","14":"first","15":"instock","16":"shipping-taxable","17":"product-type-simple"},"uagb_featured_image_src":{"full":["https:\/\/jinancuchem.com\/wp-content\/uploads\/2025\/07\/\u672a\u6807\u9898-1-103.jpg",300,300,false],"thumbnail":["https:\/\/jinancuchem.com\/wp-content\/uploads\/2025\/07\/\u672a\u6807\u9898-1-103-150x150.jpg",150,150,true],"medium":["https:\/\/jinancuchem.com\/wp-content\/uploads\/2025\/07\/\u672a\u6807\u9898-1-103.jpg",300,300,false],"medium_large":["https:\/\/jinancuchem.com\/wp-content\/uploads\/2025\/07\/\u672a\u6807\u9898-1-103.jpg",300,300,false],"large":["https:\/\/jinancuchem.com\/wp-content\/uploads\/2025\/07\/\u672a\u6807\u9898-1-103.jpg",300,300,false],"1536x1536":["https:\/\/jinancuchem.com\/wp-content\/uploads\/2025\/07\/\u672a\u6807\u9898-1-103.jpg",300,300,false],"2048x2048":["https:\/\/jinancuchem.com\/wp-content\/uploads\/2025\/07\/\u672a\u6807\u9898-1-103.jpg",300,300,false],"trp-custom-language-flag":["https:\/\/jinancuchem.com\/wp-content\/uploads\/2025\/07\/\u672a\u6807\u9898-1-103-12x12.jpg",12,12,true],"woocommerce_thumbnail":["https:\/\/jinancuchem.com\/wp-content\/uploads\/2025\/07\/\u672a\u6807\u9898-1-103.jpg",300,300,false],"woocommerce_single":["https:\/\/jinancuchem.com\/wp-content\/uploads\/2025\/07\/\u672a\u6807\u9898-1-103.jpg",300,300,false],"woocommerce_gallery_thumbnail":["https:\/\/jinancuchem.com\/wp-content\/uploads\/2025\/07\/\u672a\u6807\u9898-1-103-100x100.jpg",100,100,true]},"uagb_author_info":{"display_name":"jinxing6611@gmail.com","author_link":"https:\/\/jinancuchem.com\/fr\/author\/"},"uagb_comment_info":0,"uagb_excerpt":"\u4e00\uff0eProduct Property This product contains no phosphorus and is an environmentally friendly product. It is soluble in water and has no surface activity under neutral conditions. It also has strong penetrating power in concentrated alkaline solutions. This product has good solubility in concentrated alkali and extremely strong penetrating power. When combined with other surfactants, it\u2026","_links":{"self":[{"href":"https:\/\/jinancuchem.com\/fr\/wp-json\/wp\/v2\/product\/5626","targetHints":{"allow":["GET"]}}],"collection":[{"href":"https:\/\/jinancuchem.com\/fr\/wp-json\/wp\/v2\/product"}],"about":[{"href":"https:\/\/jinancuchem.com\/fr\/wp-json\/wp\/v2\/types\/product"}],"wp:featuredmedia":[{"embeddable":true,"href":"https:\/\/jinancuchem.com\/fr\/wp-json\/wp\/v2\/media\/5629"}],"wp:attachment":[{"href":"https:\/\/jinancuchem.com\/fr\/wp-json\/wp\/v2\/media?parent=5626"}],"wp:term":[{"taxonomy":"product_brand","embeddable":true,"href":"https:\/\/jinancuchem.com\/fr\/wp-json\/wp\/v2\/product_brand?post=5626"},{"taxonomy":"product_cat","embeddable":true,"href":"https:\/\/jinancuchem.com\/fr\/wp-json\/wp\/v2\/product_cat?post=5626"},{"taxonomy":"product_tag","embeddable":true,"href":"https:\/\/jinancuchem.com\/fr\/wp-json\/wp\/v2\/product_tag?post=5626"}],"curies":[{"name":"wp","href":"https:\/\/api.w.org\/{rel}","templated":true}]}}