{"id":5649,"date":"2025-07-29T03:41:03","date_gmt":"2025-07-29T03:41:03","guid":{"rendered":"https:\/\/jinancuchem.com\/?post_type=product&#038;p=5649"},"modified":"2025-07-29T03:41:03","modified_gmt":"2025-07-29T03:41:03","slug":"paraffin-emulsifier","status":"publish","type":"product","link":"https:\/\/jinancuchem.com\/fr\/produit\/paraffin-emulsifier\/","title":{"rendered":"\u00c9mulsifiant de paraffine"},"content":{"rendered":"<h3>\u4e00\uff0ePropri\u00e9t\u00e9 du produit<\/h3>\n<p>Ce produit est dispers\u00e9 dans l'eau chaude et peut \u00eatre dissous dans les solvants organiques courants. Il poss\u00e8de d'excellentes propri\u00e9t\u00e9s \u00e9mulsifiantes et lubrifiantes.<\/p>\n<h3>\u4e8c\uff0eIndicateur de qualit\u00e9<\/h3>\n<table>\n<tbody>\n<tr>\n<td><strong><b>Propri\u00e9t\u00e9<\/b><\/strong><\/td>\n<td><strong><b>Sp\u00e9cifications<\/b><\/strong><\/td>\n<\/tr>\n<tr>\n<td><strong><b>Apparence<\/b><\/strong><\/td>\n<td>Solide blanc laiteux \u00e0 jaune clair<\/td>\n<\/tr>\n<tr>\n<td><strong><b>Valeur du pH<\/b><\/strong><\/td>\n<td>4,0-7,0 (solution aqueuse de 1%)<\/td>\n<\/tr>\n<tr>\n<td><strong><b>Contenu<\/b><\/strong><\/td>\n<td>\u226599%<\/td>\n<\/tr>\n<\/tbody>\n<\/table>\n<h3>\u4e09\uff0eApplication du champ d'application et utilisation<\/h3>\n<p>Ce produit a un bon effet \u00e9mulsifiant sur la paraffine 58#. L'\u00e9mulsion de paraffine pr\u00e9par\u00e9e avec ce produit est fine et stable, et peut \u00eatre largement utilis\u00e9e dans le traitement des panneaux de fibres, des textiles et des industries du papier.<\/p>\n<p>En g\u00e9n\u00e9ral, pour la paraffine 58#, le contenu solide de l'\u00e9mulsion de paraffine (comprenant la paraffine et l'\u00e9mulsifiant) est de 20% \u00e0 30%, et le dosage de l'\u00e9mulsifiant est de 35% de la quantit\u00e9 de paraffine. En d'autres termes, pour pr\u00e9parer 100 kg d'\u00e9mulsion de paraffine 30%, il faut 70 kg d'eau, 23 kg de paraffine et 7 kg d'\u00e9mulsifiant.<\/p>\n<p>Processus de pr\u00e9paration : Chauffer l'eau mesur\u00e9e \u00e0 80-90 \u2103 ; en m\u00eame temps, ajouter l'\u00e9mulsifiant mesur\u00e9 \u00e0 la paraffine mesur\u00e9e et m\u00e9langer et chauffer pour faire fondre ; puis ajouter ce m\u00e9lange \u00e0 l'eau chaude ci-dessus et remuer uniform\u00e9ment. Maintenir \u00e0 temp\u00e9rature pendant 10 minutes, puis refroidir pour obtenir une \u00e9mulsion \u00e9paisse \u00e0 la lumi\u00e8re bleue.<\/p>\n<h3>\u56db\uff0eEmballage et stockage<\/h3>\n<p>F\u00fbts en fer de 200 kg, f\u00fbts en plastique de 50 kg.<\/p>\n<p>Conform\u00e9ment au stockage et au transport des produits chimiques g\u00e9n\u00e9raux.<\/p>\n<p>Conserver dans un endroit sec et bien ventil\u00e9.<\/p>\n<p>Dur\u00e9e de conservation : deux ans.<\/p>","protected":false},"excerpt":{"rendered":"<p>\u4e00\uff0eProduct Property This product is dispersed in hot water and can be dissolved in common organic solvents. It has excellent emulsifying and lubricating properties. \u4e8c\uff0eQuality Index Property Specification Appearance Milky white to light yellow solid pH Value 4.0-7.0 (1% aqueous solution) Content \u226599% \u4e09\uff0eApplication scope and Usage This product has a good emulsifying effect on [&hellip;]<\/p>\n","protected":false},"featured_media":5645,"template":"","meta":{"_seopress_robots_primary_cat":"","_seopress_titles_title":"","_seopress_titles_desc":"","_seopress_robots_index":"","_uag_custom_page_level_css":"","site-sidebar-layout":"default","site-content-layout":"","ast-site-content-layout":"default","site-content-style":"default","site-sidebar-style":"default","ast-global-header-display":"","ast-banner-title-visibility":"","ast-main-header-display":"","ast-hfb-above-header-display":"","ast-hfb-below-header-display":"","ast-hfb-mobile-header-display":"","site-post-title":"","ast-breadcrumbs-content":"","ast-featured-img":"","footer-sml-layout":"","theme-transparent-header-meta":"default","adv-header-id-meta":"","stick-header-meta":"default","header-above-stick-meta":"","header-main-stick-meta":"","header-below-stick-meta":"","astra-migrate-meta-layouts":"set","ast-page-background-enabled":"default","ast-page-background-meta":{"desktop":{"background-color":"","background-image":"","background-repeat":"repeat","background-position":"center center","background-size":"auto","background-attachment":"scroll","background-type":"","background-media":"","overlay-type":"","overlay-color":"","overlay-opacity":"","overlay-gradient":""},"tablet":{"background-color":"","background-image":"","background-repeat":"repeat","background-position":"center center","background-size":"auto","background-attachment":"scroll","background-type":"","background-media":"","overlay-type":"","overlay-color":"","overlay-opacity":"","overlay-gradient":""},"mobile":{"background-color":"","background-image":"","background-repeat":"repeat","background-position":"center center","background-size":"auto","background-attachment":"scroll","background-type":"","background-media":"","overlay-type":"","overlay-color":"","overlay-opacity":"","overlay-gradient":""}},"ast-content-background-meta":{"desktop":{"background-color":"var(--ast-global-color-5)","background-image":"","background-repeat":"repeat","background-position":"center center","background-size":"auto","background-attachment":"scroll","background-type":"","background-media":"","overlay-type":"","overlay-color":"","overlay-opacity":"","overlay-gradient":""},"tablet":{"background-color":"var(--ast-global-color-5)","background-image":"","background-repeat":"repeat","background-position":"center center","background-size":"auto","background-attachment":"scroll","background-type":"","background-media":"","overlay-type":"","overlay-color":"","overlay-opacity":"","overlay-gradient":""},"mobile":{"background-color":"var(--ast-global-color-5)","background-image":"","background-repeat":"repeat","background-position":"center center","background-size":"auto","background-attachment":"scroll","background-type":"","background-media":"","overlay-type":"","overlay-color":"","overlay-opacity":"","overlay-gradient":""}}},"product_brand":[],"product_cat":[69],"product_tag":[],"class_list":{"0":"post-5649","1":"product","2":"type-product","3":"status-publish","4":"has-post-thumbnail","6":"product_cat-daily-chemical-product","7":"desktop-align-left","8":"tablet-align-left","9":"mobile-align-left","10":"ast-product-gallery-layout-horizontal-slider","11":"ast-product-gallery-with-no-image","12":"ast-product-tabs-layout-horizontal","14":"first","15":"instock","16":"shipping-taxable","17":"product-type-simple"},"uagb_featured_image_src":{"full":["https:\/\/jinancuchem.com\/wp-content\/uploads\/2025\/07\/\u672a\u6807\u9898-1-107.jpg",300,300,false],"thumbnail":["https:\/\/jinancuchem.com\/wp-content\/uploads\/2025\/07\/\u672a\u6807\u9898-1-107-150x150.jpg",150,150,true],"medium":["https:\/\/jinancuchem.com\/wp-content\/uploads\/2025\/07\/\u672a\u6807\u9898-1-107.jpg",300,300,false],"medium_large":["https:\/\/jinancuchem.com\/wp-content\/uploads\/2025\/07\/\u672a\u6807\u9898-1-107.jpg",300,300,false],"large":["https:\/\/jinancuchem.com\/wp-content\/uploads\/2025\/07\/\u672a\u6807\u9898-1-107.jpg",300,300,false],"1536x1536":["https:\/\/jinancuchem.com\/wp-content\/uploads\/2025\/07\/\u672a\u6807\u9898-1-107.jpg",300,300,false],"2048x2048":["https:\/\/jinancuchem.com\/wp-content\/uploads\/2025\/07\/\u672a\u6807\u9898-1-107.jpg",300,300,false],"trp-custom-language-flag":["https:\/\/jinancuchem.com\/wp-content\/uploads\/2025\/07\/\u672a\u6807\u9898-1-107-12x12.jpg",12,12,true],"woocommerce_thumbnail":["https:\/\/jinancuchem.com\/wp-content\/uploads\/2025\/07\/\u672a\u6807\u9898-1-107.jpg",300,300,false],"woocommerce_single":["https:\/\/jinancuchem.com\/wp-content\/uploads\/2025\/07\/\u672a\u6807\u9898-1-107.jpg",300,300,false],"woocommerce_gallery_thumbnail":["https:\/\/jinancuchem.com\/wp-content\/uploads\/2025\/07\/\u672a\u6807\u9898-1-107-100x100.jpg",100,100,true]},"uagb_author_info":{"display_name":"jinxing6611@gmail.com","author_link":"https:\/\/jinancuchem.com\/fr\/author\/"},"uagb_comment_info":0,"uagb_excerpt":"\u4e00\uff0eProduct Property This product is dispersed in hot water and can be dissolved in common organic solvents. It has excellent emulsifying and lubricating properties. \u4e8c\uff0eQuality Index Property Specification Appearance Milky white to light yellow solid pH Value 4.0-7.0 (1% aqueous solution) Content \u226599% \u4e09\uff0eApplication scope and Usage This product has a good emulsifying effect on\u2026","_links":{"self":[{"href":"https:\/\/jinancuchem.com\/fr\/wp-json\/wp\/v2\/product\/5649","targetHints":{"allow":["GET"]}}],"collection":[{"href":"https:\/\/jinancuchem.com\/fr\/wp-json\/wp\/v2\/product"}],"about":[{"href":"https:\/\/jinancuchem.com\/fr\/wp-json\/wp\/v2\/types\/product"}],"wp:featuredmedia":[{"embeddable":true,"href":"https:\/\/jinancuchem.com\/fr\/wp-json\/wp\/v2\/media\/5645"}],"wp:attachment":[{"href":"https:\/\/jinancuchem.com\/fr\/wp-json\/wp\/v2\/media?parent=5649"}],"wp:term":[{"taxonomy":"product_brand","embeddable":true,"href":"https:\/\/jinancuchem.com\/fr\/wp-json\/wp\/v2\/product_brand?post=5649"},{"taxonomy":"product_cat","embeddable":true,"href":"https:\/\/jinancuchem.com\/fr\/wp-json\/wp\/v2\/product_cat?post=5649"},{"taxonomy":"product_tag","embeddable":true,"href":"https:\/\/jinancuchem.com\/fr\/wp-json\/wp\/v2\/product_tag?post=5649"}],"curies":[{"name":"wp","href":"https:\/\/api.w.org\/{rel}","templated":true}]}}