{"id":5665,"date":"2025-07-29T03:47:16","date_gmt":"2025-07-29T03:47:16","guid":{"rendered":"https:\/\/jinancuchem.com\/?post_type=product&#038;p=5665"},"modified":"2025-08-01T19:00:11","modified_gmt":"2025-08-01T19:00:11","slug":"pesticide-emulsifier","status":"publish","type":"product","link":"https:\/\/jinancuchem.com\/fr\/produit\/pesticide-emulsifier\/","title":{"rendered":"\u00c9mulsifiant de pesticides"},"content":{"rendered":"<h3>\u4e00\uff0ePropri\u00e9t\u00e9 du produit<\/h3>\n<p>Les \u00e9mulsifiants de pesticides sont un type de surfactant qui peut amener deux liquides non miscibles \u00e0 former une \u00e9mulsion stable. Ils y parviennent en r\u00e9duisant la tension interfaciale, ce qui permet aux ingr\u00e9dients actifs du pesticide d'\u00eatre dispers\u00e9s dans l'eau sous une forme minuscule, am\u00e9liorant ainsi la stabilit\u00e9 de l'\u00e9mulsion et le taux d'utilisation biologique du pesticide.<\/p>\n<h3>\u4e8c\uff0eIndicateur de qualit\u00e9<\/h3>\n<table>\n<tbody>\n<tr>\n<td><strong><b>Param\u00e8tre de qualit\u00e9<\/b><\/strong><\/td>\n<td><strong><b>Sp\u00e9cifications<\/b><\/strong><\/td>\n<td><strong><b>M\u00e9thode d'essai<\/b><\/strong><\/td>\n<\/tr>\n<tr>\n<td><strong><b>Apparence<\/b><\/strong><\/td>\n<td>Liquide visqueux incolore \u00e0 jaune p\u00e2le<\/td>\n<td>Inspection visuelle<\/td>\n<\/tr>\n<tr>\n<td><strong><b>Valeur du pH (solution 1%)<\/b><\/strong><\/td>\n<td>5.0-7.0<\/td>\n<td>pH-m\u00e8tre (ASTM E70)<\/td>\n<\/tr>\n<tr>\n<td><strong><b>Teneur en eau<\/b><\/strong><\/td>\n<td>\u22641,0% (w\/w)<\/td>\n<td>Titrage de Karl Fischer<\/td>\n<\/tr>\n<tr>\n<td><strong><b>Contenu actif<\/b><\/strong><\/td>\n<td>\u226599% (w\/w)<\/td>\n<td>Analyse gravim\u00e9trique<\/td>\n<\/tr>\n<tr>\n<td><strong><b>Stabilit\u00e9 de l'\u00e9mulsion<\/b><\/strong><\/td>\n<td>Passer (pas de s\u00e9paration en 2h)<\/td>\n<td>CIMAP MT 36<\/td>\n<\/tr>\n<tr>\n<td><strong><b>Point nuage<\/b><\/strong><\/td>\n<td>80-88\u00b0C (5% NaCl)<\/td>\n<td>ISO 3015<\/td>\n<\/tr>\n<tr>\n<td><strong><b>Indice d'hydroxyle<\/b><\/strong><\/td>\n<td>82-92 mg KOH\/g<\/td>\n<td>ASTM D4274<\/td>\n<\/tr>\n<\/tbody>\n<\/table>\n<h3>\u4e09\uff0eApplication du champ d'application et utilisation<\/h3>\n<p>Les \u00e9mulsifiants de pesticides jouent un r\u00f4le crucial dans les formulations de pesticides et sont couramment utilis\u00e9s dans la pr\u00e9paration de diverses formulations telles que les \u00e9mulsions aqueuses, les micro\u00e9mulsions et les suspensions. Les diff\u00e9rentes formulations d'\u00e9mulsifiants peuvent \u00eatre ajust\u00e9es en fonction des propri\u00e9t\u00e9s du pesticide et des exigences d'utilisation afin d'obtenir le meilleur effet d'\u00e9mulsification.<\/p>\n<h3>\u56db\uff0eEmballage et stockage<\/h3>\n<p>Conditionn\u00e9s dans des f\u00fbts en fer de 200 kg et des f\u00fbts en plastique de 50 kg.<\/p>\n<p>Conform\u00e9ment au stockage et au transport des produits chimiques g\u00e9n\u00e9raux.<\/p>\n<p>Conserver dans un endroit sec et bien ventil\u00e9.<\/p>\n<p>Dur\u00e9e de conservation : deux ans.<\/p>","protected":false},"excerpt":{"rendered":"<p>\u4e00\uff0eProduct Property Pesticide emulsifiers are a type of surfactant that can cause two immiscible liquids to form a stable emulsion. They achieve this by reducing the interfacial tension, allowing the active ingredients of the pesticide to be dispersed in water in a minute form, thereby enhancing the stability of the emulsion and the biological utilization [&hellip;]<\/p>\n","protected":false},"featured_media":5668,"template":"","meta":{"_seopress_robots_primary_cat":"","_seopress_titles_title":"","_seopress_titles_desc":"","_seopress_robots_index":"","_uag_custom_page_level_css":"","site-sidebar-layout":"default","site-content-layout":"","ast-site-content-layout":"default","site-content-style":"default","site-sidebar-style":"default","ast-global-header-display":"","ast-banner-title-visibility":"","ast-main-header-display":"","ast-hfb-above-header-display":"","ast-hfb-below-header-display":"","ast-hfb-mobile-header-display":"","site-post-title":"","ast-breadcrumbs-content":"","ast-featured-img":"","footer-sml-layout":"","theme-transparent-header-meta":"default","adv-header-id-meta":"","stick-header-meta":"default","header-above-stick-meta":"","header-main-stick-meta":"","header-below-stick-meta":"","astra-migrate-meta-layouts":"set","ast-page-background-enabled":"default","ast-page-background-meta":{"desktop":{"background-color":"","background-image":"","background-repeat":"repeat","background-position":"center center","background-size":"auto","background-attachment":"scroll","background-type":"","background-media":"","overlay-type":"","overlay-color":"","overlay-opacity":"","overlay-gradient":""},"tablet":{"background-color":"","background-image":"","background-repeat":"repeat","background-position":"center center","background-size":"auto","background-attachment":"scroll","background-type":"","background-media":"","overlay-type":"","overlay-color":"","overlay-opacity":"","overlay-gradient":""},"mobile":{"background-color":"","background-image":"","background-repeat":"repeat","background-position":"center center","background-size":"auto","background-attachment":"scroll","background-type":"","background-media":"","overlay-type":"","overlay-color":"","overlay-opacity":"","overlay-gradient":""}},"ast-content-background-meta":{"desktop":{"background-color":"var(--ast-global-color-5)","background-image":"","background-repeat":"repeat","background-position":"center center","background-size":"auto","background-attachment":"scroll","background-type":"","background-media":"","overlay-type":"","overlay-color":"","overlay-opacity":"","overlay-gradient":""},"tablet":{"background-color":"var(--ast-global-color-5)","background-image":"","background-repeat":"repeat","background-position":"center center","background-size":"auto","background-attachment":"scroll","background-type":"","background-media":"","overlay-type":"","overlay-color":"","overlay-opacity":"","overlay-gradient":""},"mobile":{"background-color":"var(--ast-global-color-5)","background-image":"","background-repeat":"repeat","background-position":"center center","background-size":"auto","background-attachment":"scroll","background-type":"","background-media":"","overlay-type":"","overlay-color":"","overlay-opacity":"","overlay-gradient":""}}},"product_brand":[],"product_cat":[69],"product_tag":[],"class_list":{"0":"post-5665","1":"product","2":"type-product","3":"status-publish","4":"has-post-thumbnail","6":"product_cat-daily-chemical-product","7":"desktop-align-left","8":"tablet-align-left","9":"mobile-align-left","10":"ast-product-gallery-layout-horizontal-slider","11":"ast-product-gallery-with-no-image","12":"ast-product-tabs-layout-horizontal","14":"first","15":"instock","16":"featured","17":"shipping-taxable","18":"product-type-simple"},"uagb_featured_image_src":{"full":["https:\/\/jinancuchem.com\/wp-content\/uploads\/2025\/07\/\u672a\u6807\u9898-1-109.jpg",300,300,false],"thumbnail":["https:\/\/jinancuchem.com\/wp-content\/uploads\/2025\/07\/\u672a\u6807\u9898-1-109-150x150.jpg",150,150,true],"medium":["https:\/\/jinancuchem.com\/wp-content\/uploads\/2025\/07\/\u672a\u6807\u9898-1-109.jpg",300,300,false],"medium_large":["https:\/\/jinancuchem.com\/wp-content\/uploads\/2025\/07\/\u672a\u6807\u9898-1-109.jpg",300,300,false],"large":["https:\/\/jinancuchem.com\/wp-content\/uploads\/2025\/07\/\u672a\u6807\u9898-1-109.jpg",300,300,false],"1536x1536":["https:\/\/jinancuchem.com\/wp-content\/uploads\/2025\/07\/\u672a\u6807\u9898-1-109.jpg",300,300,false],"2048x2048":["https:\/\/jinancuchem.com\/wp-content\/uploads\/2025\/07\/\u672a\u6807\u9898-1-109.jpg",300,300,false],"trp-custom-language-flag":["https:\/\/jinancuchem.com\/wp-content\/uploads\/2025\/07\/\u672a\u6807\u9898-1-109-12x12.jpg",12,12,true],"woocommerce_thumbnail":["https:\/\/jinancuchem.com\/wp-content\/uploads\/2025\/07\/\u672a\u6807\u9898-1-109.jpg",300,300,false],"woocommerce_single":["https:\/\/jinancuchem.com\/wp-content\/uploads\/2025\/07\/\u672a\u6807\u9898-1-109.jpg",300,300,false],"woocommerce_gallery_thumbnail":["https:\/\/jinancuchem.com\/wp-content\/uploads\/2025\/07\/\u672a\u6807\u9898-1-109-100x100.jpg",100,100,true]},"uagb_author_info":{"display_name":"jinxing6611@gmail.com","author_link":"https:\/\/jinancuchem.com\/fr\/author\/"},"uagb_comment_info":0,"uagb_excerpt":"\u4e00\uff0eProduct Property Pesticide emulsifiers are a type of surfactant that can cause two immiscible liquids to form a stable emulsion. They achieve this by reducing the interfacial tension, allowing the active ingredients of the pesticide to be dispersed in water in a minute form, thereby enhancing the stability of the emulsion and the biological utilization\u2026","_links":{"self":[{"href":"https:\/\/jinancuchem.com\/fr\/wp-json\/wp\/v2\/product\/5665","targetHints":{"allow":["GET"]}}],"collection":[{"href":"https:\/\/jinancuchem.com\/fr\/wp-json\/wp\/v2\/product"}],"about":[{"href":"https:\/\/jinancuchem.com\/fr\/wp-json\/wp\/v2\/types\/product"}],"wp:featuredmedia":[{"embeddable":true,"href":"https:\/\/jinancuchem.com\/fr\/wp-json\/wp\/v2\/media\/5668"}],"wp:attachment":[{"href":"https:\/\/jinancuchem.com\/fr\/wp-json\/wp\/v2\/media?parent=5665"}],"wp:term":[{"taxonomy":"product_brand","embeddable":true,"href":"https:\/\/jinancuchem.com\/fr\/wp-json\/wp\/v2\/product_brand?post=5665"},{"taxonomy":"product_cat","embeddable":true,"href":"https:\/\/jinancuchem.com\/fr\/wp-json\/wp\/v2\/product_cat?post=5665"},{"taxonomy":"product_tag","embeddable":true,"href":"https:\/\/jinancuchem.com\/fr\/wp-json\/wp\/v2\/product_tag?post=5665"}],"curies":[{"name":"wp","href":"https:\/\/api.w.org\/{rel}","templated":true}]}}